{"id":999,"date":"2023-03-16T10:31:05","date_gmt":"2023-03-16T10:31:05","guid":{"rendered":"https:\/\/metal-barcelo.com\/?page_id=999"},"modified":"2024-01-16T10:38:00","modified_gmt":"2024-01-16T10:38:00","slug":"rejas-para-puertas-sabadell","status":"publish","type":"page","link":"https:\/\/metal-barcelo.com\/fr\/rejas-para-puertas-sabadell\/","title":{"rendered":"Barres de porte Sabadell"},"content":{"rendered":"<div class=\"vc_row wpb_row vc_row-fluid vc_column-gap-35\"><div class=\"wpb_column vc_column_container vc_col-sm-8\"><div class=\"vc_column-inner\"><div class=\"wpb_wrapper\">\n\t<div class=\"wpb_text_column wpb_content_element\" >\n\t\t<div class=\"wpb_wrapper\">\n\t\t\t<p style=\"text-align: justify;\">Les portes sont le point le plus fr\u00e9quemment utilis\u00e9 par les voleurs potentiels lorsqu&#039;ils entrent dans une maison \u00e0 Sabadell. En tant que point vuln\u00e9rable, il s&#039;ensuit que les portes doivent \u00eatre s\u00e9curis\u00e9es, et la meilleure fa\u00e7on d&#039;y parvenir est d&#039;installer <strong>barres de porte \u00e0 Sabadell<\/strong>.<\/p>\n<p style=\"text-align: justify;\">Le <strong>barres de porte \u00e0 Sabadell<\/strong> Il s&#039;agit d&#039;une structure m\u00e9tallique install\u00e9e pour prot\u00e9ger les ouvertures et la porte en g\u00e9n\u00e9ral du dormant. En plus d&#039;assurer une protection m\u00e9canique contre l&#039;intrusion, le <strong>barres de porte \u00e0 Sabadell<\/strong> Ils dissuadent \u00e9galement toute tentative d&#039;effraction.<\/p>\n<p style=\"text-align: justify;\">Le <strong>barres de porte \u00e0 Sabadell<\/strong> Ils repr\u00e9sentent la solution la plus efficace contre les voleurs. Le <strong>barres de porte \u00e0 Sabadell<\/strong> Ils sont parfaits pour ceux qui recherchent un produit \u00e0 la fois esth\u00e9tique, efficace et tr\u00e8s maniable. Notre best-seller en mati\u00e8re de protection antivol, tout simplement id\u00e9al pour ceux qui recherchent une r\u00e9sistance extr\u00eame au vol, avec une esth\u00e9tique irr\u00e9prochable et un confort d&#039;utilisation optimal. C&#039;est la solution optimale si vous recherchez une solution qui offre s\u00e9curit\u00e9 et tranquillit\u00e9 d&#039;esprit.<\/p>\n<p style=\"text-align: justify;\">C&#039;est la solution antivol la plus esth\u00e9tique et la plus conviviale que nous proposons, et que vous ayez une maison traditionnelle ou moderne, vous trouverez forc\u00e9ment celle qui vous convient. <strong>barres de porte \u00e0 Sabadell<\/strong> moderne et articul\u00e9 selon l&#039;apparence de votre maison.<\/p>\n\n\t\t<\/div>\n\t<\/div>\n\n\t<div  class=\"wpb_single_image wpb_content_element vc_align_left\">\n\t\t\n\t\t<figure class=\"wpb_wrapper vc_figure\">\n\t\t\t<div class=\"vc_single_image-wrapper   vc_box_border_grey\"><img decoding=\"async\" width=\"727\" height=\"969\" src=\"https:\/\/metal-barcelo.com\/wp-content\/uploads\/2022\/10\/IMG_9034.jpg\" class=\"vc_single_image-img attachment-full\" alt=\"estructruas metalicas\" srcset=\"https:\/\/metal-barcelo.com\/wp-content\/uploads\/2022\/10\/IMG_9034.jpg 727w, https:\/\/metal-barcelo.com\/wp-content\/uploads\/2022\/10\/IMG_9034-225x300.jpg 225w\" sizes=\"(max-width: 727px) 100vw, 727px\" \/><\/div>\n\t\t<\/figure>\n\t<\/div>\n<div class=\"vc_row wpb_row vc_inner vc_row-fluid\"><div class=\"wpb_column vc_column_container vc_col-sm-4\"><div class=\"vc_column-inner\"><div class=\"wpb_wrapper\"><\/div><\/div><\/div><div class=\"wpb_column vc_column_container vc_col-sm-4\"><div class=\"vc_column-inner\"><div class=\"wpb_wrapper\"><a\thref=\"https:\/\/metal-barcelo.com\/fr\/productos\/estructuras-metalicas\/#form\" \n\t\t\t\tclass=\"button btn_medium btn_theme_color btn_rounded btn_normal_style\"  target='_self'><span>CONTACTEZ-NOUS<\/span><\/a><\/div><\/div><\/div><div class=\"wpb_column vc_column_container vc_col-sm-4\"><div class=\"vc_column-inner\"><div class=\"wpb_wrapper\"><\/div><\/div><\/div><\/div>\n\t<div class=\"wpb_text_column wpb_content_element\" >\n\t\t<div class=\"wpb_wrapper\">\n\t\t\t<p style=\"text-align: justify;\">Le prix du <strong>barres de porte \u00e0 Sabadell<\/strong> Cela d\u00e9pendra de la taille, de la pi\u00e8ce elle-m\u00eame (standard ou personnalis\u00e9e), du mat\u00e9riau ainsi que de la complexit\u00e9 et du design des volutes. Certaines grilles sont tr\u00e8s \u00e9labor\u00e9es. Ils sont forc\u00e9ment plus chers que les mod\u00e8les classiques. Tout d\u00e9pendra de vos besoins, de vos go\u00fbts et de votre budget.<\/p>\n<p style=\"text-align: justify;\">Tous nos produits garantissent une r\u00e9sistance et une dur\u00e9e de vie exceptionnelles. Nous proposons plusieurs mod\u00e8les diff\u00e9rents de <strong>barres de porte \u00e0 Sabadell<\/strong> et nous veillons \u00e0 r\u00e9pondre \u00e0 vos attentes.<\/p>\n<p style=\"text-align: justify;\">Avez-vous encore besoin de raisons pour installer <strong>barres de porte \u00e0 Sabadell? <\/strong>Gardez \u00e0 l&#039;esprit que le <strong>barres de porte \u00e0 Sabadell<\/strong> Ils aident :<\/p>\n<p style=\"text-align: justify;\">Vous emp\u00eachez les voleurs potentiels de s&#039;introduire par effraction et d&#039;acc\u00e9der par les portes<\/p>\n<p style=\"text-align: justify;\">Fournir un moyen de dissuasion psychologique qui d\u00e9courage les voleurs de tenter de s&#039;introduire par effraction<\/p>\n<p style=\"text-align: justify;\">R\u00e9duisez l\u2019anxi\u00e9t\u00e9 des r\u00e9sidents face aux cambriolages et aux effractions, leur offrant ainsi une tranquillit\u00e9 d\u2019esprit<\/p>\n<p style=\"text-align: justify;\">Augmentez la valeur de votre maison, car les acheteurs potentiels consid\u00e8rent une maison s\u00e9curis\u00e9e comme un excellent investissement.<\/p>\n<p style=\"text-align: justify;\">\u00cates-vous pr\u00eat \u00e0 faire un investissement intelligent pour prot\u00e9ger votre propri\u00e9t\u00e9 et votre famille ? Contactez-nous pour discuter laquelle de nos solutions <strong>barres de porte \u00e0 Sabadell<\/strong> correspond le mieux \u00e0 vos besoins.<\/p>\n\n\t\t<\/div>\n\t<\/div>\n<\/div><\/div><\/div><div class=\"wpb_column vc_column_container vc_col-sm-4\"><div class=\"vc_column-inner\"><div class=\"wpb_wrapper\">\n\t<div class=\"wpb_text_column wpb_content_element\" >\n\t\t<div class=\"wpb_wrapper\">\n\t\t\t<h3 style=\"text-align: center;\">Contacter pour plus d&#039;informations<\/h3>\n<hr \/>\n\n\t\t<\/div>\n\t<\/div>\n<div role=\"form\" class=\"wpcf7\" id=\"wpcf7-f40-o1\" lang=\"es-ES\" dir=\"ltr\">\n<div class=\"screen-reader-response\"><p role=\"status\" aria-live=\"polite\" aria-atomic=\"true\"><\/p> <ul><\/ul><\/div>\n<form action=\"\/fr\/wp-json\/wp\/v2\/pages\/999#wpcf7-f40-o1\" method=\"post\" class=\"wpcf7-form init\" novalidate=\"novalidate\" data-status=\"init\" data-trp-original-action=\"\/fr\/wp-json\/wp\/v2\/pages\/999#wpcf7-f40-o1\">\n<div style=\"display: none;\">\n<input type=\"hidden\" name=\"_wpcf7\" value=\"40\" \/>\n<input type=\"hidden\" name=\"_wpcf7_version\" value=\"5.5.6.1\" \/>\n<input type=\"hidden\" name=\"_wpcf7_locale\" value=\"es_ES\" \/>\n<input type=\"hidden\" name=\"_wpcf7_unit_tag\" value=\"wpcf7-f40-o1\" \/>\n<input type=\"hidden\" name=\"_wpcf7_container_post\" value=\"0\" \/>\n<input type=\"hidden\" name=\"_wpcf7_posted_data_hash\" value=\"\" \/>\n<input type=\"hidden\" name=\"_wpcf7_recaptcha_response\" value=\"\" \/>\n<\/div>\n<p><label> ton nom<br \/>\n    <span class=\"wpcf7-form-control-wrap your-name\"><input type=\"text\" name=\"your-name\" value=\"\" size=\"40\" class=\"wpcf7-form-control wpcf7-text wpcf7-validates-as-required\" aria-required=\"true\" aria-invalid=\"false\" \/><\/span> <\/label><\/p>\n<p><label> Votre email<br \/>\n    <span class=\"wpcf7-form-control-wrap your-email\"><input type=\"email\" name=\"your-email\" value=\"\" size=\"40\" class=\"wpcf7-form-control wpcf7-text wpcf7-email wpcf7-validates-as-required wpcf7-validates-as-email\" aria-required=\"true\" aria-invalid=\"false\" \/><\/span> <\/label><\/p>\n<p><label> T\u00e9l\u00e9phone<br \/>\n    <span class=\"wpcf7-form-control-wrap phone\"><input type=\"text\" name=\"phone\" value=\"\" size=\"40\" class=\"wpcf7-form-control wpcf7-text wpcf7-validates-as-required\" aria-required=\"true\" aria-invalid=\"false\" \/><\/span> <\/label><\/p>\n<p><label> Code postal<br \/>\n    <span class=\"wpcf7-form-control-wrap your-subject\"><input type=\"text\" name=\"your-subject\" value=\"\" size=\"40\" class=\"wpcf7-form-control wpcf7-text\" aria-invalid=\"false\" \/><\/span> <\/label><\/p>\n<p><label> Votre message (facultatif)<br \/>\n    <span class=\"wpcf7-form-control-wrap your-message\"><textarea name=\"your-message\" cols=\"40\" rows=\"2\" class=\"wpcf7-form-control wpcf7-textarea\" aria-invalid=\"false\"><\/textarea><\/span> <\/label><\/p>\n<p><span class=\"wpcf7-form-control-wrap Enviodedatos\"><span class=\"wpcf7-form-control wpcf7-acceptance optional\"><span class=\"wpcf7-list-item\"><label><input type=\"checkbox\" name=\"Enviodedatos\" value=\"1\" aria-invalid=\"false\" \/><span class=\"wpcf7-list-item-label\">Acceptez-vous l&#039;envoi de donn\u00e9es ?<\/span><\/label><\/span><\/span><\/span><\/p>\n<p><span class=\"wpcf7-form-control-wrap Enviodedatos\"><span class=\"wpcf7-form-control wpcf7-acceptance\"><span class=\"wpcf7-list-item\"><label><input type=\"checkbox\" name=\"Enviodedatos\" value=\"1\" aria-invalid=\"false\" \/><span class=\"wpcf7-list-item-label\">Acceptez-vous le <a href=\"https:\/\/metal-barcelo.com\/fr\/politica-de-privacidad\/\"><strong>politique de confidentialit\u00e9<\/strong><\/a>?<\/span><\/label><\/span><\/span><\/span><\/p>\n<span class=\"wpcf7-form-control-wrap recaptcha\" data-name=\"recaptcha\"><span data-sitekey=\"6LeSSp4hAAAAAPZ7xH2THd-p214fTTffD9wFlOhH\" class=\"wpcf7-form-control g-recaptcha wpcf7-recaptcha\"><\/span>\r\n<noscript>\r\n\t<div class=\"grecaptcha-noscript\">\r\n\t\t<iframe loading=\"lazy\" src=\"https:\/\/www.google.com\/recaptcha\/api\/fallback?k=6LeSSp4hAAAAAPZ7xH2THd-p214fTTffD9wFlOhH\" frameborder=\"0\" scrolling=\"no\" width=\"310\" height=\"430\">\r\n\t\t<\/iframe>\r\n\t\t<textarea name=\"g-recaptcha-response\" rows=\"3\" cols=\"40\" placeholder=\"R\u00e9ponse reCaptcha ici\">\r\n\t\t<\/textarea>\r\n\t<\/div>\r\n<\/noscript>\r\n<\/span>\n<p><input type=\"submit\" value=\"Envoyer\" class=\"wpcf7-form-control has-spinner wpcf7-submit\" \/><\/p>\n<div class=\"wpcf7-response-output\" aria-hidden=\"true\"><\/div><input type=\"hidden\" name=\"trp-form-language\" value=\"fr\"\/><\/form><\/div><\/div><\/div><\/div><\/div>","protected":false},"excerpt":{"rendered":"Les portes sont le point le plus fr\u00e9quemment utilis\u00e9 par les voleurs potentiels lorsqu&#039;ils entrent dans une maison \u00e0 Sabadell. Comme point vuln\u00e9rable, il s&#039;ensuit que les portes doivent \u00eatre s\u00e9curis\u00e9es, et la meilleure fa\u00e7on d&#039;y parvenir est d&#039;installer des barres de porte \u00e0 Sabadell. Les barres de porte \u00e0 Sabadell sont une structure m\u00e9tallique install\u00e9e<div class=\"h10\"><\/div><a class=\"more-link1\" href=\"https:\/\/metal-barcelo.com\/fr\/rejas-para-puertas-sabadell\/\">En savoir plus<\/a>","protected":false},"author":1,"featured_media":0,"parent":0,"menu_order":0,"comment_status":"closed","ping_status":"closed","template":"","meta":{"footnotes":""},"class_list":["post-999","page","type-page","status-publish","hentry"],"yoast_head":"<!-- This site is optimized with the Yoast SEO plugin v19.8 - https:\/\/yoast.com\/wordpress\/plugins\/seo\/ -->\n<title>Rejas para puertas Sabadell - Metalister\u00eda Barcel\u00f3<\/title>\n<meta name=\"robots\" content=\"index, follow, max-snippet:-1, max-image-preview:large, max-video-preview:-1\" \/>\n<link rel=\"canonical\" href=\"https:\/\/metal-barcelo.com\/fr\/rejas-para-puertas-sabadell\/\" \/>\n<meta property=\"og:locale\" content=\"fr_FR\" \/>\n<meta property=\"og:type\" content=\"article\" \/>\n<meta property=\"og:title\" content=\"Rejas para puertas Sabadell - Metalister\u00eda Barcel\u00f3\" \/>\n<meta property=\"og:url\" content=\"https:\/\/metal-barcelo.com\/fr\/rejas-para-puertas-sabadell\/\" \/>\n<meta property=\"og:site_name\" content=\"Metalister\u00eda Barcel\u00f3\" \/>\n<meta property=\"article:modified_time\" content=\"2024-01-16T10:38:00+00:00\" \/>\n<meta name=\"twitter:card\" content=\"summary_large_image\" \/>\n<meta name=\"twitter:label1\" content=\"Dur\u00e9e de lecture estim\u00e9e\" \/>\n\t<meta name=\"twitter:data1\" content=\"2 minutes\" \/>\n<script type=\"application\/ld+json\" class=\"yoast-schema-graph\">{\"@context\":\"https:\/\/schema.org\",\"@graph\":[{\"@type\":\"WebPage\",\"@id\":\"https:\/\/metal-barcelo.com\/rejas-para-puertas-sabadell\/\",\"url\":\"https:\/\/metal-barcelo.com\/rejas-para-puertas-sabadell\/\",\"name\":\"Rejas para puertas Sabadell - Metalister\u00eda Barcel\u00f3\",\"isPartOf\":{\"@id\":\"https:\/\/metal-barcelo.com\/#website\"},\"datePublished\":\"2023-03-16T10:31:05+00:00\",\"dateModified\":\"2024-01-16T10:38:00+00:00\",\"breadcrumb\":{\"@id\":\"https:\/\/metal-barcelo.com\/rejas-para-puertas-sabadell\/#breadcrumb\"},\"inLanguage\":\"fr-FR\",\"potentialAction\":[{\"@type\":\"ReadAction\",\"target\":[\"https:\/\/metal-barcelo.com\/rejas-para-puertas-sabadell\/\"]}]},{\"@type\":\"BreadcrumbList\",\"@id\":\"https:\/\/metal-barcelo.com\/rejas-para-puertas-sabadell\/#breadcrumb\",\"itemListElement\":[{\"@type\":\"ListItem\",\"position\":1,\"name\":\"Portada\",\"item\":\"https:\/\/metal-barcelo.com\/\"},{\"@type\":\"ListItem\",\"position\":2,\"name\":\"Rejas para puertas Sabadell\"}]},{\"@type\":\"WebSite\",\"@id\":\"https:\/\/metal-barcelo.com\/#website\",\"url\":\"https:\/\/metal-barcelo.com\/\",\"name\":\"Metalister\u00eda Barcel\u00f3\",\"description\":\"Dise\u00f1o, fabricaci\u00f3n y montaje de estructuras met\u00e1licas\",\"potentialAction\":[{\"@type\":\"SearchAction\",\"target\":{\"@type\":\"EntryPoint\",\"urlTemplate\":\"https:\/\/metal-barcelo.com\/?s={search_term_string}\"},\"query-input\":\"required name=search_term_string\"}],\"inLanguage\":\"fr-FR\"}]}<\/script>\n<!-- \/ Yoast SEO plugin. -->","yoast_head_json":{"title":"Rejas para puertas Sabadell - Metalister\u00eda Barcel\u00f3","robots":{"index":"index","follow":"follow","max-snippet":"max-snippet:-1","max-image-preview":"max-image-preview:large","max-video-preview":"max-video-preview:-1"},"canonical":"https:\/\/metal-barcelo.com\/fr\/rejas-para-puertas-sabadell\/","og_locale":"fr_FR","og_type":"article","og_title":"Rejas para puertas Sabadell - Metalister\u00eda Barcel\u00f3","og_url":"https:\/\/metal-barcelo.com\/fr\/rejas-para-puertas-sabadell\/","og_site_name":"Metalister\u00eda Barcel\u00f3","article_modified_time":"2024-01-16T10:38:00+00:00","twitter_card":"summary_large_image","twitter_misc":{"Dur\u00e9e de lecture estim\u00e9e":"2 minutes"},"schema":{"@context":"https:\/\/schema.org","@graph":[{"@type":"WebPage","@id":"https:\/\/metal-barcelo.com\/rejas-para-puertas-sabadell\/","url":"https:\/\/metal-barcelo.com\/rejas-para-puertas-sabadell\/","name":"Rejas para puertas Sabadell - Metalister\u00eda Barcel\u00f3","isPartOf":{"@id":"https:\/\/metal-barcelo.com\/#website"},"datePublished":"2023-03-16T10:31:05+00:00","dateModified":"2024-01-16T10:38:00+00:00","breadcrumb":{"@id":"https:\/\/metal-barcelo.com\/rejas-para-puertas-sabadell\/#breadcrumb"},"inLanguage":"fr-FR","potentialAction":[{"@type":"ReadAction","target":["https:\/\/metal-barcelo.com\/rejas-para-puertas-sabadell\/"]}]},{"@type":"BreadcrumbList","@id":"https:\/\/metal-barcelo.com\/rejas-para-puertas-sabadell\/#breadcrumb","itemListElement":[{"@type":"ListItem","position":1,"name":"Portada","item":"https:\/\/metal-barcelo.com\/"},{"@type":"ListItem","position":2,"name":"Rejas para puertas Sabadell"}]},{"@type":"WebSite","@id":"https:\/\/metal-barcelo.com\/#website","url":"https:\/\/metal-barcelo.com\/","name":"Metalister\u00eda Barcel\u00f3","description":"Dise\u00f1o, fabricaci\u00f3n y montaje de estructuras met\u00e1licas","potentialAction":[{"@type":"SearchAction","target":{"@type":"EntryPoint","urlTemplate":"https:\/\/metal-barcelo.com\/?s={search_term_string}"},"query-input":"required name=search_term_string"}],"inLanguage":"fr-FR"}]}},"_links":{"self":[{"href":"https:\/\/metal-barcelo.com\/fr\/wp-json\/wp\/v2\/pages\/999","targetHints":{"allow":["GET"]}}],"collection":[{"href":"https:\/\/metal-barcelo.com\/fr\/wp-json\/wp\/v2\/pages"}],"about":[{"href":"https:\/\/metal-barcelo.com\/fr\/wp-json\/wp\/v2\/types\/page"}],"author":[{"embeddable":true,"href":"https:\/\/metal-barcelo.com\/fr\/wp-json\/wp\/v2\/users\/1"}],"replies":[{"embeddable":true,"href":"https:\/\/metal-barcelo.com\/fr\/wp-json\/wp\/v2\/comments?post=999"}],"version-history":[{"count":0,"href":"https:\/\/metal-barcelo.com\/fr\/wp-json\/wp\/v2\/pages\/999\/revisions"}],"wp:attachment":[{"href":"https:\/\/metal-barcelo.com\/fr\/wp-json\/wp\/v2\/media?parent=999"}],"curies":[{"name":"wp","href":"https:\/\/api.w.org\/{rel}","templated":true}]}}