{"id":957,"date":"2023-01-19T10:09:28","date_gmt":"2023-01-19T10:09:28","guid":{"rendered":"https:\/\/metal-barcelo.com\/?page_id=957"},"modified":"2024-01-16T10:20:18","modified_gmt":"2024-01-16T10:20:18","slug":"barandilla-para-balcon-en-sant-cugat","status":"publish","type":"page","link":"https:\/\/metal-barcelo.com\/fr\/barandilla-balcon\/barandilla-para-balcon-en-sant-cugat\/","title":{"rendered":"Garde-corps de balcon \u00e0 Sant Cugat"},"content":{"rendered":"<div class=\"vc_row wpb_row vc_row-fluid vc_column-gap-35\"><div class=\"wpb_column vc_column_container vc_col-sm-8\"><div class=\"vc_column-inner\"><div class=\"wpb_wrapper\">\n\t<div class=\"wpb_text_column wpb_content_element\" >\n\t\t<div class=\"wpb_wrapper\">\n\t\t\t<p style=\"text-align: justify;\">UN <strong>garde-corps de balcon \u00e0 Sant <\/strong><strong>Cugat<\/strong>Ces derniers temps, il est consid\u00e9r\u00e9 comme un \u00e9l\u00e9ment tr\u00e8s important qui joue un r\u00f4le fondamental dans notre s\u00e9curit\u00e9. UN <strong>garde-corps de balcon \u00e0 Sant Cugat<\/strong> C&#039;est une protection totalement n\u00e9cessaire dont nous avons besoin pour pouvoir vivre en toute tranquillit\u00e9 et surtout n&#039;avoir aucune peur. Cet accessoire est fabriqu\u00e9 en acier inoxydable et en plus de nous offrir une protection id\u00e9ale de l&#039;ext\u00e9rieur, il est \u00e9galement esth\u00e9tique et donne compl\u00e8tement \u00e0 notre maison un aspect beaucoup plus moderne. De plus, ces garde-corps ont des milliers de designs et de possibilit\u00e9s diff\u00e9rentes, afin que nous puissions choisir celui qui correspond le mieux \u00e0 nos crit\u00e8res et \u00e0 nos go\u00fbts.<\/p>\n<p style=\"text-align: justify;\">UN <strong>garde-corps de balcon \u00e0 Sant Cugat<\/strong> C&#039;est une alternative parfaite aux cl\u00f4tures, outre le fait que lors de l&#039;installation d&#039;un garde-corps, les m\u00eames professionnels peuvent r\u00e9aliser diff\u00e9rents m\u00e9canismes et conceptions et ainsi renforcer compl\u00e8tement notre couverture. En installant une balustrade, nous pouvons disposer d\u2019un espace offrant une vue parfaite et surtout avec une s\u00e9curit\u00e9 et une protection parfaites. De plus, notre structure sera renforc\u00e9e, gr\u00e2ce \u00e0 la r\u00e9sistance et \u00e0 la durabilit\u00e9 du garde-corps. Ce produit est totalement rentable dans absolument tous les types d\u2019habitations.<\/p>\n<p style=\"text-align: justify;\">Ces garde-corps sont indispensables dans pratiquement tous les types de maisons pour \u00e9viter les hauteurs ou les \u00e9ventuelles chutes qui peuvent devenir un grave probl\u00e8me. En ayant une balustrade, nous pouvons parfaitement profiter de tout l&#039;espace de notre balcon, sans nous exposer directement \u00e0 un grand risque, comme une chute de grande hauteur.<\/p>\n<p style=\"text-align: justify;\">Chez Metal Barcel\u00f3, nous nous engageons \u00e0 fabriquer des garde-corps de haute qualit\u00e9. Nous prenons absolument soin de tous types de d\u00e9tails et offrons la meilleure qualit\u00e9 possible dans tout notre travail. Nos produits sont fabriqu\u00e9s de mani\u00e8re simple et s&#039;adaptent ainsi parfaitement aux besoins, aux go\u00fbts et aux crit\u00e8res de notre client. Nous disposons \u00e9galement d\u2019une grande \u00e9quipe de professionnels poss\u00e9dant une vaste exp\u00e9rience dans le secteur. Pour installer ces garde-corps, nous utilisons les meilleurs produits, outils et mat\u00e9riaux et pouvons ainsi offrir un service de la plus haute qualit\u00e9. De cette fa\u00e7on, en travaillant avec les meilleurs ustensiles, nous garantissons que notre client soit enti\u00e8rement satisfait du travail effectu\u00e9.<\/p>\n<p style=\"text-align: justify;\">Si vous envisagez d&#039;installer un <strong>garde-corps de balcon \u00e0 Sant Cugat<\/strong>N&#039;h\u00e9sitez pas et contactez-nous via notre email info@metal-barcelo.com. Lorsque vous nous contacterez, vous serez assist\u00e9 par un professionnel qui pourra vous conseiller et vous conseiller sur tous les types de garde-corps et ainsi le client aura plus de connaissances et pourra avoir diff\u00e9rentes options. Nous serons heureux d&#039;installer une balustrade pour votre balcon et d&#039;offrir parfaitement une s\u00e9curit\u00e9 maximale.<\/p>\n\n\t\t<\/div>\n\t<\/div>\n\n\t<div  class=\"wpb_single_image wpb_content_element vc_align_left\">\n\t\t\n\t\t<figure class=\"wpb_wrapper vc_figure\">\n\t\t\t<div class=\"vc_single_image-wrapper   vc_box_border_grey\"><img decoding=\"async\" width=\"727\" height=\"969\" src=\"https:\/\/metal-barcelo.com\/wp-content\/uploads\/2022\/10\/IMG_9034.jpg\" class=\"vc_single_image-img attachment-full\" alt=\"estructruas metalicas\" srcset=\"https:\/\/metal-barcelo.com\/wp-content\/uploads\/2022\/10\/IMG_9034.jpg 727w, https:\/\/metal-barcelo.com\/wp-content\/uploads\/2022\/10\/IMG_9034-225x300.jpg 225w\" sizes=\"(max-width: 727px) 100vw, 727px\" \/><\/div>\n\t\t<\/figure>\n\t<\/div>\n<div class=\"vc_row wpb_row vc_inner vc_row-fluid\"><div class=\"wpb_column vc_column_container vc_col-sm-4\"><div class=\"vc_column-inner\"><div class=\"wpb_wrapper\"><\/div><\/div><\/div><div class=\"wpb_column vc_column_container vc_col-sm-4\"><div class=\"vc_column-inner\"><div class=\"wpb_wrapper\"><a\thref=\"https:\/\/metal-barcelo.com\/fr\/productos\/estructuras-metalicas\/#form\" \n\t\t\t\tclass=\"button btn_medium btn_theme_color btn_rounded btn_normal_style\"  target='_self'><span>CONTACTEZ-NOUS<\/span><\/a><\/div><\/div><\/div><div class=\"wpb_column vc_column_container vc_col-sm-4\"><div class=\"vc_column-inner\"><div class=\"wpb_wrapper\"><\/div><\/div><\/div><\/div>\n\t<div class=\"wpb_text_column wpb_content_element\" >\n\t\t<div class=\"wpb_wrapper\">\n\t\t\t<p style=\"text-align: justify;\">Nous proposons des accessoires et des \u00e9l\u00e9ments parfaits pour augmenter la fonctionnalit\u00e9 et la s\u00e9curit\u00e9 de chaque structure m\u00e9tallique et nous nous appuyons sur des mat\u00e9riaux de premi\u00e8re qualit\u00e9, en fabriquant des \u00e9l\u00e9ments tels que des mains courantes ou des profil\u00e9s en acier inoxydable. Nous prenons soin de chaque d\u00e9tail pour que le r\u00e9sultat final soit le meilleur possible et nous pr\u00eatons \u00e9galement attention au design et \u00e0 la forme, afin que la structure s&#039;adapte compl\u00e8tement \u00e0 l&#039;espace disponible, aux besoins et aux pr\u00e9f\u00e9rences des clients. Le <strong>balustrade <\/strong>pour <strong>balcon <\/strong>dans <strong>Barcelone<\/strong> C&#039;est un accessoire en acier inoxydable qui, en plus d&#039;offrir une meilleure protection contre l&#039;ext\u00e9rieur, augmente \u00e9galement l&#039;aspect esth\u00e9tique et donne \u00e0 la maison un aspect plus moderne. Il existe de nombreuses possibilit\u00e9s d&#039;installation et de conception et ce sont des structures qui pr\u00e9sentent un type de configuration verticale et des s\u00e9parations homog\u00e8nes entre les barres, cr\u00e9ant une image unifi\u00e9e et proportionn\u00e9e. Il s\u2019agit d\u2019un type de design qui peut se d\u00e9cliner en diff\u00e9rentes couleurs ou de la m\u00eame couleur que le mur ou la fen\u00eatre. Notre \u00e9quipe de sp\u00e9cialistes saura vous conseiller et vous proposer diff\u00e9rentes possibilit\u00e9s jusqu&#039;\u00e0 ce que vous trouviez la meilleure. <strong>balustrade <\/strong>pour <strong>balcon <\/strong>dans <strong>Barcelone<\/strong>.<\/p>\n<p style=\"text-align: justify;\">Avec la balustrade de balcon, vous trouverez la meilleure fa\u00e7on de vous prot\u00e9ger, vous et vos proches, des chutes accidentelles, en toute tranquillit\u00e9 d&#039;esprit. Chez Metal-Barcel\u00f3, nous effectuons une \u00e9tude pr\u00e9liminaire du balcon et pr\u00e9parons une proposition personnalis\u00e9e pour le client, avec des produits sur mesure, afin que chaque client et chaque maison ait exactement ce qu&#039;il recherche.<\/p>\n<p style=\"text-align: justify;\">Dans notre atelier de m\u00e9tallurgie, vous trouverez des produits de haute qualit\u00e9, avec une \u00e9quipe sp\u00e9cialis\u00e9e dans la fabrication de tous types de structures m\u00e9talliques. Notre \u00e9quipe vous conseillera jusqu&#039;\u00e0 trouver le produit le plus adapt\u00e9, tel que <strong>balustrade <\/strong>pour <strong>balcon <\/strong>dans <strong>Barcelone<\/strong>. Vous pouvez nous contacter depuis notre site Internet.<\/p>\n\n\t\t<\/div>\n\t<\/div>\n<\/div><\/div><\/div><div class=\"wpb_column vc_column_container vc_col-sm-4\"><div class=\"vc_column-inner\"><div class=\"wpb_wrapper\">\n\t<div class=\"wpb_text_column wpb_content_element\" >\n\t\t<div class=\"wpb_wrapper\">\n\t\t\t<h3 style=\"text-align: center;\">Contacter pour plus d&#039;informations<\/h3>\n<hr \/>\n\n\t\t<\/div>\n\t<\/div>\n<div role=\"form\" class=\"wpcf7\" id=\"wpcf7-f40-o1\" lang=\"es-ES\" dir=\"ltr\">\n<div class=\"screen-reader-response\"><p role=\"status\" aria-live=\"polite\" aria-atomic=\"true\"><\/p> <ul><\/ul><\/div>\n<form action=\"\/fr\/wp-json\/wp\/v2\/pages\/957#wpcf7-f40-o1\" method=\"post\" class=\"wpcf7-form init\" novalidate=\"novalidate\" data-status=\"init\" data-trp-original-action=\"\/fr\/wp-json\/wp\/v2\/pages\/957#wpcf7-f40-o1\">\n<div style=\"display: none;\">\n<input type=\"hidden\" name=\"_wpcf7\" value=\"40\" \/>\n<input type=\"hidden\" name=\"_wpcf7_version\" value=\"5.5.6.1\" \/>\n<input type=\"hidden\" name=\"_wpcf7_locale\" value=\"es_ES\" \/>\n<input type=\"hidden\" name=\"_wpcf7_unit_tag\" value=\"wpcf7-f40-o1\" \/>\n<input type=\"hidden\" name=\"_wpcf7_container_post\" value=\"0\" \/>\n<input type=\"hidden\" name=\"_wpcf7_posted_data_hash\" value=\"\" \/>\n<input type=\"hidden\" name=\"_wpcf7_recaptcha_response\" value=\"\" \/>\n<\/div>\n<p><label> ton nom<br \/>\n    <span class=\"wpcf7-form-control-wrap your-name\"><input type=\"text\" name=\"your-name\" value=\"\" size=\"40\" class=\"wpcf7-form-control wpcf7-text wpcf7-validates-as-required\" aria-required=\"true\" aria-invalid=\"false\" \/><\/span> <\/label><\/p>\n<p><label> Votre email<br \/>\n    <span class=\"wpcf7-form-control-wrap your-email\"><input type=\"email\" name=\"your-email\" value=\"\" size=\"40\" class=\"wpcf7-form-control wpcf7-text wpcf7-email wpcf7-validates-as-required wpcf7-validates-as-email\" aria-required=\"true\" aria-invalid=\"false\" \/><\/span> <\/label><\/p>\n<p><label> T\u00e9l\u00e9phone<br \/>\n    <span class=\"wpcf7-form-control-wrap phone\"><input type=\"text\" name=\"phone\" value=\"\" size=\"40\" class=\"wpcf7-form-control wpcf7-text wpcf7-validates-as-required\" aria-required=\"true\" aria-invalid=\"false\" \/><\/span> <\/label><\/p>\n<p><label> Code postal<br \/>\n    <span class=\"wpcf7-form-control-wrap your-subject\"><input type=\"text\" name=\"your-subject\" value=\"\" size=\"40\" class=\"wpcf7-form-control wpcf7-text\" aria-invalid=\"false\" \/><\/span> <\/label><\/p>\n<p><label> Votre message (facultatif)<br \/>\n    <span class=\"wpcf7-form-control-wrap your-message\"><textarea name=\"your-message\" cols=\"40\" rows=\"2\" class=\"wpcf7-form-control wpcf7-textarea\" aria-invalid=\"false\"><\/textarea><\/span> <\/label><\/p>\n<p><span class=\"wpcf7-form-control-wrap Enviodedatos\"><span class=\"wpcf7-form-control wpcf7-acceptance optional\"><span class=\"wpcf7-list-item\"><label><input type=\"checkbox\" name=\"Enviodedatos\" value=\"1\" aria-invalid=\"false\" \/><span class=\"wpcf7-list-item-label\">Acceptez-vous l&#039;envoi de donn\u00e9es ?<\/span><\/label><\/span><\/span><\/span><\/p>\n<p><span class=\"wpcf7-form-control-wrap Enviodedatos\"><span class=\"wpcf7-form-control wpcf7-acceptance\"><span class=\"wpcf7-list-item\"><label><input type=\"checkbox\" name=\"Enviodedatos\" value=\"1\" aria-invalid=\"false\" \/><span class=\"wpcf7-list-item-label\">Acceptez-vous le <a href=\"https:\/\/metal-barcelo.com\/fr\/politica-de-privacidad\/\"><strong>politique de confidentialit\u00e9<\/strong><\/a>?<\/span><\/label><\/span><\/span><\/span><\/p>\n<span class=\"wpcf7-form-control-wrap recaptcha\" data-name=\"recaptcha\"><span data-sitekey=\"6LeSSp4hAAAAAPZ7xH2THd-p214fTTffD9wFlOhH\" class=\"wpcf7-form-control g-recaptcha wpcf7-recaptcha\"><\/span>\r\n<noscript>\r\n\t<div class=\"grecaptcha-noscript\">\r\n\t\t<iframe loading=\"lazy\" src=\"https:\/\/www.google.com\/recaptcha\/api\/fallback?k=6LeSSp4hAAAAAPZ7xH2THd-p214fTTffD9wFlOhH\" frameborder=\"0\" scrolling=\"no\" width=\"310\" height=\"430\">\r\n\t\t<\/iframe>\r\n\t\t<textarea name=\"g-recaptcha-response\" rows=\"3\" cols=\"40\" placeholder=\"R\u00e9ponse reCaptcha ici\">\r\n\t\t<\/textarea>\r\n\t<\/div>\r\n<\/noscript>\r\n<\/span>\n<p><input type=\"submit\" value=\"Envoyer\" class=\"wpcf7-form-control has-spinner wpcf7-submit\" \/><\/p>\n<div class=\"wpcf7-response-output\" aria-hidden=\"true\"><\/div><input type=\"hidden\" name=\"trp-form-language\" value=\"fr\"\/><\/form><\/div><\/div><\/div><\/div><\/div>","protected":false},"excerpt":{"rendered":"Une balustrade de balcon \u00e0 Sant Cugat, ces derniers temps, est consid\u00e9r\u00e9e comme un \u00e9l\u00e9ment tr\u00e8s important qui joue un r\u00f4le fondamental pour notre s\u00e9curit\u00e9. Une balustrade de balcon \u00e0 Sant Cugat est une protection totalement n\u00e9cessaire dont nous avons besoin pour pouvoir vivre en toute tranquillit\u00e9 et surtout n&#039;avoir aucune peur. Cet accessoire est en acier inoxydable et<div class=\"h10\"><\/div><a class=\"more-link1\" href=\"https:\/\/metal-barcelo.com\/fr\/barandilla-balcon\/barandilla-para-balcon-en-sant-cugat\/\">En savoir plus<\/a>","protected":false},"author":1,"featured_media":0,"parent":452,"menu_order":0,"comment_status":"closed","ping_status":"closed","template":"","meta":{"footnotes":""},"class_list":["post-957","page","type-page","status-publish","hentry"],"yoast_head":"<!-- This site is optimized with the Yoast SEO plugin v19.8 - https:\/\/yoast.com\/wordpress\/plugins\/seo\/ -->\n<title>Barandilla para balc\u00f3n en Sant Cugat - Metalister\u00eda Barcel\u00f3<\/title>\n<meta name=\"robots\" content=\"index, follow, max-snippet:-1, max-image-preview:large, max-video-preview:-1\" \/>\n<link rel=\"canonical\" href=\"https:\/\/metal-barcelo.com\/fr\/barandilla-balcon\/barandilla-para-balcon-en-sant-cugat\/\" \/>\n<meta property=\"og:locale\" content=\"fr_FR\" \/>\n<meta property=\"og:type\" content=\"article\" \/>\n<meta property=\"og:title\" content=\"Barandilla para balc\u00f3n en Sant Cugat - Metalister\u00eda Barcel\u00f3\" \/>\n<meta property=\"og:url\" content=\"https:\/\/metal-barcelo.com\/fr\/barandilla-balcon\/barandilla-para-balcon-en-sant-cugat\/\" \/>\n<meta property=\"og:site_name\" content=\"Metalister\u00eda Barcel\u00f3\" \/>\n<meta property=\"article:modified_time\" content=\"2024-01-16T10:20:18+00:00\" \/>\n<meta name=\"twitter:card\" content=\"summary_large_image\" \/>\n<meta name=\"twitter:label1\" content=\"Dur\u00e9e de lecture estim\u00e9e\" \/>\n\t<meta name=\"twitter:data1\" content=\"4 minutes\" \/>\n<script type=\"application\/ld+json\" class=\"yoast-schema-graph\">{\"@context\":\"https:\/\/schema.org\",\"@graph\":[{\"@type\":\"WebPage\",\"@id\":\"https:\/\/metal-barcelo.com\/barandilla-balcon\/barandilla-para-balcon-en-sant-cugat\/\",\"url\":\"https:\/\/metal-barcelo.com\/barandilla-balcon\/barandilla-para-balcon-en-sant-cugat\/\",\"name\":\"Barandilla para balc\u00f3n en Sant Cugat - Metalister\u00eda Barcel\u00f3\",\"isPartOf\":{\"@id\":\"https:\/\/metal-barcelo.com\/#website\"},\"datePublished\":\"2023-01-19T10:09:28+00:00\",\"dateModified\":\"2024-01-16T10:20:18+00:00\",\"breadcrumb\":{\"@id\":\"https:\/\/metal-barcelo.com\/barandilla-balcon\/barandilla-para-balcon-en-sant-cugat\/#breadcrumb\"},\"inLanguage\":\"fr-FR\",\"potentialAction\":[{\"@type\":\"ReadAction\",\"target\":[\"https:\/\/metal-barcelo.com\/barandilla-balcon\/barandilla-para-balcon-en-sant-cugat\/\"]}]},{\"@type\":\"BreadcrumbList\",\"@id\":\"https:\/\/metal-barcelo.com\/barandilla-balcon\/barandilla-para-balcon-en-sant-cugat\/#breadcrumb\",\"itemListElement\":[{\"@type\":\"ListItem\",\"position\":1,\"name\":\"Portada\",\"item\":\"https:\/\/metal-barcelo.com\/\"},{\"@type\":\"ListItem\",\"position\":2,\"name\":\"Barandilla balc\u00f3n\",\"item\":\"https:\/\/metal-barcelo.com\/barandilla-balcon\/\"},{\"@type\":\"ListItem\",\"position\":3,\"name\":\"Barandilla para balc\u00f3n en Sant Cugat\"}]},{\"@type\":\"WebSite\",\"@id\":\"https:\/\/metal-barcelo.com\/#website\",\"url\":\"https:\/\/metal-barcelo.com\/\",\"name\":\"Metalister\u00eda Barcel\u00f3\",\"description\":\"Dise\u00f1o, fabricaci\u00f3n y montaje de estructuras met\u00e1licas\",\"potentialAction\":[{\"@type\":\"SearchAction\",\"target\":{\"@type\":\"EntryPoint\",\"urlTemplate\":\"https:\/\/metal-barcelo.com\/?s={search_term_string}\"},\"query-input\":\"required name=search_term_string\"}],\"inLanguage\":\"fr-FR\"}]}<\/script>\n<!-- \/ Yoast SEO plugin. -->","yoast_head_json":{"title":"Barandilla para balc\u00f3n en Sant Cugat - Metalister\u00eda Barcel\u00f3","robots":{"index":"index","follow":"follow","max-snippet":"max-snippet:-1","max-image-preview":"max-image-preview:large","max-video-preview":"max-video-preview:-1"},"canonical":"https:\/\/metal-barcelo.com\/fr\/barandilla-balcon\/barandilla-para-balcon-en-sant-cugat\/","og_locale":"fr_FR","og_type":"article","og_title":"Barandilla para balc\u00f3n en Sant Cugat - Metalister\u00eda Barcel\u00f3","og_url":"https:\/\/metal-barcelo.com\/fr\/barandilla-balcon\/barandilla-para-balcon-en-sant-cugat\/","og_site_name":"Metalister\u00eda Barcel\u00f3","article_modified_time":"2024-01-16T10:20:18+00:00","twitter_card":"summary_large_image","twitter_misc":{"Dur\u00e9e de lecture estim\u00e9e":"4 minutes"},"schema":{"@context":"https:\/\/schema.org","@graph":[{"@type":"WebPage","@id":"https:\/\/metal-barcelo.com\/barandilla-balcon\/barandilla-para-balcon-en-sant-cugat\/","url":"https:\/\/metal-barcelo.com\/barandilla-balcon\/barandilla-para-balcon-en-sant-cugat\/","name":"Barandilla para balc\u00f3n en Sant Cugat - Metalister\u00eda Barcel\u00f3","isPartOf":{"@id":"https:\/\/metal-barcelo.com\/#website"},"datePublished":"2023-01-19T10:09:28+00:00","dateModified":"2024-01-16T10:20:18+00:00","breadcrumb":{"@id":"https:\/\/metal-barcelo.com\/barandilla-balcon\/barandilla-para-balcon-en-sant-cugat\/#breadcrumb"},"inLanguage":"fr-FR","potentialAction":[{"@type":"ReadAction","target":["https:\/\/metal-barcelo.com\/barandilla-balcon\/barandilla-para-balcon-en-sant-cugat\/"]}]},{"@type":"BreadcrumbList","@id":"https:\/\/metal-barcelo.com\/barandilla-balcon\/barandilla-para-balcon-en-sant-cugat\/#breadcrumb","itemListElement":[{"@type":"ListItem","position":1,"name":"Portada","item":"https:\/\/metal-barcelo.com\/"},{"@type":"ListItem","position":2,"name":"Barandilla balc\u00f3n","item":"https:\/\/metal-barcelo.com\/barandilla-balcon\/"},{"@type":"ListItem","position":3,"name":"Barandilla para balc\u00f3n en Sant Cugat"}]},{"@type":"WebSite","@id":"https:\/\/metal-barcelo.com\/#website","url":"https:\/\/metal-barcelo.com\/","name":"Metalister\u00eda Barcel\u00f3","description":"Dise\u00f1o, fabricaci\u00f3n y montaje de estructuras met\u00e1licas","potentialAction":[{"@type":"SearchAction","target":{"@type":"EntryPoint","urlTemplate":"https:\/\/metal-barcelo.com\/?s={search_term_string}"},"query-input":"required name=search_term_string"}],"inLanguage":"fr-FR"}]}},"_links":{"self":[{"href":"https:\/\/metal-barcelo.com\/fr\/wp-json\/wp\/v2\/pages\/957","targetHints":{"allow":["GET"]}}],"collection":[{"href":"https:\/\/metal-barcelo.com\/fr\/wp-json\/wp\/v2\/pages"}],"about":[{"href":"https:\/\/metal-barcelo.com\/fr\/wp-json\/wp\/v2\/types\/page"}],"author":[{"embeddable":true,"href":"https:\/\/metal-barcelo.com\/fr\/wp-json\/wp\/v2\/users\/1"}],"replies":[{"embeddable":true,"href":"https:\/\/metal-barcelo.com\/fr\/wp-json\/wp\/v2\/comments?post=957"}],"version-history":[{"count":0,"href":"https:\/\/metal-barcelo.com\/fr\/wp-json\/wp\/v2\/pages\/957\/revisions"}],"up":[{"embeddable":true,"href":"https:\/\/metal-barcelo.com\/fr\/wp-json\/wp\/v2\/pages\/452"}],"wp:attachment":[{"href":"https:\/\/metal-barcelo.com\/fr\/wp-json\/wp\/v2\/media?parent=957"}],"curies":[{"name":"wp","href":"https:\/\/api.w.org\/{rel}","templated":true}]}}