{"id":890,"date":"2022-12-01T07:43:36","date_gmt":"2022-12-01T07:43:36","guid":{"rendered":"https:\/\/metal-barcelo.com\/?page_id=890"},"modified":"2024-01-16T10:26:47","modified_gmt":"2024-01-16T10:26:47","slug":"barandilla-escalera-hierro","status":"publish","type":"page","link":"https:\/\/metal-barcelo.com\/fr\/barandilla-escalera-hierro\/","title":{"rendered":"Rampe d&#039;escalier en fer"},"content":{"rendered":"<div class=\"vc_row wpb_row vc_row-fluid vc_column-gap-35\"><div class=\"wpb_column vc_column_container vc_col-sm-8\"><div class=\"vc_column-inner\"><div class=\"wpb_wrapper\">\n\t<div class=\"wpb_text_column wpb_content_element\" >\n\t\t<div class=\"wpb_wrapper\">\n\t\t\t<p style=\"text-align: justify;\">Chez Metal-Barcel\u00f3, nous fabriquons tout type de structures m\u00e9talliques et nous sommes \u00e9galement sp\u00e9cialis\u00e9s dans la conception et la r\u00e9alisation de rampes d&#039;escalier en fer. Nous cr\u00e9ons des garde-corps en acier inoxydable et en fer de tous types, tels que des garde-corps modulaires, des accessoires de garde-corps, des profil\u00e9s en acier inoxydable, etc. Tous types de structures de qualit\u00e9 sup\u00e9rieure, qui apportent stabilit\u00e9, rigidit\u00e9, s\u00e9curit\u00e9 et durabilit\u00e9 \u00e0 tous types d\u2019espaces.<\/p>\n<p style=\"text-align: justify;\">Notre \u00e9quipe, experte en m\u00e9tallurgie, accorde une attention maximale aux d\u00e9tails pour offrir la meilleure qualit\u00e9 dans les finitions de chacun des travaux que nous r\u00e9alisons. Nous fabriquons des produits simples, r\u00e9sistants, utiles et efficaces, tels que <strong>balustrade <\/strong>pour le<strong> \u00e9chelle de fer<\/strong>, qui s&#039;adaptent aux besoins de chaque client, \u00e0 ses go\u00fbts et pr\u00e9f\u00e9rences.<\/p>\n<p style=\"text-align: justify;\">Garde-corps de terrasse, garde-corps de balcon, garde-corps d&#039;escalier int\u00e9rieur, garde-corps d&#039;escalier de secours, nous pouvons r\u00e9aliser des garde-corps sur mesure pour tous types d&#039;usages et d&#039;applications, car nous avons des ann\u00e9es d&#039;exp\u00e9rience dans la cr\u00e9ation de tous types de structures m\u00e9talliques, \u00e9tant experts en aluminium, fer et acier inoxydable. .<\/p>\n<p style=\"text-align: justify;\">Notre exp\u00e9rience dans la r\u00e9alisation de tous types de travaux de charpente m\u00e9tallique nous a permis de nous positionner comme une entreprise leader dans ce secteur. Nous sommes experts en aluminium, fer, acier inoxydable, motorisation et constructions modulaires et cr\u00e9ons des solutions personnalis\u00e9es, telles que <strong>balustrade <\/strong>pour<strong> \u00e9chelle de fer<\/strong>.<\/p>\n\n\t\t<\/div>\n\t<\/div>\n\n\t<div  class=\"wpb_single_image wpb_content_element vc_align_left\">\n\t\t\n\t\t<figure class=\"wpb_wrapper vc_figure\">\n\t\t\t<div class=\"vc_single_image-wrapper   vc_box_border_grey\"><img decoding=\"async\" width=\"727\" height=\"969\" src=\"https:\/\/metal-barcelo.com\/wp-content\/uploads\/2022\/10\/IMG_9034.jpg\" class=\"vc_single_image-img attachment-full\" alt=\"estructruas metalicas\" srcset=\"https:\/\/metal-barcelo.com\/wp-content\/uploads\/2022\/10\/IMG_9034.jpg 727w, https:\/\/metal-barcelo.com\/wp-content\/uploads\/2022\/10\/IMG_9034-225x300.jpg 225w\" sizes=\"(max-width: 727px) 100vw, 727px\" \/><\/div>\n\t\t<\/figure>\n\t<\/div>\n<div class=\"vc_row wpb_row vc_inner vc_row-fluid\"><div class=\"wpb_column vc_column_container vc_col-sm-4\"><div class=\"vc_column-inner\"><div class=\"wpb_wrapper\"><\/div><\/div><\/div><div class=\"wpb_column vc_column_container vc_col-sm-4\"><div class=\"vc_column-inner\"><div class=\"wpb_wrapper\"><a\thref=\"https:\/\/metal-barcelo.com\/fr\/productos\/estructuras-metalicas\/#form\" \n\t\t\t\tclass=\"button btn_medium btn_theme_color btn_rounded btn_normal_style\"  target='_self'><span>CONTACTEZ-NOUS<\/span><\/a><\/div><\/div><\/div><div class=\"wpb_column vc_column_container vc_col-sm-4\"><div class=\"vc_column-inner\"><div class=\"wpb_wrapper\"><\/div><\/div><\/div><\/div>\n\t<div class=\"wpb_text_column wpb_content_element\" >\n\t\t<div class=\"wpb_wrapper\">\n\t\t\t<p style=\"text-align: justify;\">Nous pouvons devenir le partenaire id\u00e9al pour les promoteurs et les constructeurs, ainsi que pour les clients priv\u00e9s, car nous disposons d&#039;une \u00e9quipe de professionnels poss\u00e9dant une vaste exp\u00e9rience dans la r\u00e9alisation de travaux de coordination et de d\u00e9tail et nous pr\u00e9sentons des structures m\u00e9talliques de qualit\u00e9, id\u00e9ales pour tout type d&#039;applications.<\/p>\n<p style=\"text-align: justify;\">Gr\u00e2ce \u00e0 ce type de produits, il est possible de renforcer les toitures, de rendre les escaliers plus s\u00fbrs et, en bref, d&#039;apporter une plus grande stabilit\u00e9 \u00e0 tous types d&#039;installations et de b\u00e2timents. Chez Metal-Barcel\u00f3, nous souhaitons cr\u00e9er des espaces plus s\u00fbrs, en installant des structures telles que le <strong>balustrade <\/strong>pour<strong> \u00e9chelle de fer<\/strong>.<\/p>\n<p style=\"text-align: justify;\">Vous trouverez la s\u00e9curit\u00e9 et le design dont vous avez besoin chez Metal-Barcel\u00f3, qu&#039;il s&#039;agisse d&#039;un <strong>rampe d&#039;escalier en fer<\/strong> ou des barreaux de fen\u00eatre modernes. Chez Metal-Barcel\u00f3, nous pr\u00e9parons des budgets personnalis\u00e9s et \u00e9tudions chaque cas particulier pour trouver la solution la plus efficace.<\/p>\n<p style=\"text-align: justify;\">Si vous \u00eates int\u00e9ress\u00e9 \u00e0 installer un <strong>rampe d&#039;escalier en fer<\/strong>, s\u00fbr et stable, n&#039;h\u00e9sitez pas \u00e0 contacter Metal-Barcel\u00f3. Nous vous aiderons \u00e0 r\u00e9soudre les doutes et \u00e0 concevoir et fabriquer la meilleure structure m\u00e9tallique pour r\u00e9pondre \u00e0 vos besoins.<\/p>\n<p style=\"text-align: justify;\">Notre \u00e9quipe de professionnels poss\u00e8de une vaste exp\u00e9rience dans la fabrication de tous types de structures m\u00e9talliques en fer, en acier inoxydable, en aluminium et nous r\u00e9alisons \u00e9galement des motorisations et des b\u00e2timents modulaires.<\/p>\n<p style=\"text-align: justify;\">Entrez sur notre site Web et d\u00e9couvrez tout ce que nous pouvons faire pour vous et vos installations. Pour nous contacter, il vous suffit de remplir le formulaire de contact, avec vos informations et votre requ\u00eate. Vous pouvez \u00e9galement envoyer un email <a href=\"mailto:info@metal-barcelo.com\">info@metal-barcelo.com<\/a>.<\/p>\n\n\t\t<\/div>\n\t<\/div>\n<\/div><\/div><\/div><div class=\"wpb_column vc_column_container vc_col-sm-4\"><div class=\"vc_column-inner\"><div class=\"wpb_wrapper\">\n\t<div class=\"wpb_text_column wpb_content_element\" >\n\t\t<div class=\"wpb_wrapper\">\n\t\t\t<h3 style=\"text-align: center;\">Contacter pour plus d&#039;informations<\/h3>\n<hr \/>\n\n\t\t<\/div>\n\t<\/div>\n<div role=\"form\" class=\"wpcf7\" id=\"wpcf7-f40-o1\" lang=\"es-ES\" dir=\"ltr\">\n<div class=\"screen-reader-response\"><p role=\"status\" aria-live=\"polite\" aria-atomic=\"true\"><\/p> <ul><\/ul><\/div>\n<form action=\"\/fr\/wp-json\/wp\/v2\/pages\/890#wpcf7-f40-o1\" method=\"post\" class=\"wpcf7-form init\" novalidate=\"novalidate\" data-status=\"init\" data-trp-original-action=\"\/fr\/wp-json\/wp\/v2\/pages\/890#wpcf7-f40-o1\">\n<div style=\"display: none;\">\n<input type=\"hidden\" name=\"_wpcf7\" value=\"40\" \/>\n<input type=\"hidden\" name=\"_wpcf7_version\" value=\"5.5.6.1\" \/>\n<input type=\"hidden\" name=\"_wpcf7_locale\" value=\"es_ES\" \/>\n<input type=\"hidden\" name=\"_wpcf7_unit_tag\" value=\"wpcf7-f40-o1\" \/>\n<input type=\"hidden\" name=\"_wpcf7_container_post\" value=\"0\" \/>\n<input type=\"hidden\" name=\"_wpcf7_posted_data_hash\" value=\"\" \/>\n<input type=\"hidden\" name=\"_wpcf7_recaptcha_response\" value=\"\" \/>\n<\/div>\n<p><label> ton nom<br \/>\n    <span class=\"wpcf7-form-control-wrap your-name\"><input type=\"text\" name=\"your-name\" value=\"\" size=\"40\" class=\"wpcf7-form-control wpcf7-text wpcf7-validates-as-required\" aria-required=\"true\" aria-invalid=\"false\" \/><\/span> <\/label><\/p>\n<p><label> Votre email<br \/>\n    <span class=\"wpcf7-form-control-wrap your-email\"><input type=\"email\" name=\"your-email\" value=\"\" size=\"40\" class=\"wpcf7-form-control wpcf7-text wpcf7-email wpcf7-validates-as-required wpcf7-validates-as-email\" aria-required=\"true\" aria-invalid=\"false\" \/><\/span> <\/label><\/p>\n<p><label> T\u00e9l\u00e9phone<br \/>\n    <span class=\"wpcf7-form-control-wrap phone\"><input type=\"text\" name=\"phone\" value=\"\" size=\"40\" class=\"wpcf7-form-control wpcf7-text wpcf7-validates-as-required\" aria-required=\"true\" aria-invalid=\"false\" \/><\/span> <\/label><\/p>\n<p><label> Code postal<br \/>\n    <span class=\"wpcf7-form-control-wrap your-subject\"><input type=\"text\" name=\"your-subject\" value=\"\" size=\"40\" class=\"wpcf7-form-control wpcf7-text\" aria-invalid=\"false\" \/><\/span> <\/label><\/p>\n<p><label> Votre message (facultatif)<br \/>\n    <span class=\"wpcf7-form-control-wrap your-message\"><textarea name=\"your-message\" cols=\"40\" rows=\"2\" class=\"wpcf7-form-control wpcf7-textarea\" aria-invalid=\"false\"><\/textarea><\/span> <\/label><\/p>\n<p><span class=\"wpcf7-form-control-wrap Enviodedatos\"><span class=\"wpcf7-form-control wpcf7-acceptance optional\"><span class=\"wpcf7-list-item\"><label><input type=\"checkbox\" name=\"Enviodedatos\" value=\"1\" aria-invalid=\"false\" \/><span class=\"wpcf7-list-item-label\">Acceptez-vous l&#039;envoi de donn\u00e9es ?<\/span><\/label><\/span><\/span><\/span><\/p>\n<p><span class=\"wpcf7-form-control-wrap Enviodedatos\"><span class=\"wpcf7-form-control wpcf7-acceptance\"><span class=\"wpcf7-list-item\"><label><input type=\"checkbox\" name=\"Enviodedatos\" value=\"1\" aria-invalid=\"false\" \/><span class=\"wpcf7-list-item-label\">Acceptez-vous le <a href=\"https:\/\/metal-barcelo.com\/fr\/politica-de-privacidad\/\"><strong>politique de confidentialit\u00e9<\/strong><\/a>?<\/span><\/label><\/span><\/span><\/span><\/p>\n<span class=\"wpcf7-form-control-wrap recaptcha\" data-name=\"recaptcha\"><span data-sitekey=\"6LeSSp4hAAAAAPZ7xH2THd-p214fTTffD9wFlOhH\" class=\"wpcf7-form-control g-recaptcha wpcf7-recaptcha\"><\/span>\r\n<noscript>\r\n\t<div class=\"grecaptcha-noscript\">\r\n\t\t<iframe loading=\"lazy\" src=\"https:\/\/www.google.com\/recaptcha\/api\/fallback?k=6LeSSp4hAAAAAPZ7xH2THd-p214fTTffD9wFlOhH\" frameborder=\"0\" scrolling=\"no\" width=\"310\" height=\"430\">\r\n\t\t<\/iframe>\r\n\t\t<textarea name=\"g-recaptcha-response\" rows=\"3\" cols=\"40\" placeholder=\"R\u00e9ponse reCaptcha ici\">\r\n\t\t<\/textarea>\r\n\t<\/div>\r\n<\/noscript>\r\n<\/span>\n<p><input type=\"submit\" value=\"Envoyer\" class=\"wpcf7-form-control has-spinner wpcf7-submit\" \/><\/p>\n<div class=\"wpcf7-response-output\" aria-hidden=\"true\"><\/div><input type=\"hidden\" name=\"trp-form-language\" value=\"fr\"\/><\/form><\/div><\/div><\/div><\/div><\/div>","protected":false},"excerpt":{"rendered":"Chez Metal-Barcel\u00f3, nous fabriquons tout type de structures m\u00e9talliques et nous sommes \u00e9galement sp\u00e9cialis\u00e9s dans la conception et la r\u00e9alisation de rampes d&#039;escalier en fer. Nous cr\u00e9ons des garde-corps en acier inoxydable et en fer de tous types, tels que des garde-corps modulaires, des accessoires de garde-corps, des profil\u00e9s en acier inoxydable, etc. Tous types de structures de qualit\u00e9 sup\u00e9rieure, qui assurent stabilit\u00e9, rigidit\u00e9, s\u00e9curit\u00e9 et<div class=\"h10\"><\/div><a class=\"more-link1\" href=\"https:\/\/metal-barcelo.com\/fr\/barandilla-escalera-hierro\/\">En savoir plus<\/a>","protected":false},"author":1,"featured_media":0,"parent":0,"menu_order":0,"comment_status":"closed","ping_status":"closed","template":"","meta":{"footnotes":""},"class_list":["post-890","page","type-page","status-publish","hentry"],"yoast_head":"<!-- This site is optimized with the Yoast SEO plugin v19.8 - https:\/\/yoast.com\/wordpress\/plugins\/seo\/ -->\n<title>Barandilla escalera hierro - Metalister\u00eda Barcel\u00f3<\/title>\n<meta name=\"robots\" content=\"index, follow, max-snippet:-1, max-image-preview:large, max-video-preview:-1\" \/>\n<link rel=\"canonical\" href=\"https:\/\/metal-barcelo.com\/fr\/barandilla-escalera-hierro\/\" \/>\n<meta property=\"og:locale\" content=\"fr_FR\" \/>\n<meta property=\"og:type\" content=\"article\" \/>\n<meta property=\"og:title\" content=\"Barandilla escalera hierro - Metalister\u00eda Barcel\u00f3\" \/>\n<meta property=\"og:url\" content=\"https:\/\/metal-barcelo.com\/fr\/barandilla-escalera-hierro\/\" \/>\n<meta property=\"og:site_name\" content=\"Metalister\u00eda Barcel\u00f3\" \/>\n<meta property=\"article:modified_time\" content=\"2024-01-16T10:26:47+00:00\" \/>\n<meta name=\"twitter:card\" content=\"summary_large_image\" \/>\n<meta name=\"twitter:label1\" content=\"Dur\u00e9e de lecture estim\u00e9e\" \/>\n\t<meta name=\"twitter:data1\" content=\"3 minutes\" \/>\n<script type=\"application\/ld+json\" class=\"yoast-schema-graph\">{\"@context\":\"https:\/\/schema.org\",\"@graph\":[{\"@type\":\"WebPage\",\"@id\":\"https:\/\/metal-barcelo.com\/barandilla-escalera-hierro\/\",\"url\":\"https:\/\/metal-barcelo.com\/barandilla-escalera-hierro\/\",\"name\":\"Barandilla escalera hierro - Metalister\u00eda Barcel\u00f3\",\"isPartOf\":{\"@id\":\"https:\/\/metal-barcelo.com\/#website\"},\"datePublished\":\"2022-12-01T07:43:36+00:00\",\"dateModified\":\"2024-01-16T10:26:47+00:00\",\"breadcrumb\":{\"@id\":\"https:\/\/metal-barcelo.com\/barandilla-escalera-hierro\/#breadcrumb\"},\"inLanguage\":\"fr-FR\",\"potentialAction\":[{\"@type\":\"ReadAction\",\"target\":[\"https:\/\/metal-barcelo.com\/barandilla-escalera-hierro\/\"]}]},{\"@type\":\"BreadcrumbList\",\"@id\":\"https:\/\/metal-barcelo.com\/barandilla-escalera-hierro\/#breadcrumb\",\"itemListElement\":[{\"@type\":\"ListItem\",\"position\":1,\"name\":\"Portada\",\"item\":\"https:\/\/metal-barcelo.com\/\"},{\"@type\":\"ListItem\",\"position\":2,\"name\":\"Barandilla escalera hierro\"}]},{\"@type\":\"WebSite\",\"@id\":\"https:\/\/metal-barcelo.com\/#website\",\"url\":\"https:\/\/metal-barcelo.com\/\",\"name\":\"Metalister\u00eda Barcel\u00f3\",\"description\":\"Dise\u00f1o, fabricaci\u00f3n y montaje de estructuras met\u00e1licas\",\"potentialAction\":[{\"@type\":\"SearchAction\",\"target\":{\"@type\":\"EntryPoint\",\"urlTemplate\":\"https:\/\/metal-barcelo.com\/?s={search_term_string}\"},\"query-input\":\"required name=search_term_string\"}],\"inLanguage\":\"fr-FR\"}]}<\/script>\n<!-- \/ Yoast SEO plugin. -->","yoast_head_json":{"title":"Barandilla escalera hierro - Metalister\u00eda Barcel\u00f3","robots":{"index":"index","follow":"follow","max-snippet":"max-snippet:-1","max-image-preview":"max-image-preview:large","max-video-preview":"max-video-preview:-1"},"canonical":"https:\/\/metal-barcelo.com\/fr\/barandilla-escalera-hierro\/","og_locale":"fr_FR","og_type":"article","og_title":"Barandilla escalera hierro - Metalister\u00eda Barcel\u00f3","og_url":"https:\/\/metal-barcelo.com\/fr\/barandilla-escalera-hierro\/","og_site_name":"Metalister\u00eda Barcel\u00f3","article_modified_time":"2024-01-16T10:26:47+00:00","twitter_card":"summary_large_image","twitter_misc":{"Dur\u00e9e de lecture estim\u00e9e":"3 minutes"},"schema":{"@context":"https:\/\/schema.org","@graph":[{"@type":"WebPage","@id":"https:\/\/metal-barcelo.com\/barandilla-escalera-hierro\/","url":"https:\/\/metal-barcelo.com\/barandilla-escalera-hierro\/","name":"Barandilla escalera hierro - Metalister\u00eda Barcel\u00f3","isPartOf":{"@id":"https:\/\/metal-barcelo.com\/#website"},"datePublished":"2022-12-01T07:43:36+00:00","dateModified":"2024-01-16T10:26:47+00:00","breadcrumb":{"@id":"https:\/\/metal-barcelo.com\/barandilla-escalera-hierro\/#breadcrumb"},"inLanguage":"fr-FR","potentialAction":[{"@type":"ReadAction","target":["https:\/\/metal-barcelo.com\/barandilla-escalera-hierro\/"]}]},{"@type":"BreadcrumbList","@id":"https:\/\/metal-barcelo.com\/barandilla-escalera-hierro\/#breadcrumb","itemListElement":[{"@type":"ListItem","position":1,"name":"Portada","item":"https:\/\/metal-barcelo.com\/"},{"@type":"ListItem","position":2,"name":"Barandilla escalera hierro"}]},{"@type":"WebSite","@id":"https:\/\/metal-barcelo.com\/#website","url":"https:\/\/metal-barcelo.com\/","name":"Metalister\u00eda Barcel\u00f3","description":"Dise\u00f1o, fabricaci\u00f3n y montaje de estructuras met\u00e1licas","potentialAction":[{"@type":"SearchAction","target":{"@type":"EntryPoint","urlTemplate":"https:\/\/metal-barcelo.com\/?s={search_term_string}"},"query-input":"required name=search_term_string"}],"inLanguage":"fr-FR"}]}},"_links":{"self":[{"href":"https:\/\/metal-barcelo.com\/fr\/wp-json\/wp\/v2\/pages\/890","targetHints":{"allow":["GET"]}}],"collection":[{"href":"https:\/\/metal-barcelo.com\/fr\/wp-json\/wp\/v2\/pages"}],"about":[{"href":"https:\/\/metal-barcelo.com\/fr\/wp-json\/wp\/v2\/types\/page"}],"author":[{"embeddable":true,"href":"https:\/\/metal-barcelo.com\/fr\/wp-json\/wp\/v2\/users\/1"}],"replies":[{"embeddable":true,"href":"https:\/\/metal-barcelo.com\/fr\/wp-json\/wp\/v2\/comments?post=890"}],"version-history":[{"count":0,"href":"https:\/\/metal-barcelo.com\/fr\/wp-json\/wp\/v2\/pages\/890\/revisions"}],"wp:attachment":[{"href":"https:\/\/metal-barcelo.com\/fr\/wp-json\/wp\/v2\/media?parent=890"}],"curies":[{"name":"wp","href":"https:\/\/api.w.org\/{rel}","templated":true}]}}