{"id":864,"date":"2022-11-08T12:19:15","date_gmt":"2022-11-08T12:19:15","guid":{"rendered":"https:\/\/metal-barcelo.com\/?page_id=864"},"modified":"2024-01-16T10:33:25","modified_gmt":"2024-01-16T10:33:25","slug":"estructuras-metalicas","status":"publish","type":"page","link":"https:\/\/metal-barcelo.com\/fr\/estructuras-metalicas\/","title":{"rendered":"Structures m\u00e9talliques"},"content":{"rendered":"<div class=\"vc_row wpb_row vc_row-fluid vc_column-gap-35\"><div class=\"wpb_column vc_column_container vc_col-sm-8\"><div class=\"vc_column-inner\"><div class=\"wpb_wrapper\">\n\t<div class=\"wpb_text_column wpb_content_element\" >\n\t\t<div class=\"wpb_wrapper\">\n\t\t\t<p style=\"text-align: justify;\">Chez Metal Barcel\u00f3, nous sommes sp\u00e9cialistes dans la fabrication de <strong>structures m\u00e9talliques<\/strong> sur mesure de tout type et nous r\u00e9alisons des travaux en aluminium, fer, inox, motorisation et constructions modulaires.<\/p>\n<p style=\"text-align: justify;\">Nous traitons la gestion de projet de mani\u00e8re globale, offrant un service solvable, personnalis\u00e9 et complet \u00e0 nos clients, depuis la conception et la construction de b\u00e2timents commerciaux, industriels et r\u00e9cr\u00e9atifs.<\/p>\n<p style=\"text-align: justify;\">Dans notre entreprise, vous disposerez de produits de haute qualit\u00e9, car chez Metal Barcel\u00f3 nous avons des ann\u00e9es d&#039;exp\u00e9rience dans la conception, la fabrication ou l&#039;assemblage de <strong>structures m\u00e9talliques<\/strong> de toutes sortes. Nous r\u00e9alisons \u00e9galement des cl\u00f4tures sur mesure et tous types de garde-corps, qui peuvent \u00eatre en acier inoxydable, modulaires, des accessoires pour garde-corps, des profil\u00e9s en acier inoxydable de haute qualit\u00e9 et durables.<\/p>\n<p style=\"text-align: justify;\">Nous sommes experts en <strong>structures m\u00e9talliques<\/strong> et des abris et nous pouvons nous adapter \u00e0 vos besoins, en offrant des garanties maximales dans chacun des travaux que nous effectuons. Vous pouvez demander votre devis sans engagement et disposer des structures dont vous avez besoin.<\/p>\n<p style=\"text-align: justify;\">Nous r\u00e9alisons \u00e9galement des travaux de serrurerie et de cl\u00f4ture, qu&#039;il s&#039;agisse de toitures, de greniers... Nous sommes sp\u00e9cialistes dans la fabrication et le montage de <strong>structures m\u00e9talliques<\/strong> et notre \u00e9quipe de professionnels poss\u00e8de une vaste exp\u00e9rience dans le secteur, pour r\u00e9aliser un travail de coordination, d&#039;engagement et de pr\u00e9cision dans chacun de nos projets, tant pour les constructeurs que pour les clients priv\u00e9s. Nous pouvons travailler pour tout type de clients, en nous adaptant \u00e0 tout moment \u00e0 leurs besoins et pr\u00e9f\u00e9rences.<\/p>\n\n\t\t<\/div>\n\t<\/div>\n\n\t<div  class=\"wpb_single_image wpb_content_element vc_align_left\">\n\t\t\n\t\t<figure class=\"wpb_wrapper vc_figure\">\n\t\t\t<div class=\"vc_single_image-wrapper   vc_box_border_grey\"><img decoding=\"async\" width=\"1039\" height=\"776\" src=\"https:\/\/metal-barcelo.com\/wp-content\/uploads\/2022\/06\/3.jpg\" class=\"vc_single_image-img attachment-full\" alt=\"estructuras metalicas\" srcset=\"https:\/\/metal-barcelo.com\/wp-content\/uploads\/2022\/06\/3.jpg 1039w, https:\/\/metal-barcelo.com\/wp-content\/uploads\/2022\/06\/3-300x224.jpg 300w, https:\/\/metal-barcelo.com\/wp-content\/uploads\/2022\/06\/3-1024x765.jpg 1024w, https:\/\/metal-barcelo.com\/wp-content\/uploads\/2022\/06\/3-768x574.jpg 768w\" sizes=\"(max-width: 1039px) 100vw, 1039px\" \/><\/div>\n\t\t<\/figure>\n\t<\/div>\n<div class=\"vc_row wpb_row vc_inner vc_row-fluid\"><div class=\"wpb_column vc_column_container vc_col-sm-4\"><div class=\"vc_column-inner\"><div class=\"wpb_wrapper\"><\/div><\/div><\/div><div class=\"wpb_column vc_column_container vc_col-sm-4\"><div class=\"vc_column-inner\"><div class=\"wpb_wrapper\"><a\thref=\"https:\/\/metal-barcelo.com\/fr\/productos\/estructuras-metalicas\/#form\" \n\t\t\t\tclass=\"button btn_medium btn_theme_color btn_rounded btn_normal_style\"  target='_self'><span>CONTACTEZ-NOUS<\/span><\/a><\/div><\/div><\/div><div class=\"wpb_column vc_column_container vc_col-sm-4\"><div class=\"vc_column-inner\"><div class=\"wpb_wrapper\"><\/div><\/div><\/div><\/div>\n\t<div class=\"wpb_text_column wpb_content_element\" >\n\t\t<div class=\"wpb_wrapper\">\n\t\t\t<p style=\"text-align: justify;\">La r\u00e9sistance, l&#039;esth\u00e9tique et le volume des structures m\u00e9talliques se pr\u00e9sentent comme des avantages \u00e9vidents pour choisir ce type de structures, qui sont des options l\u00e9g\u00e8res et polyvalentes que l&#039;on retrouve parmi une grande vari\u00e9t\u00e9 de designs.<\/p>\n<p style=\"text-align: justify;\">La durabilit\u00e9 et la s\u00e9curit\u00e9 sont \u00e9galement des avantages de <strong>structures m\u00e9talliques<\/strong>, ils constituent donc une option fantastique si vous recherchez des structures tr\u00e8s r\u00e9sistantes et tenaces qui pr\u00e9sentent une grande uniformit\u00e9 et polyvalence. Un autre avantage offert par <strong>structures m\u00e9talliques<\/strong> Il s\u2019agit sans aucun doute de ductilit\u00e9, c\u2019est-\u00e0-dire qu\u2019ils ne se d\u00e9forment pas et ne s\u2019effondrent pas sous l\u2019effet des contraintes de traction. Le <strong>structures m\u00e9talliques<\/strong> Ils peuvent \u00eatre facilement r\u00e9utilis\u00e9s et recycl\u00e9s, ce qui signifie qu\u2019ils ont une longue dur\u00e9e de vie et constituent une option durable pour votre maison ou votre entreprise.<\/p>\n<p style=\"text-align: justify;\">Au sein du <strong>structures m\u00e9talliques<\/strong>, vous pouvez trouver des garde-corps, des bancs, des structures pour grandes installations, des cl\u00f4tures, des escaliers int\u00e9rieurs, des escaliers de secours, des barreaux de fen\u00eatres, des structures en panneaux, des fa\u00e7ades, des marquises, des pergolas...<\/p>\n<p style=\"text-align: justify;\">Chez Metal Barcel\u00f3, nous avons le marquage CE et si vous souhaitez en savoir plus sur nous, vous pouvez nous envoyer un e-mail \u00e0 <a href=\"mailto:info@metalbarcelo.com\">info@metalbarcelo.com<\/a> ou remplissez le formulaire Web avec vos coordonn\u00e9es et la raison de votre requ\u00eate. Nous serons heureux de vous aider et de r\u00e9pondre \u00e0 vos questions, afin que vous puissiez profiter de produits et services de la plus haute qualit\u00e9.<\/p>\n\n\t\t<\/div>\n\t<\/div>\n<\/div><\/div><\/div><div class=\"wpb_column vc_column_container vc_col-sm-4\"><div class=\"vc_column-inner\"><div class=\"wpb_wrapper\">\n\t<div class=\"wpb_text_column wpb_content_element\" >\n\t\t<div class=\"wpb_wrapper\">\n\t\t\t<h3 style=\"text-align: center;\">Contacter pour plus d&#039;informations<\/h3>\n<hr \/>\n\n\t\t<\/div>\n\t<\/div>\n<div role=\"form\" class=\"wpcf7\" id=\"wpcf7-f40-o1\" lang=\"es-ES\" dir=\"ltr\">\n<div class=\"screen-reader-response\"><p role=\"status\" aria-live=\"polite\" aria-atomic=\"true\"><\/p> <ul><\/ul><\/div>\n<form action=\"\/fr\/wp-json\/wp\/v2\/pages\/864#wpcf7-f40-o1\" method=\"post\" class=\"wpcf7-form init\" novalidate=\"novalidate\" data-status=\"init\" data-trp-original-action=\"\/fr\/wp-json\/wp\/v2\/pages\/864#wpcf7-f40-o1\">\n<div style=\"display: none;\">\n<input type=\"hidden\" name=\"_wpcf7\" value=\"40\" \/>\n<input type=\"hidden\" name=\"_wpcf7_version\" value=\"5.5.6.1\" \/>\n<input type=\"hidden\" name=\"_wpcf7_locale\" value=\"es_ES\" \/>\n<input type=\"hidden\" name=\"_wpcf7_unit_tag\" value=\"wpcf7-f40-o1\" \/>\n<input type=\"hidden\" name=\"_wpcf7_container_post\" value=\"0\" \/>\n<input type=\"hidden\" name=\"_wpcf7_posted_data_hash\" value=\"\" \/>\n<input type=\"hidden\" name=\"_wpcf7_recaptcha_response\" value=\"\" \/>\n<\/div>\n<p><label> ton nom<br \/>\n    <span class=\"wpcf7-form-control-wrap your-name\"><input type=\"text\" name=\"your-name\" value=\"\" size=\"40\" class=\"wpcf7-form-control wpcf7-text wpcf7-validates-as-required\" aria-required=\"true\" aria-invalid=\"false\" \/><\/span> <\/label><\/p>\n<p><label> Votre email<br \/>\n    <span class=\"wpcf7-form-control-wrap your-email\"><input type=\"email\" name=\"your-email\" value=\"\" size=\"40\" class=\"wpcf7-form-control wpcf7-text wpcf7-email wpcf7-validates-as-required wpcf7-validates-as-email\" aria-required=\"true\" aria-invalid=\"false\" \/><\/span> <\/label><\/p>\n<p><label> T\u00e9l\u00e9phone<br \/>\n    <span class=\"wpcf7-form-control-wrap phone\"><input type=\"text\" name=\"phone\" value=\"\" size=\"40\" class=\"wpcf7-form-control wpcf7-text wpcf7-validates-as-required\" aria-required=\"true\" aria-invalid=\"false\" \/><\/span> <\/label><\/p>\n<p><label> Code postal<br \/>\n    <span class=\"wpcf7-form-control-wrap your-subject\"><input type=\"text\" name=\"your-subject\" value=\"\" size=\"40\" class=\"wpcf7-form-control wpcf7-text\" aria-invalid=\"false\" \/><\/span> <\/label><\/p>\n<p><label> Votre message (facultatif)<br \/>\n    <span class=\"wpcf7-form-control-wrap your-message\"><textarea name=\"your-message\" cols=\"40\" rows=\"2\" class=\"wpcf7-form-control wpcf7-textarea\" aria-invalid=\"false\"><\/textarea><\/span> <\/label><\/p>\n<p><span class=\"wpcf7-form-control-wrap Enviodedatos\"><span class=\"wpcf7-form-control wpcf7-acceptance optional\"><span class=\"wpcf7-list-item\"><label><input type=\"checkbox\" name=\"Enviodedatos\" value=\"1\" aria-invalid=\"false\" \/><span class=\"wpcf7-list-item-label\">Acceptez-vous l&#039;envoi de donn\u00e9es ?<\/span><\/label><\/span><\/span><\/span><\/p>\n<p><span class=\"wpcf7-form-control-wrap Enviodedatos\"><span class=\"wpcf7-form-control wpcf7-acceptance\"><span class=\"wpcf7-list-item\"><label><input type=\"checkbox\" name=\"Enviodedatos\" value=\"1\" aria-invalid=\"false\" \/><span class=\"wpcf7-list-item-label\">Acceptez-vous le <a href=\"https:\/\/metal-barcelo.com\/fr\/politica-de-privacidad\/\"><strong>politique de confidentialit\u00e9<\/strong><\/a>?<\/span><\/label><\/span><\/span><\/span><\/p>\n<span class=\"wpcf7-form-control-wrap recaptcha\" data-name=\"recaptcha\"><span data-sitekey=\"6LeSSp4hAAAAAPZ7xH2THd-p214fTTffD9wFlOhH\" class=\"wpcf7-form-control g-recaptcha wpcf7-recaptcha\"><\/span>\r\n<noscript>\r\n\t<div class=\"grecaptcha-noscript\">\r\n\t\t<iframe loading=\"lazy\" src=\"https:\/\/www.google.com\/recaptcha\/api\/fallback?k=6LeSSp4hAAAAAPZ7xH2THd-p214fTTffD9wFlOhH\" frameborder=\"0\" scrolling=\"no\" width=\"310\" height=\"430\">\r\n\t\t<\/iframe>\r\n\t\t<textarea name=\"g-recaptcha-response\" rows=\"3\" cols=\"40\" placeholder=\"R\u00e9ponse reCaptcha ici\">\r\n\t\t<\/textarea>\r\n\t<\/div>\r\n<\/noscript>\r\n<\/span>\n<p><input type=\"submit\" value=\"Envoyer\" class=\"wpcf7-form-control has-spinner wpcf7-submit\" \/><\/p>\n<div class=\"wpcf7-response-output\" aria-hidden=\"true\"><\/div><input type=\"hidden\" name=\"trp-form-language\" value=\"fr\"\/><\/form><\/div><\/div><\/div><\/div><\/div>","protected":false},"excerpt":{"rendered":"Chez Metal Barcel\u00f3, nous sommes sp\u00e9cialis\u00e9s dans la fabrication de structures m\u00e9talliques sur mesure de tous types et r\u00e9alisons des travaux en aluminium, fer, acier inoxydable, motorisation et constructions modulaires. Nous traitons la gestion de projet de mani\u00e8re globale, en offrant un service solvable, personnalis\u00e9 et complet \u00e0 nos clients, depuis la conception et jusqu&#039;\u00e0 la construction d&#039;immeubles commerciaux, industriels et<div class=\"h10\"><\/div><a class=\"more-link1\" href=\"https:\/\/metal-barcelo.com\/fr\/estructuras-metalicas\/\">En savoir plus<\/a>","protected":false},"author":1,"featured_media":0,"parent":0,"menu_order":0,"comment_status":"closed","ping_status":"closed","template":"","meta":{"footnotes":""},"class_list":["post-864","page","type-page","status-publish","hentry"],"yoast_head":"<!-- This site is optimized with the Yoast SEO plugin v19.8 - https:\/\/yoast.com\/wordpress\/plugins\/seo\/ -->\n<title>Estructuras met\u00e1licas - Metalister\u00eda Barcel\u00f3<\/title>\n<meta name=\"robots\" content=\"index, follow, max-snippet:-1, max-image-preview:large, max-video-preview:-1\" \/>\n<link rel=\"canonical\" href=\"https:\/\/metal-barcelo.com\/fr\/estructuras-metalicas\/\" \/>\n<meta property=\"og:locale\" content=\"fr_FR\" \/>\n<meta property=\"og:type\" content=\"article\" \/>\n<meta property=\"og:title\" content=\"Estructuras met\u00e1licas - Metalister\u00eda Barcel\u00f3\" \/>\n<meta property=\"og:url\" content=\"https:\/\/metal-barcelo.com\/fr\/estructuras-metalicas\/\" \/>\n<meta property=\"og:site_name\" content=\"Metalister\u00eda Barcel\u00f3\" \/>\n<meta property=\"article:modified_time\" content=\"2024-01-16T10:33:25+00:00\" \/>\n<meta name=\"twitter:card\" content=\"summary_large_image\" \/>\n<meta name=\"twitter:label1\" content=\"Dur\u00e9e de lecture estim\u00e9e\" \/>\n\t<meta name=\"twitter:data1\" content=\"3 minutes\" \/>\n<script type=\"application\/ld+json\" class=\"yoast-schema-graph\">{\"@context\":\"https:\/\/schema.org\",\"@graph\":[{\"@type\":\"WebPage\",\"@id\":\"https:\/\/metal-barcelo.com\/estructuras-metalicas\/\",\"url\":\"https:\/\/metal-barcelo.com\/estructuras-metalicas\/\",\"name\":\"Estructuras met\u00e1licas - Metalister\u00eda Barcel\u00f3\",\"isPartOf\":{\"@id\":\"https:\/\/metal-barcelo.com\/#website\"},\"datePublished\":\"2022-11-08T12:19:15+00:00\",\"dateModified\":\"2024-01-16T10:33:25+00:00\",\"breadcrumb\":{\"@id\":\"https:\/\/metal-barcelo.com\/estructuras-metalicas\/#breadcrumb\"},\"inLanguage\":\"fr-FR\",\"potentialAction\":[{\"@type\":\"ReadAction\",\"target\":[\"https:\/\/metal-barcelo.com\/estructuras-metalicas\/\"]}]},{\"@type\":\"BreadcrumbList\",\"@id\":\"https:\/\/metal-barcelo.com\/estructuras-metalicas\/#breadcrumb\",\"itemListElement\":[{\"@type\":\"ListItem\",\"position\":1,\"name\":\"Portada\",\"item\":\"https:\/\/metal-barcelo.com\/\"},{\"@type\":\"ListItem\",\"position\":2,\"name\":\"Estructuras met\u00e1licas\"}]},{\"@type\":\"WebSite\",\"@id\":\"https:\/\/metal-barcelo.com\/#website\",\"url\":\"https:\/\/metal-barcelo.com\/\",\"name\":\"Metalister\u00eda Barcel\u00f3\",\"description\":\"Dise\u00f1o, fabricaci\u00f3n y montaje de estructuras met\u00e1licas\",\"potentialAction\":[{\"@type\":\"SearchAction\",\"target\":{\"@type\":\"EntryPoint\",\"urlTemplate\":\"https:\/\/metal-barcelo.com\/?s={search_term_string}\"},\"query-input\":\"required name=search_term_string\"}],\"inLanguage\":\"fr-FR\"}]}<\/script>\n<!-- \/ Yoast SEO plugin. -->","yoast_head_json":{"title":"Estructuras met\u00e1licas - Metalister\u00eda Barcel\u00f3","robots":{"index":"index","follow":"follow","max-snippet":"max-snippet:-1","max-image-preview":"max-image-preview:large","max-video-preview":"max-video-preview:-1"},"canonical":"https:\/\/metal-barcelo.com\/fr\/estructuras-metalicas\/","og_locale":"fr_FR","og_type":"article","og_title":"Estructuras met\u00e1licas - Metalister\u00eda Barcel\u00f3","og_url":"https:\/\/metal-barcelo.com\/fr\/estructuras-metalicas\/","og_site_name":"Metalister\u00eda Barcel\u00f3","article_modified_time":"2024-01-16T10:33:25+00:00","twitter_card":"summary_large_image","twitter_misc":{"Dur\u00e9e de lecture estim\u00e9e":"3 minutes"},"schema":{"@context":"https:\/\/schema.org","@graph":[{"@type":"WebPage","@id":"https:\/\/metal-barcelo.com\/estructuras-metalicas\/","url":"https:\/\/metal-barcelo.com\/estructuras-metalicas\/","name":"Estructuras met\u00e1licas - Metalister\u00eda Barcel\u00f3","isPartOf":{"@id":"https:\/\/metal-barcelo.com\/#website"},"datePublished":"2022-11-08T12:19:15+00:00","dateModified":"2024-01-16T10:33:25+00:00","breadcrumb":{"@id":"https:\/\/metal-barcelo.com\/estructuras-metalicas\/#breadcrumb"},"inLanguage":"fr-FR","potentialAction":[{"@type":"ReadAction","target":["https:\/\/metal-barcelo.com\/estructuras-metalicas\/"]}]},{"@type":"BreadcrumbList","@id":"https:\/\/metal-barcelo.com\/estructuras-metalicas\/#breadcrumb","itemListElement":[{"@type":"ListItem","position":1,"name":"Portada","item":"https:\/\/metal-barcelo.com\/"},{"@type":"ListItem","position":2,"name":"Estructuras met\u00e1licas"}]},{"@type":"WebSite","@id":"https:\/\/metal-barcelo.com\/#website","url":"https:\/\/metal-barcelo.com\/","name":"Metalister\u00eda Barcel\u00f3","description":"Dise\u00f1o, fabricaci\u00f3n y montaje de estructuras met\u00e1licas","potentialAction":[{"@type":"SearchAction","target":{"@type":"EntryPoint","urlTemplate":"https:\/\/metal-barcelo.com\/?s={search_term_string}"},"query-input":"required name=search_term_string"}],"inLanguage":"fr-FR"}]}},"_links":{"self":[{"href":"https:\/\/metal-barcelo.com\/fr\/wp-json\/wp\/v2\/pages\/864","targetHints":{"allow":["GET"]}}],"collection":[{"href":"https:\/\/metal-barcelo.com\/fr\/wp-json\/wp\/v2\/pages"}],"about":[{"href":"https:\/\/metal-barcelo.com\/fr\/wp-json\/wp\/v2\/types\/page"}],"author":[{"embeddable":true,"href":"https:\/\/metal-barcelo.com\/fr\/wp-json\/wp\/v2\/users\/1"}],"replies":[{"embeddable":true,"href":"https:\/\/metal-barcelo.com\/fr\/wp-json\/wp\/v2\/comments?post=864"}],"version-history":[{"count":0,"href":"https:\/\/metal-barcelo.com\/fr\/wp-json\/wp\/v2\/pages\/864\/revisions"}],"wp:attachment":[{"href":"https:\/\/metal-barcelo.com\/fr\/wp-json\/wp\/v2\/media?parent=864"}],"curies":[{"name":"wp","href":"https:\/\/api.w.org\/{rel}","templated":true}]}}