{"id":459,"date":"2022-08-31T06:21:43","date_gmt":"2022-08-31T06:21:43","guid":{"rendered":"https:\/\/metal-barcelo.com\/?page_id=459"},"modified":"2024-01-16T10:31:37","modified_gmt":"2024-01-16T10:31:37","slug":"barandillas-de-hierro","status":"publish","type":"page","link":"https:\/\/metal-barcelo.com\/fr\/barandillas-de-hierro\/","title":{"rendered":"garde-corps en fer"},"content":{"rendered":"<div class=\"vc_row wpb_row vc_row-fluid vc_column-gap-35\"><div class=\"wpb_column vc_column_container vc_col-sm-8\"><div class=\"vc_column-inner\"><div class=\"wpb_wrapper\">\n\t<div class=\"wpb_text_column wpb_content_element\" >\n\t\t<div class=\"wpb_wrapper\">\n\t\t\t<p style=\"text-align: justify;\">Les garde-corps en fer sont non seulement un \u00e9l\u00e9ment essentiel pour la s\u00e9curit\u00e9 de votre maison, mais aussi un \u00e9l\u00e9ment d\u00e9coratif important, c&#039;est pourquoi dans l&#039;atelier Metalisteria Barcel\u00f3 nous vous offrons la possibilit\u00e9 de fabriquer ce type de garde-corps selon vos besoins. La s\u00e9curit\u00e9 dont vous avez besoin et le design dont vous avez besoin, qu&#039;il s&#039;agisse de garde-corps en fer modernes, traditionnels ou simples, car nous nous adaptons \u00e0 ce que nos clients exigent de nous et gr\u00e2ce \u00e0 nos ann\u00e9es d&#039;exp\u00e9rience, nous obtenons leur satisfaction.<\/p>\n<p style=\"text-align: justify;\">Notre entreprise de fabrication <strong>garde-corps en fer<\/strong> Elle dispose des professionnels les plus qualifi\u00e9s et exp\u00e9riment\u00e9s pour vous conseiller \u00e9tape par \u00e9tape. Ensemble, nous trouvons les solutions les plus efficaces pour divers projets, depuis les projets d&#039;installation de garde-corps dans les r\u00e9sidences jusqu&#039;\u00e0 la fabrication de structures m\u00e9talliques pour les entreprises. De cette mani\u00e8re, nous pouvons fournir \u00e0 nos clients des solutions compl\u00e8tes pour tout type de projet, quel que soit le mat\u00e9riau demand\u00e9, r\u00e9pondre avec flexibilit\u00e9 \u00e0 tous leurs besoins et obtenir d&#039;excellents r\u00e9sultats.<\/p>\n<p style=\"text-align: justify;\">Nous sommes une entreprise de fabrication de structures m\u00e9talliques fi\u00e8re de notre professionnalisme et qui s&#039;engage \u00e0 fournir dans les plus brefs d\u00e9lais tout type de service dont nos clients ont besoin, et gr\u00e2ce \u00e0 notre vaste exp\u00e9rience dans le domaine de la fabrication de ce type de garde-corps, nous nous adaptons. le budget au maximum. Nous sommes en mesure de fournir \u00e0 nos clients des mat\u00e9riaux de la plus haute qualit\u00e9 \u00e0 des prix tr\u00e8s abordables. Nous pouvons garantir la qualit\u00e9 de nos travaux de fabrication et d\u2019installation de ces derniers <strong>garde-corps en fer,<\/strong> propose les devis les plus comp\u00e9titifs du march\u00e9 actuel.<\/p>\n\n\t\t<\/div>\n\t<\/div>\n\n\t<div  class=\"wpb_single_image wpb_content_element vc_align_left\">\n\t\t\n\t\t<figure class=\"wpb_wrapper vc_figure\">\n\t\t\t<div class=\"vc_single_image-wrapper   vc_box_border_grey\"><img decoding=\"async\" width=\"1039\" height=\"776\" src=\"https:\/\/metal-barcelo.com\/wp-content\/uploads\/2022\/06\/3.jpg\" class=\"vc_single_image-img attachment-full\" alt=\"estructuras metalicas\" srcset=\"https:\/\/metal-barcelo.com\/wp-content\/uploads\/2022\/06\/3.jpg 1039w, https:\/\/metal-barcelo.com\/wp-content\/uploads\/2022\/06\/3-300x224.jpg 300w, https:\/\/metal-barcelo.com\/wp-content\/uploads\/2022\/06\/3-1024x765.jpg 1024w, https:\/\/metal-barcelo.com\/wp-content\/uploads\/2022\/06\/3-768x574.jpg 768w\" sizes=\"(max-width: 1039px) 100vw, 1039px\" \/><\/div>\n\t\t<\/figure>\n\t<\/div>\n<div class=\"vc_row wpb_row vc_inner vc_row-fluid\"><div class=\"wpb_column vc_column_container vc_col-sm-4\"><div class=\"vc_column-inner\"><div class=\"wpb_wrapper\"><\/div><\/div><\/div><div class=\"wpb_column vc_column_container vc_col-sm-4\"><div class=\"vc_column-inner\"><div class=\"wpb_wrapper\"><a\thref=\"https:\/\/metal-barcelo.com\/fr\/productos\/estructuras-metalicas\/#form\" \n\t\t\t\tclass=\"button btn_medium btn_theme_color btn_rounded btn_normal_style\"  target='_self'><span>CONTACTEZ-NOUS<\/span><\/a><\/div><\/div><\/div><div class=\"wpb_column vc_column_container vc_col-sm-4\"><div class=\"vc_column-inner\"><div class=\"wpb_wrapper\"><\/div><\/div><\/div><\/div>\n\t<div class=\"wpb_text_column wpb_content_element\" >\n\t\t<div class=\"wpb_wrapper\">\n\t\t\t<p style=\"text-align: justify;\">Cependant, Metalisteria Barcel\u00f3 ne s&#039;occupe pas seulement de grands projets, car gr\u00e2ce \u00e0 notre flexibilit\u00e9, nous pouvons facilement nous adapter aux besoins de nos clients. Le <strong>garde-corps en fer<\/strong> Nous utilisons toujours des mat\u00e9riaux de premi\u00e8re qualit\u00e9, nous traitons chaque projet de mani\u00e8re unique et donnons une touche personnelle \u00e0 nos clients. Une fois le budget convenu et l\u2019\u00e9ch\u00e9ancier des travaux \u00e9tabli, nous nous effor\u00e7ons de livrer un travail de qualit\u00e9 respectant les d\u00e9lais que nous avons engag\u00e9s aupr\u00e8s de nos clients. Chez Metalisteria Barcel\u00f3, nous pr\u00e9parons sans engagement des devis pour garde-corps de tout type de mat\u00e9riau dans les zones de Barcelone. Nous proposons \u00e9galement \u00e0 nos clients des projets personnalis\u00e9s aux designs uniques et exclusifs.<\/p>\n<p style=\"text-align: justify;\">Nous avons de nombreuses ann\u00e9es d\u2019exp\u00e9rience dans le travail avec une grande vari\u00e9t\u00e9 de structures m\u00e9talliques et sommes experts en aluminium, en fer, en acier inoxydable et en structures modulaires. Avec une exp\u00e9rience en coordination, engagement et travail de d\u00e9tail.<\/p>\n<p style=\"text-align: justify;\">Alors si vous envisagez d&#039;installer des balustrades en fer dans votre maison, n&#039;h\u00e9sitez pas \u00e0 nous contacter via notre email <a href=\"mailto:info@metal-barcelo.com\">info@metal-barcelo.com<\/a> et imm\u00e9diatement un membre de notre \u00e9quipe vous conseillera et vous proposera la meilleure solution pour vos besoins.<\/p>\n\n\t\t<\/div>\n\t<\/div>\n<\/div><\/div><\/div><div class=\"wpb_column vc_column_container vc_col-sm-4\"><div class=\"vc_column-inner\"><div class=\"wpb_wrapper\">\n\t<div class=\"wpb_text_column wpb_content_element\" >\n\t\t<div class=\"wpb_wrapper\">\n\t\t\t<h3 style=\"text-align: center;\">Contacter pour plus d&#039;informations<\/h3>\n<hr \/>\n\n\t\t<\/div>\n\t<\/div>\n<div role=\"form\" class=\"wpcf7\" id=\"wpcf7-f40-o1\" lang=\"es-ES\" dir=\"ltr\">\n<div class=\"screen-reader-response\"><p role=\"status\" aria-live=\"polite\" aria-atomic=\"true\"><\/p> <ul><\/ul><\/div>\n<form action=\"\/fr\/wp-json\/wp\/v2\/pages\/459#wpcf7-f40-o1\" method=\"post\" class=\"wpcf7-form init\" novalidate=\"novalidate\" data-status=\"init\" data-trp-original-action=\"\/fr\/wp-json\/wp\/v2\/pages\/459#wpcf7-f40-o1\">\n<div style=\"display: none;\">\n<input type=\"hidden\" name=\"_wpcf7\" value=\"40\" \/>\n<input type=\"hidden\" name=\"_wpcf7_version\" value=\"5.5.6.1\" \/>\n<input type=\"hidden\" name=\"_wpcf7_locale\" value=\"es_ES\" \/>\n<input type=\"hidden\" name=\"_wpcf7_unit_tag\" value=\"wpcf7-f40-o1\" \/>\n<input type=\"hidden\" name=\"_wpcf7_container_post\" value=\"0\" \/>\n<input type=\"hidden\" name=\"_wpcf7_posted_data_hash\" value=\"\" \/>\n<input type=\"hidden\" name=\"_wpcf7_recaptcha_response\" value=\"\" \/>\n<\/div>\n<p><label> ton nom<br \/>\n    <span class=\"wpcf7-form-control-wrap your-name\"><input type=\"text\" name=\"your-name\" value=\"\" size=\"40\" class=\"wpcf7-form-control wpcf7-text wpcf7-validates-as-required\" aria-required=\"true\" aria-invalid=\"false\" \/><\/span> <\/label><\/p>\n<p><label> Votre email<br \/>\n    <span class=\"wpcf7-form-control-wrap your-email\"><input type=\"email\" name=\"your-email\" value=\"\" size=\"40\" class=\"wpcf7-form-control wpcf7-text wpcf7-email wpcf7-validates-as-required wpcf7-validates-as-email\" aria-required=\"true\" aria-invalid=\"false\" \/><\/span> <\/label><\/p>\n<p><label> T\u00e9l\u00e9phone<br \/>\n    <span class=\"wpcf7-form-control-wrap phone\"><input type=\"text\" name=\"phone\" value=\"\" size=\"40\" class=\"wpcf7-form-control wpcf7-text wpcf7-validates-as-required\" aria-required=\"true\" aria-invalid=\"false\" \/><\/span> <\/label><\/p>\n<p><label> Code postal<br \/>\n    <span class=\"wpcf7-form-control-wrap your-subject\"><input type=\"text\" name=\"your-subject\" value=\"\" size=\"40\" class=\"wpcf7-form-control wpcf7-text\" aria-invalid=\"false\" \/><\/span> <\/label><\/p>\n<p><label> Votre message (facultatif)<br \/>\n    <span class=\"wpcf7-form-control-wrap your-message\"><textarea name=\"your-message\" cols=\"40\" rows=\"2\" class=\"wpcf7-form-control wpcf7-textarea\" aria-invalid=\"false\"><\/textarea><\/span> <\/label><\/p>\n<p><span class=\"wpcf7-form-control-wrap Enviodedatos\"><span class=\"wpcf7-form-control wpcf7-acceptance optional\"><span class=\"wpcf7-list-item\"><label><input type=\"checkbox\" name=\"Enviodedatos\" value=\"1\" aria-invalid=\"false\" \/><span class=\"wpcf7-list-item-label\">Acceptez-vous l&#039;envoi de donn\u00e9es ?<\/span><\/label><\/span><\/span><\/span><\/p>\n<p><span class=\"wpcf7-form-control-wrap Enviodedatos\"><span class=\"wpcf7-form-control wpcf7-acceptance\"><span class=\"wpcf7-list-item\"><label><input type=\"checkbox\" name=\"Enviodedatos\" value=\"1\" aria-invalid=\"false\" \/><span class=\"wpcf7-list-item-label\">Acceptez-vous le <a href=\"https:\/\/metal-barcelo.com\/fr\/politica-de-privacidad\/\"><strong>politique de confidentialit\u00e9<\/strong><\/a>?<\/span><\/label><\/span><\/span><\/span><\/p>\n<span class=\"wpcf7-form-control-wrap recaptcha\" data-name=\"recaptcha\"><span data-sitekey=\"6LeSSp4hAAAAAPZ7xH2THd-p214fTTffD9wFlOhH\" class=\"wpcf7-form-control g-recaptcha wpcf7-recaptcha\"><\/span>\r\n<noscript>\r\n\t<div class=\"grecaptcha-noscript\">\r\n\t\t<iframe loading=\"lazy\" src=\"https:\/\/www.google.com\/recaptcha\/api\/fallback?k=6LeSSp4hAAAAAPZ7xH2THd-p214fTTffD9wFlOhH\" frameborder=\"0\" scrolling=\"no\" width=\"310\" height=\"430\">\r\n\t\t<\/iframe>\r\n\t\t<textarea name=\"g-recaptcha-response\" rows=\"3\" cols=\"40\" placeholder=\"R\u00e9ponse reCaptcha ici\">\r\n\t\t<\/textarea>\r\n\t<\/div>\r\n<\/noscript>\r\n<\/span>\n<p><input type=\"submit\" value=\"Envoyer\" class=\"wpcf7-form-control has-spinner wpcf7-submit\" \/><\/p>\n<div class=\"wpcf7-response-output\" aria-hidden=\"true\"><\/div><input type=\"hidden\" name=\"trp-form-language\" value=\"fr\"\/><\/form><\/div><\/div><\/div><\/div><\/div>","protected":false},"excerpt":{"rendered":"Les garde-corps en fer sont non seulement un \u00e9l\u00e9ment essentiel pour la s\u00e9curit\u00e9 de votre maison, mais aussi un \u00e9l\u00e9ment d\u00e9coratif important, c&#039;est pourquoi dans l&#039;atelier Metalisteria Barcel\u00f3 nous vous offrons la possibilit\u00e9 de fabriquer ce type de garde-corps selon vos besoins. La s\u00e9curit\u00e9 dont vous avez besoin et le design dont vous avez besoin, qu&#039;il s&#039;agisse de garde-corps en fer modernes ou traditionnels<div class=\"h10\"><\/div><a class=\"more-link1\" href=\"https:\/\/metal-barcelo.com\/fr\/barandillas-de-hierro\/\">En savoir plus<\/a>","protected":false},"author":1,"featured_media":0,"parent":0,"menu_order":0,"comment_status":"closed","ping_status":"closed","template":"","meta":{"footnotes":""},"class_list":["post-459","page","type-page","status-publish","hentry"],"yoast_head":"<!-- This site is optimized with the Yoast SEO plugin v19.8 - https:\/\/yoast.com\/wordpress\/plugins\/seo\/ -->\n<title>Fabricante barandillas de hierro - Metal Barcel\u00f3<\/title>\n<meta name=\"description\" content=\"Fabricaci\u00f3n y montaje barandillas de hierro, de alta calidad, para la seguridad de tu hogar y con un dise\u00f1o innovador gracias a Metal Barcel\u00f3.\" \/>\n<meta name=\"robots\" content=\"index, follow, max-snippet:-1, max-image-preview:large, max-video-preview:-1\" \/>\n<link rel=\"canonical\" href=\"https:\/\/metal-barcelo.com\/fr\/barandillas-de-hierro\/\" \/>\n<meta property=\"og:locale\" content=\"fr_FR\" \/>\n<meta property=\"og:type\" content=\"article\" \/>\n<meta property=\"og:title\" content=\"Fabricante barandillas de hierro - Metal Barcel\u00f3\" \/>\n<meta property=\"og:description\" content=\"Fabricaci\u00f3n y montaje barandillas de hierro, de alta calidad, para la seguridad de tu hogar y con un dise\u00f1o innovador gracias a Metal Barcel\u00f3.\" \/>\n<meta property=\"og:url\" content=\"https:\/\/metal-barcelo.com\/fr\/barandillas-de-hierro\/\" \/>\n<meta property=\"og:site_name\" content=\"Metalister\u00eda Barcel\u00f3\" \/>\n<meta property=\"article:modified_time\" content=\"2024-01-16T10:31:37+00:00\" \/>\n<meta name=\"twitter:card\" content=\"summary_large_image\" \/>\n<meta name=\"twitter:label1\" content=\"Dur\u00e9e de lecture estim\u00e9e\" \/>\n\t<meta name=\"twitter:data1\" content=\"3 minutes\" \/>\n<script type=\"application\/ld+json\" class=\"yoast-schema-graph\">{\"@context\":\"https:\/\/schema.org\",\"@graph\":[{\"@type\":\"WebPage\",\"@id\":\"https:\/\/metal-barcelo.com\/barandillas-de-hierro\/\",\"url\":\"https:\/\/metal-barcelo.com\/barandillas-de-hierro\/\",\"name\":\"Fabricante barandillas de hierro - Metal Barcel\u00f3\",\"isPartOf\":{\"@id\":\"https:\/\/metal-barcelo.com\/#website\"},\"datePublished\":\"2022-08-31T06:21:43+00:00\",\"dateModified\":\"2024-01-16T10:31:37+00:00\",\"description\":\"Fabricaci\u00f3n y montaje barandillas de hierro, de alta calidad, para la seguridad de tu hogar y con un dise\u00f1o innovador gracias a Metal Barcel\u00f3.\",\"breadcrumb\":{\"@id\":\"https:\/\/metal-barcelo.com\/barandillas-de-hierro\/#breadcrumb\"},\"inLanguage\":\"fr-FR\",\"potentialAction\":[{\"@type\":\"ReadAction\",\"target\":[\"https:\/\/metal-barcelo.com\/barandillas-de-hierro\/\"]}]},{\"@type\":\"BreadcrumbList\",\"@id\":\"https:\/\/metal-barcelo.com\/barandillas-de-hierro\/#breadcrumb\",\"itemListElement\":[{\"@type\":\"ListItem\",\"position\":1,\"name\":\"Portada\",\"item\":\"https:\/\/metal-barcelo.com\/\"},{\"@type\":\"ListItem\",\"position\":2,\"name\":\"Barandillas de hierro\"}]},{\"@type\":\"WebSite\",\"@id\":\"https:\/\/metal-barcelo.com\/#website\",\"url\":\"https:\/\/metal-barcelo.com\/\",\"name\":\"Metalister\u00eda Barcel\u00f3\",\"description\":\"Dise\u00f1o, fabricaci\u00f3n y montaje de estructuras met\u00e1licas\",\"potentialAction\":[{\"@type\":\"SearchAction\",\"target\":{\"@type\":\"EntryPoint\",\"urlTemplate\":\"https:\/\/metal-barcelo.com\/?s={search_term_string}\"},\"query-input\":\"required name=search_term_string\"}],\"inLanguage\":\"fr-FR\"}]}<\/script>\n<!-- \/ Yoast SEO plugin. -->","yoast_head_json":{"title":"Fabricante barandillas de hierro - Metal Barcel\u00f3","description":"Fabricaci\u00f3n y montaje barandillas de hierro, de alta calidad, para la seguridad de tu hogar y con un dise\u00f1o innovador gracias a Metal Barcel\u00f3.","robots":{"index":"index","follow":"follow","max-snippet":"max-snippet:-1","max-image-preview":"max-image-preview:large","max-video-preview":"max-video-preview:-1"},"canonical":"https:\/\/metal-barcelo.com\/fr\/barandillas-de-hierro\/","og_locale":"fr_FR","og_type":"article","og_title":"Fabricante barandillas de hierro - Metal Barcel\u00f3","og_description":"Fabricaci\u00f3n y montaje barandillas de hierro, de alta calidad, para la seguridad de tu hogar y con un dise\u00f1o innovador gracias a Metal Barcel\u00f3.","og_url":"https:\/\/metal-barcelo.com\/fr\/barandillas-de-hierro\/","og_site_name":"Metalister\u00eda Barcel\u00f3","article_modified_time":"2024-01-16T10:31:37+00:00","twitter_card":"summary_large_image","twitter_misc":{"Dur\u00e9e de lecture estim\u00e9e":"3 minutes"},"schema":{"@context":"https:\/\/schema.org","@graph":[{"@type":"WebPage","@id":"https:\/\/metal-barcelo.com\/barandillas-de-hierro\/","url":"https:\/\/metal-barcelo.com\/barandillas-de-hierro\/","name":"Fabricante barandillas de hierro - Metal Barcel\u00f3","isPartOf":{"@id":"https:\/\/metal-barcelo.com\/#website"},"datePublished":"2022-08-31T06:21:43+00:00","dateModified":"2024-01-16T10:31:37+00:00","description":"Fabricaci\u00f3n y montaje barandillas de hierro, de alta calidad, para la seguridad de tu hogar y con un dise\u00f1o innovador gracias a Metal Barcel\u00f3.","breadcrumb":{"@id":"https:\/\/metal-barcelo.com\/barandillas-de-hierro\/#breadcrumb"},"inLanguage":"fr-FR","potentialAction":[{"@type":"ReadAction","target":["https:\/\/metal-barcelo.com\/barandillas-de-hierro\/"]}]},{"@type":"BreadcrumbList","@id":"https:\/\/metal-barcelo.com\/barandillas-de-hierro\/#breadcrumb","itemListElement":[{"@type":"ListItem","position":1,"name":"Portada","item":"https:\/\/metal-barcelo.com\/"},{"@type":"ListItem","position":2,"name":"Barandillas de hierro"}]},{"@type":"WebSite","@id":"https:\/\/metal-barcelo.com\/#website","url":"https:\/\/metal-barcelo.com\/","name":"Metalister\u00eda Barcel\u00f3","description":"Dise\u00f1o, fabricaci\u00f3n y montaje de estructuras met\u00e1licas","potentialAction":[{"@type":"SearchAction","target":{"@type":"EntryPoint","urlTemplate":"https:\/\/metal-barcelo.com\/?s={search_term_string}"},"query-input":"required name=search_term_string"}],"inLanguage":"fr-FR"}]}},"_links":{"self":[{"href":"https:\/\/metal-barcelo.com\/fr\/wp-json\/wp\/v2\/pages\/459","targetHints":{"allow":["GET"]}}],"collection":[{"href":"https:\/\/metal-barcelo.com\/fr\/wp-json\/wp\/v2\/pages"}],"about":[{"href":"https:\/\/metal-barcelo.com\/fr\/wp-json\/wp\/v2\/types\/page"}],"author":[{"embeddable":true,"href":"https:\/\/metal-barcelo.com\/fr\/wp-json\/wp\/v2\/users\/1"}],"replies":[{"embeddable":true,"href":"https:\/\/metal-barcelo.com\/fr\/wp-json\/wp\/v2\/comments?post=459"}],"version-history":[{"count":0,"href":"https:\/\/metal-barcelo.com\/fr\/wp-json\/wp\/v2\/pages\/459\/revisions"}],"wp:attachment":[{"href":"https:\/\/metal-barcelo.com\/fr\/wp-json\/wp\/v2\/media?parent=459"}],"curies":[{"name":"wp","href":"https:\/\/api.w.org\/{rel}","templated":true}]}}