{"id":457,"date":"2022-08-29T11:19:51","date_gmt":"2022-08-29T11:19:51","guid":{"rendered":"https:\/\/metal-barcelo.com\/?page_id=457"},"modified":"2024-01-16T10:30:19","modified_gmt":"2024-01-16T10:30:19","slug":"barandilla-terraza","status":"publish","type":"page","link":"https:\/\/metal-barcelo.com\/fr\/barandilla-terraza\/","title":{"rendered":"garde-corps de terrasse"},"content":{"rendered":"<div class=\"vc_row wpb_row vc_row-fluid vc_column-gap-35\"><div class=\"wpb_column vc_column_container vc_col-sm-8\"><div class=\"vc_column-inner\"><div class=\"wpb_wrapper\">\n\t<div class=\"wpb_text_column wpb_content_element\" >\n\t\t<div class=\"wpb_wrapper\">\n\t\t\t<p style=\"text-align: justify;\">Chez Metalister\u00eda Barcel\u00f3, nous sommes ravis de vous offrir les meilleures solutions. Si vous voulez les meilleurs experts en installation d&#039;un <strong>garde-corps de terrasse<\/strong>, n&#039;attendez plus et remettez-vous entre nos mains au plus vite. Nous serons heureux de vous aider avec tout ce dont vous avez besoin de mani\u00e8re professionnelle.<\/p>\n<p style=\"text-align: justify;\">Forts de plusieurs ann\u00e9es d&#039;exp\u00e9rience dans ce domaine, nous pouvons vous apporter tous types de solutions pour votre habitation, votre commerce ou votre \u00e9tablissement. Vous trouverez donc un large choix de garde-corps pour votre maison. Un inventaire de produits de haute qualit\u00e9 qui r\u00e9pondent \u00e0 toutes vos attentes. Nous disposons d\u2019une \u00e9quipe hautement qualifi\u00e9e poss\u00e9dant l\u2019exp\u00e9rience n\u00e9cessaire pour r\u00e9aliser ce type de travaux. Notre service sera donc professionnel et surtout personnel. Nous vous aiderons avec tout ce dont vous avez besoin et vous guiderons \u00e0 travers les meilleures options disponibles pour votre cas particulier. Pourquoi ne pas faire confiance \u00e0 une entreprise leader pour installer un <strong>garde-corps de terrasse<\/strong>?<\/p>\n<p style=\"text-align: justify;\">En nous contactant, vous b\u00e9n\u00e9ficiez d&#039;un <strong>garde-corps de terrasse<\/strong> \u00e0 base d&#039;acier inoxydable, ce qui permet d&#039;avoir une enceinte s\u00fbre et esth\u00e9tique. De plus, vous aurez l&#039;opportunit\u00e9 de disposer d&#039;un espace o\u00f9 vous pourrez observer le paysage en toute s\u00e9curit\u00e9, ainsi que de renforcer votre structure gr\u00e2ce \u00e0 sa r\u00e9sistance et sa durabilit\u00e9, ainsi que l&#039;esth\u00e9tique du b\u00e2timent, ce qui le rendra b\u00e9n\u00e9fique pour tous les types. de logements... Menuiserie m\u00e9tallique Barcel\u00f3 produit des garde-corps et des profil\u00e9s en acier inoxydable. Nous prenons soin des petits d\u00e9tails et vous offrons la meilleure qualit\u00e9 dans les r\u00e9sultats de notre travail. Nous fabriquons nos produits dans des conceptions et des formes simples pour nous adapter aux besoins, aux go\u00fbts et aux pr\u00e9f\u00e9rences de nos clients.<\/p>\n\n\t\t<\/div>\n\t<\/div>\n\n\t<div  class=\"wpb_single_image wpb_content_element vc_align_left\">\n\t\t\n\t\t<figure class=\"wpb_wrapper vc_figure\">\n\t\t\t<div class=\"vc_single_image-wrapper   vc_box_border_grey\"><img decoding=\"async\" width=\"1039\" height=\"776\" src=\"https:\/\/metal-barcelo.com\/wp-content\/uploads\/2022\/06\/3.jpg\" class=\"vc_single_image-img attachment-full\" alt=\"estructuras metalicas\" srcset=\"https:\/\/metal-barcelo.com\/wp-content\/uploads\/2022\/06\/3.jpg 1039w, https:\/\/metal-barcelo.com\/wp-content\/uploads\/2022\/06\/3-300x224.jpg 300w, https:\/\/metal-barcelo.com\/wp-content\/uploads\/2022\/06\/3-1024x765.jpg 1024w, https:\/\/metal-barcelo.com\/wp-content\/uploads\/2022\/06\/3-768x574.jpg 768w\" sizes=\"(max-width: 1039px) 100vw, 1039px\" \/><\/div>\n\t\t<\/figure>\n\t<\/div>\n<div class=\"vc_row wpb_row vc_inner vc_row-fluid\"><div class=\"wpb_column vc_column_container vc_col-sm-4\"><div class=\"vc_column-inner\"><div class=\"wpb_wrapper\"><\/div><\/div><\/div><div class=\"wpb_column vc_column_container vc_col-sm-4\"><div class=\"vc_column-inner\"><div class=\"wpb_wrapper\"><a\thref=\"https:\/\/metal-barcelo.com\/fr\/productos\/estructuras-metalicas\/#form\" \n\t\t\t\tclass=\"button btn_medium btn_theme_color btn_rounded btn_normal_style\"  target='_self'><span>CONTACTEZ-NOUS<\/span><\/a><\/div><\/div><\/div><div class=\"wpb_column vc_column_container vc_col-sm-4\"><div class=\"vc_column-inner\"><div class=\"wpb_wrapper\"><\/div><\/div><\/div><\/div>\n\t<div class=\"wpb_text_column wpb_content_element\" >\n\t\t<div class=\"wpb_wrapper\">\n\t\t\t<p style=\"text-align: justify;\">Chez Metalisteria Barcel\u00f3, en tant qu&#039;entreprise de r\u00e9f\u00e9rence dans le secteur de la menuiserie m\u00e9tallique, nous souhaitons vous aider avec tout ce dont vous avez besoin. Nous interviendrons professionnellement depuis votre domicile, votre entreprise, votre entreprise ou votre bureau et nous le ferons toujours en suivant vos instructions ou souhaits. Ce n\u2019est pas pour rien que votre enti\u00e8re satisfaction est l\u2019un de nos objectifs les plus importants.<\/p>\n<p style=\"text-align: justify;\">Nous proposons une large gamme de garde-corps pour les espaces ext\u00e9rieurs, tels que les balcons ou terrasses et l&#039;int\u00e9rieur, et pour toute structure m\u00e9tallique, comme l&#039;aluminium, le fer, l&#039;acier inoxydable et les b\u00e2timents modulaires. Quelle option vous convainc le plus ? Si vous avez des questions, nous les r\u00e9soudrons professionnellement et personnellement. Nous voulons que vous vous sentiez \u00e0 l&#039;aise avec nous et nous nous effor\u00e7ons d&#039;y parvenir.<\/p>\n<p style=\"text-align: justify;\">Si vous recherchez un <strong>garde-corps de terrasse<\/strong>, n&#039;h\u00e9sitez pas \u00e0 contacter Metalisteria Barcel\u00f3 en nous envoyant un email \u00e0 info@metal-barcelo.com et nos professionnels vous conseilleront sur la meilleure balustrade pour vous. Notre vaste exp\u00e9rience dans l\u2019industrie sid\u00e9rurgique nous permet de vous proposer la meilleure solution. Que vous recherchiez un garde-corps en acier ou d&#039;autres services, nous sommes pr\u00eats \u00e0 vous fournir ce dont vous avez besoin.<\/p>\n\n\t\t<\/div>\n\t<\/div>\n<\/div><\/div><\/div><div class=\"wpb_column vc_column_container vc_col-sm-4\"><div class=\"vc_column-inner\"><div class=\"wpb_wrapper\">\n\t<div class=\"wpb_text_column wpb_content_element\" >\n\t\t<div class=\"wpb_wrapper\">\n\t\t\t<h3 style=\"text-align: center;\">Contacter pour plus d&#039;informations<\/h3>\n<hr \/>\n\n\t\t<\/div>\n\t<\/div>\n<div role=\"form\" class=\"wpcf7\" id=\"wpcf7-f40-o1\" lang=\"es-ES\" dir=\"ltr\">\n<div class=\"screen-reader-response\"><p role=\"status\" aria-live=\"polite\" aria-atomic=\"true\"><\/p> <ul><\/ul><\/div>\n<form action=\"\/fr\/wp-json\/wp\/v2\/pages\/457#wpcf7-f40-o1\" method=\"post\" class=\"wpcf7-form init\" novalidate=\"novalidate\" data-status=\"init\" data-trp-original-action=\"\/fr\/wp-json\/wp\/v2\/pages\/457#wpcf7-f40-o1\">\n<div style=\"display: none;\">\n<input type=\"hidden\" name=\"_wpcf7\" value=\"40\" \/>\n<input type=\"hidden\" name=\"_wpcf7_version\" value=\"5.5.6.1\" \/>\n<input type=\"hidden\" name=\"_wpcf7_locale\" value=\"es_ES\" \/>\n<input type=\"hidden\" name=\"_wpcf7_unit_tag\" value=\"wpcf7-f40-o1\" \/>\n<input type=\"hidden\" name=\"_wpcf7_container_post\" value=\"0\" \/>\n<input type=\"hidden\" name=\"_wpcf7_posted_data_hash\" value=\"\" \/>\n<input type=\"hidden\" name=\"_wpcf7_recaptcha_response\" value=\"\" \/>\n<\/div>\n<p><label> ton nom<br \/>\n    <span class=\"wpcf7-form-control-wrap your-name\"><input type=\"text\" name=\"your-name\" value=\"\" size=\"40\" class=\"wpcf7-form-control wpcf7-text wpcf7-validates-as-required\" aria-required=\"true\" aria-invalid=\"false\" \/><\/span> <\/label><\/p>\n<p><label> Votre email<br \/>\n    <span class=\"wpcf7-form-control-wrap your-email\"><input type=\"email\" name=\"your-email\" value=\"\" size=\"40\" class=\"wpcf7-form-control wpcf7-text wpcf7-email wpcf7-validates-as-required wpcf7-validates-as-email\" aria-required=\"true\" aria-invalid=\"false\" \/><\/span> <\/label><\/p>\n<p><label> T\u00e9l\u00e9phone<br \/>\n    <span class=\"wpcf7-form-control-wrap phone\"><input type=\"text\" name=\"phone\" value=\"\" size=\"40\" class=\"wpcf7-form-control wpcf7-text wpcf7-validates-as-required\" aria-required=\"true\" aria-invalid=\"false\" \/><\/span> <\/label><\/p>\n<p><label> Code postal<br \/>\n    <span class=\"wpcf7-form-control-wrap your-subject\"><input type=\"text\" name=\"your-subject\" value=\"\" size=\"40\" class=\"wpcf7-form-control wpcf7-text\" aria-invalid=\"false\" \/><\/span> <\/label><\/p>\n<p><label> Votre message (facultatif)<br \/>\n    <span class=\"wpcf7-form-control-wrap your-message\"><textarea name=\"your-message\" cols=\"40\" rows=\"2\" class=\"wpcf7-form-control wpcf7-textarea\" aria-invalid=\"false\"><\/textarea><\/span> <\/label><\/p>\n<p><span class=\"wpcf7-form-control-wrap Enviodedatos\"><span class=\"wpcf7-form-control wpcf7-acceptance optional\"><span class=\"wpcf7-list-item\"><label><input type=\"checkbox\" name=\"Enviodedatos\" value=\"1\" aria-invalid=\"false\" \/><span class=\"wpcf7-list-item-label\">Acceptez-vous l&#039;envoi de donn\u00e9es ?<\/span><\/label><\/span><\/span><\/span><\/p>\n<p><span class=\"wpcf7-form-control-wrap Enviodedatos\"><span class=\"wpcf7-form-control wpcf7-acceptance\"><span class=\"wpcf7-list-item\"><label><input type=\"checkbox\" name=\"Enviodedatos\" value=\"1\" aria-invalid=\"false\" \/><span class=\"wpcf7-list-item-label\">Acceptez-vous le <a href=\"https:\/\/metal-barcelo.com\/fr\/politica-de-privacidad\/\"><strong>politique de confidentialit\u00e9<\/strong><\/a>?<\/span><\/label><\/span><\/span><\/span><\/p>\n<span class=\"wpcf7-form-control-wrap recaptcha\" data-name=\"recaptcha\"><span data-sitekey=\"6LeSSp4hAAAAAPZ7xH2THd-p214fTTffD9wFlOhH\" class=\"wpcf7-form-control g-recaptcha wpcf7-recaptcha\"><\/span>\r\n<noscript>\r\n\t<div class=\"grecaptcha-noscript\">\r\n\t\t<iframe loading=\"lazy\" src=\"https:\/\/www.google.com\/recaptcha\/api\/fallback?k=6LeSSp4hAAAAAPZ7xH2THd-p214fTTffD9wFlOhH\" frameborder=\"0\" scrolling=\"no\" width=\"310\" height=\"430\">\r\n\t\t<\/iframe>\r\n\t\t<textarea name=\"g-recaptcha-response\" rows=\"3\" cols=\"40\" placeholder=\"R\u00e9ponse reCaptcha ici\">\r\n\t\t<\/textarea>\r\n\t<\/div>\r\n<\/noscript>\r\n<\/span>\n<p><input type=\"submit\" value=\"Envoyer\" class=\"wpcf7-form-control has-spinner wpcf7-submit\" \/><\/p>\n<div class=\"wpcf7-response-output\" aria-hidden=\"true\"><\/div><input type=\"hidden\" name=\"trp-form-language\" value=\"fr\"\/><\/form><\/div><\/div><\/div><\/div><\/div>","protected":false},"excerpt":{"rendered":"Chez Metalister\u00eda Barcel\u00f3, nous sommes ravis de vous offrir les meilleures solutions. Si vous souhaitez faire appel aux meilleurs experts en installation de garde-corps pour terrasse, n&#039;attendez plus et mettez-vous entre nos mains au plus vite. Nous serons heureux de vous aider avec tout ce dont vous avez besoin de mani\u00e8re professionnelle. Avec une exp\u00e9rience de plusieurs ann\u00e9es dans ce domaine, nous pouvons tout vous fournir<div class=\"h10\"><\/div><a class=\"more-link1\" href=\"https:\/\/metal-barcelo.com\/fr\/barandilla-terraza\/\">En savoir plus<\/a>","protected":false},"author":1,"featured_media":0,"parent":0,"menu_order":0,"comment_status":"closed","ping_status":"closed","template":"","meta":{"footnotes":""},"class_list":["post-457","page","type-page","status-publish","hentry"],"yoast_head":"<!-- This site is optimized with the Yoast SEO plugin v19.8 - https:\/\/yoast.com\/wordpress\/plugins\/seo\/ -->\n<title>Fabricante barandilla terraza - Metal Barcel\u00f3<\/title>\n<meta name=\"description\" content=\"Fabricante barandilla de terraza para tu hogar de alta calidad para la seguridad de los tuyos y con un gran dise\u00f1o gracias a Metal Barcel\u00f3.\" \/>\n<meta name=\"robots\" content=\"index, follow, max-snippet:-1, max-image-preview:large, max-video-preview:-1\" \/>\n<link rel=\"canonical\" href=\"https:\/\/metal-barcelo.com\/fr\/barandilla-terraza\/\" \/>\n<meta property=\"og:locale\" content=\"fr_FR\" \/>\n<meta property=\"og:type\" content=\"article\" \/>\n<meta property=\"og:title\" content=\"Fabricante barandilla terraza - Metal Barcel\u00f3\" \/>\n<meta property=\"og:description\" content=\"Fabricante barandilla de terraza para tu hogar de alta calidad para la seguridad de los tuyos y con un gran dise\u00f1o gracias a Metal Barcel\u00f3.\" \/>\n<meta property=\"og:url\" content=\"https:\/\/metal-barcelo.com\/fr\/barandilla-terraza\/\" \/>\n<meta property=\"og:site_name\" content=\"Metalister\u00eda Barcel\u00f3\" \/>\n<meta property=\"article:modified_time\" content=\"2024-01-16T10:30:19+00:00\" \/>\n<meta name=\"twitter:card\" content=\"summary_large_image\" \/>\n<meta name=\"twitter:label1\" content=\"Dur\u00e9e de lecture estim\u00e9e\" \/>\n\t<meta name=\"twitter:data1\" content=\"3 minutes\" \/>\n<script type=\"application\/ld+json\" class=\"yoast-schema-graph\">{\"@context\":\"https:\/\/schema.org\",\"@graph\":[{\"@type\":\"WebPage\",\"@id\":\"https:\/\/metal-barcelo.com\/barandilla-terraza\/\",\"url\":\"https:\/\/metal-barcelo.com\/barandilla-terraza\/\",\"name\":\"Fabricante barandilla terraza - Metal Barcel\u00f3\",\"isPartOf\":{\"@id\":\"https:\/\/metal-barcelo.com\/#website\"},\"datePublished\":\"2022-08-29T11:19:51+00:00\",\"dateModified\":\"2024-01-16T10:30:19+00:00\",\"description\":\"Fabricante barandilla de terraza para tu hogar de alta calidad para la seguridad de los tuyos y con un gran dise\u00f1o gracias a Metal Barcel\u00f3.\",\"breadcrumb\":{\"@id\":\"https:\/\/metal-barcelo.com\/barandilla-terraza\/#breadcrumb\"},\"inLanguage\":\"fr-FR\",\"potentialAction\":[{\"@type\":\"ReadAction\",\"target\":[\"https:\/\/metal-barcelo.com\/barandilla-terraza\/\"]}]},{\"@type\":\"BreadcrumbList\",\"@id\":\"https:\/\/metal-barcelo.com\/barandilla-terraza\/#breadcrumb\",\"itemListElement\":[{\"@type\":\"ListItem\",\"position\":1,\"name\":\"Portada\",\"item\":\"https:\/\/metal-barcelo.com\/\"},{\"@type\":\"ListItem\",\"position\":2,\"name\":\"Barandilla terraza\"}]},{\"@type\":\"WebSite\",\"@id\":\"https:\/\/metal-barcelo.com\/#website\",\"url\":\"https:\/\/metal-barcelo.com\/\",\"name\":\"Metalister\u00eda Barcel\u00f3\",\"description\":\"Dise\u00f1o, fabricaci\u00f3n y montaje de estructuras met\u00e1licas\",\"potentialAction\":[{\"@type\":\"SearchAction\",\"target\":{\"@type\":\"EntryPoint\",\"urlTemplate\":\"https:\/\/metal-barcelo.com\/?s={search_term_string}\"},\"query-input\":\"required name=search_term_string\"}],\"inLanguage\":\"fr-FR\"}]}<\/script>\n<!-- \/ Yoast SEO plugin. -->","yoast_head_json":{"title":"Fabricante barandilla terraza - Metal Barcel\u00f3","description":"Fabricante barandilla de terraza para tu hogar de alta calidad para la seguridad de los tuyos y con un gran dise\u00f1o gracias a Metal Barcel\u00f3.","robots":{"index":"index","follow":"follow","max-snippet":"max-snippet:-1","max-image-preview":"max-image-preview:large","max-video-preview":"max-video-preview:-1"},"canonical":"https:\/\/metal-barcelo.com\/fr\/barandilla-terraza\/","og_locale":"fr_FR","og_type":"article","og_title":"Fabricante barandilla terraza - Metal Barcel\u00f3","og_description":"Fabricante barandilla de terraza para tu hogar de alta calidad para la seguridad de los tuyos y con un gran dise\u00f1o gracias a Metal Barcel\u00f3.","og_url":"https:\/\/metal-barcelo.com\/fr\/barandilla-terraza\/","og_site_name":"Metalister\u00eda Barcel\u00f3","article_modified_time":"2024-01-16T10:30:19+00:00","twitter_card":"summary_large_image","twitter_misc":{"Dur\u00e9e de lecture estim\u00e9e":"3 minutes"},"schema":{"@context":"https:\/\/schema.org","@graph":[{"@type":"WebPage","@id":"https:\/\/metal-barcelo.com\/barandilla-terraza\/","url":"https:\/\/metal-barcelo.com\/barandilla-terraza\/","name":"Fabricante barandilla terraza - Metal Barcel\u00f3","isPartOf":{"@id":"https:\/\/metal-barcelo.com\/#website"},"datePublished":"2022-08-29T11:19:51+00:00","dateModified":"2024-01-16T10:30:19+00:00","description":"Fabricante barandilla de terraza para tu hogar de alta calidad para la seguridad de los tuyos y con un gran dise\u00f1o gracias a Metal Barcel\u00f3.","breadcrumb":{"@id":"https:\/\/metal-barcelo.com\/barandilla-terraza\/#breadcrumb"},"inLanguage":"fr-FR","potentialAction":[{"@type":"ReadAction","target":["https:\/\/metal-barcelo.com\/barandilla-terraza\/"]}]},{"@type":"BreadcrumbList","@id":"https:\/\/metal-barcelo.com\/barandilla-terraza\/#breadcrumb","itemListElement":[{"@type":"ListItem","position":1,"name":"Portada","item":"https:\/\/metal-barcelo.com\/"},{"@type":"ListItem","position":2,"name":"Barandilla terraza"}]},{"@type":"WebSite","@id":"https:\/\/metal-barcelo.com\/#website","url":"https:\/\/metal-barcelo.com\/","name":"Metalister\u00eda Barcel\u00f3","description":"Dise\u00f1o, fabricaci\u00f3n y montaje de estructuras met\u00e1licas","potentialAction":[{"@type":"SearchAction","target":{"@type":"EntryPoint","urlTemplate":"https:\/\/metal-barcelo.com\/?s={search_term_string}"},"query-input":"required name=search_term_string"}],"inLanguage":"fr-FR"}]}},"_links":{"self":[{"href":"https:\/\/metal-barcelo.com\/fr\/wp-json\/wp\/v2\/pages\/457","targetHints":{"allow":["GET"]}}],"collection":[{"href":"https:\/\/metal-barcelo.com\/fr\/wp-json\/wp\/v2\/pages"}],"about":[{"href":"https:\/\/metal-barcelo.com\/fr\/wp-json\/wp\/v2\/types\/page"}],"author":[{"embeddable":true,"href":"https:\/\/metal-barcelo.com\/fr\/wp-json\/wp\/v2\/users\/1"}],"replies":[{"embeddable":true,"href":"https:\/\/metal-barcelo.com\/fr\/wp-json\/wp\/v2\/comments?post=457"}],"version-history":[{"count":0,"href":"https:\/\/metal-barcelo.com\/fr\/wp-json\/wp\/v2\/pages\/457\/revisions"}],"wp:attachment":[{"href":"https:\/\/metal-barcelo.com\/fr\/wp-json\/wp\/v2\/media?parent=457"}],"curies":[{"name":"wp","href":"https:\/\/api.w.org\/{rel}","templated":true}]}}