{"id":452,"date":"2022-08-24T09:32:52","date_gmt":"2022-08-24T09:32:52","guid":{"rendered":"https:\/\/metal-barcelo.com\/?page_id=452"},"modified":"2024-01-16T10:17:15","modified_gmt":"2024-01-16T10:17:15","slug":"barandilla-balcon","status":"publish","type":"page","link":"https:\/\/metal-barcelo.com\/fr\/barandilla-balcon\/","title":{"rendered":"balustrade de balcon"},"content":{"rendered":"<div class=\"vc_row wpb_row vc_row-fluid vc_column-gap-35\"><div class=\"wpb_column vc_column_container vc_col-sm-8\"><div class=\"vc_column-inner\"><div class=\"wpb_wrapper\">\n\t<div class=\"wpb_text_column wpb_content_element\" >\n\t\t<div class=\"wpb_wrapper\">\n\t\t\t<p style=\"text-align: justify;\">Il est de plus en plus courant que nous consid\u00e9rions les balustrades de balcon comme un \u00e9l\u00e9ment qui nous apporte la protection dont nous avons besoin pour pouvoir vivre sereinement et sans crainte.<\/p>\n<p style=\"text-align: justify;\">En effet, ces accessoires en acier inoxydable nous offrent non seulement une meilleure protection de l\u2019ext\u00e9rieur, mais sont \u00e9galement esth\u00e9tiques et donnent \u00e0 la maison un aspect moderne de l\u2019ext\u00e9rieur. Par contre, on peut trouver de nombreuses possibilit\u00e9s d\u2019installation et de conception.<\/p>\n<p style=\"text-align: justify;\">De cette mani\u00e8re, ces structures se pr\u00e9sentent comme une alternative id\u00e9ale aux cl\u00f4tures. En fait, gr\u00e2ce \u00e0 un <strong>balustrade de balcon<\/strong> Des entreprises comme nous peuvent r\u00e9aliser diff\u00e9rents m\u00e9canismes et conceptions pour renforcer la toiture, c&#039;est pourquoi les gens font confiance \u00e0 Metalisteria Barcel\u00f3 pour concevoir ces \u00e9l\u00e9ments de mani\u00e8re appropri\u00e9e.<\/p>\n<p style=\"text-align: justify;\">Maintenant, comment fermer son balcon ? Eh bien, c&#039;est si simple de nous contacter pour commander le mod\u00e8le. <strong>balustrade de balcon<\/strong> qui correspond le mieux \u00e0 vos besoins. De plus, l\u2019une des conceptions les plus esth\u00e9tiques est la configuration de ces structures verticalement et avec la m\u00eame s\u00e9paration, cr\u00e9ant ainsi une image unifi\u00e9e. De plus, cette conception peut \u00eatre disponible dans des couleurs vives ou de la m\u00eame couleur que le mur ou la fen\u00eatre. Alternativement, ces mains courantes ont une finition de couleur plomb pour plus de durabilit\u00e9 et de s\u00e9curit\u00e9.<\/p>\n\n\t\t<\/div>\n\t<\/div>\n\n\t<div  class=\"wpb_single_image wpb_content_element vc_align_left\">\n\t\t\n\t\t<figure class=\"wpb_wrapper vc_figure\">\n\t\t\t<div class=\"vc_single_image-wrapper   vc_box_border_grey\"><img decoding=\"async\" width=\"1039\" height=\"776\" src=\"https:\/\/metal-barcelo.com\/wp-content\/uploads\/2022\/06\/3.jpg\" class=\"vc_single_image-img attachment-full\" alt=\"estructuras metalicas\" srcset=\"https:\/\/metal-barcelo.com\/wp-content\/uploads\/2022\/06\/3.jpg 1039w, https:\/\/metal-barcelo.com\/wp-content\/uploads\/2022\/06\/3-300x224.jpg 300w, https:\/\/metal-barcelo.com\/wp-content\/uploads\/2022\/06\/3-1024x765.jpg 1024w, https:\/\/metal-barcelo.com\/wp-content\/uploads\/2022\/06\/3-768x574.jpg 768w\" sizes=\"(max-width: 1039px) 100vw, 1039px\" \/><\/div>\n\t\t<\/figure>\n\t<\/div>\n<div class=\"vc_row wpb_row vc_inner vc_row-fluid\"><div class=\"wpb_column vc_column_container vc_col-sm-4\"><div class=\"vc_column-inner\"><div class=\"wpb_wrapper\"><\/div><\/div><\/div><div class=\"wpb_column vc_column_container vc_col-sm-4\"><div class=\"vc_column-inner\"><div class=\"wpb_wrapper\"><a\thref=\"https:\/\/metal-barcelo.com\/fr\/productos\/estructuras-metalicas\/#form\" \n\t\t\t\tclass=\"button btn_large btn_theme_color btn_rounded btn_normal_style\"  target='_self'><span>CONTACTEZ-NOUS<\/span><\/a><\/div><\/div><\/div><div class=\"wpb_column vc_column_container vc_col-sm-4\"><div class=\"vc_column-inner\"><div class=\"wpb_wrapper\"><\/div><\/div><\/div><\/div>\n\t<div class=\"wpb_text_column wpb_content_element\" >\n\t\t<div class=\"wpb_wrapper\">\n\t\t\t<p style=\"text-align: justify;\">En nous contactant vous disposerez d&#039;un balcon soutenu par des ferrures en inox, ce qui vous permettra d&#039;avoir un enclos s\u00e9curitaire et beau. De plus, vous disposerez d&#039;une zone depuis laquelle vous pourrez voir les vues en toute s\u00e9curit\u00e9 et cela renforcera \u00e9galement sa structure gr\u00e2ce \u00e0 sa r\u00e9sistance et sa durabilit\u00e9, ainsi que les caract\u00e9ristiques esth\u00e9tiques du b\u00e2timent, ce qui le rendra rentable pour tous les types d&#039;habitations. .. Chez Barcel\u00f3 Metalwork, nous nous engageons \u00e0 fabriquer des mains courantes en acier inoxydable de haute qualit\u00e9, des accessoires de main courante et des profil\u00e9s en acier inoxydable. Nous prenons soin de chaque d\u00e9tail et vous fournissons la meilleure qualit\u00e9 dans tous nos travaux. Nous fabriquons nos produits avec des designs et des formes simples qui s&#039;adaptent aux besoins, aux go\u00fbts et aux d\u00e9sirs de nos clients.<\/p>\n<p style=\"text-align: justify;\">En conclusion, le <strong>balustrade de balcon<\/strong> est ad\u00e9quat et g\u00e9n\u00e8re donc une meilleure protection.<\/p>\n<p style=\"text-align: justify;\">Si vous cherchez un b<strong>laveuse de balcon<\/strong>, n&#039;h\u00e9sitez pas \u00e0 contacter Metalisteria Barcel\u00f3 via notre email <a href=\"mailto:info@metal-barcelo.com\">info@metal-barcelo.com<\/a>D\u00e8s ce moment, nos professionnels vous conseilleront sur le garde-corps qui vous conviendra le mieux. Nous poss\u00e9dons une vaste exp\u00e9rience dans l\u2019industrie sid\u00e9rurgique, ce qui nous permet de vous proposer les meilleures solutions. Que vous recherchiez des garde-corps en acier ou un autre type de service, nous serons pr\u00eats \u00e0 vous fournir exactement ce dont vous avez besoin.<\/p>\n\n\t\t<\/div>\n\t<\/div>\n<\/div><\/div><\/div><div class=\"wpb_column vc_column_container vc_col-sm-4\"><div class=\"vc_column-inner\"><div class=\"wpb_wrapper\">\n\t<div class=\"wpb_text_column wpb_content_element\" >\n\t\t<div class=\"wpb_wrapper\">\n\t\t\t<h3 style=\"text-align: center;\">Contacter pour plus d&#039;informations<\/h3>\n<hr \/>\n\n\t\t<\/div>\n\t<\/div>\n<div role=\"form\" class=\"wpcf7\" id=\"wpcf7-f40-o1\" lang=\"es-ES\" dir=\"ltr\">\n<div class=\"screen-reader-response\"><p role=\"status\" aria-live=\"polite\" aria-atomic=\"true\"><\/p> <ul><\/ul><\/div>\n<form action=\"\/fr\/wp-json\/wp\/v2\/pages\/452#wpcf7-f40-o1\" method=\"post\" class=\"wpcf7-form init\" novalidate=\"novalidate\" data-status=\"init\" data-trp-original-action=\"\/fr\/wp-json\/wp\/v2\/pages\/452#wpcf7-f40-o1\">\n<div style=\"display: none;\">\n<input type=\"hidden\" name=\"_wpcf7\" value=\"40\" \/>\n<input type=\"hidden\" name=\"_wpcf7_version\" value=\"5.5.6.1\" \/>\n<input type=\"hidden\" name=\"_wpcf7_locale\" value=\"es_ES\" \/>\n<input type=\"hidden\" name=\"_wpcf7_unit_tag\" value=\"wpcf7-f40-o1\" \/>\n<input type=\"hidden\" name=\"_wpcf7_container_post\" value=\"0\" \/>\n<input type=\"hidden\" name=\"_wpcf7_posted_data_hash\" value=\"\" \/>\n<input type=\"hidden\" name=\"_wpcf7_recaptcha_response\" value=\"\" \/>\n<\/div>\n<p><label> ton nom<br \/>\n    <span class=\"wpcf7-form-control-wrap your-name\"><input type=\"text\" name=\"your-name\" value=\"\" size=\"40\" class=\"wpcf7-form-control wpcf7-text wpcf7-validates-as-required\" aria-required=\"true\" aria-invalid=\"false\" \/><\/span> <\/label><\/p>\n<p><label> Votre email<br \/>\n    <span class=\"wpcf7-form-control-wrap your-email\"><input type=\"email\" name=\"your-email\" value=\"\" size=\"40\" class=\"wpcf7-form-control wpcf7-text wpcf7-email wpcf7-validates-as-required wpcf7-validates-as-email\" aria-required=\"true\" aria-invalid=\"false\" \/><\/span> <\/label><\/p>\n<p><label> T\u00e9l\u00e9phone<br \/>\n    <span class=\"wpcf7-form-control-wrap phone\"><input type=\"text\" name=\"phone\" value=\"\" size=\"40\" class=\"wpcf7-form-control wpcf7-text wpcf7-validates-as-required\" aria-required=\"true\" aria-invalid=\"false\" \/><\/span> <\/label><\/p>\n<p><label> Code postal<br \/>\n    <span class=\"wpcf7-form-control-wrap your-subject\"><input type=\"text\" name=\"your-subject\" value=\"\" size=\"40\" class=\"wpcf7-form-control wpcf7-text\" aria-invalid=\"false\" \/><\/span> <\/label><\/p>\n<p><label> Votre message (facultatif)<br \/>\n    <span class=\"wpcf7-form-control-wrap your-message\"><textarea name=\"your-message\" cols=\"40\" rows=\"2\" class=\"wpcf7-form-control wpcf7-textarea\" aria-invalid=\"false\"><\/textarea><\/span> <\/label><\/p>\n<p><span class=\"wpcf7-form-control-wrap Enviodedatos\"><span class=\"wpcf7-form-control wpcf7-acceptance optional\"><span class=\"wpcf7-list-item\"><label><input type=\"checkbox\" name=\"Enviodedatos\" value=\"1\" aria-invalid=\"false\" \/><span class=\"wpcf7-list-item-label\">Acceptez-vous l&#039;envoi de donn\u00e9es ?<\/span><\/label><\/span><\/span><\/span><\/p>\n<p><span class=\"wpcf7-form-control-wrap Enviodedatos\"><span class=\"wpcf7-form-control wpcf7-acceptance\"><span class=\"wpcf7-list-item\"><label><input type=\"checkbox\" name=\"Enviodedatos\" value=\"1\" aria-invalid=\"false\" \/><span class=\"wpcf7-list-item-label\">Acceptez-vous le <a href=\"https:\/\/metal-barcelo.com\/fr\/politica-de-privacidad\/\"><strong>politique de confidentialit\u00e9<\/strong><\/a>?<\/span><\/label><\/span><\/span><\/span><\/p>\n<span class=\"wpcf7-form-control-wrap recaptcha\" data-name=\"recaptcha\"><span data-sitekey=\"6LeSSp4hAAAAAPZ7xH2THd-p214fTTffD9wFlOhH\" class=\"wpcf7-form-control g-recaptcha wpcf7-recaptcha\"><\/span>\r\n<noscript>\r\n\t<div class=\"grecaptcha-noscript\">\r\n\t\t<iframe loading=\"lazy\" src=\"https:\/\/www.google.com\/recaptcha\/api\/fallback?k=6LeSSp4hAAAAAPZ7xH2THd-p214fTTffD9wFlOhH\" frameborder=\"0\" scrolling=\"no\" width=\"310\" height=\"430\">\r\n\t\t<\/iframe>\r\n\t\t<textarea name=\"g-recaptcha-response\" rows=\"3\" cols=\"40\" placeholder=\"R\u00e9ponse reCaptcha ici\">\r\n\t\t<\/textarea>\r\n\t<\/div>\r\n<\/noscript>\r\n<\/span>\n<p><input type=\"submit\" value=\"Envoyer\" class=\"wpcf7-form-control has-spinner wpcf7-submit\" \/><\/p>\n<div class=\"wpcf7-response-output\" aria-hidden=\"true\"><\/div><input type=\"hidden\" name=\"trp-form-language\" value=\"fr\"\/><\/form><\/div><\/div><\/div><\/div><\/div><div class=\"vc_row wpb_row vc_row-fluid\"><div class=\"wpb_column vc_column_container vc_col-sm-12\"><div class=\"vc_column-inner\"><div class=\"wpb_wrapper\"><\/div><\/div><\/div><\/div>","protected":false},"excerpt":{"rendered":"Il est de plus en plus courant que nous consid\u00e9rions les balustrades de balcon comme un \u00e9l\u00e9ment qui nous apporte la protection dont nous avons besoin pour pouvoir vivre sereinement et sans crainte. En effet, ces accessoires en acier inoxydable nous offrent non seulement une meilleure protection de l\u2019ext\u00e9rieur, mais sont \u00e9galement esth\u00e9tiques et donnent du cachet \u00e0 la maison.<div class=\"h10\"><\/div><a class=\"more-link1\" href=\"https:\/\/metal-barcelo.com\/fr\/barandilla-balcon\/\">En savoir plus<\/a>","protected":false},"author":1,"featured_media":0,"parent":0,"menu_order":0,"comment_status":"closed","ping_status":"closed","template":"","meta":{"footnotes":""},"class_list":["post-452","page","type-page","status-publish","hentry"],"yoast_head":"<!-- This site is optimized with the Yoast SEO plugin v19.8 - https:\/\/yoast.com\/wordpress\/plugins\/seo\/ -->\n<title>Fabricante barandillas balc\u00f3n - Metal Barcel\u00f3<\/title>\n<meta name=\"description\" content=\"Fabricante y montaje de barandillas de metal a medida, para el confort y seguridad de tu hogar gracias a la empresa Metal Barcel\u00f3.\" \/>\n<meta name=\"robots\" content=\"index, follow, max-snippet:-1, max-image-preview:large, max-video-preview:-1\" \/>\n<link rel=\"canonical\" href=\"https:\/\/metal-barcelo.com\/fr\/barandilla-balcon\/\" \/>\n<meta property=\"og:locale\" content=\"fr_FR\" \/>\n<meta property=\"og:type\" content=\"article\" \/>\n<meta property=\"og:title\" content=\"Fabricante barandillas balc\u00f3n - Metal Barcel\u00f3\" \/>\n<meta property=\"og:description\" content=\"Fabricante y montaje de barandillas de metal a medida, para el confort y seguridad de tu hogar gracias a la empresa Metal Barcel\u00f3.\" \/>\n<meta property=\"og:url\" content=\"https:\/\/metal-barcelo.com\/fr\/barandilla-balcon\/\" \/>\n<meta property=\"og:site_name\" content=\"Metalister\u00eda Barcel\u00f3\" \/>\n<meta property=\"article:modified_time\" content=\"2024-01-16T10:17:15+00:00\" \/>\n<meta name=\"twitter:card\" content=\"summary_large_image\" \/>\n<meta name=\"twitter:label1\" content=\"Dur\u00e9e de lecture estim\u00e9e\" \/>\n\t<meta name=\"twitter:data1\" content=\"3 minutes\" \/>\n<script type=\"application\/ld+json\" class=\"yoast-schema-graph\">{\"@context\":\"https:\/\/schema.org\",\"@graph\":[{\"@type\":\"WebPage\",\"@id\":\"https:\/\/metal-barcelo.com\/barandilla-balcon\/\",\"url\":\"https:\/\/metal-barcelo.com\/barandilla-balcon\/\",\"name\":\"Fabricante barandillas balc\u00f3n - Metal Barcel\u00f3\",\"isPartOf\":{\"@id\":\"https:\/\/metal-barcelo.com\/#website\"},\"datePublished\":\"2022-08-24T09:32:52+00:00\",\"dateModified\":\"2024-01-16T10:17:15+00:00\",\"description\":\"Fabricante y montaje de barandillas de metal a medida, para el confort y seguridad de tu hogar gracias a la empresa Metal Barcel\u00f3.\",\"breadcrumb\":{\"@id\":\"https:\/\/metal-barcelo.com\/barandilla-balcon\/#breadcrumb\"},\"inLanguage\":\"fr-FR\",\"potentialAction\":[{\"@type\":\"ReadAction\",\"target\":[\"https:\/\/metal-barcelo.com\/barandilla-balcon\/\"]}]},{\"@type\":\"BreadcrumbList\",\"@id\":\"https:\/\/metal-barcelo.com\/barandilla-balcon\/#breadcrumb\",\"itemListElement\":[{\"@type\":\"ListItem\",\"position\":1,\"name\":\"Portada\",\"item\":\"https:\/\/metal-barcelo.com\/\"},{\"@type\":\"ListItem\",\"position\":2,\"name\":\"Barandilla balc\u00f3n\"}]},{\"@type\":\"WebSite\",\"@id\":\"https:\/\/metal-barcelo.com\/#website\",\"url\":\"https:\/\/metal-barcelo.com\/\",\"name\":\"Metalister\u00eda Barcel\u00f3\",\"description\":\"Dise\u00f1o, fabricaci\u00f3n y montaje de estructuras met\u00e1licas\",\"potentialAction\":[{\"@type\":\"SearchAction\",\"target\":{\"@type\":\"EntryPoint\",\"urlTemplate\":\"https:\/\/metal-barcelo.com\/?s={search_term_string}\"},\"query-input\":\"required name=search_term_string\"}],\"inLanguage\":\"fr-FR\"}]}<\/script>\n<!-- \/ Yoast SEO plugin. -->","yoast_head_json":{"title":"Fabricante barandillas balc\u00f3n - Metal Barcel\u00f3","description":"Fabricante y montaje de barandillas de metal a medida, para el confort y seguridad de tu hogar gracias a la empresa Metal Barcel\u00f3.","robots":{"index":"index","follow":"follow","max-snippet":"max-snippet:-1","max-image-preview":"max-image-preview:large","max-video-preview":"max-video-preview:-1"},"canonical":"https:\/\/metal-barcelo.com\/fr\/barandilla-balcon\/","og_locale":"fr_FR","og_type":"article","og_title":"Fabricante barandillas balc\u00f3n - Metal Barcel\u00f3","og_description":"Fabricante y montaje de barandillas de metal a medida, para el confort y seguridad de tu hogar gracias a la empresa Metal Barcel\u00f3.","og_url":"https:\/\/metal-barcelo.com\/fr\/barandilla-balcon\/","og_site_name":"Metalister\u00eda Barcel\u00f3","article_modified_time":"2024-01-16T10:17:15+00:00","twitter_card":"summary_large_image","twitter_misc":{"Dur\u00e9e de lecture estim\u00e9e":"3 minutes"},"schema":{"@context":"https:\/\/schema.org","@graph":[{"@type":"WebPage","@id":"https:\/\/metal-barcelo.com\/barandilla-balcon\/","url":"https:\/\/metal-barcelo.com\/barandilla-balcon\/","name":"Fabricante barandillas balc\u00f3n - Metal Barcel\u00f3","isPartOf":{"@id":"https:\/\/metal-barcelo.com\/#website"},"datePublished":"2022-08-24T09:32:52+00:00","dateModified":"2024-01-16T10:17:15+00:00","description":"Fabricante y montaje de barandillas de metal a medida, para el confort y seguridad de tu hogar gracias a la empresa Metal Barcel\u00f3.","breadcrumb":{"@id":"https:\/\/metal-barcelo.com\/barandilla-balcon\/#breadcrumb"},"inLanguage":"fr-FR","potentialAction":[{"@type":"ReadAction","target":["https:\/\/metal-barcelo.com\/barandilla-balcon\/"]}]},{"@type":"BreadcrumbList","@id":"https:\/\/metal-barcelo.com\/barandilla-balcon\/#breadcrumb","itemListElement":[{"@type":"ListItem","position":1,"name":"Portada","item":"https:\/\/metal-barcelo.com\/"},{"@type":"ListItem","position":2,"name":"Barandilla balc\u00f3n"}]},{"@type":"WebSite","@id":"https:\/\/metal-barcelo.com\/#website","url":"https:\/\/metal-barcelo.com\/","name":"Metalister\u00eda Barcel\u00f3","description":"Dise\u00f1o, fabricaci\u00f3n y montaje de estructuras met\u00e1licas","potentialAction":[{"@type":"SearchAction","target":{"@type":"EntryPoint","urlTemplate":"https:\/\/metal-barcelo.com\/?s={search_term_string}"},"query-input":"required name=search_term_string"}],"inLanguage":"fr-FR"}]}},"_links":{"self":[{"href":"https:\/\/metal-barcelo.com\/fr\/wp-json\/wp\/v2\/pages\/452","targetHints":{"allow":["GET"]}}],"collection":[{"href":"https:\/\/metal-barcelo.com\/fr\/wp-json\/wp\/v2\/pages"}],"about":[{"href":"https:\/\/metal-barcelo.com\/fr\/wp-json\/wp\/v2\/types\/page"}],"author":[{"embeddable":true,"href":"https:\/\/metal-barcelo.com\/fr\/wp-json\/wp\/v2\/users\/1"}],"replies":[{"embeddable":true,"href":"https:\/\/metal-barcelo.com\/fr\/wp-json\/wp\/v2\/comments?post=452"}],"version-history":[{"count":0,"href":"https:\/\/metal-barcelo.com\/fr\/wp-json\/wp\/v2\/pages\/452\/revisions"}],"wp:attachment":[{"href":"https:\/\/metal-barcelo.com\/fr\/wp-json\/wp\/v2\/media?parent=452"}],"curies":[{"name":"wp","href":"https:\/\/api.w.org\/{rel}","templated":true}]}}