{"id":450,"date":"2022-08-24T06:30:17","date_gmt":"2022-08-24T06:30:17","guid":{"rendered":"https:\/\/metal-barcelo.com\/?page_id=450"},"modified":"2024-01-16T10:27:30","modified_gmt":"2024-01-16T10:27:30","slug":"barandilla-escalera-interiores","status":"publish","type":"page","link":"https:\/\/metal-barcelo.com\/fr\/barandilla-escalera-interiores\/","title":{"rendered":"Rampe d&#039;escalier int\u00e9rieure"},"content":{"rendered":"<div class=\"vc_row wpb_row vc_row-fluid vc_column-gap-35\"><div class=\"wpb_column vc_column_container vc_col-sm-8\"><div class=\"vc_column-inner\"><div class=\"wpb_wrapper\">\n\t<div class=\"wpb_text_column wpb_content_element\" >\n\t\t<div class=\"wpb_wrapper\">\n\t\t\t<p style=\"text-align: justify;\">Chez Metalister\u00eda Barcel\u00f3, nous disposons d&#039;un large catalogue de rampes d&#039;escalier afin que vous puissiez trouver la collection qui correspond le mieux au go\u00fbt et \u00e0 la d\u00e9coration de votre maison.<\/p>\n<p style=\"text-align: justify;\">Pour vous inspirer, nous vous donnons quelques exemples de <strong>rampes d&#039;escalier int\u00e9rieures<\/strong> Haute qualit\u00e9 et facile \u00e0 installer. Quel que soit le style de d\u00e9coration que vous pr\u00e9f\u00e9rez, vous trouverez chez nous la balustrade qui lui convient le mieux.<\/p>\n<p style=\"text-align: justify;\">Classique, moderne, minimaliste, industriel, avant-gardiste, baroque... tous sont pr\u00e9sents dans nos cr\u00e9ations de rampes et d&#039;escaliers. Si vous pr\u00e9f\u00e9rez les combinaisons de mat\u00e9riaux, nous avons un autre syst\u00e8me de tiroirs qui combine l&#039;acier inoxydable et d&#039;autres mat\u00e9riaux comme le verre. Comme tous les articles de notre boutique, il est tr\u00e8s simple \u00e0 installer. Ce type de garde-corps vous offre une grande polyvalence. Il convient \u00e0 une vari\u00e9t\u00e9 de balustres : panneaux de verre, comme les panneaux de verre et les panneaux m\u00e9talliques, ou simplement m\u00e9talliques. Pour les amateurs de fer forg\u00e9, les panneaux en fer forg\u00e9 sont le choix parfait pour r\u00e9aliser l\u2019escalier de vos r\u00eaves.<\/p>\n<p style=\"text-align: justify;\">Nous avons des mod\u00e8les plus classiques en fer forg\u00e9 ou \u00e0 d\u00e9faut, nous pouvons vous proposer un garde-corps.<strong> escalier pour int\u00e9rieurs<\/strong> Con\u00e7u sur mesure, alliant classique et moderne sans oublier la s\u00e9curit\u00e9. Un exemple est le syst\u00e8me de panneaux forg\u00e9s GD avec une esth\u00e9tique tr\u00e8s pr\u00e9cise et une facilit\u00e9 d&#039;installation. Vous pouvez trouver des informations sur ces tables dans l&#039;article pr\u00e9c\u00e9dent.<\/p>\n\n\t\t<\/div>\n\t<\/div>\n\n\t<div  class=\"wpb_single_image wpb_content_element vc_align_left\">\n\t\t\n\t\t<figure class=\"wpb_wrapper vc_figure\">\n\t\t\t<div class=\"vc_single_image-wrapper   vc_box_border_grey\"><img decoding=\"async\" width=\"1920\" height=\"1280\" src=\"https:\/\/metal-barcelo.com\/wp-content\/uploads\/2022\/08\/window-1029972_1920.jpg\" class=\"vc_single_image-img attachment-full\" alt=\"estructruas metalicas\" srcset=\"https:\/\/metal-barcelo.com\/wp-content\/uploads\/2022\/08\/window-1029972_1920.jpg 1920w, https:\/\/metal-barcelo.com\/wp-content\/uploads\/2022\/08\/window-1029972_1920-300x200.jpg 300w, https:\/\/metal-barcelo.com\/wp-content\/uploads\/2022\/08\/window-1029972_1920-1024x683.jpg 1024w, https:\/\/metal-barcelo.com\/wp-content\/uploads\/2022\/08\/window-1029972_1920-768x512.jpg 768w, https:\/\/metal-barcelo.com\/wp-content\/uploads\/2022\/08\/window-1029972_1920-1536x1024.jpg 1536w\" sizes=\"(max-width: 1920px) 100vw, 1920px\" \/><\/div>\n\t\t<\/figure>\n\t<\/div>\n<div class=\"vc_row wpb_row vc_inner vc_row-fluid\"><div class=\"wpb_column vc_column_container vc_col-sm-4\"><div class=\"vc_column-inner\"><div class=\"wpb_wrapper\"><\/div><\/div><\/div><div class=\"wpb_column vc_column_container vc_col-sm-4\"><div class=\"vc_column-inner\"><div class=\"wpb_wrapper\"><a\thref=\"https:\/\/metal-barcelo.com\/fr\/productos\/estructuras-metalicas\/#form\" \n\t\t\t\tclass=\"button btn_medium btn_theme_color btn_rounded btn_normal_style\"  target='_self'><span>CONTACTEZ-NOUS<\/span><\/a><\/div><\/div><\/div><div class=\"wpb_column vc_column_container vc_col-sm-4\"><div class=\"vc_column-inner\"><div class=\"wpb_wrapper\"><\/div><\/div><\/div><\/div>\n\t<div class=\"wpb_text_column wpb_content_element\" >\n\t\t<div class=\"wpb_wrapper\">\n\t\t\t<p style=\"text-align: justify;\">Une autre excellente option pour une esth\u00e9tique minimaliste est la rampe d\u2019escalier en verre. Avec eux, vous obtenez une excellente clart\u00e9 et brillance. Les escaliers sont enti\u00e8rement int\u00e9gr\u00e9s dans l&#039;espace, une rampe d&#039;escalier int\u00e9rieure en verre et en acier inoxydable de Metalister\u00eda Barcel\u00f3 est de haute qualit\u00e9, s\u00fbre, \u00e9l\u00e9gante et facile \u00e0 assembler. Ils sont fabriqu\u00e9s \u00e0 partir de diff\u00e9rentes qualit\u00e9s d&#039;acier inoxydable. L&#039;acier AISI 304 est con\u00e7u pour les environnements int\u00e9rieurs et l&#039;acier AISI 316 r\u00e9siste aux intemp\u00e9ries et aux contaminants. C&#039;est pourquoi nous recommandons de l&#039;utiliser pour les escaliers ext\u00e9rieurs. Nous vous invitons \u00e0 explorer son profil complet. <strong>rampe d&#039;escalier int\u00e9rieure<\/strong>. Il peut \u00eatre associ\u00e9 \u00e0 un grand nombre de mat\u00e9riaux : fer forg\u00e9, inox, m\u00e9tal, bois, marbre...<\/p>\n<p style=\"text-align: justify;\">Si vous \u00eates pr\u00e9occup\u00e9 par la s\u00e9curit\u00e9, installez un <strong>rampe d&#039;escalier int\u00e9rieure<\/strong> Il vous offrira une meilleure adh\u00e9rence pour les habitants de votre logement.<\/p>\n<p style=\"text-align: justify;\">Vous pouvez installer les garde-corps en harmonie avec le reste des \u00e9l\u00e9ments de l&#039;escalier ou essayer des combinaisons : garde-corps en verre avec garde-corps en inox, bois avec garde-corps en verre, fer forg\u00e9 avec bois...<\/p>\n<p style=\"text-align: justify;\">Les garde-corps que nous fabriquons chez Metalister\u00eda Barcel\u00f3 se pr\u00e9sentent dans une vari\u00e9t\u00e9 de formes et de finitions. Vous pouvez choisir des mod\u00e8les avec ancrages au mur, ainsi que d&#039;autres \u00e9l\u00e9ments de l&#039;escalier comme des marches, des colonnes, des mains courantes...<\/p>\n\n\t\t<\/div>\n\t<\/div>\n<\/div><\/div><\/div><div class=\"wpb_column vc_column_container vc_col-sm-4\"><div class=\"vc_column-inner\"><div class=\"wpb_wrapper\">\n\t<div class=\"wpb_text_column wpb_content_element\" >\n\t\t<div class=\"wpb_wrapper\">\n\t\t\t<h3 style=\"text-align: center;\">Contacter pour plus d&#039;informations<\/h3>\n<hr \/>\n\n\t\t<\/div>\n\t<\/div>\n<div role=\"form\" class=\"wpcf7\" id=\"wpcf7-f40-o1\" lang=\"es-ES\" dir=\"ltr\">\n<div class=\"screen-reader-response\"><p role=\"status\" aria-live=\"polite\" aria-atomic=\"true\"><\/p> <ul><\/ul><\/div>\n<form action=\"\/fr\/wp-json\/wp\/v2\/pages\/450#wpcf7-f40-o1\" method=\"post\" class=\"wpcf7-form init\" novalidate=\"novalidate\" data-status=\"init\" data-trp-original-action=\"\/fr\/wp-json\/wp\/v2\/pages\/450#wpcf7-f40-o1\">\n<div style=\"display: none;\">\n<input type=\"hidden\" name=\"_wpcf7\" value=\"40\" \/>\n<input type=\"hidden\" name=\"_wpcf7_version\" value=\"5.5.6.1\" \/>\n<input type=\"hidden\" name=\"_wpcf7_locale\" value=\"es_ES\" \/>\n<input type=\"hidden\" name=\"_wpcf7_unit_tag\" value=\"wpcf7-f40-o1\" \/>\n<input type=\"hidden\" name=\"_wpcf7_container_post\" value=\"0\" \/>\n<input type=\"hidden\" name=\"_wpcf7_posted_data_hash\" value=\"\" \/>\n<input type=\"hidden\" name=\"_wpcf7_recaptcha_response\" value=\"\" \/>\n<\/div>\n<p><label> ton nom<br \/>\n    <span class=\"wpcf7-form-control-wrap your-name\"><input type=\"text\" name=\"your-name\" value=\"\" size=\"40\" class=\"wpcf7-form-control wpcf7-text wpcf7-validates-as-required\" aria-required=\"true\" aria-invalid=\"false\" \/><\/span> <\/label><\/p>\n<p><label> Votre email<br \/>\n    <span class=\"wpcf7-form-control-wrap your-email\"><input type=\"email\" name=\"your-email\" value=\"\" size=\"40\" class=\"wpcf7-form-control wpcf7-text wpcf7-email wpcf7-validates-as-required wpcf7-validates-as-email\" aria-required=\"true\" aria-invalid=\"false\" \/><\/span> <\/label><\/p>\n<p><label> T\u00e9l\u00e9phone<br \/>\n    <span class=\"wpcf7-form-control-wrap phone\"><input type=\"text\" name=\"phone\" value=\"\" size=\"40\" class=\"wpcf7-form-control wpcf7-text wpcf7-validates-as-required\" aria-required=\"true\" aria-invalid=\"false\" \/><\/span> <\/label><\/p>\n<p><label> Code postal<br \/>\n    <span class=\"wpcf7-form-control-wrap your-subject\"><input type=\"text\" name=\"your-subject\" value=\"\" size=\"40\" class=\"wpcf7-form-control wpcf7-text\" aria-invalid=\"false\" \/><\/span> <\/label><\/p>\n<p><label> Votre message (facultatif)<br \/>\n    <span class=\"wpcf7-form-control-wrap your-message\"><textarea name=\"your-message\" cols=\"40\" rows=\"2\" class=\"wpcf7-form-control wpcf7-textarea\" aria-invalid=\"false\"><\/textarea><\/span> <\/label><\/p>\n<p><span class=\"wpcf7-form-control-wrap Enviodedatos\"><span class=\"wpcf7-form-control wpcf7-acceptance optional\"><span class=\"wpcf7-list-item\"><label><input type=\"checkbox\" name=\"Enviodedatos\" value=\"1\" aria-invalid=\"false\" \/><span class=\"wpcf7-list-item-label\">Acceptez-vous l&#039;envoi de donn\u00e9es ?<\/span><\/label><\/span><\/span><\/span><\/p>\n<p><span class=\"wpcf7-form-control-wrap Enviodedatos\"><span class=\"wpcf7-form-control wpcf7-acceptance\"><span class=\"wpcf7-list-item\"><label><input type=\"checkbox\" name=\"Enviodedatos\" value=\"1\" aria-invalid=\"false\" \/><span class=\"wpcf7-list-item-label\">Acceptez-vous le <a href=\"https:\/\/metal-barcelo.com\/fr\/politica-de-privacidad\/\"><strong>politique de confidentialit\u00e9<\/strong><\/a>?<\/span><\/label><\/span><\/span><\/span><\/p>\n<span class=\"wpcf7-form-control-wrap recaptcha\" data-name=\"recaptcha\"><span data-sitekey=\"6LeSSp4hAAAAAPZ7xH2THd-p214fTTffD9wFlOhH\" class=\"wpcf7-form-control g-recaptcha wpcf7-recaptcha\"><\/span>\r\n<noscript>\r\n\t<div class=\"grecaptcha-noscript\">\r\n\t\t<iframe loading=\"lazy\" src=\"https:\/\/www.google.com\/recaptcha\/api\/fallback?k=6LeSSp4hAAAAAPZ7xH2THd-p214fTTffD9wFlOhH\" frameborder=\"0\" scrolling=\"no\" width=\"310\" height=\"430\">\r\n\t\t<\/iframe>\r\n\t\t<textarea name=\"g-recaptcha-response\" rows=\"3\" cols=\"40\" placeholder=\"R\u00e9ponse reCaptcha ici\">\r\n\t\t<\/textarea>\r\n\t<\/div>\r\n<\/noscript>\r\n<\/span>\n<p><input type=\"submit\" value=\"Envoyer\" class=\"wpcf7-form-control has-spinner wpcf7-submit\" \/><\/p>\n<div class=\"wpcf7-response-output\" aria-hidden=\"true\"><\/div><input type=\"hidden\" name=\"trp-form-language\" value=\"fr\"\/><\/form><\/div><\/div><\/div><\/div><\/div>","protected":false},"excerpt":{"rendered":"Chez Metalister\u00eda Barcel\u00f3, nous disposons d&#039;un large catalogue de rampes d&#039;escalier afin que vous puissiez trouver la collection qui correspond le mieux au go\u00fbt et \u00e0 la d\u00e9coration de votre maison. Pour vous inspirer, nous vous donnons quelques exemples de rampes d\u2019escalier int\u00e9rieures de haute qualit\u00e9 et faciles \u00e0 installer. Quel que soit le style de d\u00e9coration que vous aimez, chez nous<div class=\"h10\"><\/div><a class=\"more-link1\" href=\"https:\/\/metal-barcelo.com\/fr\/barandilla-escalera-interiores\/\">En savoir plus<\/a>","protected":false},"author":1,"featured_media":0,"parent":0,"menu_order":0,"comment_status":"closed","ping_status":"closed","template":"","meta":{"footnotes":""},"class_list":["post-450","page","type-page","status-publish","hentry"],"yoast_head":"<!-- This site is optimized with the Yoast SEO plugin v19.8 - https:\/\/yoast.com\/wordpress\/plugins\/seo\/ -->\n<title>Fabricante barandillas escaleras interiores - Metal Barcel\u00f3<\/title>\n<meta name=\"description\" content=\"Fabricante y montaje barandilla escalera interior met\u00e1lica para la seguridad de tu hogar y con la mayor calidad, graicas a Metal Barcel\u00f3.\" \/>\n<meta name=\"robots\" content=\"index, follow, max-snippet:-1, max-image-preview:large, max-video-preview:-1\" \/>\n<link rel=\"canonical\" href=\"https:\/\/metal-barcelo.com\/fr\/barandilla-escalera-interiores\/\" \/>\n<meta property=\"og:locale\" content=\"fr_FR\" \/>\n<meta property=\"og:type\" content=\"article\" \/>\n<meta property=\"og:title\" content=\"Fabricante barandillas escaleras interiores - Metal Barcel\u00f3\" \/>\n<meta property=\"og:description\" content=\"Fabricante y montaje barandilla escalera interior met\u00e1lica para la seguridad de tu hogar y con la mayor calidad, graicas a Metal Barcel\u00f3.\" \/>\n<meta property=\"og:url\" content=\"https:\/\/metal-barcelo.com\/fr\/barandilla-escalera-interiores\/\" \/>\n<meta property=\"og:site_name\" content=\"Metalister\u00eda Barcel\u00f3\" \/>\n<meta property=\"article:modified_time\" content=\"2024-01-16T10:27:30+00:00\" \/>\n<meta name=\"twitter:card\" content=\"summary_large_image\" \/>\n<meta name=\"twitter:label1\" content=\"Dur\u00e9e de lecture estim\u00e9e\" \/>\n\t<meta name=\"twitter:data1\" content=\"3 minutes\" \/>\n<script type=\"application\/ld+json\" class=\"yoast-schema-graph\">{\"@context\":\"https:\/\/schema.org\",\"@graph\":[{\"@type\":\"WebPage\",\"@id\":\"https:\/\/metal-barcelo.com\/barandilla-escalera-interiores\/\",\"url\":\"https:\/\/metal-barcelo.com\/barandilla-escalera-interiores\/\",\"name\":\"Fabricante barandillas escaleras interiores - Metal Barcel\u00f3\",\"isPartOf\":{\"@id\":\"https:\/\/metal-barcelo.com\/#website\"},\"datePublished\":\"2022-08-24T06:30:17+00:00\",\"dateModified\":\"2024-01-16T10:27:30+00:00\",\"description\":\"Fabricante y montaje barandilla escalera interior met\u00e1lica para la seguridad de tu hogar y con la mayor calidad, graicas a Metal Barcel\u00f3.\",\"breadcrumb\":{\"@id\":\"https:\/\/metal-barcelo.com\/barandilla-escalera-interiores\/#breadcrumb\"},\"inLanguage\":\"fr-FR\",\"potentialAction\":[{\"@type\":\"ReadAction\",\"target\":[\"https:\/\/metal-barcelo.com\/barandilla-escalera-interiores\/\"]}]},{\"@type\":\"BreadcrumbList\",\"@id\":\"https:\/\/metal-barcelo.com\/barandilla-escalera-interiores\/#breadcrumb\",\"itemListElement\":[{\"@type\":\"ListItem\",\"position\":1,\"name\":\"Portada\",\"item\":\"https:\/\/metal-barcelo.com\/\"},{\"@type\":\"ListItem\",\"position\":2,\"name\":\"Barandilla escalera interiores\"}]},{\"@type\":\"WebSite\",\"@id\":\"https:\/\/metal-barcelo.com\/#website\",\"url\":\"https:\/\/metal-barcelo.com\/\",\"name\":\"Metalister\u00eda Barcel\u00f3\",\"description\":\"Dise\u00f1o, fabricaci\u00f3n y montaje de estructuras met\u00e1licas\",\"potentialAction\":[{\"@type\":\"SearchAction\",\"target\":{\"@type\":\"EntryPoint\",\"urlTemplate\":\"https:\/\/metal-barcelo.com\/?s={search_term_string}\"},\"query-input\":\"required name=search_term_string\"}],\"inLanguage\":\"fr-FR\"}]}<\/script>\n<!-- \/ Yoast SEO plugin. -->","yoast_head_json":{"title":"Fabricante barandillas escaleras interiores - Metal Barcel\u00f3","description":"Fabricante y montaje barandilla escalera interior met\u00e1lica para la seguridad de tu hogar y con la mayor calidad, graicas a Metal Barcel\u00f3.","robots":{"index":"index","follow":"follow","max-snippet":"max-snippet:-1","max-image-preview":"max-image-preview:large","max-video-preview":"max-video-preview:-1"},"canonical":"https:\/\/metal-barcelo.com\/fr\/barandilla-escalera-interiores\/","og_locale":"fr_FR","og_type":"article","og_title":"Fabricante barandillas escaleras interiores - Metal Barcel\u00f3","og_description":"Fabricante y montaje barandilla escalera interior met\u00e1lica para la seguridad de tu hogar y con la mayor calidad, graicas a Metal Barcel\u00f3.","og_url":"https:\/\/metal-barcelo.com\/fr\/barandilla-escalera-interiores\/","og_site_name":"Metalister\u00eda Barcel\u00f3","article_modified_time":"2024-01-16T10:27:30+00:00","twitter_card":"summary_large_image","twitter_misc":{"Dur\u00e9e de lecture estim\u00e9e":"3 minutes"},"schema":{"@context":"https:\/\/schema.org","@graph":[{"@type":"WebPage","@id":"https:\/\/metal-barcelo.com\/barandilla-escalera-interiores\/","url":"https:\/\/metal-barcelo.com\/barandilla-escalera-interiores\/","name":"Fabricante barandillas escaleras interiores - Metal Barcel\u00f3","isPartOf":{"@id":"https:\/\/metal-barcelo.com\/#website"},"datePublished":"2022-08-24T06:30:17+00:00","dateModified":"2024-01-16T10:27:30+00:00","description":"Fabricante y montaje barandilla escalera interior met\u00e1lica para la seguridad de tu hogar y con la mayor calidad, graicas a Metal Barcel\u00f3.","breadcrumb":{"@id":"https:\/\/metal-barcelo.com\/barandilla-escalera-interiores\/#breadcrumb"},"inLanguage":"fr-FR","potentialAction":[{"@type":"ReadAction","target":["https:\/\/metal-barcelo.com\/barandilla-escalera-interiores\/"]}]},{"@type":"BreadcrumbList","@id":"https:\/\/metal-barcelo.com\/barandilla-escalera-interiores\/#breadcrumb","itemListElement":[{"@type":"ListItem","position":1,"name":"Portada","item":"https:\/\/metal-barcelo.com\/"},{"@type":"ListItem","position":2,"name":"Barandilla escalera interiores"}]},{"@type":"WebSite","@id":"https:\/\/metal-barcelo.com\/#website","url":"https:\/\/metal-barcelo.com\/","name":"Metalister\u00eda Barcel\u00f3","description":"Dise\u00f1o, fabricaci\u00f3n y montaje de estructuras met\u00e1licas","potentialAction":[{"@type":"SearchAction","target":{"@type":"EntryPoint","urlTemplate":"https:\/\/metal-barcelo.com\/?s={search_term_string}"},"query-input":"required name=search_term_string"}],"inLanguage":"fr-FR"}]}},"_links":{"self":[{"href":"https:\/\/metal-barcelo.com\/fr\/wp-json\/wp\/v2\/pages\/450","targetHints":{"allow":["GET"]}}],"collection":[{"href":"https:\/\/metal-barcelo.com\/fr\/wp-json\/wp\/v2\/pages"}],"about":[{"href":"https:\/\/metal-barcelo.com\/fr\/wp-json\/wp\/v2\/types\/page"}],"author":[{"embeddable":true,"href":"https:\/\/metal-barcelo.com\/fr\/wp-json\/wp\/v2\/users\/1"}],"replies":[{"embeddable":true,"href":"https:\/\/metal-barcelo.com\/fr\/wp-json\/wp\/v2\/comments?post=450"}],"version-history":[{"count":0,"href":"https:\/\/metal-barcelo.com\/fr\/wp-json\/wp\/v2\/pages\/450\/revisions"}],"wp:attachment":[{"href":"https:\/\/metal-barcelo.com\/fr\/wp-json\/wp\/v2\/media?parent=450"}],"curies":[{"name":"wp","href":"https:\/\/api.w.org\/{rel}","templated":true}]}}