{"id":440,"date":"2022-08-23T09:15:58","date_gmt":"2022-08-23T09:15:58","guid":{"rendered":"https:\/\/metal-barcelo.com\/?page_id=440"},"modified":"2024-01-16T10:39:13","modified_gmt":"2024-01-16T10:39:13","slug":"rejas-para-ventanas","status":"publish","type":"page","link":"https:\/\/metal-barcelo.com\/fr\/rejas-para-ventanas\/","title":{"rendered":"Barres de fen\u00eatre"},"content":{"rendered":"<div class=\"vc_row wpb_row vc_row-fluid vc_column-gap-35\"><div class=\"wpb_column vc_column_container vc_col-sm-8\"><div class=\"vc_column-inner\"><div class=\"wpb_wrapper\">\n\t<div class=\"wpb_text_column wpb_content_element\" >\n\t\t<div class=\"wpb_wrapper\">\n\t\t\t<p style=\"text-align: justify;\">Le <strong>barres de fen\u00eatre<\/strong> Ils constituent un moyen \u00e9conomique et efficace d\u2019am\u00e9liorer la conception de la s\u00e9curit\u00e9 de votre maison. Quel que soit le type de maison dans laquelle vous habitez, il est essentiel de profiter des avantages de <strong>barres de fen\u00eatre<\/strong>. Ces barreaux emp\u00eachent les voleurs de s&#039;introduire dans votre maison par les fen\u00eatres. Les fen\u00eatres traditionnelles sont faciles \u00e0 forcer, une plus grande s\u00e9curit\u00e9 est donc n\u00e9cessaire, c&#039;est pourquoi il est id\u00e9al d&#039;ajouter <strong>barres de fen\u00eatre. <\/strong><\/p>\n<p style=\"text-align: justify;\">Le <strong>barres de fen\u00eatre<\/strong> Ce sont des appareils install\u00e9s sur toutes les fen\u00eatres de la maison. Ils se pr\u00e9sentent sous diff\u00e9rentes formes, tailles, couleurs et designs. Le type le plus courant est la barre de s\u00e9curit\u00e9 en acier. Ces barres d&#039;acier de haute qualit\u00e9 r\u00e9sistent \u00e0 la flexion et \u00e0 la rupture.<\/p>\n<p style=\"text-align: justify;\">L&#039;objectif principal du <strong>barres de fen\u00eatre<\/strong> est de rendre difficile l&#039;entr\u00e9e des voleurs dans votre maison. L\u2019installation de ces barreaux rend plus difficile l\u2019entr\u00e9e de potentiels intrus dans votre maison. \u00c0 cela s&#039;ajoute qu&#039;il existe d\u00e9sormais de nombreuses options disponibles pour <strong>barres de fen\u00eatre<\/strong> \u00e9l\u00e9gants et efficaces.<\/p>\n<p style=\"text-align: justify;\">Le <strong>barres de fen\u00eatre<\/strong> Ils vous permettent de r\u00e9sister \u00e0 la plus grande force qu\u2019un voleur pourrait utiliser. Ils g\u00eanent les criminels qui devraient d\u00e9sormais redoubler d\u2019efforts pour p\u00e9n\u00e9trer dans votre maison. Cet effort suppl\u00e9mentaire encourage les voleurs potentiels \u00e0 rechercher une cible plus facile \u00e0 exploiter.<\/p>\n\n\t\t<\/div>\n\t<\/div>\n\n\t<div  class=\"wpb_single_image wpb_content_element vc_align_left\">\n\t\t\n\t\t<figure class=\"wpb_wrapper vc_figure\">\n\t\t\t<div class=\"vc_single_image-wrapper   vc_box_border_grey\"><img decoding=\"async\" width=\"1920\" height=\"1280\" src=\"https:\/\/metal-barcelo.com\/wp-content\/uploads\/2022\/08\/window-1029972_1920.jpg\" class=\"vc_single_image-img attachment-full\" alt=\"estructruas metalicas\" srcset=\"https:\/\/metal-barcelo.com\/wp-content\/uploads\/2022\/08\/window-1029972_1920.jpg 1920w, https:\/\/metal-barcelo.com\/wp-content\/uploads\/2022\/08\/window-1029972_1920-300x200.jpg 300w, https:\/\/metal-barcelo.com\/wp-content\/uploads\/2022\/08\/window-1029972_1920-1024x683.jpg 1024w, https:\/\/metal-barcelo.com\/wp-content\/uploads\/2022\/08\/window-1029972_1920-768x512.jpg 768w, https:\/\/metal-barcelo.com\/wp-content\/uploads\/2022\/08\/window-1029972_1920-1536x1024.jpg 1536w\" sizes=\"(max-width: 1920px) 100vw, 1920px\" \/><\/div>\n\t\t<\/figure>\n\t<\/div>\n<div class=\"vc_row wpb_row vc_inner vc_row-fluid\"><div class=\"wpb_column vc_column_container vc_col-sm-4\"><div class=\"vc_column-inner\"><div class=\"wpb_wrapper\"><\/div><\/div><\/div><div class=\"wpb_column vc_column_container vc_col-sm-4\"><div class=\"vc_column-inner\"><div class=\"wpb_wrapper\"><a\thref=\"https:\/\/metal-barcelo.com\/fr\/productos\/estructuras-metalicas\/#form\" \n\t\t\t\tclass=\"button btn_medium btn_theme_color btn_rounded btn_normal_style\"  target='_self'><span>CONTACTEZ-NOUS<\/span><\/a><\/div><\/div><\/div><div class=\"wpb_column vc_column_container vc_col-sm-4\"><div class=\"vc_column-inner\"><div class=\"wpb_wrapper\"><\/div><\/div><\/div><\/div>\n\t<div class=\"wpb_text_column wpb_content_element\" >\n\t\t<div class=\"wpb_wrapper\">\n\t\t\t<p style=\"text-align: justify;\">Tenez compte du fait que le <strong>barres de fen\u00eatre <\/strong>Ils peuvent r\u00e9sister \u00e0 des centaines de kilos de force brute, tout en constituant une option abordable et efficace. C&#039;est l&#039;un des avantages les plus importants de <strong>barres de fen\u00eatre<\/strong>. Ils ajoutent une couche de s\u00e9curit\u00e9 suppl\u00e9mentaire si des intrus exp\u00e9riment\u00e9s r\u00e9ussissent \u00e0 briser les fen\u00eatres. Ce produit infaillible est disponible \u00e0 un prix abordable. Il devrait donc \u00eatre un incontournable dans toute maison pour une plus grande s\u00e9curit\u00e9.<\/p>\n<p style=\"text-align: justify;\">Le <strong>barres de fen\u00eatre<\/strong> Ils s\u2019int\u00e8grent parfaitement dans leurs espaces et ne n\u00e9cessitent pas de ressources suppl\u00e9mentaires pour \u00eatre op\u00e9rationnels. Sa longueur est \u00e9galement r\u00e9glable en fonction de la hauteur des fen\u00eatres, vous trouverez donc toujours une option id\u00e9ale.<\/p>\n<p style=\"text-align: justify;\">Chez Metalisteria Barcel\u00f3, nous permettons \u00e0 nos clients de profiter des avantages de <strong>barres de fen\u00eatre<\/strong> gr\u00e2ce \u00e0 nos produits de qualit\u00e9, \u00e9l\u00e9gants et abordables.<\/p>\n<p style=\"text-align: justify;\">Le <strong>barres de fen\u00eatre<\/strong> Ils pr\u00e9viennent le vol dans votre maison, assurant ainsi la s\u00e9curit\u00e9 de votre famille et de vos biens. Chez Metalisteria Barcel\u00f3, notre <strong>barres de fen\u00eatre<\/strong> Ils sont durables, solides et rapides \u00e0 installer.<\/p>\n<p style=\"text-align: justify;\">Chez Metalisteria Barcel\u00f3, notre objectif principal est d&#039;offrir des produits de qualit\u00e9 sup\u00e9rieure. Les avantages de <strong>barres de fen\u00eatre<\/strong> Ils peuvent vous aider \u00e0 vous sentir \u00e0 l&#039;aise dans votre maison. Contactez-nous d\u00e8s aujourd&#039;hui et notre \u00e9quipe se fera un plaisir de discuter du <strong>barres de fen\u00eatre <\/strong>id\u00e9al pour votre espace.<\/p>\n\n\t\t<\/div>\n\t<\/div>\n<\/div><\/div><\/div><div class=\"wpb_column vc_column_container vc_col-sm-4\"><div class=\"vc_column-inner\"><div class=\"wpb_wrapper\">\n\t<div class=\"wpb_text_column wpb_content_element\" >\n\t\t<div class=\"wpb_wrapper\">\n\t\t\t<h3 style=\"text-align: center;\">Contacter pour plus d&#039;informations<\/h3>\n<hr \/>\n\n\t\t<\/div>\n\t<\/div>\n<div role=\"form\" class=\"wpcf7\" id=\"wpcf7-f40-o1\" lang=\"es-ES\" dir=\"ltr\">\n<div class=\"screen-reader-response\"><p role=\"status\" aria-live=\"polite\" aria-atomic=\"true\"><\/p> <ul><\/ul><\/div>\n<form action=\"\/fr\/wp-json\/wp\/v2\/pages\/440#wpcf7-f40-o1\" method=\"post\" class=\"wpcf7-form init\" novalidate=\"novalidate\" data-status=\"init\" data-trp-original-action=\"\/fr\/wp-json\/wp\/v2\/pages\/440#wpcf7-f40-o1\">\n<div style=\"display: none;\">\n<input type=\"hidden\" name=\"_wpcf7\" value=\"40\" \/>\n<input type=\"hidden\" name=\"_wpcf7_version\" value=\"5.5.6.1\" \/>\n<input type=\"hidden\" name=\"_wpcf7_locale\" value=\"es_ES\" \/>\n<input type=\"hidden\" name=\"_wpcf7_unit_tag\" value=\"wpcf7-f40-o1\" \/>\n<input type=\"hidden\" name=\"_wpcf7_container_post\" value=\"0\" \/>\n<input type=\"hidden\" name=\"_wpcf7_posted_data_hash\" value=\"\" \/>\n<input type=\"hidden\" name=\"_wpcf7_recaptcha_response\" value=\"\" \/>\n<\/div>\n<p><label> ton nom<br \/>\n    <span class=\"wpcf7-form-control-wrap your-name\"><input type=\"text\" name=\"your-name\" value=\"\" size=\"40\" class=\"wpcf7-form-control wpcf7-text wpcf7-validates-as-required\" aria-required=\"true\" aria-invalid=\"false\" \/><\/span> <\/label><\/p>\n<p><label> Votre email<br \/>\n    <span class=\"wpcf7-form-control-wrap your-email\"><input type=\"email\" name=\"your-email\" value=\"\" size=\"40\" class=\"wpcf7-form-control wpcf7-text wpcf7-email wpcf7-validates-as-required wpcf7-validates-as-email\" aria-required=\"true\" aria-invalid=\"false\" \/><\/span> <\/label><\/p>\n<p><label> T\u00e9l\u00e9phone<br \/>\n    <span class=\"wpcf7-form-control-wrap phone\"><input type=\"text\" name=\"phone\" value=\"\" size=\"40\" class=\"wpcf7-form-control wpcf7-text wpcf7-validates-as-required\" aria-required=\"true\" aria-invalid=\"false\" \/><\/span> <\/label><\/p>\n<p><label> Code postal<br \/>\n    <span class=\"wpcf7-form-control-wrap your-subject\"><input type=\"text\" name=\"your-subject\" value=\"\" size=\"40\" class=\"wpcf7-form-control wpcf7-text\" aria-invalid=\"false\" \/><\/span> <\/label><\/p>\n<p><label> Votre message (facultatif)<br \/>\n    <span class=\"wpcf7-form-control-wrap your-message\"><textarea name=\"your-message\" cols=\"40\" rows=\"2\" class=\"wpcf7-form-control wpcf7-textarea\" aria-invalid=\"false\"><\/textarea><\/span> <\/label><\/p>\n<p><span class=\"wpcf7-form-control-wrap Enviodedatos\"><span class=\"wpcf7-form-control wpcf7-acceptance optional\"><span class=\"wpcf7-list-item\"><label><input type=\"checkbox\" name=\"Enviodedatos\" value=\"1\" aria-invalid=\"false\" \/><span class=\"wpcf7-list-item-label\">Acceptez-vous l&#039;envoi de donn\u00e9es ?<\/span><\/label><\/span><\/span><\/span><\/p>\n<p><span class=\"wpcf7-form-control-wrap Enviodedatos\"><span class=\"wpcf7-form-control wpcf7-acceptance\"><span class=\"wpcf7-list-item\"><label><input type=\"checkbox\" name=\"Enviodedatos\" value=\"1\" aria-invalid=\"false\" \/><span class=\"wpcf7-list-item-label\">Acceptez-vous le <a href=\"https:\/\/metal-barcelo.com\/fr\/politica-de-privacidad\/\"><strong>politique de confidentialit\u00e9<\/strong><\/a>?<\/span><\/label><\/span><\/span><\/span><\/p>\n<span class=\"wpcf7-form-control-wrap recaptcha\" data-name=\"recaptcha\"><span data-sitekey=\"6LeSSp4hAAAAAPZ7xH2THd-p214fTTffD9wFlOhH\" class=\"wpcf7-form-control g-recaptcha wpcf7-recaptcha\"><\/span>\r\n<noscript>\r\n\t<div class=\"grecaptcha-noscript\">\r\n\t\t<iframe loading=\"lazy\" src=\"https:\/\/www.google.com\/recaptcha\/api\/fallback?k=6LeSSp4hAAAAAPZ7xH2THd-p214fTTffD9wFlOhH\" frameborder=\"0\" scrolling=\"no\" width=\"310\" height=\"430\">\r\n\t\t<\/iframe>\r\n\t\t<textarea name=\"g-recaptcha-response\" rows=\"3\" cols=\"40\" placeholder=\"R\u00e9ponse reCaptcha ici\">\r\n\t\t<\/textarea>\r\n\t<\/div>\r\n<\/noscript>\r\n<\/span>\n<p><input type=\"submit\" value=\"Envoyer\" class=\"wpcf7-form-control has-spinner wpcf7-submit\" \/><\/p>\n<div class=\"wpcf7-response-output\" aria-hidden=\"true\"><\/div><input type=\"hidden\" name=\"trp-form-language\" value=\"fr\"\/><\/form><\/div><\/div><\/div><\/div><\/div>","protected":false},"excerpt":{"rendered":"Les barreaux de fen\u00eatre constituent un moyen abordable et efficace d\u2019am\u00e9liorer la s\u00e9curit\u00e9 de votre maison. Quel que soit le type de maison dans laquelle vous habitez, il est essentiel de profiter des avantages des barreaux de fen\u00eatre. Ces barreaux emp\u00eachent les voleurs de s&#039;introduire dans votre maison par les fen\u00eatres. Les fen\u00eatres traditionnelles sont faciles \u00e0<div class=\"h10\"><\/div><a class=\"more-link1\" href=\"https:\/\/metal-barcelo.com\/fr\/rejas-para-ventanas\/\">En savoir plus<\/a>","protected":false},"author":1,"featured_media":0,"parent":0,"menu_order":0,"comment_status":"closed","ping_status":"closed","template":"","meta":{"footnotes":""},"class_list":["post-440","page","type-page","status-publish","hentry"],"yoast_head":"<!-- This site is optimized with the Yoast SEO plugin v19.8 - https:\/\/yoast.com\/wordpress\/plugins\/seo\/ -->\n<title>Fabricaci\u00f3n rejas para ventana a medida - Metal Barcel\u00f3<\/title>\n<meta name=\"description\" content=\"Fabricante y montaje de rejas para ventana de muy buena calidad, asegura tu hogar con Metal Barcel\u00f3, empresa experta en el sector.\" \/>\n<meta name=\"robots\" content=\"index, follow, max-snippet:-1, max-image-preview:large, max-video-preview:-1\" \/>\n<link rel=\"canonical\" href=\"https:\/\/metal-barcelo.com\/fr\/rejas-para-ventanas\/\" \/>\n<meta property=\"og:locale\" content=\"fr_FR\" \/>\n<meta property=\"og:type\" content=\"article\" \/>\n<meta property=\"og:title\" content=\"Fabricaci\u00f3n rejas para ventana a medida - Metal Barcel\u00f3\" \/>\n<meta property=\"og:description\" content=\"Fabricante y montaje de rejas para ventana de muy buena calidad, asegura tu hogar con Metal Barcel\u00f3, empresa experta en el sector.\" \/>\n<meta property=\"og:url\" content=\"https:\/\/metal-barcelo.com\/fr\/rejas-para-ventanas\/\" \/>\n<meta property=\"og:site_name\" content=\"Metalister\u00eda Barcel\u00f3\" \/>\n<meta property=\"article:modified_time\" content=\"2024-01-16T10:39:13+00:00\" \/>\n<meta name=\"twitter:card\" content=\"summary_large_image\" \/>\n<meta name=\"twitter:label1\" content=\"Dur\u00e9e de lecture estim\u00e9e\" \/>\n\t<meta name=\"twitter:data1\" content=\"3 minutes\" \/>\n<script type=\"application\/ld+json\" class=\"yoast-schema-graph\">{\"@context\":\"https:\/\/schema.org\",\"@graph\":[{\"@type\":\"WebPage\",\"@id\":\"https:\/\/metal-barcelo.com\/rejas-para-ventanas\/\",\"url\":\"https:\/\/metal-barcelo.com\/rejas-para-ventanas\/\",\"name\":\"Fabricaci\u00f3n rejas para ventana a medida - Metal Barcel\u00f3\",\"isPartOf\":{\"@id\":\"https:\/\/metal-barcelo.com\/#website\"},\"datePublished\":\"2022-08-23T09:15:58+00:00\",\"dateModified\":\"2024-01-16T10:39:13+00:00\",\"description\":\"Fabricante y montaje de rejas para ventana de muy buena calidad, asegura tu hogar con Metal Barcel\u00f3, empresa experta en el sector.\",\"breadcrumb\":{\"@id\":\"https:\/\/metal-barcelo.com\/rejas-para-ventanas\/#breadcrumb\"},\"inLanguage\":\"fr-FR\",\"potentialAction\":[{\"@type\":\"ReadAction\",\"target\":[\"https:\/\/metal-barcelo.com\/rejas-para-ventanas\/\"]}]},{\"@type\":\"BreadcrumbList\",\"@id\":\"https:\/\/metal-barcelo.com\/rejas-para-ventanas\/#breadcrumb\",\"itemListElement\":[{\"@type\":\"ListItem\",\"position\":1,\"name\":\"Portada\",\"item\":\"https:\/\/metal-barcelo.com\/\"},{\"@type\":\"ListItem\",\"position\":2,\"name\":\"Rejas para ventanas\"}]},{\"@type\":\"WebSite\",\"@id\":\"https:\/\/metal-barcelo.com\/#website\",\"url\":\"https:\/\/metal-barcelo.com\/\",\"name\":\"Metalister\u00eda Barcel\u00f3\",\"description\":\"Dise\u00f1o, fabricaci\u00f3n y montaje de estructuras met\u00e1licas\",\"potentialAction\":[{\"@type\":\"SearchAction\",\"target\":{\"@type\":\"EntryPoint\",\"urlTemplate\":\"https:\/\/metal-barcelo.com\/?s={search_term_string}\"},\"query-input\":\"required name=search_term_string\"}],\"inLanguage\":\"fr-FR\"}]}<\/script>\n<!-- \/ Yoast SEO plugin. -->","yoast_head_json":{"title":"Fabricaci\u00f3n rejas para ventana a medida - Metal Barcel\u00f3","description":"Fabricante y montaje de rejas para ventana de muy buena calidad, asegura tu hogar con Metal Barcel\u00f3, empresa experta en el sector.","robots":{"index":"index","follow":"follow","max-snippet":"max-snippet:-1","max-image-preview":"max-image-preview:large","max-video-preview":"max-video-preview:-1"},"canonical":"https:\/\/metal-barcelo.com\/fr\/rejas-para-ventanas\/","og_locale":"fr_FR","og_type":"article","og_title":"Fabricaci\u00f3n rejas para ventana a medida - Metal Barcel\u00f3","og_description":"Fabricante y montaje de rejas para ventana de muy buena calidad, asegura tu hogar con Metal Barcel\u00f3, empresa experta en el sector.","og_url":"https:\/\/metal-barcelo.com\/fr\/rejas-para-ventanas\/","og_site_name":"Metalister\u00eda Barcel\u00f3","article_modified_time":"2024-01-16T10:39:13+00:00","twitter_card":"summary_large_image","twitter_misc":{"Dur\u00e9e de lecture estim\u00e9e":"3 minutes"},"schema":{"@context":"https:\/\/schema.org","@graph":[{"@type":"WebPage","@id":"https:\/\/metal-barcelo.com\/rejas-para-ventanas\/","url":"https:\/\/metal-barcelo.com\/rejas-para-ventanas\/","name":"Fabricaci\u00f3n rejas para ventana a medida - Metal Barcel\u00f3","isPartOf":{"@id":"https:\/\/metal-barcelo.com\/#website"},"datePublished":"2022-08-23T09:15:58+00:00","dateModified":"2024-01-16T10:39:13+00:00","description":"Fabricante y montaje de rejas para ventana de muy buena calidad, asegura tu hogar con Metal Barcel\u00f3, empresa experta en el sector.","breadcrumb":{"@id":"https:\/\/metal-barcelo.com\/rejas-para-ventanas\/#breadcrumb"},"inLanguage":"fr-FR","potentialAction":[{"@type":"ReadAction","target":["https:\/\/metal-barcelo.com\/rejas-para-ventanas\/"]}]},{"@type":"BreadcrumbList","@id":"https:\/\/metal-barcelo.com\/rejas-para-ventanas\/#breadcrumb","itemListElement":[{"@type":"ListItem","position":1,"name":"Portada","item":"https:\/\/metal-barcelo.com\/"},{"@type":"ListItem","position":2,"name":"Rejas para ventanas"}]},{"@type":"WebSite","@id":"https:\/\/metal-barcelo.com\/#website","url":"https:\/\/metal-barcelo.com\/","name":"Metalister\u00eda Barcel\u00f3","description":"Dise\u00f1o, fabricaci\u00f3n y montaje de estructuras met\u00e1licas","potentialAction":[{"@type":"SearchAction","target":{"@type":"EntryPoint","urlTemplate":"https:\/\/metal-barcelo.com\/?s={search_term_string}"},"query-input":"required name=search_term_string"}],"inLanguage":"fr-FR"}]}},"_links":{"self":[{"href":"https:\/\/metal-barcelo.com\/fr\/wp-json\/wp\/v2\/pages\/440","targetHints":{"allow":["GET"]}}],"collection":[{"href":"https:\/\/metal-barcelo.com\/fr\/wp-json\/wp\/v2\/pages"}],"about":[{"href":"https:\/\/metal-barcelo.com\/fr\/wp-json\/wp\/v2\/types\/page"}],"author":[{"embeddable":true,"href":"https:\/\/metal-barcelo.com\/fr\/wp-json\/wp\/v2\/users\/1"}],"replies":[{"embeddable":true,"href":"https:\/\/metal-barcelo.com\/fr\/wp-json\/wp\/v2\/comments?post=440"}],"version-history":[{"count":0,"href":"https:\/\/metal-barcelo.com\/fr\/wp-json\/wp\/v2\/pages\/440\/revisions"}],"wp:attachment":[{"href":"https:\/\/metal-barcelo.com\/fr\/wp-json\/wp\/v2\/media?parent=440"}],"curies":[{"name":"wp","href":"https:\/\/api.w.org\/{rel}","templated":true}]}}