{"id":438,"date":"2022-08-23T09:14:12","date_gmt":"2022-08-23T09:14:12","guid":{"rendered":"https:\/\/metal-barcelo.com\/?page_id=438"},"modified":"2024-01-16T10:40:11","modified_gmt":"2024-01-16T10:40:11","slug":"rejas-para-ventanas-modernas","status":"publish","type":"page","link":"https:\/\/metal-barcelo.com\/fr\/rejas-para-ventanas-modernas\/","title":{"rendered":"Barres de fen\u00eatre modernes"},"content":{"rendered":"<div class=\"vc_row wpb_row vc_row-fluid vc_column-gap-35\"><div class=\"wpb_column vc_column_container vc_col-sm-8\"><div class=\"vc_column-inner\"><div class=\"wpb_wrapper\">\n\t<div class=\"wpb_text_column wpb_content_element\" >\n\t\t<div class=\"wpb_wrapper\">\n\t\t\t<p style=\"text-align: justify;\">Les dessins fantastiques du <strong>barreaux de fen\u00eatre modernes<\/strong> Ils offrent \u00e0 votre maison une fa\u00e7on fra\u00eeche et fabuleuse d\u2019am\u00e9liorer la s\u00e9curit\u00e9 et la sophistication \u00e9l\u00e9gante en utilisant des styles polyvalents et orn\u00e9s. Avec des pi\u00e8ces de cr\u00e9ateurs <strong>barreaux de fen\u00eatre modernes<\/strong>, vous n&#039;\u00eates pas oblig\u00e9 de vous contenter de modes d\u00e9pass\u00e9es et g\u00e9n\u00e9riques ; Vous pouvez choisir parmi une large gamme de styles pour stimuler n\u2019importe quel d\u00e9cor. Gr\u00e2ce aux nombreuses options de conception, vous pouvez choisir entre des designs simples ou plus complexes pour mettre en valeur votre int\u00e9rieur et rehausser son attrait g\u00e9n\u00e9ral.<\/p>\n<p style=\"text-align: justify;\">L&#039;avantage d&#039;avoir autant de designs disponibles est que nous pouvons m\u00eame cr\u00e9er le design de <strong>barreaux de fen\u00eatre modernes<\/strong> qui convient le mieux \u00e0 la maison. Si la maison est traditionnelle ou peut-\u00eatre ultra-moderne, nous pouvons \u00e9galement avoir un design de <strong>barreaux de fen\u00eatre modernes<\/strong> rendez-le id\u00e9al. Vous trouverez <strong>barreaux de fen\u00eatre modernes<\/strong> \u00c9l\u00e9gant et moderne qui donnera un beau look \u00e0 votre int\u00e9rieur.<\/p>\n\n\t\t<\/div>\n\t<\/div>\n\n\t<div  class=\"wpb_single_image wpb_content_element vc_align_left\">\n\t\t\n\t\t<figure class=\"wpb_wrapper vc_figure\">\n\t\t\t<div class=\"vc_single_image-wrapper   vc_box_border_grey\"><img decoding=\"async\" width=\"1920\" height=\"1280\" src=\"https:\/\/metal-barcelo.com\/wp-content\/uploads\/2022\/08\/window-1029972_1920.jpg\" class=\"vc_single_image-img attachment-full\" alt=\"estructruas metalicas\" srcset=\"https:\/\/metal-barcelo.com\/wp-content\/uploads\/2022\/08\/window-1029972_1920.jpg 1920w, https:\/\/metal-barcelo.com\/wp-content\/uploads\/2022\/08\/window-1029972_1920-300x200.jpg 300w, https:\/\/metal-barcelo.com\/wp-content\/uploads\/2022\/08\/window-1029972_1920-1024x683.jpg 1024w, https:\/\/metal-barcelo.com\/wp-content\/uploads\/2022\/08\/window-1029972_1920-768x512.jpg 768w, https:\/\/metal-barcelo.com\/wp-content\/uploads\/2022\/08\/window-1029972_1920-1536x1024.jpg 1536w\" sizes=\"(max-width: 1920px) 100vw, 1920px\" \/><\/div>\n\t\t<\/figure>\n\t<\/div>\n<div class=\"vc_row wpb_row vc_inner vc_row-fluid\"><div class=\"wpb_column vc_column_container vc_col-sm-4\"><div class=\"vc_column-inner\"><div class=\"wpb_wrapper\"><\/div><\/div><\/div><div class=\"wpb_column vc_column_container vc_col-sm-4\"><div class=\"vc_column-inner\"><div class=\"wpb_wrapper\"><a\thref=\"https:\/\/metal-barcelo.com\/fr\/productos\/estructuras-metalicas\/#form\" \n\t\t\t\tclass=\"button btn_medium btn_theme_color btn_rounded btn_normal_style\"  target='_self'><span>CONTACTEZ-NOUS<\/span><\/a><\/div><\/div><\/div><div class=\"wpb_column vc_column_container vc_col-sm-4\"><div class=\"vc_column-inner\"><div class=\"wpb_wrapper\"><\/div><\/div><\/div><\/div>\n\t<div class=\"wpb_text_column wpb_content_element\" >\n\t\t<div class=\"wpb_wrapper\">\n\t\t\t<p style=\"text-align: justify;\">Les dessins fantastiques du <strong>barreaux de fen\u00eatre modernes<\/strong> Ils offrent \u00e0 votre maison une fa\u00e7on fra\u00eeche et fabuleuse d\u2019am\u00e9liorer la s\u00e9curit\u00e9 et la sophistication \u00e9l\u00e9gante en utilisant des styles polyvalents et orn\u00e9s. Avec des pi\u00e8ces de cr\u00e9ateurs <strong>barreaux de fen\u00eatre modernes<\/strong>, vous n&#039;\u00eates pas oblig\u00e9 de vous contenter de modes d\u00e9pass\u00e9es et g\u00e9n\u00e9riques ; Vous pouvez choisir parmi une large gamme de styles pour stimuler n\u2019importe quel d\u00e9cor. Gr\u00e2ce aux nombreuses options de conception, vous pouvez choisir entre des designs simples ou plus complexes pour mettre en valeur votre int\u00e9rieur et rehausser son attrait g\u00e9n\u00e9ral.<\/p>\n<p style=\"text-align: justify;\">L&#039;avantage d&#039;avoir autant de designs disponibles est que nous pouvons m\u00eame cr\u00e9er le design de <strong>barreaux de fen\u00eatre modernes<\/strong> qui convient le mieux \u00e0 la maison. Si la maison est traditionnelle ou peut-\u00eatre ultra-moderne, nous pouvons \u00e9galement avoir un design de <strong>barreaux de fen\u00eatre modernes<\/strong> rendez-le id\u00e9al. Vous trouverez <strong>barreaux de fen\u00eatre modernes<\/strong> \u00c9l\u00e9gant et moderne qui donnera un beau look \u00e0 votre int\u00e9rieur.<\/p>\n<p style=\"text-align: justify;\">Gardez \u00e0 l\u2019esprit que dans notre monde moderne, la criminalit\u00e9 est une r\u00e9alit\u00e9 tr\u00e8s sombre qui s\u2019attaque \u00e0 tous les aspects de la vie. L\u2019une des meilleures fa\u00e7ons de prot\u00e9ger votre espace contre le vol ou tout autre crime est de prendre des mesures pr\u00e9ventives. Une fen\u00eatre standard peut \u00eatre bris\u00e9e en quelques secondes et les criminels le savent. Le <strong>barreaux de fen\u00eatre modernes<\/strong> Ils peuvent \u00eatre l\u2019outil de dissuasion dont vous avez besoin. Ils sont faits de m\u00e9taux solides et couvrent toute la fen\u00eatre selon un motif de style grille ou barre. Cela emp\u00eache les voleurs d\u2019envahir vos locaux. Aucun criminel sens\u00e9 n\u2019essaierait de p\u00e9n\u00e9trer dans un endroit impossible \u00e0 p\u00e9n\u00e9trer.<\/p>\n<p style=\"text-align: justify;\">De m\u00eame, le <strong>barreaux de fen\u00eatre modernes<\/strong> Ils vous apporteront une tranquillit\u00e9 d&#039;esprit. C&#039;est probablement la meilleure r\u00e9compense pour l&#039;installation <strong>barreaux de fen\u00eatre modernes <\/strong>dans votre espace.<\/p>\n<p style=\"text-align: justify;\">Beaucoup de <strong>barreaux de fen\u00eatre modernes<\/strong> Ils sont con\u00e7us avec un syst\u00e8me en acier inoxydable de qualit\u00e9 qui est \u00e9galement antirouille. \u00c0 cela s\u2019ajoute que vous n\u2019aurez pas besoin de consacrer beaucoup de temps et de ressources \u00e0 la maintenance.<\/p>\n<p style=\"text-align: justify;\">Pour savoir quel mod\u00e8le de <strong>barreaux de fen\u00eatre modernes<\/strong> n&#039;h\u00e9sitez pas \u00e0 nous contacter. Chez Metalisteria Barcel\u00f3, nous vous offrons la meilleure qualit\u00e9 pour vous assurer de r\u00e9aliser un investissement intelligent. De plus, nous nous diff\u00e9rencions en proposant un traitement personnalis\u00e9 dans lequel chaque client peut nous faire part de tous ses besoins et attentes et nous veillons \u00e0 ce qu&#039;il s\u00e9lectionne la meilleure option, adapt\u00e9e \u00e0 son budget.<\/p>\n<p style=\"text-align: justify;\">Notre \u00e9quipe se distingue par le traitement professionnel et les prix comp\u00e9titifs que nous pr\u00e9sentons. N&#039;h\u00e9sitez pas et contactez-nous d\u00e8s aujourd&#039;hui pour d\u00e9marrer le projet qui rendra vos espaces plus s\u00e9curis\u00e9s et offrira une tranquillit\u00e9 d&#039;esprit \u00e0 vous, votre famille ou votre entreprise. Nous vous attendons pour vous prodiguer les meilleurs soins !<\/p>\n\n\t\t<\/div>\n\t<\/div>\n<\/div><\/div><\/div><div class=\"wpb_column vc_column_container vc_col-sm-4\"><div class=\"vc_column-inner\"><div class=\"wpb_wrapper\">\n\t<div class=\"wpb_text_column wpb_content_element\" >\n\t\t<div class=\"wpb_wrapper\">\n\t\t\t<h3 style=\"text-align: center;\">Contacter pour plus d&#039;informations<\/h3>\n<hr \/>\n\n\t\t<\/div>\n\t<\/div>\n<div role=\"form\" class=\"wpcf7\" id=\"wpcf7-f40-o1\" lang=\"es-ES\" dir=\"ltr\">\n<div class=\"screen-reader-response\"><p role=\"status\" aria-live=\"polite\" aria-atomic=\"true\"><\/p> <ul><\/ul><\/div>\n<form action=\"\/fr\/wp-json\/wp\/v2\/pages\/438#wpcf7-f40-o1\" method=\"post\" class=\"wpcf7-form init\" novalidate=\"novalidate\" data-status=\"init\" data-trp-original-action=\"\/fr\/wp-json\/wp\/v2\/pages\/438#wpcf7-f40-o1\">\n<div style=\"display: none;\">\n<input type=\"hidden\" name=\"_wpcf7\" value=\"40\" \/>\n<input type=\"hidden\" name=\"_wpcf7_version\" value=\"5.5.6.1\" \/>\n<input type=\"hidden\" name=\"_wpcf7_locale\" value=\"es_ES\" \/>\n<input type=\"hidden\" name=\"_wpcf7_unit_tag\" value=\"wpcf7-f40-o1\" \/>\n<input type=\"hidden\" name=\"_wpcf7_container_post\" value=\"0\" \/>\n<input type=\"hidden\" name=\"_wpcf7_posted_data_hash\" value=\"\" \/>\n<input type=\"hidden\" name=\"_wpcf7_recaptcha_response\" value=\"\" \/>\n<\/div>\n<p><label> ton nom<br \/>\n    <span class=\"wpcf7-form-control-wrap your-name\"><input type=\"text\" name=\"your-name\" value=\"\" size=\"40\" class=\"wpcf7-form-control wpcf7-text wpcf7-validates-as-required\" aria-required=\"true\" aria-invalid=\"false\" \/><\/span> <\/label><\/p>\n<p><label> Votre email<br \/>\n    <span class=\"wpcf7-form-control-wrap your-email\"><input type=\"email\" name=\"your-email\" value=\"\" size=\"40\" class=\"wpcf7-form-control wpcf7-text wpcf7-email wpcf7-validates-as-required wpcf7-validates-as-email\" aria-required=\"true\" aria-invalid=\"false\" \/><\/span> <\/label><\/p>\n<p><label> T\u00e9l\u00e9phone<br \/>\n    <span class=\"wpcf7-form-control-wrap phone\"><input type=\"text\" name=\"phone\" value=\"\" size=\"40\" class=\"wpcf7-form-control wpcf7-text wpcf7-validates-as-required\" aria-required=\"true\" aria-invalid=\"false\" \/><\/span> <\/label><\/p>\n<p><label> Code postal<br \/>\n    <span class=\"wpcf7-form-control-wrap your-subject\"><input type=\"text\" name=\"your-subject\" value=\"\" size=\"40\" class=\"wpcf7-form-control wpcf7-text\" aria-invalid=\"false\" \/><\/span> <\/label><\/p>\n<p><label> Votre message (facultatif)<br \/>\n    <span class=\"wpcf7-form-control-wrap your-message\"><textarea name=\"your-message\" cols=\"40\" rows=\"2\" class=\"wpcf7-form-control wpcf7-textarea\" aria-invalid=\"false\"><\/textarea><\/span> <\/label><\/p>\n<p><span class=\"wpcf7-form-control-wrap Enviodedatos\"><span class=\"wpcf7-form-control wpcf7-acceptance optional\"><span class=\"wpcf7-list-item\"><label><input type=\"checkbox\" name=\"Enviodedatos\" value=\"1\" aria-invalid=\"false\" \/><span class=\"wpcf7-list-item-label\">Acceptez-vous l&#039;envoi de donn\u00e9es ?<\/span><\/label><\/span><\/span><\/span><\/p>\n<p><span class=\"wpcf7-form-control-wrap Enviodedatos\"><span class=\"wpcf7-form-control wpcf7-acceptance\"><span class=\"wpcf7-list-item\"><label><input type=\"checkbox\" name=\"Enviodedatos\" value=\"1\" aria-invalid=\"false\" \/><span class=\"wpcf7-list-item-label\">Acceptez-vous le <a href=\"https:\/\/metal-barcelo.com\/fr\/politica-de-privacidad\/\"><strong>politique de confidentialit\u00e9<\/strong><\/a>?<\/span><\/label><\/span><\/span><\/span><\/p>\n<span class=\"wpcf7-form-control-wrap recaptcha\" data-name=\"recaptcha\"><span data-sitekey=\"6LeSSp4hAAAAAPZ7xH2THd-p214fTTffD9wFlOhH\" class=\"wpcf7-form-control g-recaptcha wpcf7-recaptcha\"><\/span>\r\n<noscript>\r\n\t<div class=\"grecaptcha-noscript\">\r\n\t\t<iframe loading=\"lazy\" src=\"https:\/\/www.google.com\/recaptcha\/api\/fallback?k=6LeSSp4hAAAAAPZ7xH2THd-p214fTTffD9wFlOhH\" frameborder=\"0\" scrolling=\"no\" width=\"310\" height=\"430\">\r\n\t\t<\/iframe>\r\n\t\t<textarea name=\"g-recaptcha-response\" rows=\"3\" cols=\"40\" placeholder=\"R\u00e9ponse reCaptcha ici\">\r\n\t\t<\/textarea>\r\n\t<\/div>\r\n<\/noscript>\r\n<\/span>\n<p><input type=\"submit\" value=\"Envoyer\" class=\"wpcf7-form-control has-spinner wpcf7-submit\" \/><\/p>\n<div class=\"wpcf7-response-output\" aria-hidden=\"true\"><\/div><input type=\"hidden\" name=\"trp-form-language\" value=\"fr\"\/><\/form><\/div><\/div><\/div><\/div><\/div>","protected":false},"excerpt":{"rendered":"Les designs fantastiques des barres de fen\u00eatre modernes offrent \u00e0 votre maison une fa\u00e7on fra\u00eeche et fabuleuse d&#039;am\u00e9liorer la s\u00e9curit\u00e9 et la sophistication \u00e9l\u00e9gante en utilisant des styles polyvalents et orn\u00e9s. Avec des pi\u00e8ces de conception de grille de fen\u00eatre modernes, vous n&#039;avez pas \u00e0 vous contenter de modes obsol\u00e8tes et g\u00e9n\u00e9riques\u00a0; Vous pouvez choisir parmi une large gamme de styles pour<div class=\"h10\"><\/div><a class=\"more-link1\" href=\"https:\/\/metal-barcelo.com\/fr\/rejas-para-ventanas-modernas\/\">En savoir plus<\/a>","protected":false},"author":1,"featured_media":0,"parent":0,"menu_order":0,"comment_status":"closed","ping_status":"closed","template":"","meta":{"footnotes":""},"class_list":["post-438","page","type-page","status-publish","hentry"],"yoast_head":"<!-- This site is optimized with the Yoast SEO plugin v19.8 - https:\/\/yoast.com\/wordpress\/plugins\/seo\/ -->\n<title>Fabricaci\u00f3n rejas para ventanas modernas a medida - Metal Barcel\u00f3<\/title>\n<meta name=\"description\" content=\"Fabricante de rejas para ventana moderna a medida de muy buena calidad, asegura tu hogar con Metal Barcel\u00f3, empresa experta en el sector.\" \/>\n<meta name=\"robots\" content=\"index, follow, max-snippet:-1, max-image-preview:large, max-video-preview:-1\" \/>\n<link rel=\"canonical\" href=\"https:\/\/metal-barcelo.com\/fr\/rejas-para-ventanas-modernas\/\" \/>\n<meta property=\"og:locale\" content=\"fr_FR\" \/>\n<meta property=\"og:type\" content=\"article\" \/>\n<meta property=\"og:title\" content=\"Fabricaci\u00f3n rejas para ventanas modernas a medida - Metal Barcel\u00f3\" \/>\n<meta property=\"og:description\" content=\"Fabricante de rejas para ventana moderna a medida de muy buena calidad, asegura tu hogar con Metal Barcel\u00f3, empresa experta en el sector.\" \/>\n<meta property=\"og:url\" content=\"https:\/\/metal-barcelo.com\/fr\/rejas-para-ventanas-modernas\/\" \/>\n<meta property=\"og:site_name\" content=\"Metalister\u00eda Barcel\u00f3\" \/>\n<meta property=\"article:modified_time\" content=\"2024-01-16T10:40:11+00:00\" \/>\n<meta name=\"twitter:card\" content=\"summary_large_image\" \/>\n<meta name=\"twitter:label1\" content=\"Dur\u00e9e de lecture estim\u00e9e\" \/>\n\t<meta name=\"twitter:data1\" content=\"3 minutes\" \/>\n<script type=\"application\/ld+json\" class=\"yoast-schema-graph\">{\"@context\":\"https:\/\/schema.org\",\"@graph\":[{\"@type\":\"WebPage\",\"@id\":\"https:\/\/metal-barcelo.com\/rejas-para-ventanas-modernas\/\",\"url\":\"https:\/\/metal-barcelo.com\/rejas-para-ventanas-modernas\/\",\"name\":\"Fabricaci\u00f3n rejas para ventanas modernas a medida - Metal Barcel\u00f3\",\"isPartOf\":{\"@id\":\"https:\/\/metal-barcelo.com\/#website\"},\"datePublished\":\"2022-08-23T09:14:12+00:00\",\"dateModified\":\"2024-01-16T10:40:11+00:00\",\"description\":\"Fabricante de rejas para ventana moderna a medida de muy buena calidad, asegura tu hogar con Metal Barcel\u00f3, empresa experta en el sector.\",\"breadcrumb\":{\"@id\":\"https:\/\/metal-barcelo.com\/rejas-para-ventanas-modernas\/#breadcrumb\"},\"inLanguage\":\"fr-FR\",\"potentialAction\":[{\"@type\":\"ReadAction\",\"target\":[\"https:\/\/metal-barcelo.com\/rejas-para-ventanas-modernas\/\"]}]},{\"@type\":\"BreadcrumbList\",\"@id\":\"https:\/\/metal-barcelo.com\/rejas-para-ventanas-modernas\/#breadcrumb\",\"itemListElement\":[{\"@type\":\"ListItem\",\"position\":1,\"name\":\"Portada\",\"item\":\"https:\/\/metal-barcelo.com\/\"},{\"@type\":\"ListItem\",\"position\":2,\"name\":\"Rejas para ventanas modernas\"}]},{\"@type\":\"WebSite\",\"@id\":\"https:\/\/metal-barcelo.com\/#website\",\"url\":\"https:\/\/metal-barcelo.com\/\",\"name\":\"Metalister\u00eda Barcel\u00f3\",\"description\":\"Dise\u00f1o, fabricaci\u00f3n y montaje de estructuras met\u00e1licas\",\"potentialAction\":[{\"@type\":\"SearchAction\",\"target\":{\"@type\":\"EntryPoint\",\"urlTemplate\":\"https:\/\/metal-barcelo.com\/?s={search_term_string}\"},\"query-input\":\"required name=search_term_string\"}],\"inLanguage\":\"fr-FR\"}]}<\/script>\n<!-- \/ Yoast SEO plugin. -->","yoast_head_json":{"title":"Fabricaci\u00f3n rejas para ventanas modernas a medida - Metal Barcel\u00f3","description":"Fabricante de rejas para ventana moderna a medida de muy buena calidad, asegura tu hogar con Metal Barcel\u00f3, empresa experta en el sector.","robots":{"index":"index","follow":"follow","max-snippet":"max-snippet:-1","max-image-preview":"max-image-preview:large","max-video-preview":"max-video-preview:-1"},"canonical":"https:\/\/metal-barcelo.com\/fr\/rejas-para-ventanas-modernas\/","og_locale":"fr_FR","og_type":"article","og_title":"Fabricaci\u00f3n rejas para ventanas modernas a medida - Metal Barcel\u00f3","og_description":"Fabricante de rejas para ventana moderna a medida de muy buena calidad, asegura tu hogar con Metal Barcel\u00f3, empresa experta en el sector.","og_url":"https:\/\/metal-barcelo.com\/fr\/rejas-para-ventanas-modernas\/","og_site_name":"Metalister\u00eda Barcel\u00f3","article_modified_time":"2024-01-16T10:40:11+00:00","twitter_card":"summary_large_image","twitter_misc":{"Dur\u00e9e de lecture estim\u00e9e":"3 minutes"},"schema":{"@context":"https:\/\/schema.org","@graph":[{"@type":"WebPage","@id":"https:\/\/metal-barcelo.com\/rejas-para-ventanas-modernas\/","url":"https:\/\/metal-barcelo.com\/rejas-para-ventanas-modernas\/","name":"Fabricaci\u00f3n rejas para ventanas modernas a medida - Metal Barcel\u00f3","isPartOf":{"@id":"https:\/\/metal-barcelo.com\/#website"},"datePublished":"2022-08-23T09:14:12+00:00","dateModified":"2024-01-16T10:40:11+00:00","description":"Fabricante de rejas para ventana moderna a medida de muy buena calidad, asegura tu hogar con Metal Barcel\u00f3, empresa experta en el sector.","breadcrumb":{"@id":"https:\/\/metal-barcelo.com\/rejas-para-ventanas-modernas\/#breadcrumb"},"inLanguage":"fr-FR","potentialAction":[{"@type":"ReadAction","target":["https:\/\/metal-barcelo.com\/rejas-para-ventanas-modernas\/"]}]},{"@type":"BreadcrumbList","@id":"https:\/\/metal-barcelo.com\/rejas-para-ventanas-modernas\/#breadcrumb","itemListElement":[{"@type":"ListItem","position":1,"name":"Portada","item":"https:\/\/metal-barcelo.com\/"},{"@type":"ListItem","position":2,"name":"Rejas para ventanas modernas"}]},{"@type":"WebSite","@id":"https:\/\/metal-barcelo.com\/#website","url":"https:\/\/metal-barcelo.com\/","name":"Metalister\u00eda Barcel\u00f3","description":"Dise\u00f1o, fabricaci\u00f3n y montaje de estructuras met\u00e1licas","potentialAction":[{"@type":"SearchAction","target":{"@type":"EntryPoint","urlTemplate":"https:\/\/metal-barcelo.com\/?s={search_term_string}"},"query-input":"required name=search_term_string"}],"inLanguage":"fr-FR"}]}},"_links":{"self":[{"href":"https:\/\/metal-barcelo.com\/fr\/wp-json\/wp\/v2\/pages\/438","targetHints":{"allow":["GET"]}}],"collection":[{"href":"https:\/\/metal-barcelo.com\/fr\/wp-json\/wp\/v2\/pages"}],"about":[{"href":"https:\/\/metal-barcelo.com\/fr\/wp-json\/wp\/v2\/types\/page"}],"author":[{"embeddable":true,"href":"https:\/\/metal-barcelo.com\/fr\/wp-json\/wp\/v2\/users\/1"}],"replies":[{"embeddable":true,"href":"https:\/\/metal-barcelo.com\/fr\/wp-json\/wp\/v2\/comments?post=438"}],"version-history":[{"count":0,"href":"https:\/\/metal-barcelo.com\/fr\/wp-json\/wp\/v2\/pages\/438\/revisions"}],"wp:attachment":[{"href":"https:\/\/metal-barcelo.com\/fr\/wp-json\/wp\/v2\/media?parent=438"}],"curies":[{"name":"wp","href":"https:\/\/api.w.org\/{rel}","templated":true}]}}