{"id":436,"date":"2022-08-23T09:13:04","date_gmt":"2022-08-23T09:13:04","guid":{"rendered":"https:\/\/metal-barcelo.com\/?page_id=436"},"modified":"2024-01-16T10:36:56","modified_gmt":"2024-01-16T10:36:56","slug":"rejas-para-puertas","status":"publish","type":"page","link":"https:\/\/metal-barcelo.com\/fr\/rejas-para-puertas\/","title":{"rendered":"Barres de porte"},"content":{"rendered":"<div class=\"vc_row wpb_row vc_row-fluid vc_column-gap-35\"><div class=\"wpb_column vc_column_container vc_col-sm-8\"><div class=\"vc_column-inner\"><div class=\"wpb_wrapper\">\n\t<div class=\"wpb_text_column wpb_content_element\" >\n\t\t<div class=\"wpb_wrapper\">\n\t\t\t<p style=\"text-align: justify;\">Il existe plusieurs raisons pour lesquelles une personne peut souhaiter renforcer la s\u00e9curit\u00e9 de sa maison ou de son entreprise en installant un syst\u00e8me de s\u00e9curit\u00e9. <strong>barres de porte<\/strong>. Il y a de nombreuses choses dont il faut s&#039;inqui\u00e9ter, comme le vol et d&#039;autres d\u00e9lits similaires. Avec cela, il est logique d\u2019augmenter le niveau de protection de votre espace.<\/p>\n<p style=\"text-align: justify;\">Ajouter <strong>barres de porte<\/strong> \u00e0 la s\u00e9curit\u00e9 de votre propri\u00e9t\u00e9 est une strat\u00e9gie de protection efficace et peu co\u00fbteuse. Ils sont notamment efficaces pour prot\u00e9ger la porte d\u2019entr\u00e9e des tentatives d\u2019effraction, assez fr\u00e9quentes. Le <strong>barres de porte<\/strong> Ils sont g\u00e9n\u00e9ralement fabriqu\u00e9s en acier de haute qualit\u00e9 et s&#039;\u00e9tendent sur toute la largeur de la porte pour emp\u00eacher toute entr\u00e9e non autoris\u00e9e. Pour s&#039;adapter \u00e0 tous les styles de portes, elles sont disponibles dans une large gamme de tailles.<\/p>\n<p style=\"text-align: justify;\">Gardez \u00e0 l\u2019esprit qu\u2019en g\u00e9n\u00e9ral, les criminels qui ciblent les r\u00e9sidences recherchent des maisons faciles \u00e0 p\u00e9n\u00e9trer. Un cambrioleur n&#039;appr\u00e9cie rien de plus qu&#039;une simple cible, donc si votre maison n&#039;est pas suffisamment pr\u00e9par\u00e9e \u00e0 un cambriolage, il y a de fortes chances que vous deveniez une victime.<\/p>\n<p style=\"text-align: justify;\">Renforcez la porte avec <strong>barres de porte<\/strong> envoyer une d\u00e9claration forte. De plus, cela donne l\u2019impression que votre maison est bien prot\u00e9g\u00e9e, ce qui sert \u00e0 dissuader les cambrioleurs potentiels. Si un criminel parvient \u00e0 forcer votre serrure, le <strong>barres de porte<\/strong> les emp\u00eache d&#039;entrer. En raison de l\u2019extr\u00eame difficult\u00e9 d\u2019entrer dans une propri\u00e9t\u00e9, les voleurs ne peuvent pas commettre de d\u00e9lits.<\/p>\n\n\t\t<\/div>\n\t<\/div>\n\n\t<div  class=\"wpb_single_image wpb_content_element vc_align_left\">\n\t\t\n\t\t<figure class=\"wpb_wrapper vc_figure\">\n\t\t\t<div class=\"vc_single_image-wrapper   vc_box_border_grey\"><img decoding=\"async\" width=\"1920\" height=\"1280\" src=\"https:\/\/metal-barcelo.com\/wp-content\/uploads\/2022\/08\/window-1029972_1920.jpg\" class=\"vc_single_image-img attachment-full\" alt=\"estructruas metalicas\" srcset=\"https:\/\/metal-barcelo.com\/wp-content\/uploads\/2022\/08\/window-1029972_1920.jpg 1920w, https:\/\/metal-barcelo.com\/wp-content\/uploads\/2022\/08\/window-1029972_1920-300x200.jpg 300w, https:\/\/metal-barcelo.com\/wp-content\/uploads\/2022\/08\/window-1029972_1920-1024x683.jpg 1024w, https:\/\/metal-barcelo.com\/wp-content\/uploads\/2022\/08\/window-1029972_1920-768x512.jpg 768w, https:\/\/metal-barcelo.com\/wp-content\/uploads\/2022\/08\/window-1029972_1920-1536x1024.jpg 1536w\" sizes=\"(max-width: 1920px) 100vw, 1920px\" \/><\/div>\n\t\t<\/figure>\n\t<\/div>\n<div class=\"vc_row wpb_row vc_inner vc_row-fluid\"><div class=\"wpb_column vc_column_container vc_col-sm-4\"><div class=\"vc_column-inner\"><div class=\"wpb_wrapper\"><\/div><\/div><\/div><div class=\"wpb_column vc_column_container vc_col-sm-4\"><div class=\"vc_column-inner\"><div class=\"wpb_wrapper\"><a\thref=\"https:\/\/metal-barcelo.com\/fr\/productos\/estructuras-metalicas\/#form\" \n\t\t\t\tclass=\"button btn_medium btn_theme_color btn_rounded btn_normal_style\"  target='_self'><span>CONTACTEZ-NOUS<\/span><\/a><\/div><\/div><\/div><div class=\"wpb_column vc_column_container vc_col-sm-4\"><div class=\"vc_column-inner\"><div class=\"wpb_wrapper\"><\/div><\/div><\/div><\/div>\n\t<div class=\"wpb_text_column wpb_content_element\" >\n\t\t<div class=\"wpb_wrapper\">\n\t\t\t<p style=\"text-align: justify;\">Vous vous demandez peut-\u00eatre pourquoi auriez-vous besoin <strong>barres de porte<\/strong> si vous poss\u00e9dez d\u00e9j\u00e0 une porte avec d&#039;excellentes serrures. Les intrus avertis sont experts dans l\u2019art de forcer presque toutes les serrures de porte.<\/p>\n<p style=\"text-align: justify;\">Vous pouvez ajouter une couche de protection suppl\u00e9mentaire \u00e0 votre maison sans d\u00e9penser beaucoup d&#039;argent pour l&#039;installer. <strong>barres de porte<\/strong>.<\/p>\n<p style=\"text-align: justify;\">Pour dormir paisiblement la nuit, vous devez vous assurer que vous et votre famille \u00eates en s\u00e9curit\u00e9 dans votre propre maison. Avoir une porte bien s\u00e9curis\u00e9e soulage le stress car elle vous permet de vous d\u00e9tendre sans avoir \u00e0 tout moment \u00e0 surveiller les intrus.<\/p>\n<p style=\"text-align: justify;\">De plus, certains objets de valeur peuvent \u00eatre vol\u00e9s dans une maison, surtout lorsque vous \u00eates absent. Par cons\u00e9quent, l&#039;installation de <strong>barres de porte<\/strong> Vous pouvez garder vos biens \u00e0 l&#039;abri du vol ou du vol.<\/p>\n<p style=\"text-align: justify;\">De m\u00eame, bien que cela puisse para\u00eetre basique, l&#039;un des avantages les plus importants de <strong>barres de porte<\/strong> C&#039;est le sentiment de s\u00e9curit\u00e9. Avoir un sentiment de s\u00e9curit\u00e9 et de tranquillit\u00e9 d\u2019esprit est le plus grand avantage d\u2019avoir une maison bien assur\u00e9e. De cette fa\u00e7on, vous pouvez vous concentrer sur d\u2019autres t\u00e2ches et \u00eatre plus productif au travail si vous savez que vos biens sont en s\u00e9curit\u00e9.<\/p>\n<p style=\"text-align: justify;\">De plus, la plupart des gens appr\u00e9cient un environnement paisible et calme chez eux. Par cons\u00e9quent, le manque de paix d\u00fb \u00e0 une propri\u00e9t\u00e9 non garantie peut avoir un impact n\u00e9gatif sur la vie personnelle d&#039;une personne ainsi que sur le bien-\u00eatre g\u00e9n\u00e9ral du m\u00e9nage. Comptez sur Metalisteria Barcel\u00f3 pour l&#039;installation de votre <strong>barres de porte. <\/strong><\/p>\n\n\t\t<\/div>\n\t<\/div>\n<\/div><\/div><\/div><div class=\"wpb_column vc_column_container vc_col-sm-4\"><div class=\"vc_column-inner\"><div class=\"wpb_wrapper\">\n\t<div class=\"wpb_text_column wpb_content_element\" >\n\t\t<div class=\"wpb_wrapper\">\n\t\t\t<h3 style=\"text-align: center;\">Contacter pour plus d&#039;informations<\/h3>\n<hr \/>\n\n\t\t<\/div>\n\t<\/div>\n<div role=\"form\" class=\"wpcf7\" id=\"wpcf7-f40-o1\" lang=\"es-ES\" dir=\"ltr\">\n<div class=\"screen-reader-response\"><p role=\"status\" aria-live=\"polite\" aria-atomic=\"true\"><\/p> <ul><\/ul><\/div>\n<form action=\"\/fr\/wp-json\/wp\/v2\/pages\/436#wpcf7-f40-o1\" method=\"post\" class=\"wpcf7-form init\" novalidate=\"novalidate\" data-status=\"init\" data-trp-original-action=\"\/fr\/wp-json\/wp\/v2\/pages\/436#wpcf7-f40-o1\">\n<div style=\"display: none;\">\n<input type=\"hidden\" name=\"_wpcf7\" value=\"40\" \/>\n<input type=\"hidden\" name=\"_wpcf7_version\" value=\"5.5.6.1\" \/>\n<input type=\"hidden\" name=\"_wpcf7_locale\" value=\"es_ES\" \/>\n<input type=\"hidden\" name=\"_wpcf7_unit_tag\" value=\"wpcf7-f40-o1\" \/>\n<input type=\"hidden\" name=\"_wpcf7_container_post\" value=\"0\" \/>\n<input type=\"hidden\" name=\"_wpcf7_posted_data_hash\" value=\"\" \/>\n<input type=\"hidden\" name=\"_wpcf7_recaptcha_response\" value=\"\" \/>\n<\/div>\n<p><label> ton nom<br \/>\n    <span class=\"wpcf7-form-control-wrap your-name\"><input type=\"text\" name=\"your-name\" value=\"\" size=\"40\" class=\"wpcf7-form-control wpcf7-text wpcf7-validates-as-required\" aria-required=\"true\" aria-invalid=\"false\" \/><\/span> <\/label><\/p>\n<p><label> Votre email<br \/>\n    <span class=\"wpcf7-form-control-wrap your-email\"><input type=\"email\" name=\"your-email\" value=\"\" size=\"40\" class=\"wpcf7-form-control wpcf7-text wpcf7-email wpcf7-validates-as-required wpcf7-validates-as-email\" aria-required=\"true\" aria-invalid=\"false\" \/><\/span> <\/label><\/p>\n<p><label> T\u00e9l\u00e9phone<br \/>\n    <span class=\"wpcf7-form-control-wrap phone\"><input type=\"text\" name=\"phone\" value=\"\" size=\"40\" class=\"wpcf7-form-control wpcf7-text wpcf7-validates-as-required\" aria-required=\"true\" aria-invalid=\"false\" \/><\/span> <\/label><\/p>\n<p><label> Code postal<br \/>\n    <span class=\"wpcf7-form-control-wrap your-subject\"><input type=\"text\" name=\"your-subject\" value=\"\" size=\"40\" class=\"wpcf7-form-control wpcf7-text\" aria-invalid=\"false\" \/><\/span> <\/label><\/p>\n<p><label> Votre message (facultatif)<br \/>\n    <span class=\"wpcf7-form-control-wrap your-message\"><textarea name=\"your-message\" cols=\"40\" rows=\"2\" class=\"wpcf7-form-control wpcf7-textarea\" aria-invalid=\"false\"><\/textarea><\/span> <\/label><\/p>\n<p><span class=\"wpcf7-form-control-wrap Enviodedatos\"><span class=\"wpcf7-form-control wpcf7-acceptance optional\"><span class=\"wpcf7-list-item\"><label><input type=\"checkbox\" name=\"Enviodedatos\" value=\"1\" aria-invalid=\"false\" \/><span class=\"wpcf7-list-item-label\">Acceptez-vous l&#039;envoi de donn\u00e9es ?<\/span><\/label><\/span><\/span><\/span><\/p>\n<p><span class=\"wpcf7-form-control-wrap Enviodedatos\"><span class=\"wpcf7-form-control wpcf7-acceptance\"><span class=\"wpcf7-list-item\"><label><input type=\"checkbox\" name=\"Enviodedatos\" value=\"1\" aria-invalid=\"false\" \/><span class=\"wpcf7-list-item-label\">Acceptez-vous le <a href=\"https:\/\/metal-barcelo.com\/fr\/politica-de-privacidad\/\"><strong>politique de confidentialit\u00e9<\/strong><\/a>?<\/span><\/label><\/span><\/span><\/span><\/p>\n<span class=\"wpcf7-form-control-wrap recaptcha\" data-name=\"recaptcha\"><span data-sitekey=\"6LeSSp4hAAAAAPZ7xH2THd-p214fTTffD9wFlOhH\" class=\"wpcf7-form-control g-recaptcha wpcf7-recaptcha\"><\/span>\r\n<noscript>\r\n\t<div class=\"grecaptcha-noscript\">\r\n\t\t<iframe loading=\"lazy\" src=\"https:\/\/www.google.com\/recaptcha\/api\/fallback?k=6LeSSp4hAAAAAPZ7xH2THd-p214fTTffD9wFlOhH\" frameborder=\"0\" scrolling=\"no\" width=\"310\" height=\"430\">\r\n\t\t<\/iframe>\r\n\t\t<textarea name=\"g-recaptcha-response\" rows=\"3\" cols=\"40\" placeholder=\"R\u00e9ponse reCaptcha ici\">\r\n\t\t<\/textarea>\r\n\t<\/div>\r\n<\/noscript>\r\n<\/span>\n<p><input type=\"submit\" value=\"Envoyer\" class=\"wpcf7-form-control has-spinner wpcf7-submit\" \/><\/p>\n<div class=\"wpcf7-response-output\" aria-hidden=\"true\"><\/div><input type=\"hidden\" name=\"trp-form-language\" value=\"fr\"\/><\/form><\/div><\/div><\/div><\/div><\/div>","protected":false},"excerpt":{"rendered":"Il existe plusieurs raisons pour lesquelles une personne peut souhaiter renforcer la s\u00e9curit\u00e9 de sa maison ou de son entreprise en installant des barres de porte. Il y a de nombreuses choses dont il faut s&#039;inqui\u00e9ter, comme le vol et d&#039;autres d\u00e9lits similaires. Avec cela, il est logique d\u2019augmenter le niveau de protection de votre espace. Ajouter des protections de porte \u00e0 la s\u00e9curit\u00e9 de votre propri\u00e9t\u00e9<div class=\"h10\"><\/div><a class=\"more-link1\" href=\"https:\/\/metal-barcelo.com\/fr\/rejas-para-puertas\/\">En savoir plus<\/a>","protected":false},"author":1,"featured_media":0,"parent":0,"menu_order":0,"comment_status":"closed","ping_status":"closed","template":"","meta":{"footnotes":""},"class_list":["post-436","page","type-page","status-publish","hentry"],"yoast_head":"<!-- This site is optimized with the Yoast SEO plugin v19.8 - https:\/\/yoast.com\/wordpress\/plugins\/seo\/ -->\n<title>Fabricaci\u00f3n de rejas para puertas a medida - Metal Barcel\u00f3<\/title>\n<meta name=\"description\" content=\"Fabricante y montaje de rejas para puerta a medida de muy buena calidad, asegura tu hogar con Metal Barcel\u00f3, empresa experta en el sector.\" \/>\n<meta name=\"robots\" content=\"index, follow, max-snippet:-1, max-image-preview:large, max-video-preview:-1\" \/>\n<link rel=\"canonical\" href=\"https:\/\/metal-barcelo.com\/fr\/rejas-para-puertas\/\" \/>\n<meta property=\"og:locale\" content=\"fr_FR\" \/>\n<meta property=\"og:type\" content=\"article\" \/>\n<meta property=\"og:title\" content=\"Fabricaci\u00f3n de rejas para puertas a medida - Metal Barcel\u00f3\" \/>\n<meta property=\"og:description\" content=\"Fabricante y montaje de rejas para puerta a medida de muy buena calidad, asegura tu hogar con Metal Barcel\u00f3, empresa experta en el sector.\" \/>\n<meta property=\"og:url\" content=\"https:\/\/metal-barcelo.com\/fr\/rejas-para-puertas\/\" \/>\n<meta property=\"og:site_name\" content=\"Metalister\u00eda Barcel\u00f3\" \/>\n<meta property=\"article:modified_time\" content=\"2024-01-16T10:36:56+00:00\" \/>\n<meta name=\"twitter:card\" content=\"summary_large_image\" \/>\n<meta name=\"twitter:label1\" content=\"Dur\u00e9e de lecture estim\u00e9e\" \/>\n\t<meta name=\"twitter:data1\" content=\"3 minutes\" \/>\n<script type=\"application\/ld+json\" class=\"yoast-schema-graph\">{\"@context\":\"https:\/\/schema.org\",\"@graph\":[{\"@type\":\"WebPage\",\"@id\":\"https:\/\/metal-barcelo.com\/rejas-para-puertas\/\",\"url\":\"https:\/\/metal-barcelo.com\/rejas-para-puertas\/\",\"name\":\"Fabricaci\u00f3n de rejas para puertas a medida - Metal Barcel\u00f3\",\"isPartOf\":{\"@id\":\"https:\/\/metal-barcelo.com\/#website\"},\"datePublished\":\"2022-08-23T09:13:04+00:00\",\"dateModified\":\"2024-01-16T10:36:56+00:00\",\"description\":\"Fabricante y montaje de rejas para puerta a medida de muy buena calidad, asegura tu hogar con Metal Barcel\u00f3, empresa experta en el sector.\",\"breadcrumb\":{\"@id\":\"https:\/\/metal-barcelo.com\/rejas-para-puertas\/#breadcrumb\"},\"inLanguage\":\"fr-FR\",\"potentialAction\":[{\"@type\":\"ReadAction\",\"target\":[\"https:\/\/metal-barcelo.com\/rejas-para-puertas\/\"]}]},{\"@type\":\"BreadcrumbList\",\"@id\":\"https:\/\/metal-barcelo.com\/rejas-para-puertas\/#breadcrumb\",\"itemListElement\":[{\"@type\":\"ListItem\",\"position\":1,\"name\":\"Portada\",\"item\":\"https:\/\/metal-barcelo.com\/\"},{\"@type\":\"ListItem\",\"position\":2,\"name\":\"Rejas para puertas\"}]},{\"@type\":\"WebSite\",\"@id\":\"https:\/\/metal-barcelo.com\/#website\",\"url\":\"https:\/\/metal-barcelo.com\/\",\"name\":\"Metalister\u00eda Barcel\u00f3\",\"description\":\"Dise\u00f1o, fabricaci\u00f3n y montaje de estructuras met\u00e1licas\",\"potentialAction\":[{\"@type\":\"SearchAction\",\"target\":{\"@type\":\"EntryPoint\",\"urlTemplate\":\"https:\/\/metal-barcelo.com\/?s={search_term_string}\"},\"query-input\":\"required name=search_term_string\"}],\"inLanguage\":\"fr-FR\"}]}<\/script>\n<!-- \/ Yoast SEO plugin. -->","yoast_head_json":{"title":"Fabricaci\u00f3n de rejas para puertas a medida - Metal Barcel\u00f3","description":"Fabricante y montaje de rejas para puerta a medida de muy buena calidad, asegura tu hogar con Metal Barcel\u00f3, empresa experta en el sector.","robots":{"index":"index","follow":"follow","max-snippet":"max-snippet:-1","max-image-preview":"max-image-preview:large","max-video-preview":"max-video-preview:-1"},"canonical":"https:\/\/metal-barcelo.com\/fr\/rejas-para-puertas\/","og_locale":"fr_FR","og_type":"article","og_title":"Fabricaci\u00f3n de rejas para puertas a medida - Metal Barcel\u00f3","og_description":"Fabricante y montaje de rejas para puerta a medida de muy buena calidad, asegura tu hogar con Metal Barcel\u00f3, empresa experta en el sector.","og_url":"https:\/\/metal-barcelo.com\/fr\/rejas-para-puertas\/","og_site_name":"Metalister\u00eda Barcel\u00f3","article_modified_time":"2024-01-16T10:36:56+00:00","twitter_card":"summary_large_image","twitter_misc":{"Dur\u00e9e de lecture estim\u00e9e":"3 minutes"},"schema":{"@context":"https:\/\/schema.org","@graph":[{"@type":"WebPage","@id":"https:\/\/metal-barcelo.com\/rejas-para-puertas\/","url":"https:\/\/metal-barcelo.com\/rejas-para-puertas\/","name":"Fabricaci\u00f3n de rejas para puertas a medida - Metal Barcel\u00f3","isPartOf":{"@id":"https:\/\/metal-barcelo.com\/#website"},"datePublished":"2022-08-23T09:13:04+00:00","dateModified":"2024-01-16T10:36:56+00:00","description":"Fabricante y montaje de rejas para puerta a medida de muy buena calidad, asegura tu hogar con Metal Barcel\u00f3, empresa experta en el sector.","breadcrumb":{"@id":"https:\/\/metal-barcelo.com\/rejas-para-puertas\/#breadcrumb"},"inLanguage":"fr-FR","potentialAction":[{"@type":"ReadAction","target":["https:\/\/metal-barcelo.com\/rejas-para-puertas\/"]}]},{"@type":"BreadcrumbList","@id":"https:\/\/metal-barcelo.com\/rejas-para-puertas\/#breadcrumb","itemListElement":[{"@type":"ListItem","position":1,"name":"Portada","item":"https:\/\/metal-barcelo.com\/"},{"@type":"ListItem","position":2,"name":"Rejas para puertas"}]},{"@type":"WebSite","@id":"https:\/\/metal-barcelo.com\/#website","url":"https:\/\/metal-barcelo.com\/","name":"Metalister\u00eda Barcel\u00f3","description":"Dise\u00f1o, fabricaci\u00f3n y montaje de estructuras met\u00e1licas","potentialAction":[{"@type":"SearchAction","target":{"@type":"EntryPoint","urlTemplate":"https:\/\/metal-barcelo.com\/?s={search_term_string}"},"query-input":"required name=search_term_string"}],"inLanguage":"fr-FR"}]}},"_links":{"self":[{"href":"https:\/\/metal-barcelo.com\/fr\/wp-json\/wp\/v2\/pages\/436","targetHints":{"allow":["GET"]}}],"collection":[{"href":"https:\/\/metal-barcelo.com\/fr\/wp-json\/wp\/v2\/pages"}],"about":[{"href":"https:\/\/metal-barcelo.com\/fr\/wp-json\/wp\/v2\/types\/page"}],"author":[{"embeddable":true,"href":"https:\/\/metal-barcelo.com\/fr\/wp-json\/wp\/v2\/users\/1"}],"replies":[{"embeddable":true,"href":"https:\/\/metal-barcelo.com\/fr\/wp-json\/wp\/v2\/comments?post=436"}],"version-history":[{"count":0,"href":"https:\/\/metal-barcelo.com\/fr\/wp-json\/wp\/v2\/pages\/436\/revisions"}],"wp:attachment":[{"href":"https:\/\/metal-barcelo.com\/fr\/wp-json\/wp\/v2\/media?parent=436"}],"curies":[{"name":"wp","href":"https:\/\/api.w.org\/{rel}","templated":true}]}}