{"id":433,"date":"2022-08-23T09:10:54","date_gmt":"2022-08-23T09:10:54","guid":{"rendered":"https:\/\/metal-barcelo.com\/?page_id=433"},"modified":"2024-01-16T10:25:56","modified_gmt":"2024-01-16T10:25:56","slug":"barandilla-escalera","status":"publish","type":"page","link":"https:\/\/metal-barcelo.com\/fr\/barandilla-escalera\/","title":{"rendered":"rampe d&#039;escalier"},"content":{"rendered":"<div class=\"vc_row wpb_row vc_row-fluid vc_column-gap-35\"><div class=\"wpb_column vc_column_container vc_col-sm-8\"><div class=\"vc_column-inner\"><div class=\"wpb_wrapper\">\n\t<div class=\"wpb_text_column wpb_content_element\" >\n\t\t<div class=\"wpb_wrapper\">\n\t\t\t<p style=\"text-align: justify;\">UN <strong>rampe d&#039;escalier<\/strong> Il s\u2019agit d\u2019un \u00e9l\u00e9ment architectural omnipr\u00e9sent qui augmente la s\u00e9curit\u00e9 et l\u2019accessibilit\u00e9 dans de nombreuses installations int\u00e9rieures et ext\u00e9rieures.<\/p>\n<p style=\"text-align: justify;\">Le <strong>rampe d&#039;escalier<\/strong> Son objectif premier est d&#039;assurer la s\u00e9curit\u00e9 des pi\u00e9tons. Son installation \u00e9vite aux personnes de tomber ou de provoquer des incidents de sant\u00e9 et de s\u00e9curit\u00e9 si elles perdent l&#039;\u00e9quilibre, souffrent de probl\u00e8mes de sant\u00e9 tels que fatigue ou vertiges ou ont une mobilit\u00e9 r\u00e9duite.<\/p>\n<p style=\"text-align: justify;\">Ils offrent \u00e9galement une s\u00e9curit\u00e9 et un soutien suppl\u00e9mentaires si la zone est glissante ou dangereuse en raison d&#039;intemp\u00e9ries telles que la pluie, la glace ou la neige.<\/p>\n<p style=\"text-align: justify;\">C&#039;est \u00e9galement un excellent mat\u00e9riau pour un <strong>rampe d&#039;escalier <\/strong>C&#039;est du m\u00e9tal mais... Pourquoi ce mat\u00e9riau est-il si populaire ? C\u2019est parce qu\u2019il poss\u00e8de de nombreuses qualit\u00e9s de robustesse. Le m\u00e9tal est polyvalent et tr\u00e8s durable, ce qui en fait le meilleur choix pour de nombreuses structures, y compris si vous installez un <strong>rampe d&#039;escalier<\/strong>.<\/p>\n<p style=\"text-align: justify;\">UN <strong>rampe d&#039;escalier <\/strong>Il ne peut pas \u00eatre fabriqu\u00e9 \u00e0 partir de mat\u00e9riaux fragiles. Son objectif principal est de soutenir vos mains lorsque vous montez ou descendez les escaliers. Pour cette raison, sa construction doit \u00eatre fiable et r\u00e9sistante, afin que lorsqu&#039;une personne tr\u00e9buche dans les escaliers, elle puisse saisir la rampe.<strong> \u00e9chelle <\/strong>pour \u00e9viter des dommages graves.<\/p>\n\n\t\t<\/div>\n\t<\/div>\n\n\t<div  class=\"wpb_single_image wpb_content_element vc_align_left\">\n\t\t\n\t\t<figure class=\"wpb_wrapper vc_figure\">\n\t\t\t<div class=\"vc_single_image-wrapper   vc_box_border_grey\"><img decoding=\"async\" width=\"1920\" height=\"1080\" src=\"https:\/\/metal-barcelo.com\/wp-content\/uploads\/2022\/06\/Sliders-Metalisteria-Barcelo-e1656588122307.jpg\" class=\"vc_single_image-img attachment-full\" alt=\"estructruas metalicas\" srcset=\"https:\/\/metal-barcelo.com\/wp-content\/uploads\/2022\/06\/Sliders-Metalisteria-Barcelo-e1656588122307.jpg 1920w, https:\/\/metal-barcelo.com\/wp-content\/uploads\/2022\/06\/Sliders-Metalisteria-Barcelo-e1656588122307-300x169.jpg 300w, https:\/\/metal-barcelo.com\/wp-content\/uploads\/2022\/06\/Sliders-Metalisteria-Barcelo-e1656588122307-1024x576.jpg 1024w, https:\/\/metal-barcelo.com\/wp-content\/uploads\/2022\/06\/Sliders-Metalisteria-Barcelo-e1656588122307-768x432.jpg 768w, https:\/\/metal-barcelo.com\/wp-content\/uploads\/2022\/06\/Sliders-Metalisteria-Barcelo-e1656588122307-1536x864.jpg 1536w\" sizes=\"(max-width: 1920px) 100vw, 1920px\" \/><\/div>\n\t\t<\/figure>\n\t<\/div>\n<div class=\"vc_row wpb_row vc_inner vc_row-fluid\"><div class=\"wpb_column vc_column_container vc_col-sm-4\"><div class=\"vc_column-inner\"><div class=\"wpb_wrapper\"><\/div><\/div><\/div><div class=\"wpb_column vc_column_container vc_col-sm-4\"><div class=\"vc_column-inner\"><div class=\"wpb_wrapper\"><a\thref=\"https:\/\/metal-barcelo.com\/fr\/productos\/estructuras-metalicas\/#form\" \n\t\t\t\tclass=\"button btn_medium btn_theme_color btn_rounded btn_normal_style\"  target='_self'><span>CONTACTEZ-NOUS<\/span><\/a><\/div><\/div><\/div><div class=\"wpb_column vc_column_container vc_col-sm-4\"><div class=\"vc_column-inner\"><div class=\"wpb_wrapper\"><\/div><\/div><\/div><\/div>\n\t<div class=\"wpb_text_column wpb_content_element\" >\n\t\t<div class=\"wpb_wrapper\">\n\t\t\t<p style=\"text-align: justify;\">L&#039;utilisation d&#039;un mat\u00e9riau tr\u00e8s durable et r\u00e9sistant pour le <strong>rampe d&#039;escalier<\/strong> Il est extr\u00eamement important d\u2019assurer une s\u00e9curit\u00e9 totale. Le meilleur mat\u00e9riau m\u00e9tallique pour remplir cet objectif. Depuis un <strong>rampe d&#039;escalier <\/strong>Le m\u00e9tal est beaucoup plus r\u00e9sistant que d\u2019autres m\u00e9taux comme le bois car il poss\u00e8de une r\u00e9sistance \u00e0 la traction \u00e9lev\u00e9e. De plus, ces garde-corps sont antirouille et peuvent r\u00e9sister \u00e0 tous les climats. Ils sont donc \u00e9galement id\u00e9aux pour les garde-corps ext\u00e9rieurs.<\/p>\n<p style=\"text-align: justify;\">En plus d&#039;\u00eatre tr\u00e8s fort, un <strong>rampe d&#039;escalier <\/strong>Le m\u00e9tal est \u00e9galement tr\u00e8s facile \u00e0 entretenir. Pour maintenir un <strong>rampe d&#039;escalier<\/strong> Polis et brillants, il suffit de les nettoyer avec une brosse. En raison de la faible maintenance du <strong>rampe d&#039;escalier <\/strong>m\u00e9tal, sont pr\u00e9f\u00e9r\u00e9s dans l\u2019industrie de la construction. Lorsque vous souhaitez nettoyer le <strong>rampe d&#039;escalier<\/strong>, utilisez simplement un chiffon humide pour essuyer toute poussi\u00e8re, crasse ou salet\u00e9.<\/p>\n<p style=\"text-align: justify;\">Compar\u00e9 \u00e0 d&#039;autres mat\u00e9riaux, un <strong>rampe d&#039;escalier <\/strong>le m\u00e9tal est assez rentable. De plus, ces garde-corps ne n\u00e9cessitent pas de finition p\u00e9riodique, ce qui permet aux propri\u00e9taires de b\u00e2timents d&#039;\u00e9conomiser de l&#039;argent \u00e0 long terme. Les garde-corps m\u00e9talliques conservent leur aspect m\u00eame lorsqu\u2019ils sont expos\u00e9s \u00e0 des conditions m\u00e9t\u00e9orologiques extr\u00eames. Donc, si vous recherchez des \u00e9conomies et de l&#039;esth\u00e9tique \u00e0 long terme, vous devriez opter pour <strong>rampe d&#039;escalier <\/strong>de m\u00e9tal.<\/p>\n<p style=\"text-align: justify;\">Le fait que vous voyiez un <strong>rampe d&#039;escalier<\/strong> Dans la plupart des b\u00e2timents, il suffit de montrer qu\u2019ils sont solides et esth\u00e9tiquement attrayants. Comptez sur nous pour l&#039;installation du <strong>rampe d&#039;escalier <\/strong>sur votre propri\u00e9t\u00e9.<\/p>\n\n\t\t<\/div>\n\t<\/div>\n<\/div><\/div><\/div><div class=\"wpb_column vc_column_container vc_col-sm-4\"><div class=\"vc_column-inner\"><div class=\"wpb_wrapper\">\n\t<div class=\"wpb_text_column wpb_content_element\" >\n\t\t<div class=\"wpb_wrapper\">\n\t\t\t<h3 style=\"text-align: center;\">Contacter pour plus d&#039;informations<\/h3>\n<hr \/>\n\n\t\t<\/div>\n\t<\/div>\n<div role=\"form\" class=\"wpcf7\" id=\"wpcf7-f40-o1\" lang=\"es-ES\" dir=\"ltr\">\n<div class=\"screen-reader-response\"><p role=\"status\" aria-live=\"polite\" aria-atomic=\"true\"><\/p> <ul><\/ul><\/div>\n<form action=\"\/fr\/wp-json\/wp\/v2\/pages\/433#wpcf7-f40-o1\" method=\"post\" class=\"wpcf7-form init\" novalidate=\"novalidate\" data-status=\"init\" data-trp-original-action=\"\/fr\/wp-json\/wp\/v2\/pages\/433#wpcf7-f40-o1\">\n<div style=\"display: none;\">\n<input type=\"hidden\" name=\"_wpcf7\" value=\"40\" \/>\n<input type=\"hidden\" name=\"_wpcf7_version\" value=\"5.5.6.1\" \/>\n<input type=\"hidden\" name=\"_wpcf7_locale\" value=\"es_ES\" \/>\n<input type=\"hidden\" name=\"_wpcf7_unit_tag\" value=\"wpcf7-f40-o1\" \/>\n<input type=\"hidden\" name=\"_wpcf7_container_post\" value=\"0\" \/>\n<input type=\"hidden\" name=\"_wpcf7_posted_data_hash\" value=\"\" \/>\n<input type=\"hidden\" name=\"_wpcf7_recaptcha_response\" value=\"\" \/>\n<\/div>\n<p><label> ton nom<br \/>\n    <span class=\"wpcf7-form-control-wrap your-name\"><input type=\"text\" name=\"your-name\" value=\"\" size=\"40\" class=\"wpcf7-form-control wpcf7-text wpcf7-validates-as-required\" aria-required=\"true\" aria-invalid=\"false\" \/><\/span> <\/label><\/p>\n<p><label> Votre email<br \/>\n    <span class=\"wpcf7-form-control-wrap your-email\"><input type=\"email\" name=\"your-email\" value=\"\" size=\"40\" class=\"wpcf7-form-control wpcf7-text wpcf7-email wpcf7-validates-as-required wpcf7-validates-as-email\" aria-required=\"true\" aria-invalid=\"false\" \/><\/span> <\/label><\/p>\n<p><label> T\u00e9l\u00e9phone<br \/>\n    <span class=\"wpcf7-form-control-wrap phone\"><input type=\"text\" name=\"phone\" value=\"\" size=\"40\" class=\"wpcf7-form-control wpcf7-text wpcf7-validates-as-required\" aria-required=\"true\" aria-invalid=\"false\" \/><\/span> <\/label><\/p>\n<p><label> Code postal<br \/>\n    <span class=\"wpcf7-form-control-wrap your-subject\"><input type=\"text\" name=\"your-subject\" value=\"\" size=\"40\" class=\"wpcf7-form-control wpcf7-text\" aria-invalid=\"false\" \/><\/span> <\/label><\/p>\n<p><label> Votre message (facultatif)<br \/>\n    <span class=\"wpcf7-form-control-wrap your-message\"><textarea name=\"your-message\" cols=\"40\" rows=\"2\" class=\"wpcf7-form-control wpcf7-textarea\" aria-invalid=\"false\"><\/textarea><\/span> <\/label><\/p>\n<p><span class=\"wpcf7-form-control-wrap Enviodedatos\"><span class=\"wpcf7-form-control wpcf7-acceptance optional\"><span class=\"wpcf7-list-item\"><label><input type=\"checkbox\" name=\"Enviodedatos\" value=\"1\" aria-invalid=\"false\" \/><span class=\"wpcf7-list-item-label\">Acceptez-vous l&#039;envoi de donn\u00e9es ?<\/span><\/label><\/span><\/span><\/span><\/p>\n<p><span class=\"wpcf7-form-control-wrap Enviodedatos\"><span class=\"wpcf7-form-control wpcf7-acceptance\"><span class=\"wpcf7-list-item\"><label><input type=\"checkbox\" name=\"Enviodedatos\" value=\"1\" aria-invalid=\"false\" \/><span class=\"wpcf7-list-item-label\">Acceptez-vous le <a href=\"https:\/\/metal-barcelo.com\/fr\/politica-de-privacidad\/\"><strong>politique de confidentialit\u00e9<\/strong><\/a>?<\/span><\/label><\/span><\/span><\/span><\/p>\n<span class=\"wpcf7-form-control-wrap recaptcha\" data-name=\"recaptcha\"><span data-sitekey=\"6LeSSp4hAAAAAPZ7xH2THd-p214fTTffD9wFlOhH\" class=\"wpcf7-form-control g-recaptcha wpcf7-recaptcha\"><\/span>\r\n<noscript>\r\n\t<div class=\"grecaptcha-noscript\">\r\n\t\t<iframe loading=\"lazy\" src=\"https:\/\/www.google.com\/recaptcha\/api\/fallback?k=6LeSSp4hAAAAAPZ7xH2THd-p214fTTffD9wFlOhH\" frameborder=\"0\" scrolling=\"no\" width=\"310\" height=\"430\">\r\n\t\t<\/iframe>\r\n\t\t<textarea name=\"g-recaptcha-response\" rows=\"3\" cols=\"40\" placeholder=\"R\u00e9ponse reCaptcha ici\">\r\n\t\t<\/textarea>\r\n\t<\/div>\r\n<\/noscript>\r\n<\/span>\n<p><input type=\"submit\" value=\"Envoyer\" class=\"wpcf7-form-control has-spinner wpcf7-submit\" \/><\/p>\n<div class=\"wpcf7-response-output\" aria-hidden=\"true\"><\/div><input type=\"hidden\" name=\"trp-form-language\" value=\"fr\"\/><\/form><\/div><\/div><\/div><\/div><\/div>","protected":false},"excerpt":{"rendered":"Une rampe d&#039;escalier est un \u00e9l\u00e9ment architectural omnipr\u00e9sent qui augmente la s\u00e9curit\u00e9 et l&#039;accessibilit\u00e9 dans de nombreuses installations int\u00e9rieures et ext\u00e9rieures. Les rampes d&#039;escalier existent principalement pour assurer la s\u00e9curit\u00e9 des pi\u00e9tons. Son installation emp\u00eache les personnes de tomber ou de provoquer des incidents de sant\u00e9 et de s\u00e9curit\u00e9 si elles perdent l&#039;\u00e9quilibre, souffrent de probl\u00e8mes de sant\u00e9 tels que<div class=\"h10\"><\/div><a class=\"more-link1\" href=\"https:\/\/metal-barcelo.com\/fr\/barandilla-escalera\/\">En savoir plus<\/a>","protected":false},"author":1,"featured_media":0,"parent":0,"menu_order":0,"comment_status":"closed","ping_status":"closed","template":"","meta":{"footnotes":""},"class_list":["post-433","page","type-page","status-publish","hentry"],"yoast_head":"<!-- This site is optimized with the Yoast SEO plugin v19.8 - https:\/\/yoast.com\/wordpress\/plugins\/seo\/ -->\n<title>Fabricante barandilla escalera - Metal Barcel\u00f3<\/title>\n<meta name=\"description\" content=\"Fabricante y montaje barandilla escalera met\u00e1lica para la seguridad de tu hogar con la mayor calidad y mejor dise\u00f1o del mercado Metal Barcel\u00f3.\" \/>\n<meta name=\"robots\" content=\"index, follow, max-snippet:-1, max-image-preview:large, max-video-preview:-1\" \/>\n<link rel=\"canonical\" href=\"https:\/\/metal-barcelo.com\/fr\/barandilla-escalera\/\" \/>\n<meta property=\"og:locale\" content=\"fr_FR\" \/>\n<meta property=\"og:type\" content=\"article\" \/>\n<meta property=\"og:title\" content=\"Fabricante barandilla escalera - Metal Barcel\u00f3\" \/>\n<meta property=\"og:description\" content=\"Fabricante y montaje barandilla escalera met\u00e1lica para la seguridad de tu hogar con la mayor calidad y mejor dise\u00f1o del mercado Metal Barcel\u00f3.\" \/>\n<meta property=\"og:url\" content=\"https:\/\/metal-barcelo.com\/fr\/barandilla-escalera\/\" \/>\n<meta property=\"og:site_name\" content=\"Metalister\u00eda Barcel\u00f3\" \/>\n<meta property=\"article:modified_time\" content=\"2024-01-16T10:25:56+00:00\" \/>\n<meta name=\"twitter:card\" content=\"summary_large_image\" \/>\n<meta name=\"twitter:label1\" content=\"Dur\u00e9e de lecture estim\u00e9e\" \/>\n\t<meta name=\"twitter:data1\" content=\"3 minutes\" \/>\n<script type=\"application\/ld+json\" class=\"yoast-schema-graph\">{\"@context\":\"https:\/\/schema.org\",\"@graph\":[{\"@type\":\"WebPage\",\"@id\":\"https:\/\/metal-barcelo.com\/barandilla-escalera\/\",\"url\":\"https:\/\/metal-barcelo.com\/barandilla-escalera\/\",\"name\":\"Fabricante barandilla escalera - Metal Barcel\u00f3\",\"isPartOf\":{\"@id\":\"https:\/\/metal-barcelo.com\/#website\"},\"datePublished\":\"2022-08-23T09:10:54+00:00\",\"dateModified\":\"2024-01-16T10:25:56+00:00\",\"description\":\"Fabricante y montaje barandilla escalera met\u00e1lica para la seguridad de tu hogar con la mayor calidad y mejor dise\u00f1o del mercado Metal Barcel\u00f3.\",\"breadcrumb\":{\"@id\":\"https:\/\/metal-barcelo.com\/barandilla-escalera\/#breadcrumb\"},\"inLanguage\":\"fr-FR\",\"potentialAction\":[{\"@type\":\"ReadAction\",\"target\":[\"https:\/\/metal-barcelo.com\/barandilla-escalera\/\"]}]},{\"@type\":\"BreadcrumbList\",\"@id\":\"https:\/\/metal-barcelo.com\/barandilla-escalera\/#breadcrumb\",\"itemListElement\":[{\"@type\":\"ListItem\",\"position\":1,\"name\":\"Portada\",\"item\":\"https:\/\/metal-barcelo.com\/\"},{\"@type\":\"ListItem\",\"position\":2,\"name\":\"Barandilla escalera\"}]},{\"@type\":\"WebSite\",\"@id\":\"https:\/\/metal-barcelo.com\/#website\",\"url\":\"https:\/\/metal-barcelo.com\/\",\"name\":\"Metalister\u00eda Barcel\u00f3\",\"description\":\"Dise\u00f1o, fabricaci\u00f3n y montaje de estructuras met\u00e1licas\",\"potentialAction\":[{\"@type\":\"SearchAction\",\"target\":{\"@type\":\"EntryPoint\",\"urlTemplate\":\"https:\/\/metal-barcelo.com\/?s={search_term_string}\"},\"query-input\":\"required name=search_term_string\"}],\"inLanguage\":\"fr-FR\"}]}<\/script>\n<!-- \/ Yoast SEO plugin. -->","yoast_head_json":{"title":"Fabricante barandilla escalera - Metal Barcel\u00f3","description":"Fabricante y montaje barandilla escalera met\u00e1lica para la seguridad de tu hogar con la mayor calidad y mejor dise\u00f1o del mercado Metal Barcel\u00f3.","robots":{"index":"index","follow":"follow","max-snippet":"max-snippet:-1","max-image-preview":"max-image-preview:large","max-video-preview":"max-video-preview:-1"},"canonical":"https:\/\/metal-barcelo.com\/fr\/barandilla-escalera\/","og_locale":"fr_FR","og_type":"article","og_title":"Fabricante barandilla escalera - Metal Barcel\u00f3","og_description":"Fabricante y montaje barandilla escalera met\u00e1lica para la seguridad de tu hogar con la mayor calidad y mejor dise\u00f1o del mercado Metal Barcel\u00f3.","og_url":"https:\/\/metal-barcelo.com\/fr\/barandilla-escalera\/","og_site_name":"Metalister\u00eda Barcel\u00f3","article_modified_time":"2024-01-16T10:25:56+00:00","twitter_card":"summary_large_image","twitter_misc":{"Dur\u00e9e de lecture estim\u00e9e":"3 minutes"},"schema":{"@context":"https:\/\/schema.org","@graph":[{"@type":"WebPage","@id":"https:\/\/metal-barcelo.com\/barandilla-escalera\/","url":"https:\/\/metal-barcelo.com\/barandilla-escalera\/","name":"Fabricante barandilla escalera - Metal Barcel\u00f3","isPartOf":{"@id":"https:\/\/metal-barcelo.com\/#website"},"datePublished":"2022-08-23T09:10:54+00:00","dateModified":"2024-01-16T10:25:56+00:00","description":"Fabricante y montaje barandilla escalera met\u00e1lica para la seguridad de tu hogar con la mayor calidad y mejor dise\u00f1o del mercado Metal Barcel\u00f3.","breadcrumb":{"@id":"https:\/\/metal-barcelo.com\/barandilla-escalera\/#breadcrumb"},"inLanguage":"fr-FR","potentialAction":[{"@type":"ReadAction","target":["https:\/\/metal-barcelo.com\/barandilla-escalera\/"]}]},{"@type":"BreadcrumbList","@id":"https:\/\/metal-barcelo.com\/barandilla-escalera\/#breadcrumb","itemListElement":[{"@type":"ListItem","position":1,"name":"Portada","item":"https:\/\/metal-barcelo.com\/"},{"@type":"ListItem","position":2,"name":"Barandilla escalera"}]},{"@type":"WebSite","@id":"https:\/\/metal-barcelo.com\/#website","url":"https:\/\/metal-barcelo.com\/","name":"Metalister\u00eda Barcel\u00f3","description":"Dise\u00f1o, fabricaci\u00f3n y montaje de estructuras met\u00e1licas","potentialAction":[{"@type":"SearchAction","target":{"@type":"EntryPoint","urlTemplate":"https:\/\/metal-barcelo.com\/?s={search_term_string}"},"query-input":"required name=search_term_string"}],"inLanguage":"fr-FR"}]}},"_links":{"self":[{"href":"https:\/\/metal-barcelo.com\/fr\/wp-json\/wp\/v2\/pages\/433","targetHints":{"allow":["GET"]}}],"collection":[{"href":"https:\/\/metal-barcelo.com\/fr\/wp-json\/wp\/v2\/pages"}],"about":[{"href":"https:\/\/metal-barcelo.com\/fr\/wp-json\/wp\/v2\/types\/page"}],"author":[{"embeddable":true,"href":"https:\/\/metal-barcelo.com\/fr\/wp-json\/wp\/v2\/users\/1"}],"replies":[{"embeddable":true,"href":"https:\/\/metal-barcelo.com\/fr\/wp-json\/wp\/v2\/comments?post=433"}],"version-history":[{"count":0,"href":"https:\/\/metal-barcelo.com\/fr\/wp-json\/wp\/v2\/pages\/433\/revisions"}],"wp:attachment":[{"href":"https:\/\/metal-barcelo.com\/fr\/wp-json\/wp\/v2\/media?parent=433"}],"curies":[{"name":"wp","href":"https:\/\/api.w.org\/{rel}","templated":true}]}}