{"id":405,"date":"2022-07-01T07:30:07","date_gmt":"2022-07-01T07:30:07","guid":{"rendered":"https:\/\/metalisteria-barcelo.desarrollowebsonline.es\/?page_id=405"},"modified":"2022-07-01T07:30:07","modified_gmt":"2022-07-01T07:30:07","slug":"mapa-del-sitio","status":"publish","type":"page","link":"https:\/\/metal-barcelo.com\/fr\/mapa-del-sitio\/","title":{"rendered":"Plan du site"},"content":{"rendered":"<div class=\"wsp-container\"><h2 class=\"wsp-pages-title\">Pages<\/h2>\n<ul class=\"wsp-pages-list\">\n<li class=\"page_item page-item-125\"><a href=\"https:\/\/metal-barcelo.com\/fr\/acreditaciones-y-certificaciones\/\">Accr\u00e9ditations et certifications<\/a><\/li>\n<li class=\"page_item page-item-368\"><a href=\"https:\/\/metal-barcelo.com\/fr\/aviso-legal\/\">Mentions l\u00e9gales<\/a><\/li>\n<li class=\"page_item page-item-452 page_item_has_children\"><a href=\"https:\/\/metal-barcelo.com\/fr\/barandilla-balcon\/\">balustrade de balcon<\/a>\n<ul class='children'>\n\t<li class=\"page_item page-item-957\"><a href=\"https:\/\/metal-barcelo.com\/fr\/barandilla-balcon\/barandilla-para-balcon-en-sant-cugat\/\">Garde-corps de balcon \u00e0 Sant Cugat<\/a><\/li>\n<\/ul>\n<\/li>\n<li class=\"page_item page-item-943\"><a href=\"https:\/\/metal-barcelo.com\/fr\/barandilla-balcon-barcelona\/\">Garde-corps de balcon Barcelone<\/a><\/li>\n<li class=\"page_item page-item-1014\"><a href=\"https:\/\/metal-barcelo.com\/fr\/barandilla-balcon-cerdanyola\/\">Garde-corps de balcon Cerdanyola<\/a><\/li>\n<li class=\"page_item page-item-941\"><a href=\"https:\/\/metal-barcelo.com\/fr\/barandilla-balcon-sabadell\/\">Garde-corps de balcon Sabadell<\/a><\/li>\n<li class=\"page_item page-item-1016\"><a href=\"https:\/\/metal-barcelo.com\/fr\/barandilla-balcon-sant-cugat\/\">Garde-corps du balcon de Sant Cugat<\/a><\/li>\n<li class=\"page_item page-item-974\"><a href=\"https:\/\/metal-barcelo.com\/fr\/barandilla-balcon-terrassa\/\">Garde-corps de balcon Terrassa<\/a><\/li>\n<li class=\"page_item page-item-1051\"><a href=\"https:\/\/metal-barcelo.com\/fr\/barandilla-de-hierro-terrassa\/\">Garde-corps en fer Terrassa<\/a><\/li>\n<li class=\"page_item page-item-433\"><a href=\"https:\/\/metal-barcelo.com\/fr\/barandilla-escalera\/\">rampe d&#039;escalier<\/a><\/li>\n<li class=\"page_item page-item-890\"><a href=\"https:\/\/metal-barcelo.com\/fr\/barandilla-escalera-hierro\/\">Rampe d&#039;escalier en fer<\/a><\/li>\n<li class=\"page_item page-item-450\"><a href=\"https:\/\/metal-barcelo.com\/fr\/barandilla-escalera-interiores\/\">Rampe d&#039;escalier int\u00e9rieure<\/a><\/li>\n<li class=\"page_item page-item-1036\"><a href=\"https:\/\/metal-barcelo.com\/fr\/barandilla-escalera-sabadell\/\">Rampe d&#039;escalier Sabadell<\/a><\/li>\n<li class=\"page_item page-item-1034\"><a href=\"https:\/\/metal-barcelo.com\/fr\/barandilla-escalera-terrassa\/\">Rampe d&#039;escalier Terrassa<\/a><\/li>\n<li class=\"page_item page-item-1049\"><a href=\"https:\/\/metal-barcelo.com\/fr\/barandilla-hierro-barcelona\/\">Garde-corps en fer Barcelone<\/a><\/li>\n<li class=\"page_item page-item-457\"><a href=\"https:\/\/metal-barcelo.com\/fr\/barandilla-terraza\/\">garde-corps de terrasse<\/a><\/li>\n<li class=\"page_item page-item-892\"><a href=\"https:\/\/metal-barcelo.com\/fr\/barandilla-terraza-exterior\/\">Garde-corps de terrasse ext\u00e9rieure<\/a><\/li>\n<li class=\"page_item page-item-459\"><a href=\"https:\/\/metal-barcelo.com\/fr\/barandillas-de-hierro\/\">garde-corps en fer<\/a><\/li>\n<li class=\"page_item page-item-466 current_page_parent\"><a href=\"https:\/\/metal-barcelo.com\/fr\/blog\/\">bloguer<\/a><\/li>\n<li class=\"page_item page-item-147\"><a href=\"https:\/\/metal-barcelo.com\/fr\/enlaces\/\">Links<\/a><\/li>\n<li class=\"page_item page-item-864\"><a href=\"https:\/\/metal-barcelo.com\/fr\/estructuras-metalicas\/\">Structures m\u00e9talliques<\/a><\/li>\n<li class=\"page_item page-item-405\"><a href=\"https:\/\/metal-barcelo.com\/fr\/mapa-del-sitio\/\">Plan du site<\/a><\/li>\n<li class=\"page_item page-item-141\"><a href=\"https:\/\/metal-barcelo.com\/fr\/marcado-ce\/\">Marquage CE<\/a><\/li>\n<li class=\"page_item page-item-11\"><a href=\"https:\/\/metal-barcelo.com\/fr\/\">M\u00e9tal Barcel\u00f3<\/a><\/li>\n<li class=\"page_item page-item-132\"><a href=\"https:\/\/metal-barcelo.com\/fr\/obras-ejecutadas\/\">Travaux ex\u00e9cut\u00e9s<\/a><\/li>\n<li class=\"page_item page-item-1165\"><a href=\"https:\/\/metal-barcelo.com\/fr\/politica-de-cookies\/\">Politique de cookies<\/a><\/li>\n<li class=\"page_item page-item-370\"><a href=\"https:\/\/metal-barcelo.com\/fr\/politica-de-privacidad\/\">politique de confidentialit\u00e9<\/a><\/li>\n<li class=\"page_item page-item-286 page_item_has_children\"><a href=\"https:\/\/metal-barcelo.com\/fr\/productos\/\">Produits<\/a>\n<ul class='children'>\n\t<li class=\"page_item page-item-903\"><a href=\"https:\/\/metal-barcelo.com\/fr\/productos\/barandillas\/\">Garde-corps<\/a><\/li>\n\t<li class=\"page_item page-item-46\"><a href=\"https:\/\/metal-barcelo.com\/fr\/productos\/inoxidable-barandillas\/\">Garde-corps en acier inoxydable<\/a><\/li>\n\t<li class=\"page_item page-item-80\"><a href=\"https:\/\/metal-barcelo.com\/fr\/productos\/estructuras-metalicas\/\">Conception, fabrication et assemblage de structures m\u00e9talliques<\/a><\/li>\n\t<li class=\"page_item page-item-910\"><a href=\"https:\/\/metal-barcelo.com\/fr\/productos\/rejas\/\">Barres<\/a><\/li>\n\t<li class=\"page_item page-item-75\"><a href=\"https:\/\/metal-barcelo.com\/fr\/productos\/cerrajeria-cerramientos\/\">Services de serrurerie et de cl\u00f4ture<\/a><\/li>\n<\/ul>\n<\/li>\n<li class=\"page_item page-item-153 page_item_has_children\"><a href=\"https:\/\/metal-barcelo.com\/fr\/proyectos\/\">Projets<\/a>\n<ul class='children'>\n\t<li class=\"page_item page-item-195\"><a href=\"https:\/\/metal-barcelo.com\/fr\/proyectos\/cerrajeria-cerramientos\/\">Serrurier \/ Cl\u00f4tures<\/a><\/li>\n\t<li class=\"page_item page-item-228\"><a href=\"https:\/\/metal-barcelo.com\/fr\/proyectos\/estructuras-metalicas\/\">Structures m\u00e9talliques<\/a><\/li>\n\t<li class=\"page_item page-item-168\"><a href=\"https:\/\/metal-barcelo.com\/fr\/proyectos\/inoxidable-barandillas\/\">Inox \/ Garde-corps<\/a><\/li>\n<\/ul>\n<\/li>\n<li class=\"page_item page-item-1178\"><a href=\"https:\/\/metal-barcelo.com\/fr\/prueba\/\">Preuve<\/a><\/li>\n<li class=\"page_item page-item-436\"><a href=\"https:\/\/metal-barcelo.com\/fr\/rejas-para-puertas\/\">Barres de porte<\/a><\/li>\n<li class=\"page_item page-item-999\"><a href=\"https:\/\/metal-barcelo.com\/fr\/rejas-para-puertas-sabadell\/\">Barres de porte Sabadell<\/a><\/li>\n<li class=\"page_item page-item-997\"><a href=\"https:\/\/metal-barcelo.com\/fr\/rejas-para-puertas-terrassa\/\">Barres de porte Terrassa<\/a><\/li>\n<li class=\"page_item page-item-440\"><a href=\"https:\/\/metal-barcelo.com\/fr\/rejas-para-ventanas\/\">Barres de fen\u00eatre<\/a><\/li>\n<li class=\"page_item page-item-438\"><a href=\"https:\/\/metal-barcelo.com\/fr\/rejas-para-ventanas-modernas\/\">Barres de fen\u00eatre modernes<\/a><\/li>\n<\/ul>\n<\/div>","protected":false},"excerpt":{"rendered":"Pages Accr\u00e9ditations et certifications Mentions l\u00e9gales Garde-corps de balcon \u00e0 Sant Cugat Garde-corps de balcon Barcelone Garde-corps de balcon Cerdanyola Garde-corps de balcon Sabadell Garde-corps de balcon Sant Cugat Garde-corps de balcon Terrassa Garde-corps en fer Terrassa Garde-corps d&#039;escalier en fer Garde-corps d&#039;escalier int\u00e9rieur Garde-corps d&#039;escalier Sabadell Garde-corps d&#039;escalier Terrassa Garde-corps en fer Barcelone Terrasse Garde-corps Garde-corps de terrasse ext\u00e9rieure Garde-corps en fer bloguer<div class=\"h10\"><\/div><a class=\"more-link1\" href=\"https:\/\/metal-barcelo.com\/fr\/mapa-del-sitio\/\">En savoir plus<\/a>","protected":false},"author":1,"featured_media":0,"parent":0,"menu_order":0,"comment_status":"closed","ping_status":"closed","template":"","meta":{"footnotes":""},"class_list":["post-405","page","type-page","status-publish","hentry"],"yoast_head":"<!-- This site is optimized with the Yoast SEO plugin v19.8 - https:\/\/yoast.com\/wordpress\/plugins\/seo\/ -->\n<title>Mapa del sitio - Metal Barcel\u00f3<\/title>\n<meta name=\"description\" content=\"Mapa del sitio empresa Metal Barcel\u00f3 experta en estructuras met\u00e1licas y cerramientos Metal Barcel\u00f3 para un dise\u00f1o y calidad excepcional.\" \/>\n<meta name=\"robots\" content=\"index, follow, max-snippet:-1, max-image-preview:large, max-video-preview:-1\" \/>\n<link rel=\"canonical\" href=\"https:\/\/metal-barcelo.com\/fr\/mapa-del-sitio\/\" \/>\n<meta property=\"og:locale\" content=\"fr_FR\" \/>\n<meta property=\"og:type\" content=\"article\" \/>\n<meta property=\"og:title\" content=\"Mapa del sitio - Metal Barcel\u00f3\" \/>\n<meta property=\"og:description\" content=\"Mapa del sitio empresa Metal Barcel\u00f3 experta en estructuras met\u00e1licas y cerramientos Metal Barcel\u00f3 para un dise\u00f1o y calidad excepcional.\" \/>\n<meta property=\"og:url\" content=\"https:\/\/metal-barcelo.com\/fr\/mapa-del-sitio\/\" \/>\n<meta property=\"og:site_name\" content=\"Metalister\u00eda Barcel\u00f3\" \/>\n<meta name=\"twitter:card\" content=\"summary_large_image\" \/>\n<script type=\"application\/ld+json\" class=\"yoast-schema-graph\">{\"@context\":\"https:\/\/schema.org\",\"@graph\":[{\"@type\":\"WebPage\",\"@id\":\"https:\/\/metal-barcelo.com\/mapa-del-sitio\/\",\"url\":\"https:\/\/metal-barcelo.com\/mapa-del-sitio\/\",\"name\":\"Mapa del sitio - Metal Barcel\u00f3\",\"isPartOf\":{\"@id\":\"https:\/\/metal-barcelo.com\/#website\"},\"datePublished\":\"2022-07-01T07:30:07+00:00\",\"dateModified\":\"2022-07-01T07:30:07+00:00\",\"description\":\"Mapa del sitio empresa Metal Barcel\u00f3 experta en estructuras met\u00e1licas y cerramientos Metal Barcel\u00f3 para un dise\u00f1o y calidad excepcional.\",\"breadcrumb\":{\"@id\":\"https:\/\/metal-barcelo.com\/mapa-del-sitio\/#breadcrumb\"},\"inLanguage\":\"fr-FR\",\"potentialAction\":[{\"@type\":\"ReadAction\",\"target\":[\"https:\/\/metal-barcelo.com\/mapa-del-sitio\/\"]}]},{\"@type\":\"BreadcrumbList\",\"@id\":\"https:\/\/metal-barcelo.com\/mapa-del-sitio\/#breadcrumb\",\"itemListElement\":[{\"@type\":\"ListItem\",\"position\":1,\"name\":\"Portada\",\"item\":\"https:\/\/metal-barcelo.com\/\"},{\"@type\":\"ListItem\",\"position\":2,\"name\":\"Mapa del sitio\"}]},{\"@type\":\"WebSite\",\"@id\":\"https:\/\/metal-barcelo.com\/#website\",\"url\":\"https:\/\/metal-barcelo.com\/\",\"name\":\"Metalister\u00eda Barcel\u00f3\",\"description\":\"Dise\u00f1o, fabricaci\u00f3n y montaje de estructuras met\u00e1licas\",\"potentialAction\":[{\"@type\":\"SearchAction\",\"target\":{\"@type\":\"EntryPoint\",\"urlTemplate\":\"https:\/\/metal-barcelo.com\/?s={search_term_string}\"},\"query-input\":\"required name=search_term_string\"}],\"inLanguage\":\"fr-FR\"}]}<\/script>\n<!-- \/ Yoast SEO plugin. -->","yoast_head_json":{"title":"Mapa del sitio - Metal Barcel\u00f3","description":"Mapa del sitio empresa Metal Barcel\u00f3 experta en estructuras met\u00e1licas y cerramientos Metal Barcel\u00f3 para un dise\u00f1o y calidad excepcional.","robots":{"index":"index","follow":"follow","max-snippet":"max-snippet:-1","max-image-preview":"max-image-preview:large","max-video-preview":"max-video-preview:-1"},"canonical":"https:\/\/metal-barcelo.com\/fr\/mapa-del-sitio\/","og_locale":"fr_FR","og_type":"article","og_title":"Mapa del sitio - Metal Barcel\u00f3","og_description":"Mapa del sitio empresa Metal Barcel\u00f3 experta en estructuras met\u00e1licas y cerramientos Metal Barcel\u00f3 para un dise\u00f1o y calidad excepcional.","og_url":"https:\/\/metal-barcelo.com\/fr\/mapa-del-sitio\/","og_site_name":"Metalister\u00eda Barcel\u00f3","twitter_card":"summary_large_image","schema":{"@context":"https:\/\/schema.org","@graph":[{"@type":"WebPage","@id":"https:\/\/metal-barcelo.com\/mapa-del-sitio\/","url":"https:\/\/metal-barcelo.com\/mapa-del-sitio\/","name":"Mapa del sitio - Metal Barcel\u00f3","isPartOf":{"@id":"https:\/\/metal-barcelo.com\/#website"},"datePublished":"2022-07-01T07:30:07+00:00","dateModified":"2022-07-01T07:30:07+00:00","description":"Mapa del sitio empresa Metal Barcel\u00f3 experta en estructuras met\u00e1licas y cerramientos Metal Barcel\u00f3 para un dise\u00f1o y calidad excepcional.","breadcrumb":{"@id":"https:\/\/metal-barcelo.com\/mapa-del-sitio\/#breadcrumb"},"inLanguage":"fr-FR","potentialAction":[{"@type":"ReadAction","target":["https:\/\/metal-barcelo.com\/mapa-del-sitio\/"]}]},{"@type":"BreadcrumbList","@id":"https:\/\/metal-barcelo.com\/mapa-del-sitio\/#breadcrumb","itemListElement":[{"@type":"ListItem","position":1,"name":"Portada","item":"https:\/\/metal-barcelo.com\/"},{"@type":"ListItem","position":2,"name":"Mapa del sitio"}]},{"@type":"WebSite","@id":"https:\/\/metal-barcelo.com\/#website","url":"https:\/\/metal-barcelo.com\/","name":"Metalister\u00eda Barcel\u00f3","description":"Dise\u00f1o, fabricaci\u00f3n y montaje de estructuras met\u00e1licas","potentialAction":[{"@type":"SearchAction","target":{"@type":"EntryPoint","urlTemplate":"https:\/\/metal-barcelo.com\/?s={search_term_string}"},"query-input":"required name=search_term_string"}],"inLanguage":"fr-FR"}]}},"_links":{"self":[{"href":"https:\/\/metal-barcelo.com\/fr\/wp-json\/wp\/v2\/pages\/405","targetHints":{"allow":["GET"]}}],"collection":[{"href":"https:\/\/metal-barcelo.com\/fr\/wp-json\/wp\/v2\/pages"}],"about":[{"href":"https:\/\/metal-barcelo.com\/fr\/wp-json\/wp\/v2\/types\/page"}],"author":[{"embeddable":true,"href":"https:\/\/metal-barcelo.com\/fr\/wp-json\/wp\/v2\/users\/1"}],"replies":[{"embeddable":true,"href":"https:\/\/metal-barcelo.com\/fr\/wp-json\/wp\/v2\/comments?post=405"}],"version-history":[{"count":0,"href":"https:\/\/metal-barcelo.com\/fr\/wp-json\/wp\/v2\/pages\/405\/revisions"}],"wp:attachment":[{"href":"https:\/\/metal-barcelo.com\/fr\/wp-json\/wp\/v2\/media?parent=405"}],"curies":[{"name":"wp","href":"https:\/\/api.w.org\/{rel}","templated":true}]}}