{"id":370,"date":"2022-06-30T10:40:36","date_gmt":"2022-06-30T10:40:36","guid":{"rendered":"https:\/\/metalisteria-barcelo.desarrollowebsonline.es\/?page_id=370"},"modified":"2024-11-28T11:50:11","modified_gmt":"2024-11-28T11:50:11","slug":"politica-de-privacidad","status":"publish","type":"page","link":"https:\/\/metal-barcelo.com\/fr\/politica-de-privacidad\/","title":{"rendered":"politique de confidentialit\u00e9"},"content":{"rendered":"<div class=\"vc_row wpb_row vc_row-fluid\"><div class=\"wpb_column vc_column_container vc_col-sm-12\"><div class=\"vc_column-inner\"><div class=\"wpb_wrapper\"><div class=\"boc_spacing\" style=\"height: 32px\"><\/div>\n\t<div class=\"wpb_text_column wpb_content_element\" >\n\t\t<div class=\"wpb_wrapper\">\n\t\t\t<article class=\"post-entry post-entry-type-page post-entry-368\">\n<div class=\"entry-content-wrapper clearfix\">\n<header class=\"entry-content-header\"><\/header>\n<div class=\"entry-content\">\n<p>Cette politique de confidentialit\u00e9 peut \u00eatre mise \u00e0 jour ou adapt\u00e9e en raison de changements pouvant survenir dans la l\u00e9gislation en vigueur ou sur le site lui-m\u00eame. Veuillez le lire attentivement chaque fois que vous fournissez vos donn\u00e9es personnelles.<\/p>\n<p>La visite de ce site Internet n&#039;implique pas que l&#039;utilisateur soit oblig\u00e9 de fournir des informations le concernant. Toutefois, lors de la visite, des donn\u00e9es personnelles peuvent \u00eatre demand\u00e9es via des formulaires.<\/p>\n<p>Les donn\u00e9es que nous demandons sur ce site Web sont ad\u00e9quates, pertinentes et strictement n\u00e9cessaires pour pouvoir vous fournir les services propos\u00e9s et vous n&#039;\u00eates en aucun cas oblig\u00e9 de nous les fournir, m\u00eame si vous devez savoir que le d\u00e9faut de communication peut affecter ou rendre il est impossible de fournir le service.<\/p>\n<p>Avec le consentement expr\u00e8s que vous donnez en acceptant cette politique de confidentialit\u00e9 avant de nous fournir vos donn\u00e9es personnelles, vous nous donnez la base juridique de leur traitement.<\/p>\n<p>&nbsp;<\/p>\n<p>Conform\u00e9ment \u00e0 la loi organique 03\/2018 du 5 d\u00e9cembre relative \u00e0 la protection des donn\u00e9es (LOPD) et au r\u00e8glement g\u00e9n\u00e9ral sur la protection des donn\u00e9es (RGPD) et sur la base des principes de transparence, de loyaut\u00e9 et de l\u00e9galit\u00e9, nous d\u00e9taillons ci-dessous le traitement que nous effectuerons. de vos donn\u00e9es personnelles :<\/p>\n<p>&nbsp;<\/p>\n<ol>\n<li><strong> RESPONSABLE DU TRAITEMENT<\/strong><\/li>\n<\/ol>\n<p>Vos donn\u00e9es personnelles feront partie du fichier des Internautes, dont le destinataire et responsable du fichier et de son traitement est :<\/p>\n<ol>\n<li>METALISTERIA BARCEL\u00d3 SL<\/li>\n<li>CIF : B64021751<\/li>\n<li>Si\u00e8ge social : rue Tamarit, 20 de Sabadell, 08205 Barcelone<\/li>\n<li>Courriel : p.domenech@metal-barcelo.com<\/li>\n<li>T\u00e9l\u00e9phone\u00a0: 937158075<\/li>\n<\/ol>\n<p><strong>\u00a0<\/strong><\/p>\n<ol start=\"2\">\n<li><strong>OBJECTIF, L\u00c9GITIMATION ET CONSERVATION DES DONN\u00c9ES<\/strong><\/li>\n<\/ol>\n<p>2.1. TRAITEMENT DES DONN\u00c9ES DES UTILISATEURS DU FORMULAIRE DE CONTACT<\/p>\n<p>\u2013 Finalit\u00e9 du Traitement des donn\u00e9es des utilisateurs du formulaire de contact :<\/p>\n<p>G\u00e9rer et r\u00e9pondre aux demandes d&#039;informations et\/ou aux requ\u00eates que les utilisateurs du formulaire de contact du site nous envoient.<\/p>\n<p>G\u00e9rer l&#039;envoi des informations qu&#039;ils nous demandent et, le cas \u00e9ch\u00e9ant, leur fournir des offres de produits et\/ou services de METALISTERIA BARCEL\u00d3 SL pour lesquels ils ont manifest\u00e9 leur int\u00e9r\u00eat.<\/p>\n<p>METALISTERIA BARCEL\u00d3 SL ne prendra pas de d\u00e9cisions automatis\u00e9es bas\u00e9es sur votre profil.<\/p>\n<p>\u2013 L\u00e9gitimit\u00e9 du traitement des donn\u00e9es des utilisateurs du formulaire de contact : consentement de l\u2019int\u00e9ress\u00e9.<\/p>\n<p>La base juridique du traitement des donn\u00e9es des utilisateurs du formulaire de contact est l&#039;obtention de leur consentement, qui nous sera fourni si et au moment de remplir et de nous envoyer le formulaire de contact compl\u00e9t\u00e9.<\/p>\n<p>\u2013 Dur\u00e9e de conservation des donn\u00e9es des utilisateurs du formulaire de contact du site Internet :<\/p>\n<p>Nous conserverons les donn\u00e9es des utilisateurs du formulaire de contact du site Internet, pendant une dur\u00e9e de 5 ans \u00e0 compter de la derni\u00e8re confirmation d&#039;int\u00e9r\u00eat de votre part pour nos produits ou services, tant que vous ne nous demandez pas de supprimer vos donn\u00e9es.<\/p>\n<p>&nbsp;<\/p>\n<p>2.2. TRAITEMENT DES DONN\u00c9ES CLIENTS ET FOURNISSEURS\u00a0:<\/p>\n<p>\u2013 Finalit\u00e9 du traitement des donn\u00e9es clients et fournisseurs : G\u00e9rer la relation commerciale existante, r\u00e9aliser et\/ou sous-traiter les prestations que nos clients nous confient et effectuer les d\u00e9marches comptables fiscales et administratives de l\u2019entreprise.<\/p>\n<p>\u2013 L\u00e9gitimit\u00e9 du traitement : La base juridique du traitement des donn\u00e9es des clients et fournisseurs est l\u2019existence et l\u2019ex\u00e9cution de contrats de prestation de services et\/ou de vente de biens.<\/p>\n<p>\u2013 Dur\u00e9e de conservation des donn\u00e9es : Nous conservons les donn\u00e9es en tant que fournisseurs pendant la dur\u00e9e des actions et relations commerciales et pendant les ann\u00e9es n\u00e9cessaires au respect de nos obligations l\u00e9gales et\/ou fiscales d\u00e9coulant de ces relations contractuelles.<\/p>\n<p>&nbsp;<\/p>\n<p>23. TRAITEMENT DES DONN\u00c9ES DES DESTINATAIRES DE LA NEWSLETTER ET DES COMMUNICATIONS COMMERCIALES DE METALISTERIA BARCEL\u00d3 SL<\/p>\n<p>\u2013 Finalit\u00e9 du Traitement des donn\u00e9es des abonn\u00e9s \u00e0 la Newsletter et des communications commerciales :<\/p>\n<p>G\u00e9rer l&#039;abonnement et l&#039;envoi de la Newsletter et des communications commerciales de METALISTERIA BARCEL\u00d3 SL.<\/p>\n<p>\u2013 L\u00e9gitimit\u00e9 du traitement des donn\u00e9es des destinataires de la Newsletter : Consentement de l\u2019int\u00e9ress\u00e9.<\/p>\n<p>La base juridique du traitement des donn\u00e9es des destinataires de la Newsletter et des communications commerciales est l&#039;obtention du consentement sans \u00e9quivoque du destinataire de la newsletter \u2013 communications commerciales, en s&#039;abonnant.<\/p>\n<p>D&#039;autre part, la base juridique du traitement et de l&#039;envoi des Newsletters que METALISTERIA BARCEL\u00d3 SL peut effectuer \u00e0 ses CLIENTS est l&#039;int\u00e9r\u00eat l\u00e9gitime de METALISTERIA BARCEL\u00d3 SL, sauf dans le cas o\u00f9 ils ont exprim\u00e9 leur int\u00e9r\u00eat \u00e0 \u00eatre inform\u00e9s en se d\u00e9sinscrivant. en envoyant un e-mail \u00e0 p.domenech@metal-barcelo.com.<\/p>\n<p>\u2013 Dur\u00e9e de conservation des donn\u00e9es des destinataires de la Newsletter et des communications commerciales :<\/p>\n<p>METALISTERIA BARCEL\u00d3 SL conservera les donn\u00e9es personnelles des destinataires de la newsletter et des communications commerciales de METALISTERIA BARCEL\u00d3 SL n\u00e9cessaires \u00e0 l&#039;envoi de la newsletter et d&#039;autres communications commerciales pour une dur\u00e9e ind\u00e9termin\u00e9e, \u00e0 moins qu&#039;ils ne demandent que nous annulions le service de r\u00e9ception de newsletters et autres communications commerciales par \u00e9crit \u00e0 p.domenech@metal-barcelo.com avec une copie de votre pi\u00e8ce d&#039;identit\u00e9.<\/p>\n<p>&nbsp;<\/p>\n<p>2.4. BASE JURIDIQUE DU TRAITEMENT DES DONN\u00c9ES<\/p>\n<p>Conform\u00e9ment au R\u00e8glement (UE) 2016\/679 et \u00e0 la Loi Organique relative \u00e0 la Protection des Donn\u00e9es Personnelles, nous vous informons que vos donn\u00e9es personnelles pourront faire l&#039;objet de certains des traitements suivants :<\/p>\n<p>TR04 \u2013 <strong>Campagnes publicitaires<\/strong> (Base juridique : Loi 34\/1988 du 11 novembre sur la publicit\u00e9 g\u00e9n\u00e9rale.)<\/p>\n<p>TR08 \u2013 <strong>Recueillir l&#039;avis des parties int\u00e9ress\u00e9es<\/strong> (Base juridique : R\u00e8glement (UE) 2016\/679 sur la protection des donn\u00e9es et LOPD.) TR03 \u2013 S\u00e9lection du personnel propre (Base juridique : D\u00e9cret l\u00e9gislatif royal 3\/2015, du 23 octobre, qui approuve le texte consolid\u00e9 de la loi sur le travail.)<\/p>\n<p>TG01 \u2013 <strong>Propre comptabilit\u00e9 et gestion des livres, en tant que responsable<\/strong>. (Base l\u00e9gale : D\u00e9cret Royal 1514\/2007, du 16 novembre, qui r\u00e9glemente le Plan Comptable G\u00e9n\u00e9ral.)<\/p>\n<p>TG25 \u2013 <strong>Collecte de donn\u00e9es pour votre propre gestion fiscale<\/strong> (Base juridique : Loi 58\/2003 du 17 d\u00e9cembre, Imp\u00f4t G\u00e9n\u00e9ral.)<\/p>\n<p>TG12 \u2013 <strong>Gestion du travail propre\u00a0: collecte de donn\u00e9es<\/strong> (Base juridique : D\u00e9cret l\u00e9gislatif royal 1\/1994, du 20 juin, qui approuve le texte consolid\u00e9 de la loi g\u00e9n\u00e9rale de la s\u00e9curit\u00e9 sociale.)<\/p>\n<p>TR09 \u2013 <strong>Assurances sur les mesures techniques et organisationnelles dans le logiciel appliqu\u00e9<\/strong> (Base juridique\u00a0: R\u00e8glement (UE) 2016\/679 relatif \u00e0 la protection des donn\u00e9es et LOPD.)<\/p>\n<p>NT08 \u2013 <strong>Protection des donn\u00e9es personnelles<\/strong> (Base juridique\u00a0: R\u00e8glement (UE) 2016\/679 et loi organique 3\/2018.)<\/p>\n<p>TE02 \u2013 <strong>Pr\u00e9vention des risques professionnels<\/strong>\u00a0 (Base l\u00e9gale : Loi 31\/1995, du 8 novembre, sur la pr\u00e9vention des risques professionnels.)<\/p>\n<p>NT07 \u2013 <strong>Destruction de documents (Base l\u00e9gale : R\u00e8glement<\/strong> (UE) 2016\/679)<\/p>\n<p>TV01 \u2013 <strong>Ventes \/ Prestation de services<\/strong>\u00a0 (Base juridique : L\u00e9gislation commerciale et fiscale)<\/p>\n<p>TE03 \u2013 <strong>Service de transport et\/ou d\u2019exp\u00e9dition de colis<\/strong>\u00a0 (Base l\u00e9gale : Arr\u00eat\u00e9 Royal du 22 ao\u00fbt 1885 par lequel est publi\u00e9 le Code de Commerce.)<\/p>\n<p>TR05 \u2013 <strong>E-mails<\/strong> (Base juridique\u00a0: Code de commerce et autres l\u00e9gislations applicables.)<\/p>\n<p>TR01 \u2013 <strong>Demandes d&#039;informations re\u00e7ues<\/strong> (Base juridique : Code de commerce et autres dispositions commerciales.)<\/p>\n<p>TR07 \u2013 <strong>Gestion des incidents et\/ou violations de s\u00e9curit\u00e9<\/strong> (Base juridique\u00a0: R\u00e8glement (UE) 2016\/679 relatif \u00e0 la protection des donn\u00e9es et LOPD.)<\/p>\n<p>NT04 \u2013 <strong>Gestion de ses propres affaires juridiques <\/strong>\u00a0(Base juridique : L\u00e9gislation commerciale et du travail applicable.)<\/p>\n<p>TE01 \u2013 <strong>Maintenance des syst\u00e8mes informatiques<\/strong> (Base juridique : Code de commerce.)<\/p>\n<p>&nbsp;<\/p>\n<p>Vous pouvez retirer votre consentement pour toute finalit\u00e9 sp\u00e9cifique que vous avez pr\u00e9alablement accept\u00e9e sans affecter la l\u00e9galit\u00e9 du traitement bas\u00e9 sur ce consentement.<\/p>\n<p>&nbsp;<\/p>\n<ol start=\"3\">\n<li><strong> TRANSFERT DE DONN\u00c9ES<\/strong><\/li>\n<\/ol>\n<p>Vos donn\u00e9es ne seront pas communiqu\u00e9es \u00e0 des tiers sauf soci\u00e9t\u00e9s collaboratrices tant que ce transfert entra\u00eene une am\u00e9lioration du service pour lequel elles ont \u00e9t\u00e9 transf\u00e9r\u00e9es, qu&#039;il existe une obligation l\u00e9gale ou que vous en avez \u00e9t\u00e9 express\u00e9ment inform\u00e9.<\/p>\n<p>&nbsp;<\/p>\n<ol start=\"4\">\n<li><strong> DROITS DES UTILISATEURS CONCERNANT LEURS DONN\u00c9ES PERSONNELLES<\/strong><\/li>\n<\/ol>\n<p>Nous vous informons des droits dont vous disposez lors du transfert de vos donn\u00e9es :<\/p>\n<ul>\n<li>Droit d&#039;acc\u00e8s : L&#039;utilisateur a le droit d&#039;obtenir des informations sur ses donn\u00e9es personnelles sp\u00e9cifiques et sur le traitement effectu\u00e9 ou effectu\u00e9, ainsi que les informations disponibles sur l&#039;origine de ces donn\u00e9es et les communications effectu\u00e9es ou pr\u00e9vues. eux. .<\/li>\n<li>Droit de rectification : C&#039;est le droit de la personne concern\u00e9e de faire modifier les donn\u00e9es qui s&#039;av\u00e8rent inexactes ou incompl\u00e8tes. Elle ne peut \u00eatre satisfaite que par rapport aux informations qui sont sous le contr\u00f4le de METALISTERIA BARCEL\u00d3 SL, par exemple, en supprimant les commentaires publi\u00e9s sur la page elle-m\u00eame, les images ou le contenu Web contenant des donn\u00e9es personnelles de l&#039;utilisateur.<\/li>\n<li>Droit \u00e0 la limitation du traitement : Il s\u2019agit du droit de limiter les finalit\u00e9s du traitement initialement pr\u00e9vues par le responsable du traitement.<\/li>\n<li>Droit de suppression : Il s&#039;agit du droit de supprimer les donn\u00e9es personnelles de l&#039;utilisateur, sauf dans les cas pr\u00e9vus par le RGPD lui-m\u00eame ou par d&#039;autres r\u00e9glementations applicables qui d\u00e9terminent l&#039;obligation de les conserver, dans les meilleurs d\u00e9lais.<\/li>\n<li>Droit \u00e0 la portabilit\u00e9 : Le droit de recevoir les donn\u00e9es personnelles que l&#039;utilisateur a fournies, dans un format structur\u00e9, couramment utilis\u00e9 et lisible par machine, et de les transmettre \u00e0 un autre responsable.<\/li>\n<li>Droit d&#039;opposition : L&#039;utilisateur a le droit de ne pas faire traiter ses donn\u00e9es personnelles.<\/li>\n<\/ul>\n<p>&nbsp;<\/p>\n<p>Vous pouvez exercer l&#039;un de ces droits en nous en informant par \u00e9crit \u00e0 notre si\u00e8ge social qui appara\u00eet ci-dessus ou par email p.domenech@metal-barcelo.com, en joignant toujours une photocopie de la pi\u00e8ce d&#039;identit\u00e9 nationale ou \u00e9quivalent.<\/p>\n<p>Vous avez plus d&#039;informations sur vos droits et les formulaires pour les exercer sur le site de l&#039;Agence espagnole de protection des donn\u00e9es, <a href=\"http:\/\/www.agpd.es\">www.agpd.es<\/a><\/p>\n<p><u>\u00a0<\/u><\/p>\n<ol start=\"5\">\n<li><strong> R\u00c9SEAUX SOCIAUX<\/strong><\/li>\n<\/ol>\n<p>La visite des profils publics de METAL BARCEL\u00d3 sur les r\u00e9seaux sociaux n&#039;implique pas la collecte de donn\u00e9es personnelles, sauf autorisation expresse.<\/p>\n<p>L&#039;utilisateur dispose d&#039;un profil sur le m\u00eame r\u00e9seau social et a d\u00e9cid\u00e9 de rejoindre la page cr\u00e9\u00e9e par METALISTERIA BARCEL\u00d3 SL, manifestant ainsi son int\u00e9r\u00eat pour les informations publi\u00e9es sur le r\u00e9seau. En rejoignant notre page, vous nous fournissez votre consentement pour le traitement. . de ces donn\u00e9es personnelles publi\u00e9es dans votre profil.<\/p>\n<p>L&#039;utilisateur peut acc\u00e9der \u00e0 tout moment aux politiques de confidentialit\u00e9 du r\u00e9seau social lui-m\u00eame, ainsi que configurer son profil pour garantir sa confidentialit\u00e9.<\/p>\n<p>METALISTERIA BARCEL\u00d3 SL a acc\u00e8s et traite les informations publiques de l&#039;utilisateur, notamment son nom de contact. Ces donn\u00e9es ne sont utilis\u00e9es qu&#039;au sein du R\u00e9seau Social lui-m\u00eame. Ils ne sont incorpor\u00e9s dans aucun fichier.<\/p>\n<p>METALISTERIA BARCEL\u00d3 SL r\u00e9alisera les actions suivantes\u00a0:<\/p>\n<ul>\n<li>Acc\u00e8s aux informations de profil public.<\/li>\n<li>Publication dans le profil utilisateur de toutes les informations d\u00e9j\u00e0 publi\u00e9es sur la page METALISTERIA BARCEL\u00d3 SL.<\/li>\n<li>Envoyez des messages personnels et individuels via les canaux des r\u00e9seaux sociaux.<\/li>\n<li>Mises \u00e0 jour de l&#039;\u00e9tat de la page \u00e0 publier sur le profil de l&#039;utilisateur.<\/li>\n<\/ul>\n<p>L&#039;utilisateur peut \u00e0 tout moment contr\u00f4ler ses connexions, supprimer les contenus qui ne l&#039;int\u00e9ressent plus et restreindre les personnes avec lesquelles il partage ses connexions, pour ce faire, il doit acc\u00e9der \u00e0 ses param\u00e8tres de confidentialit\u00e9.<\/p>\n<p>&nbsp;<\/p>\n<ol start=\"6\">\n<li><strong> PROTECTION ET CONFIDENTIALIT\u00c9 DE VOS DONN\u00c9ES<\/strong><\/li>\n<\/ol>\n<p>Nous utilisons des mesures organisationnelles et techniques pour garantir la s\u00e9curit\u00e9 et la confidentialit\u00e9 de vos donn\u00e9es personnelles, en \u00e9vitant leur perte, leur alt\u00e9ration et leur traitement non autoris\u00e9. Notre personnel a \u00e9t\u00e9 form\u00e9 et a adopt\u00e9 un engagement de confidentialit\u00e9 pour votre traitement.<\/p>\n<p>&nbsp;<\/p>\n<ol start=\"7\">\n<li><strong> ENVOI DE COMMUNICATIONS<\/strong><\/li>\n<\/ol>\n<p>Les donn\u00e9es utilis\u00e9es ou fournies dans des communications informatives et\/ou promotionnelles sont trait\u00e9es par METAL BARCEL\u00d3 \u00e0 des fins consistant en l&#039;envoi \u00e9lectronique d&#039;informations et de communications sur les services, activit\u00e9s, publications et \u00e9v\u00e9nements sociaux et professionnels de METAL BARCEL\u00d3 ou de tiers. R\u00e9seau METAL BARCEL\u00d3; le suivi et l&#039;optimisation des campagnes marketing r\u00e9alis\u00e9es \u00e0 l&#039;aide de technologies pr\u00e9vues \u00e0 cet effet\u00a0; et la cr\u00e9ation de profils \u00e0 des fins commerciales.<\/p>\n<p>Le consentement expr\u00e8s accord\u00e9 par l&#039;Utilisateur constitue la base juridique des traitements susmentionn\u00e9s. Le consentement \u00e0 l&#039;envoi desdites communications peut \u00eatre r\u00e9voqu\u00e9 \u00e0 tout moment dans chacune des communications re\u00e7ues via le m\u00e9canisme activ\u00e9 \u00e0 cet effet.<\/p>\n<p>Le crit\u00e8re de conservation des donn\u00e9es sera bas\u00e9 sur la d\u00e9claration contre le traitement de votre part. Dans tous les cas, les droits d&#039;acc\u00e8s, de rectification, de suppression, d&#039;opposition, de limitation du traitement et de portabilit\u00e9 pourront \u00eatre exerc\u00e9s, le cas \u00e9ch\u00e9ant, par email \u00e0 p.domenech@metal-barcelo.com<\/p>\n<p>Si vous n&#039;obtenez pas satisfaction dans l&#039;exercice de vos droits, vous pouvez d\u00e9poser une r\u00e9clamation aupr\u00e8s de l&#039;Agence espagnole de protection des donn\u00e9es via son si\u00e8ge \u00e9lectronique, en d\u00e9posant une demande de protection des droits.<\/p>\n<\/div>\n<\/div>\n<\/article>\n\n\t\t<\/div>\n\t<\/div>\n<div class=\"boc_spacing\" style=\"height: 40px\"><\/div><\/div><\/div><\/div><\/div>","protected":false},"excerpt":{"rendered":"Cette politique de confidentialit\u00e9 peut \u00eatre mise \u00e0 jour ou adapt\u00e9e en raison de changements pouvant survenir dans la l\u00e9gislation en vigueur ou sur le site lui-m\u00eame. Veuillez le lire attentivement chaque fois que vous fournissez vos donn\u00e9es personnelles. La visite de ce site Internet n&#039;implique pas que l&#039;utilisateur soit oblig\u00e9 de fournir des informations le concernant. Cependant, pendant la<div class=\"h10\"><\/div><a class=\"more-link1\" href=\"https:\/\/metal-barcelo.com\/fr\/politica-de-privacidad\/\">En savoir plus<\/a>","protected":false},"author":1,"featured_media":0,"parent":0,"menu_order":0,"comment_status":"closed","ping_status":"closed","template":"","meta":{"footnotes":""},"class_list":["post-370","page","type-page","status-publish","hentry"],"yoast_head":"<!-- This site is optimized with the Yoast SEO plugin v19.8 - https:\/\/yoast.com\/wordpress\/plugins\/seo\/ -->\n<title>Pol\u00edtica de privacidad y cookies - Metal Barcel\u00f3<\/title>\n<meta name=\"description\" content=\"Pol\u00edtica de privacidad muy rigurosa protecci\u00f3n de tus datos de la manera mas profesional. Gesti\u00f3n de datos eficiente y solo uso empresarial.\" \/>\n<meta name=\"robots\" content=\"index, follow, max-snippet:-1, max-image-preview:large, max-video-preview:-1\" \/>\n<link rel=\"canonical\" href=\"https:\/\/metal-barcelo.com\/fr\/politica-de-privacidad\/\" \/>\n<meta property=\"og:locale\" content=\"fr_FR\" \/>\n<meta property=\"og:type\" content=\"article\" \/>\n<meta property=\"og:title\" content=\"Pol\u00edtica de privacidad y cookies - Metal Barcel\u00f3\" \/>\n<meta property=\"og:description\" content=\"Pol\u00edtica de privacidad muy rigurosa protecci\u00f3n de tus datos de la manera mas profesional. Gesti\u00f3n de datos eficiente y solo uso empresarial.\" \/>\n<meta property=\"og:url\" content=\"https:\/\/metal-barcelo.com\/fr\/politica-de-privacidad\/\" \/>\n<meta property=\"og:site_name\" content=\"Metalister\u00eda Barcel\u00f3\" \/>\n<meta property=\"article:modified_time\" content=\"2024-11-28T11:50:11+00:00\" \/>\n<meta name=\"twitter:card\" content=\"summary_large_image\" \/>\n<meta name=\"twitter:label1\" content=\"Dur\u00e9e de lecture estim\u00e9e\" \/>\n\t<meta name=\"twitter:data1\" content=\"10 minutes\" \/>\n<script type=\"application\/ld+json\" class=\"yoast-schema-graph\">{\"@context\":\"https:\/\/schema.org\",\"@graph\":[{\"@type\":\"WebPage\",\"@id\":\"https:\/\/metal-barcelo.com\/politica-de-privacidad\/\",\"url\":\"https:\/\/metal-barcelo.com\/politica-de-privacidad\/\",\"name\":\"Pol\u00edtica de privacidad y cookies - Metal Barcel\u00f3\",\"isPartOf\":{\"@id\":\"https:\/\/metal-barcelo.com\/#website\"},\"datePublished\":\"2022-06-30T10:40:36+00:00\",\"dateModified\":\"2024-11-28T11:50:11+00:00\",\"description\":\"Pol\u00edtica de privacidad muy rigurosa protecci\u00f3n de tus datos de la manera mas profesional. Gesti\u00f3n de datos eficiente y solo uso empresarial.\",\"breadcrumb\":{\"@id\":\"https:\/\/metal-barcelo.com\/politica-de-privacidad\/#breadcrumb\"},\"inLanguage\":\"fr-FR\",\"potentialAction\":[{\"@type\":\"ReadAction\",\"target\":[\"https:\/\/metal-barcelo.com\/politica-de-privacidad\/\"]}]},{\"@type\":\"BreadcrumbList\",\"@id\":\"https:\/\/metal-barcelo.com\/politica-de-privacidad\/#breadcrumb\",\"itemListElement\":[{\"@type\":\"ListItem\",\"position\":1,\"name\":\"Portada\",\"item\":\"https:\/\/metal-barcelo.com\/\"},{\"@type\":\"ListItem\",\"position\":2,\"name\":\"Pol\u00edtica de privacidad\"}]},{\"@type\":\"WebSite\",\"@id\":\"https:\/\/metal-barcelo.com\/#website\",\"url\":\"https:\/\/metal-barcelo.com\/\",\"name\":\"Metalister\u00eda Barcel\u00f3\",\"description\":\"Dise\u00f1o, fabricaci\u00f3n y montaje de estructuras met\u00e1licas\",\"potentialAction\":[{\"@type\":\"SearchAction\",\"target\":{\"@type\":\"EntryPoint\",\"urlTemplate\":\"https:\/\/metal-barcelo.com\/?s={search_term_string}\"},\"query-input\":\"required name=search_term_string\"}],\"inLanguage\":\"fr-FR\"}]}<\/script>\n<!-- \/ Yoast SEO plugin. -->","yoast_head_json":{"title":"Pol\u00edtica de privacidad y cookies - Metal Barcel\u00f3","description":"Pol\u00edtica de privacidad muy rigurosa protecci\u00f3n de tus datos de la manera mas profesional. Gesti\u00f3n de datos eficiente y solo uso empresarial.","robots":{"index":"index","follow":"follow","max-snippet":"max-snippet:-1","max-image-preview":"max-image-preview:large","max-video-preview":"max-video-preview:-1"},"canonical":"https:\/\/metal-barcelo.com\/fr\/politica-de-privacidad\/","og_locale":"fr_FR","og_type":"article","og_title":"Pol\u00edtica de privacidad y cookies - Metal Barcel\u00f3","og_description":"Pol\u00edtica de privacidad muy rigurosa protecci\u00f3n de tus datos de la manera mas profesional. Gesti\u00f3n de datos eficiente y solo uso empresarial.","og_url":"https:\/\/metal-barcelo.com\/fr\/politica-de-privacidad\/","og_site_name":"Metalister\u00eda Barcel\u00f3","article_modified_time":"2024-11-28T11:50:11+00:00","twitter_card":"summary_large_image","twitter_misc":{"Dur\u00e9e de lecture estim\u00e9e":"10 minutes"},"schema":{"@context":"https:\/\/schema.org","@graph":[{"@type":"WebPage","@id":"https:\/\/metal-barcelo.com\/politica-de-privacidad\/","url":"https:\/\/metal-barcelo.com\/politica-de-privacidad\/","name":"Pol\u00edtica de privacidad y cookies - Metal Barcel\u00f3","isPartOf":{"@id":"https:\/\/metal-barcelo.com\/#website"},"datePublished":"2022-06-30T10:40:36+00:00","dateModified":"2024-11-28T11:50:11+00:00","description":"Pol\u00edtica de privacidad muy rigurosa protecci\u00f3n de tus datos de la manera mas profesional. Gesti\u00f3n de datos eficiente y solo uso empresarial.","breadcrumb":{"@id":"https:\/\/metal-barcelo.com\/politica-de-privacidad\/#breadcrumb"},"inLanguage":"fr-FR","potentialAction":[{"@type":"ReadAction","target":["https:\/\/metal-barcelo.com\/politica-de-privacidad\/"]}]},{"@type":"BreadcrumbList","@id":"https:\/\/metal-barcelo.com\/politica-de-privacidad\/#breadcrumb","itemListElement":[{"@type":"ListItem","position":1,"name":"Portada","item":"https:\/\/metal-barcelo.com\/"},{"@type":"ListItem","position":2,"name":"Pol\u00edtica de privacidad"}]},{"@type":"WebSite","@id":"https:\/\/metal-barcelo.com\/#website","url":"https:\/\/metal-barcelo.com\/","name":"Metalister\u00eda Barcel\u00f3","description":"Dise\u00f1o, fabricaci\u00f3n y montaje de estructuras met\u00e1licas","potentialAction":[{"@type":"SearchAction","target":{"@type":"EntryPoint","urlTemplate":"https:\/\/metal-barcelo.com\/?s={search_term_string}"},"query-input":"required name=search_term_string"}],"inLanguage":"fr-FR"}]}},"_links":{"self":[{"href":"https:\/\/metal-barcelo.com\/fr\/wp-json\/wp\/v2\/pages\/370","targetHints":{"allow":["GET"]}}],"collection":[{"href":"https:\/\/metal-barcelo.com\/fr\/wp-json\/wp\/v2\/pages"}],"about":[{"href":"https:\/\/metal-barcelo.com\/fr\/wp-json\/wp\/v2\/types\/page"}],"author":[{"embeddable":true,"href":"https:\/\/metal-barcelo.com\/fr\/wp-json\/wp\/v2\/users\/1"}],"replies":[{"embeddable":true,"href":"https:\/\/metal-barcelo.com\/fr\/wp-json\/wp\/v2\/comments?post=370"}],"version-history":[{"count":0,"href":"https:\/\/metal-barcelo.com\/fr\/wp-json\/wp\/v2\/pages\/370\/revisions"}],"wp:attachment":[{"href":"https:\/\/metal-barcelo.com\/fr\/wp-json\/wp\/v2\/media?parent=370"}],"curies":[{"name":"wp","href":"https:\/\/api.w.org\/{rel}","templated":true}]}}