{"id":368,"date":"2022-06-30T10:39:17","date_gmt":"2022-06-30T10:39:17","guid":{"rendered":"https:\/\/metalisteria-barcelo.desarrollowebsonline.es\/?page_id=368"},"modified":"2024-11-28T11:55:36","modified_gmt":"2024-11-28T11:55:36","slug":"aviso-legal","status":"publish","type":"page","link":"https:\/\/metal-barcelo.com\/fr\/aviso-legal\/","title":{"rendered":"Mentions l\u00e9gales"},"content":{"rendered":"<div class=\"vc_row wpb_row vc_row-fluid\"><div class=\"wpb_column vc_column_container vc_col-sm-12\"><div class=\"vc_column-inner\"><div class=\"wpb_wrapper\"><div class=\"boc_spacing\" style=\"height: 32px\"><\/div>\n\t<div class=\"wpb_text_column wpb_content_element\" >\n\t\t<div class=\"wpb_wrapper\">\n\t\t\t<p>Conform\u00e9ment aux exigences de l&#039;article 10 de la loi 34\/2002 du 11 juillet sur les services de la soci\u00e9t\u00e9 de l&#039;information et du commerce \u00e9lectronique (LSSI-CE), METALISTERIA BARCEL\u00d3 SL communique les donn\u00e9es suivantes\u00a0:<\/p>\n<p>&nbsp;<\/p>\n<p><strong>1.- PROPRI\u00c9TAIRE DU SITE WEB<\/strong><\/p>\n<p>Le propri\u00e9taire de ce site Web est METALISTERIA BARCEL\u00d3 SL, avec CIF B64021751, nom commercial METAL BARCEL\u00d3 et dont le si\u00e8ge social est situ\u00e9 Calle Tamarit, 20 de Sabadell, 08205 Barcelone.<\/p>\n<p>L&#039;adresse email pour contacter la soci\u00e9t\u00e9 est p.domenech@metal-barcelo.com.<\/p>\n<p>METALISTERIA BARCEL\u00d3 SL est inscrite au Registre du Commerce de BARCELONE, volume 38050, folio 178, page 316556 et num\u00e9ro d&#039;enregistrement 1.<\/p>\n<p>Ces informations r\u00e9gissent les conditions d&#039;utilisation, les limitations de responsabilit\u00e9 et les obligations que les utilisateurs de la page Web publi\u00e9e sous le nom de domaine <a href=\"\/fr\/www.metal-barcelo.com\/\">www.metal-barcelo.com<\/a> que les utilisateurs assument et s\u2019engagent \u00e0 respecter.<\/p>\n<p>&nbsp;<\/p>\n<p><strong>2.- OBJET<\/strong><\/p>\n<p>\u00c0 travers ce site Web, METALISTERIA BARCEL\u00d3 SL propose ses services en cherchant \u00e0 satisfaire les besoins de ses utilisateurs, en facilitant leur acc\u00e8s \u00e0 l&#039;utilisation de nos services et en les guidant dans les \u00e9tapes qu&#039;ils doivent suivre pour y naviguer.<\/p>\n<p>&nbsp;<\/p>\n<p><strong>3.- POLITIQUE DE LIENS<\/strong><\/p>\n<p>Dans le cas o\u00f9 un internaute ins\u00e8re un lien depuis son propre site Web vers le site Web de METALISTERIA BARCEL\u00d3 SL, le lien renverra uniquement \u00e0 la page principale de ce dernier, mais ne pourra en aucun cas la reproduire et, dans le cas o\u00f9 le les contenus du Site Web sont affich\u00e9s avec des contenus qui leur sont \u00e9trangers, ces contenus \u00e9trangers ne peuvent pas conduire \u00e0 une erreur, une confusion ou une tromperie chez les Utilisateurs quant \u00e0 l&#039;origine de son contenu, ni impliquer un acte de comparaison ou d&#039;imitation. d\u00e9loyal ou profitant de la r\u00e9putation de METALISTERIA BARCEL\u00d3 SL.<\/p>\n<p>Aucun type de d\u00e9claration fausse ou inexacte ne sera faite \u00e0 partir de la page qui introduit le lien sur METALISTERIA BARCEL\u00d3 SL, les soci\u00e9t\u00e9s associ\u00e9es, collaborateurs ou employ\u00e9s, et il ne sera pas non plus indiqu\u00e9 sur ladite page qu&#039;ils ont le consentement de METALISTERIA BARCEL\u00d3 SL pour l&#039;insertion de le lien, ou que METALISTERIA BARCEL\u00d3 SL a une relation ou une collaboration avec ladite page.<\/p>\n<p>La page qui \u00e9tablit le lien doit \u00eatre conforme \u00e0 la loi et ne pas contenir de contenu ill\u00e9gal ou contraire aux bonnes m\u0153urs et aux bonnes m\u0153urs.<\/p>\n<p>L&#039;existence de sites li\u00e9s n&#039;implique pas l&#039;existence d&#039;accords avec les responsables ou propri\u00e9taires de ceux-ci, et METALISTERIA BARCEL\u00d3 SL n&#039;est pas responsable des dommages caus\u00e9s par l&#039;ill\u00e9galit\u00e9, la qualit\u00e9, l&#039;obsolescence, l&#039;indisponibilit\u00e9, l&#039;erreur et l&#039;inutilit\u00e9 du contenu de ces sites. puisqu&#039;il ne les conna\u00eet pas. Dans tous les cas, si l&#039;utilisateur se rend compte que les sites li\u00e9s renvoient \u00e0 des pages dont le contenu ou les services sont ill\u00e9gaux ou contraires aux bonnes m\u0153urs, il doit en informer METALISTERIA BARCEL\u00d3 SL.<\/p>\n<p>Pour sa part, le site Web lui-m\u00eame comprend des dispositifs de liaison technique qui permettent \u00e0 l&#039;utilisateur d&#039;acc\u00e9der \u00e0 d&#039;autres pages et portails Internet, METALISTERIA BARCEL\u00d3 SL agissant en tant que fournisseur de services d&#039;interm\u00e9diation conform\u00e9ment \u00e0 l&#039;article 17 de la loi 34\/2002 du 11 juillet, Soci\u00e9t\u00e9 de l&#039;information. Services et commerce \u00e9lectronique, elle ne sera donc responsable des contenus et des services fournis sur les sites li\u00e9s que dans le cas o\u00f9 elle en aurait eu effectivement connaissance, de la mani\u00e8re pr\u00e9vue. par la loi sur les services de la soci\u00e9t\u00e9 de l&#039;information, l&#039;ill\u00e9galit\u00e9 n&#039;a pas d\u00e9sactiv\u00e9 le lien.<\/p>\n<p>Sauf dans les cas permis par la loi ou express\u00e9ment autoris\u00e9s par METALISTERIA BARCEL\u00d3 SL, chaque fois qu&#039;un lien direct vers son site Web est autoris\u00e9, l&#039;utilisation de toute marque ou tout autre signe distinctif de METAL BARCEL\u00d3 dans la page o\u00f9 se trouve le lien est interdite, sauf autorisation expresse.<\/p>\n<p>A ces fins, l&#039;adresse email p.domenech@metal-barcelo.com est activ\u00e9e, de cette mani\u00e8re, les utilisateurs doivent communiquer : nom, adresse, num\u00e9ro de t\u00e9l\u00e9phone et adresse email ; sp\u00e9cification de l&#039;activit\u00e9 ill\u00e9gale pr\u00e9sum\u00e9e r\u00e9alis\u00e9e sur le Portail\u00a0; des faits ou circonstances r\u00e9v\u00e9lant le caract\u00e8re illicite de ladite activit\u00e9.<\/p>\n<p>&nbsp;<\/p>\n<p><strong>4.- CONDITIONS D&#039;UTILISATION<\/strong><\/p>\n<p>L&#039;utilisation de la page autorise l&#039;utilisation de l&#039;utilisateur et implique l&#039;acceptation des conditions de la mention l\u00e9gale, de la politique de confidentialit\u00e9 et des conditions d&#039;utilisation. Si l&#039;utilisateur n&#039;est pas d&#039;accord, il s&#039;abstiendra d&#039;utiliser la page. L&#039;utilisateur est oblig\u00e9 et s&#039;engage \u00e0 utiliser la page et son contenu conform\u00e9ment \u00e0 la l\u00e9gislation en vigueur, aux mentions l\u00e9gales et \u00e0 tout autre avis contenu sur cette page, ainsi qu&#039;aux r\u00e8gles g\u00e9n\u00e9ralement accept\u00e9es de coexistence, de moralit\u00e9 et de bonnes coutumes.<\/p>\n<p>L&#039;Utilisateur est tenu et s&#039;engage \u00e0 ne pas transmettre, diffuser ou mettre \u00e0 disposition de tiers tout contenu de la Page, tel que des informations, textes, donn\u00e9es, contenus, messages, graphiques, dessins, fichiers sonores et\/ou images, photographies, enregistrements, logiciels, logos, marques, ic\u00f4nes, technologies, photographies, logiciels, liens, conception graphique et codes sources, ou tout autre mat\u00e9riel auquel vous avez acc\u00e8s en tant qu&#039;utilisateur de la page, sans que cette liste soit limit\u00e9e.<\/p>\n<p>&nbsp;<\/p>\n<p><strong>5.- PROPRI\u00c9T\u00c9 INTELLECTUELLE ET INDUSTRIELLE<\/strong><\/p>\n<p>Toutes les marques, noms commerciaux ou signes distinctifs de toute nature qui apparaissent sur la page sont la propri\u00e9t\u00e9 de METALISTERIA BARCEL\u00d3 SL ou, le cas \u00e9ch\u00e9ant, de tiers qui ont autoris\u00e9 leur utilisation, sans qu&#039;il soit entendu que l&#039;utilisation ou l&#039;acc\u00e8s au portail et \/ou ou sur les contenus attribue \u00e0 l&#039;utilisateur tout droit sur les marques, noms commerciaux et\/ou signes distinctifs susmentionn\u00e9s, et sans qu&#039;aucun des droits d&#039;exploitation existant ou pouvant exister sur lesdits contenus ne soit transf\u00e9r\u00e9 \u00e0 l&#039;utilisateur. Et il n&#039;est pas compris comme c\u00e9d\u00e9 et son utilisation n&#039;est en aucun cas autoris\u00e9e aux utilisateurs de la page \u00e0 moins que lesdits droits ne soient obtenus par \u00e9crit du propri\u00e9taire l\u00e9gitime de celle-ci.<\/p>\n<p>&nbsp;<\/p>\n<ol start=\"6\">\n<li><strong> UTILISATION DES R\u00c9SEAUX SOCIAUX OFFICIELS DE METALISTERIA BARCEL\u00d3 SL<\/strong><\/li>\n<\/ol>\n<p>Le prestataire de services des pages officielles de METAL BARCEL\u00d3 sur les r\u00e9seaux sociaux est l&#039;entit\u00e9 METALISTERIA BARCEL\u00d3 SL avec CIF B64021751 et dont le si\u00e8ge social est situ\u00e9 Calle Tamarit, 20 de Sabadell, 08205 Barcelone et la m\u00eame adresse \u00e0 des fins de notification.<\/p>\n<p>L&#039;acc\u00e8s et l&#039;utilisation de ces pages n\u00e9cessitent l&#039;acceptation des conditions g\u00e9n\u00e9rales d&#039;utilisation des r\u00e9seaux sociaux et de la politique de confidentialit\u00e9 d\u00e9taill\u00e9es ci-dessous et compl\u00e9t\u00e9es par la politique et les r\u00e8gles des plateformes de chaque r\u00e9seau social.<\/p>\n<p>Pour toute question ou contact avec METALISTERIA BARCEL\u00d3 SL, les utilisateurs peuvent nous contacter via le num\u00e9ro de t\u00e9l\u00e9phone 937158075 ou l&#039;adresse e-mail suivante : p.domenech@metal-barcelo.com.<\/p>\n<p><strong>Conditions d&#039;utilisation de la page officielle de METAL BARCEL\u00d3 sur les r\u00e9seaux sociaux<\/strong><\/p>\n<p>Veuillez lire attentivement ces conditions d&#039;utilisation car elles contiennent toutes les informations relatives \u00e0 vos droits et obligations en tant qu&#039;utilisateur de la page officielle de METAL BARCEL\u00d3 sur les r\u00e9seaux sociaux.<\/p>\n<p>L&#039;utilisateur, une fois inscrit sur la page METALISTERIA BARCEL\u00d3 SL, pourra publier sur cette derni\u00e8re des commentaires, des liens, des images ou des photographies ou tout autre type de contenu multim\u00e9dia pris en charge par le r\u00e9seau social. L&#039;utilisateur, dans tous les cas, doit en \u00eatre le propri\u00e9taire, jouir des droits d&#039;auteur et de propri\u00e9t\u00e9 intellectuelle ou avoir le consentement des tiers concern\u00e9s. Toute publication sur la page, qu&#039;il s&#039;agisse de textes, graphiques, photographies, vid\u00e9os, etc., est express\u00e9ment interdite. qui violent ou sont susceptibles de violer la moralit\u00e9, l&#039;\u00e9thique, le bon go\u00fbt ou la biens\u00e9ance, et\/ou qui portent atteinte, violent ou violent les droits de propri\u00e9t\u00e9 intellectuelle ou industrielle, le droit \u00e0 l&#039;image ou la loi. Dans ces cas, METALISTERIA BARCEL\u00d3 SL se r\u00e9serve le droit de. supprimera imm\u00e9diatement le contenu et pourra demander le blocage permanent de l&#039;utilisateur.<\/p>\n<p>METALISTERIA BARCEL\u00d3 SL ne sera pas responsable du contenu librement publi\u00e9 par un utilisateur.<\/p>\n<p>L&#039;utilisateur doit garder \u00e0 l&#039;esprit que ses publications seront connues des autres utilisateurs, c&#039;est pourquoi il est lui-m\u00eame le premier responsable de sa vie priv\u00e9e.<\/p>\n<p>Les images qui pourraient \u00eatre publi\u00e9es sur la page ne seront stock\u00e9es dans aucun fichier par METALISTERIA BARCEL\u00d3 SL, mais elles resteront sur le r\u00e9seau social.<\/p>\n<p>&nbsp;<\/p>\n<p><strong>Concours et promotions <\/strong><\/p>\n<p>METALISTERIA BARCEL\u00d3 SL se r\u00e9serve le droit d&#039;organiser des concours et des promotions, auxquels l&#039;utilisateur li\u00e9 \u00e0 sa page peut participer. Les bases de chacun d&#039;eux, lorsque la plateforme du R\u00e9seau Social sera utilis\u00e9e \u00e0 cet effet, y seront publi\u00e9es. Toujours conforme au LSSI-CE et \u00e0 toute autre norme applicable.<\/p>\n<p>Le r\u00e9seau social ne sponsorise, n\u2019approuve ni n\u2019administre, de quelque mani\u00e8re que ce soit, aucune de nos promotions, et n\u2019est associ\u00e9 \u00e0 aucune d\u2019entre elles.<\/p>\n<p>&nbsp;<\/p>\n<p><strong>Publicit\u00e9 <\/strong><\/p>\n<p>METALISTERIA BARCEL\u00d3 SL utilisera le r\u00e9seau social pour faire la publicit\u00e9 de ses produits et services. Dans tous les cas, si elle d\u00e9cide de traiter vos donn\u00e9es de contact pour mener des actions de prospection commerciale directe, elle sera toujours en conformit\u00e9 avec les exigences l\u00e9gales du RGPD et du RGPD. LSSI-CE.<\/p>\n<p>Recommander la page METALISTERIA BARCEL\u00d3 SL \u00e0 d&#039;autres utilisateurs afin qu&#039;ils puissent \u00e9galement profiter des promotions ou \u00eatre inform\u00e9s de son activit\u00e9 ne sera pas consid\u00e9r\u00e9 comme de la publicit\u00e9.<\/p>\n<p>Ci-dessous nous d\u00e9taillons le lien vers la politique de confidentialit\u00e9 du r\u00e9seau social :<\/p>\n<ul>\n<li>Facebook\u00a0: <a href=\"https:\/\/www.facebook.com\/help\/323540651073243\/\">https:\/\/www.facebook.com\/help\/323540651073243\/<\/a><\/li>\n<li>Gazouillement: <a href=\"https:\/\/twitter.com\/privacy\">https:\/\/twitter.com\/privacy<\/a><\/li>\n<li>Instagram\u00a0: <a href=\"http:\/\/instagram.com\/about\/legal\/privacy\">http:\/\/instagram.com\/about\/legal\/privacy<\/a><\/li>\n<li>Pinterest\u00a0: <a href=\"http:\/\/es.about.pinterest.com\/terms\">http:\/\/es.about.pinterest.com\/terms<\/a><\/li>\n<li>LinkedIn\u00a0: <a href=\"http:\/\/www.linkedin.com\/legal\/privacy-policy?trk=hb_ft_priv\">http:\/\/www.linkedin.com\/legal\/privacy-policy?trk=hb_ft_priv<\/a><\/li>\n<\/ul>\n<p>&nbsp;<\/p>\n<p>L&#039;utilisateur est tenu de faire un usage raisonnable de la page officielle METAL BARCEL\u00d3 des r\u00e9seaux sociaux et de ses contenus, selon les possibilit\u00e9s et les finalit\u00e9s pour lesquelles elle est con\u00e7ue conform\u00e9ment aux usages et coutumes, \u00e0 la morale, \u00e0 la l\u00e9gislation en vigueur, aux pr\u00e9sentes r\u00e8gles et aux r\u00e8gles et politiques publi\u00e9es par les r\u00e9seaux sociaux. L&#039;utilisateur sera seul responsable des informations, images, opinions, allusions ou contenus de toute nature qu&#039;il communique, h\u00e9berge, transmet, met \u00e0 disposition ou affiche \u00e0 travers la page officielle de METAL BARCEL\u00d3 sur les r\u00e9seaux sociaux.<\/p>\n<p>METALISTERIA BARCEL\u00d3 SL ne peut \u00eatre consid\u00e9r\u00e9e comme responsable \u00e9ditoriale du contenu publi\u00e9 par l&#039;utilisateur et d\u00e9clare express\u00e9ment qu&#039;elle ne s&#039;identifie \u00e0 aucun des avis que les utilisateurs publient sur la page officielle de METAL BARCEL\u00d3 sur les r\u00e9seaux sociaux pour les cons\u00e9quences desquelles l&#039;\u00e9metteur de celui-ci.<\/p>\n<p>Dans tous les cas, l&#039;utilisation de la page officielle de METAL BARCEL\u00d3 sur les r\u00e9seaux sociaux \u00e0 des fins ill\u00e9gales ou non autoris\u00e9es, avec ou sans finalit\u00e9s \u00e9conomiques, est interdite.<\/p>\n<p>&nbsp;<\/p>\n<ol start=\"7\">\n<li><strong> CLAUSE DE NON-RESPONSABILIT\u00c9<\/strong><\/li>\n<\/ol>\n<p>METALISTERIA BARCEL\u00d3 SL inclut sur son site Web une s\u00e9rie de contenus sur ses activit\u00e9s, produits, structure, gestion et \u00e9quipes typiques d&#039;un site Web d&#039;entreprise. METALISTERIA BARCEL\u00d3 SL exclut toute responsabilit\u00e9 pour les dommages de toute nature pouvant d\u00e9couler de l&#039;acc\u00e8s au contenu, aux informations, \u00e0 la publicit\u00e9, aux options, aux concepts et aux images fournis aux utilisateurs.<\/p>\n<p>En tout \u00e9tat de cause, METALISTERIA BARCEL\u00d3 SL n\u2019est pas responsable de\u00a0:<\/p>\n<ul>\n<li>Le pr\u00e9judice que l&#039;utilisateur pourrait causer au Site Internet.<\/li>\n<li>La continuit\u00e9 du contenu du Site Web.<\/li>\n<li>L&#039;absence de virus et\/ou d&#039;autres \u00e9l\u00e9ments nuisibles sur le Site ou sur le serveur qui les fournit, tant en ce qui concerne la visualisation des contenus par les utilisateurs que leur t\u00e9l\u00e9chargement.<\/li>\n<li>Les contenus et services fournis par d&#039;autres sites Web auxquels vous pouvez avoir acc\u00e8s \u00e0 partir des adresses Internet appartenant \u00e0 METALISTERIA BARCEL\u00d3 SL.<\/li>\n<li>La plus ou moins grande performance du contenu h\u00e9berg\u00e9 sur le Site Internet.<\/li>\n<li>Les dommages ou pertes caus\u00e9s par toute personne, soit \u00e0 elle-m\u00eame, soit \u00e0 des tiers, qui viole les conditions, r\u00e8gles et instructions que METALISTERIA BARCEL\u00d3 SL sur ce site Web.<\/li>\n<li>Dommages caus\u00e9s par la violation des syst\u00e8mes de s\u00e9curit\u00e9 du site Web appartenant \u00e0 METALISTERIA BARCEL\u00d3 SL.<\/li>\n<li>Le dysfonctionnement de logiciels ou de plug-ins (t\u00e9l\u00e9chargement qui pourrait \u00eatre effectu\u00e9 \u00e0 partir du lien \u00e9tabli \u00e0 cet effet), qui peuvent \u00eatre n\u00e9cessaires \u00e0 la visualisation ou \u00e0 l&#039;\u00e9coute de certains contenus h\u00e9berg\u00e9s sur ce Site Internet.<\/li>\n<li>Toute action ou performance qui pourrait \u00eatre r\u00e9alis\u00e9e en relation avec la violation des droits de tiers, notamment en mati\u00e8re d&#039;image, de propri\u00e9t\u00e9 intellectuelle ou industrielle.<\/li>\n<li>De l&#039;\u00e9dition, de la r\u00e9vision, de la censure et de la v\u00e9rification du contenu des pages ou des sites Internet avec lesquels l&#039;utilisateur se connecte via le moteur de recherche ou les hyperliens inclus sur le site Web de METALISTERIA BARCEL\u00d3 SL.<\/li>\n<\/ul>\n<p>&nbsp;<\/p>\n<p>Exon\u00e9ration de responsabilit\u00e9 pour le fonctionnement du site Web<\/p>\n<p>METALISTERIA BARCEL\u00d3 SL fournit ses services et contenus de mani\u00e8re continue en utilisant tous les moyens techniques \u00e0 sa disposition pour r\u00e9aliser cette fourniture de mani\u00e8re satisfaisante.<\/p>\n<p>METALISTERIA BARCEL\u00d3 SL pourra, lorsqu&#039;elle le jugera appropri\u00e9, apporter des corrections, des am\u00e9liorations ou des modifications aux informations contenues sur son site Web, sans donner lieu ni droit \u00e0 aucune r\u00e9clamation ou indemnisation, ni impliquer la reconnaissance d&#039;une quelconque responsabilit\u00e9.<\/p>\n<p>METALISTERIA BARCEL\u00d3 SL ne sera pas responsable des dommages de toute nature pouvant d\u00e9couler de la disponibilit\u00e9 et de la continuit\u00e9 technique du fonctionnement de son site Web. Dans tous les cas, METALISTERIA BARCEL\u00d3 SL effectuera toutes les actions n\u00e9cessaires pour r\u00e9tablir ses services en cas de panne technique.<\/p>\n<p>&nbsp;<\/p>\n<p><strong>8.- L\u00c9GISLATION ET JURIDICTION <\/strong><\/p>\n<p>METALISTERIA BARCEL\u00d3 SL se r\u00e9serve le droit d&#039;engager des actions civiles ou p\u00e9nales qu&#039;elle juge appropri\u00e9es pour l&#039;utilisation inappropri\u00e9e de son site Web et de son contenu, ou pour le non-respect de ces conditions.<\/p>\n<p>En cas de divergence entre ce qui est \u00e9tabli dans le pr\u00e9sent Avis L\u00e9gal et les Conditions Particuli\u00e8res de chaque service sp\u00e9cifique, les dispositions de ces derni\u00e8res pr\u00e9vaudront.<\/p>\n<p>Dans le cas o\u00f9 une ou plusieurs dispositions contenues dans le pr\u00e9sent Avis L\u00e9gal seraient consid\u00e9r\u00e9es nulles ou inapplicables, en tout ou en partie, par une Cour, un Tribunal ou un organe administratif comp\u00e9tent, ladite nullit\u00e9 ou inapplicabilit\u00e9 n&#039;affectera pas le reste des dispositions du pr\u00e9sent Avis L\u00e9gal. Avis ou Conditions Sp\u00e9cifiques des diff\u00e9rents services de ce Site Internet.<\/p>\n<p>Le non-exercice ou l&#039;ex\u00e9cution, par METALISTERIA BARCEL\u00d3 SL, de tout droit ou disposition contenu dans les pr\u00e9sentes Conditions G\u00e9n\u00e9rales ne constituera pas une renonciation \u00e0 celui-ci, sauf reconnaissance et accord \u00e9crit de sa part.<\/p>\n<p>La relation entre l&#039;utilisateur et le fournisseur sera r\u00e9gie par la r\u00e9glementation en vigueur et applicable sur le territoire espagnol.<br \/>\nEn cas de litige, les parties pourront soumettre leurs conflits \u00e0 l&#039;arbitrage ou recourir \u00e0 la juridiction ordinaire, en respectant les r\u00e8gles de juridiction et de comp\u00e9tence en la mati\u00e8re. METALISTERIA BARCEL\u00d3 SL est domicili\u00e9e \u00e0 Sabadell, Espagne.<\/p>\n\n\t\t<\/div>\n\t<\/div>\n<div class=\"boc_spacing\" style=\"height: 40px\"><\/div><\/div><\/div><\/div><\/div>","protected":false},"excerpt":{"rendered":"Conform\u00e9ment aux exigences de l&#039;article 10 de la loi 34\/2002 du 11 juillet sur les services de la soci\u00e9t\u00e9 de l&#039;information et du commerce \u00e9lectronique (LSSI-CE), METALISTERIA BARCEL\u00d3 SL communique les donn\u00e9es suivantes\u00a0: 1.- PROPRI\u00c9TAIRE DU SITE WEB Le propri\u00e9taire de ce site Web est METALISTERIA BARCEL\u00d3 SL, avec CIF B64021751, nom commercial METAL BARCEL\u00d3 et adresse<div class=\"h10\"><\/div><a class=\"more-link1\" href=\"https:\/\/metal-barcelo.com\/fr\/aviso-legal\/\">En savoir plus<\/a>","protected":false},"author":1,"featured_media":0,"parent":0,"menu_order":0,"comment_status":"closed","ping_status":"closed","template":"","meta":{"footnotes":""},"class_list":["post-368","page","type-page","status-publish","hentry"],"yoast_head":"<!-- This site is optimized with the Yoast SEO plugin v19.8 - https:\/\/yoast.com\/wordpress\/plugins\/seo\/ -->\n<title>Aviso legal - Metal Barcel\u00f3<\/title>\n<meta name=\"description\" content=\"Documento a disposici\u00f3n de los usuarios para dar el cumplimiento ley 34\/2002, empresa meticulosa y profesional en todos los cumplimientos de leyes.\" \/>\n<meta name=\"robots\" content=\"index, follow, max-snippet:-1, max-image-preview:large, max-video-preview:-1\" \/>\n<link rel=\"canonical\" href=\"https:\/\/metal-barcelo.com\/fr\/aviso-legal\/\" \/>\n<meta property=\"og:locale\" content=\"fr_FR\" \/>\n<meta property=\"og:type\" content=\"article\" \/>\n<meta property=\"og:title\" content=\"Aviso legal - Metal Barcel\u00f3\" \/>\n<meta property=\"og:description\" content=\"Documento a disposici\u00f3n de los usuarios para dar el cumplimiento ley 34\/2002, empresa meticulosa y profesional en todos los cumplimientos de leyes.\" \/>\n<meta property=\"og:url\" content=\"https:\/\/metal-barcelo.com\/fr\/aviso-legal\/\" \/>\n<meta property=\"og:site_name\" content=\"Metalister\u00eda Barcel\u00f3\" \/>\n<meta property=\"article:modified_time\" content=\"2024-11-28T11:55:36+00:00\" \/>\n<meta name=\"twitter:card\" content=\"summary_large_image\" \/>\n<meta name=\"twitter:label1\" content=\"Dur\u00e9e de lecture estim\u00e9e\" \/>\n\t<meta name=\"twitter:data1\" content=\"11 minutes\" \/>\n<script type=\"application\/ld+json\" class=\"yoast-schema-graph\">{\"@context\":\"https:\/\/schema.org\",\"@graph\":[{\"@type\":\"WebPage\",\"@id\":\"https:\/\/metal-barcelo.com\/aviso-legal\/\",\"url\":\"https:\/\/metal-barcelo.com\/aviso-legal\/\",\"name\":\"Aviso legal - Metal Barcel\u00f3\",\"isPartOf\":{\"@id\":\"https:\/\/metal-barcelo.com\/#website\"},\"datePublished\":\"2022-06-30T10:39:17+00:00\",\"dateModified\":\"2024-11-28T11:55:36+00:00\",\"description\":\"Documento a disposici\u00f3n de los usuarios para dar el cumplimiento ley 34\/2002, empresa meticulosa y profesional en todos los cumplimientos de leyes.\",\"breadcrumb\":{\"@id\":\"https:\/\/metal-barcelo.com\/aviso-legal\/#breadcrumb\"},\"inLanguage\":\"fr-FR\",\"potentialAction\":[{\"@type\":\"ReadAction\",\"target\":[\"https:\/\/metal-barcelo.com\/aviso-legal\/\"]}]},{\"@type\":\"BreadcrumbList\",\"@id\":\"https:\/\/metal-barcelo.com\/aviso-legal\/#breadcrumb\",\"itemListElement\":[{\"@type\":\"ListItem\",\"position\":1,\"name\":\"Portada\",\"item\":\"https:\/\/metal-barcelo.com\/\"},{\"@type\":\"ListItem\",\"position\":2,\"name\":\"Aviso legal\"}]},{\"@type\":\"WebSite\",\"@id\":\"https:\/\/metal-barcelo.com\/#website\",\"url\":\"https:\/\/metal-barcelo.com\/\",\"name\":\"Metalister\u00eda Barcel\u00f3\",\"description\":\"Dise\u00f1o, fabricaci\u00f3n y montaje de estructuras met\u00e1licas\",\"potentialAction\":[{\"@type\":\"SearchAction\",\"target\":{\"@type\":\"EntryPoint\",\"urlTemplate\":\"https:\/\/metal-barcelo.com\/?s={search_term_string}\"},\"query-input\":\"required name=search_term_string\"}],\"inLanguage\":\"fr-FR\"}]}<\/script>\n<!-- \/ Yoast SEO plugin. -->","yoast_head_json":{"title":"Aviso legal - Metal Barcel\u00f3","description":"Documento a disposici\u00f3n de los usuarios para dar el cumplimiento ley 34\/2002, empresa meticulosa y profesional en todos los cumplimientos de leyes.","robots":{"index":"index","follow":"follow","max-snippet":"max-snippet:-1","max-image-preview":"max-image-preview:large","max-video-preview":"max-video-preview:-1"},"canonical":"https:\/\/metal-barcelo.com\/fr\/aviso-legal\/","og_locale":"fr_FR","og_type":"article","og_title":"Aviso legal - Metal Barcel\u00f3","og_description":"Documento a disposici\u00f3n de los usuarios para dar el cumplimiento ley 34\/2002, empresa meticulosa y profesional en todos los cumplimientos de leyes.","og_url":"https:\/\/metal-barcelo.com\/fr\/aviso-legal\/","og_site_name":"Metalister\u00eda Barcel\u00f3","article_modified_time":"2024-11-28T11:55:36+00:00","twitter_card":"summary_large_image","twitter_misc":{"Dur\u00e9e de lecture estim\u00e9e":"11 minutes"},"schema":{"@context":"https:\/\/schema.org","@graph":[{"@type":"WebPage","@id":"https:\/\/metal-barcelo.com\/aviso-legal\/","url":"https:\/\/metal-barcelo.com\/aviso-legal\/","name":"Aviso legal - Metal Barcel\u00f3","isPartOf":{"@id":"https:\/\/metal-barcelo.com\/#website"},"datePublished":"2022-06-30T10:39:17+00:00","dateModified":"2024-11-28T11:55:36+00:00","description":"Documento a disposici\u00f3n de los usuarios para dar el cumplimiento ley 34\/2002, empresa meticulosa y profesional en todos los cumplimientos de leyes.","breadcrumb":{"@id":"https:\/\/metal-barcelo.com\/aviso-legal\/#breadcrumb"},"inLanguage":"fr-FR","potentialAction":[{"@type":"ReadAction","target":["https:\/\/metal-barcelo.com\/aviso-legal\/"]}]},{"@type":"BreadcrumbList","@id":"https:\/\/metal-barcelo.com\/aviso-legal\/#breadcrumb","itemListElement":[{"@type":"ListItem","position":1,"name":"Portada","item":"https:\/\/metal-barcelo.com\/"},{"@type":"ListItem","position":2,"name":"Aviso legal"}]},{"@type":"WebSite","@id":"https:\/\/metal-barcelo.com\/#website","url":"https:\/\/metal-barcelo.com\/","name":"Metalister\u00eda Barcel\u00f3","description":"Dise\u00f1o, fabricaci\u00f3n y montaje de estructuras met\u00e1licas","potentialAction":[{"@type":"SearchAction","target":{"@type":"EntryPoint","urlTemplate":"https:\/\/metal-barcelo.com\/?s={search_term_string}"},"query-input":"required name=search_term_string"}],"inLanguage":"fr-FR"}]}},"_links":{"self":[{"href":"https:\/\/metal-barcelo.com\/fr\/wp-json\/wp\/v2\/pages\/368","targetHints":{"allow":["GET"]}}],"collection":[{"href":"https:\/\/metal-barcelo.com\/fr\/wp-json\/wp\/v2\/pages"}],"about":[{"href":"https:\/\/metal-barcelo.com\/fr\/wp-json\/wp\/v2\/types\/page"}],"author":[{"embeddable":true,"href":"https:\/\/metal-barcelo.com\/fr\/wp-json\/wp\/v2\/users\/1"}],"replies":[{"embeddable":true,"href":"https:\/\/metal-barcelo.com\/fr\/wp-json\/wp\/v2\/comments?post=368"}],"version-history":[{"count":0,"href":"https:\/\/metal-barcelo.com\/fr\/wp-json\/wp\/v2\/pages\/368\/revisions"}],"wp:attachment":[{"href":"https:\/\/metal-barcelo.com\/fr\/wp-json\/wp\/v2\/media?parent=368"}],"curies":[{"name":"wp","href":"https:\/\/api.w.org\/{rel}","templated":true}]}}