{"id":195,"date":"2022-06-02T10:45:12","date_gmt":"2022-06-02T10:45:12","guid":{"rendered":"https:\/\/metalisteria-barcelo.desarrollowebsonline.es\/?page_id=195"},"modified":"2022-06-02T10:45:12","modified_gmt":"2022-06-02T10:45:12","slug":"cerrajeria-cerramientos","status":"publish","type":"page","link":"https:\/\/metal-barcelo.com\/fr\/proyectos\/cerrajeria-cerramientos\/","title":{"rendered":"Serrurier \/ Cl\u00f4tures"},"content":{"rendered":"<div class=\"vc_row wpb_row vc_row-fluid\"><div class=\"wpb_column vc_column_container vc_col-sm-12\"><div class=\"vc_column-inner\"><div class=\"wpb_wrapper\"><div class=\"boc_spacing\" style=\"height: 20px\"><\/div><\/div><\/div><\/div><\/div><div class=\"vc_row wpb_row vc_row-fluid\"><div class=\"wpb_column vc_column_container vc_col-sm-12\"><div class=\"vc_column-inner\"><div class=\"wpb_wrapper\"><div class=\"grid_holder mfp_gallery  small_spacing\" id=\"img_gallery_7d20b924d72aa3bb593d88c8551c0524\"><div class=\"col span_1_of_4 info_item isotope_element\">\n\t\t\t\t\t\t\t<div class=\"pic  img_hover_effect3\">\t\t\t\n\t\t\t\t\t\t\t<a href=\"https:\/\/metal-barcelo.com\/wp-content\/uploads\/2022\/06\/32.jpg\" class=\"mfp_popup_gal\" title=\"\">\n\t\t\t\t\t\t\t\t<img decoding=\"async\" src=\"https:\/\/metal-barcelo.com\/wp-content\/uploads\/2022\/06\/32-600x380.jpg\" alt=\"\" \/>\n\t\t\t\t\t\t\t\t\n\t\t\t\t\t\t\t<\/a>\t<\/div><\/div><div class=\"col span_1_of_4 info_item isotope_element\">\n\t\t\t\t\t\t\t<div class=\"pic  img_hover_effect3\">\t\t\t\n\t\t\t\t\t\t\t<a href=\"https:\/\/metal-barcelo.com\/wp-content\/uploads\/2022\/06\/1-1.jpg\" class=\"mfp_popup_gal\" title=\"\">\n\t\t\t\t\t\t\t\t<img decoding=\"async\" src=\"https:\/\/metal-barcelo.com\/wp-content\/uploads\/2022\/06\/1-1-540x380.jpg\" alt=\"\" \/>\n\t\t\t\t\t\t\t\t\n\t\t\t\t\t\t\t<\/a>\t<\/div><\/div><div class=\"col span_1_of_4 info_item isotope_element\">\n\t\t\t\t\t\t\t<div class=\"pic  img_hover_effect3\">\t\t\t\n\t\t\t\t\t\t\t<a href=\"https:\/\/metal-barcelo.com\/wp-content\/uploads\/2022\/06\/2-1.jpg\" class=\"mfp_popup_gal\" title=\"\">\n\t\t\t\t\t\t\t\t<img decoding=\"async\" src=\"https:\/\/metal-barcelo.com\/wp-content\/uploads\/2022\/06\/2-1-600x380.jpg\" alt=\"\" \/>\n\t\t\t\t\t\t\t\t\n\t\t\t\t\t\t\t<\/a>\t<\/div><\/div><div class=\"col span_1_of_4 info_item isotope_element\">\n\t\t\t\t\t\t\t<div class=\"pic  img_hover_effect3\">\t\t\t\n\t\t\t\t\t\t\t<a href=\"https:\/\/metal-barcelo.com\/wp-content\/uploads\/2022\/06\/3-1.jpg\" class=\"mfp_popup_gal\" title=\"\">\n\t\t\t\t\t\t\t\t<img decoding=\"async\" src=\"https:\/\/metal-barcelo.com\/wp-content\/uploads\/2022\/06\/3-1-536x380.jpg\" alt=\"\" \/>\n\t\t\t\t\t\t\t\t\n\t\t\t\t\t\t\t<\/a>\t<\/div><\/div><div class=\"col span_1_of_4 info_item isotope_element\">\n\t\t\t\t\t\t\t<div class=\"pic  img_hover_effect3\">\t\t\t\n\t\t\t\t\t\t\t<a href=\"https:\/\/metal-barcelo.com\/wp-content\/uploads\/2022\/06\/4-1.jpg\" class=\"mfp_popup_gal\" title=\"\">\n\t\t\t\t\t\t\t\t<img decoding=\"async\" src=\"https:\/\/metal-barcelo.com\/wp-content\/uploads\/2022\/06\/4-1-535x380.jpg\" alt=\"\" \/>\n\t\t\t\t\t\t\t\t\n\t\t\t\t\t\t\t<\/a>\t<\/div><\/div><div class=\"col span_1_of_4 info_item isotope_element\">\n\t\t\t\t\t\t\t<div class=\"pic  img_hover_effect3\">\t\t\t\n\t\t\t\t\t\t\t<a href=\"https:\/\/metal-barcelo.com\/wp-content\/uploads\/2022\/06\/5-1.jpg\" class=\"mfp_popup_gal\" title=\"\">\n\t\t\t\t\t\t\t\t<img decoding=\"async\" src=\"https:\/\/metal-barcelo.com\/wp-content\/uploads\/2022\/06\/5-1-552x380.jpg\" alt=\"\" \/>\n\t\t\t\t\t\t\t\t\n\t\t\t\t\t\t\t<\/a>\t<\/div><\/div><div class=\"col span_1_of_4 info_item isotope_element\">\n\t\t\t\t\t\t\t<div class=\"pic  img_hover_effect3\">\t\t\t\n\t\t\t\t\t\t\t<a href=\"https:\/\/metal-barcelo.com\/wp-content\/uploads\/2022\/06\/6-1.jpg\" class=\"mfp_popup_gal\" title=\"\">\n\t\t\t\t\t\t\t\t<img decoding=\"async\" src=\"https:\/\/metal-barcelo.com\/wp-content\/uploads\/2022\/06\/6-1-534x380.jpg\" alt=\"\" \/>\n\t\t\t\t\t\t\t\t\n\t\t\t\t\t\t\t<\/a>\t<\/div><\/div><div class=\"col span_1_of_4 info_item isotope_element\">\n\t\t\t\t\t\t\t<div class=\"pic  img_hover_effect3\">\t\t\t\n\t\t\t\t\t\t\t<a href=\"https:\/\/metal-barcelo.com\/wp-content\/uploads\/2022\/06\/7-1.jpg\" class=\"mfp_popup_gal\" title=\"\">\n\t\t\t\t\t\t\t\t<img decoding=\"async\" src=\"https:\/\/metal-barcelo.com\/wp-content\/uploads\/2022\/06\/7-1.jpg\" alt=\"\" \/>\n\t\t\t\t\t\t\t\t\n\t\t\t\t\t\t\t<\/a>\t<\/div><\/div><div class=\"col span_1_of_4 info_item isotope_element\">\n\t\t\t\t\t\t\t<div class=\"pic  img_hover_effect3\">\t\t\t\n\t\t\t\t\t\t\t<a href=\"https:\/\/metal-barcelo.com\/wp-content\/uploads\/2022\/06\/9-1.jpg\" class=\"mfp_popup_gal\" title=\"\">\n\t\t\t\t\t\t\t\t<img decoding=\"async\" src=\"https:\/\/metal-barcelo.com\/wp-content\/uploads\/2022\/06\/9-1.jpg\" alt=\"\" \/>\n\t\t\t\t\t\t\t\t\n\t\t\t\t\t\t\t<\/a>\t<\/div><\/div><div class=\"col span_1_of_4 info_item isotope_element\">\n\t\t\t\t\t\t\t<div class=\"pic  img_hover_effect3\">\t\t\t\n\t\t\t\t\t\t\t<a href=\"https:\/\/metal-barcelo.com\/wp-content\/uploads\/2022\/06\/10-1.jpg\" class=\"mfp_popup_gal\" title=\"\">\n\t\t\t\t\t\t\t\t<img decoding=\"async\" src=\"https:\/\/metal-barcelo.com\/wp-content\/uploads\/2022\/06\/10-1-224x380.jpg\" alt=\"\" \/>\n\t\t\t\t\t\t\t\t\n\t\t\t\t\t\t\t<\/a>\t<\/div><\/div><div class=\"col span_1_of_4 info_item isotope_element\">\n\t\t\t\t\t\t\t<div class=\"pic  img_hover_effect3\">\t\t\t\n\t\t\t\t\t\t\t<a href=\"https:\/\/metal-barcelo.com\/wp-content\/uploads\/2022\/06\/11-1.jpg\" class=\"mfp_popup_gal\" title=\"\">\n\t\t\t\t\t\t\t\t<img decoding=\"async\" src=\"https:\/\/metal-barcelo.com\/wp-content\/uploads\/2022\/06\/11-1-534x380.jpg\" alt=\"\" \/>\n\t\t\t\t\t\t\t\t\n\t\t\t\t\t\t\t<\/a>\t<\/div><\/div><div class=\"col span_1_of_4 info_item isotope_element\">\n\t\t\t\t\t\t\t<div class=\"pic  img_hover_effect3\">\t\t\t\n\t\t\t\t\t\t\t<a href=\"https:\/\/metal-barcelo.com\/wp-content\/uploads\/2022\/06\/12-2.jpg\" class=\"mfp_popup_gal\" title=\"\">\n\t\t\t\t\t\t\t\t<img decoding=\"async\" src=\"https:\/\/metal-barcelo.com\/wp-content\/uploads\/2022\/06\/12-2-534x380.jpg\" alt=\"\" \/>\n\t\t\t\t\t\t\t\t\n\t\t\t\t\t\t\t<\/a>\t<\/div><\/div><div class=\"col span_1_of_4 info_item isotope_element\">\n\t\t\t\t\t\t\t<div class=\"pic  img_hover_effect3\">\t\t\t\n\t\t\t\t\t\t\t<a href=\"https:\/\/metal-barcelo.com\/wp-content\/uploads\/2022\/06\/13-1.jpg\" class=\"mfp_popup_gal\" title=\"\">\n\t\t\t\t\t\t\t\t<img decoding=\"async\" src=\"https:\/\/metal-barcelo.com\/wp-content\/uploads\/2022\/06\/13-1-600x380.jpg\" alt=\"\" \/>\n\t\t\t\t\t\t\t\t\n\t\t\t\t\t\t\t<\/a>\t<\/div><\/div><div class=\"col span_1_of_4 info_item isotope_element\">\n\t\t\t\t\t\t\t<div class=\"pic  img_hover_effect3\">\t\t\t\n\t\t\t\t\t\t\t<a href=\"https:\/\/metal-barcelo.com\/wp-content\/uploads\/2022\/06\/14-1.jpg\" class=\"mfp_popup_gal\" title=\"\">\n\t\t\t\t\t\t\t\t<img decoding=\"async\" src=\"https:\/\/metal-barcelo.com\/wp-content\/uploads\/2022\/06\/14-1-526x380.jpg\" alt=\"\" \/>\n\t\t\t\t\t\t\t\t\n\t\t\t\t\t\t\t<\/a>\t<\/div><\/div><div class=\"col span_1_of_4 info_item isotope_element\">\n\t\t\t\t\t\t\t<div class=\"pic  img_hover_effect3\">\t\t\t\n\t\t\t\t\t\t\t<a href=\"https:\/\/metal-barcelo.com\/wp-content\/uploads\/2022\/06\/15-1.jpg\" class=\"mfp_popup_gal\" title=\"\">\n\t\t\t\t\t\t\t\t<img decoding=\"async\" src=\"https:\/\/metal-barcelo.com\/wp-content\/uploads\/2022\/06\/15-1-526x380.jpg\" alt=\"\" \/>\n\t\t\t\t\t\t\t\t\n\t\t\t\t\t\t\t<\/a>\t<\/div><\/div><div class=\"col span_1_of_4 info_item isotope_element\">\n\t\t\t\t\t\t\t<div class=\"pic  img_hover_effect3\">\t\t\t\n\t\t\t\t\t\t\t<a href=\"https:\/\/metal-barcelo.com\/wp-content\/uploads\/2022\/06\/16-1.jpg\" class=\"mfp_popup_gal\" title=\"\">\n\t\t\t\t\t\t\t\t<img decoding=\"async\" src=\"https:\/\/metal-barcelo.com\/wp-content\/uploads\/2022\/06\/16-1-600x380.jpg\" alt=\"\" \/>\n\t\t\t\t\t\t\t\t\n\t\t\t\t\t\t\t<\/a>\t<\/div><\/div><div class=\"col span_1_of_4 info_item isotope_element\">\n\t\t\t\t\t\t\t<div class=\"pic  img_hover_effect3\">\t\t\t\n\t\t\t\t\t\t\t<a href=\"https:\/\/metal-barcelo.com\/wp-content\/uploads\/2022\/06\/17-1.jpg\" class=\"mfp_popup_gal\" title=\"\">\n\t\t\t\t\t\t\t\t<img decoding=\"async\" src=\"https:\/\/metal-barcelo.com\/wp-content\/uploads\/2022\/06\/17-1-535x380.jpg\" alt=\"\" \/>\n\t\t\t\t\t\t\t\t\n\t\t\t\t\t\t\t<\/a>\t<\/div><\/div><div class=\"col span_1_of_4 info_item isotope_element\">\n\t\t\t\t\t\t\t<div class=\"pic  img_hover_effect3\">\t\t\t\n\t\t\t\t\t\t\t<a href=\"https:\/\/metal-barcelo.com\/wp-content\/uploads\/2022\/06\/18-1.jpg\" class=\"mfp_popup_gal\" title=\"\">\n\t\t\t\t\t\t\t\t<img decoding=\"async\" src=\"https:\/\/metal-barcelo.com\/wp-content\/uploads\/2022\/06\/18-1-530x380.jpg\" alt=\"\" \/>\n\t\t\t\t\t\t\t\t\n\t\t\t\t\t\t\t<\/a>\t<\/div><\/div><div class=\"col span_1_of_4 info_item isotope_element\">\n\t\t\t\t\t\t\t<div class=\"pic  img_hover_effect3\">\t\t\t\n\t\t\t\t\t\t\t<a href=\"https:\/\/metal-barcelo.com\/wp-content\/uploads\/2022\/06\/19-1.jpg\" class=\"mfp_popup_gal\" title=\"\">\n\t\t\t\t\t\t\t\t<img decoding=\"async\" src=\"https:\/\/metal-barcelo.com\/wp-content\/uploads\/2022\/06\/19-1-547x380.jpg\" alt=\"\" \/>\n\t\t\t\t\t\t\t\t\n\t\t\t\t\t\t\t<\/a>\t<\/div><\/div><div class=\"col span_1_of_4 info_item isotope_element\">\n\t\t\t\t\t\t\t<div class=\"pic  img_hover_effect3\">\t\t\t\n\t\t\t\t\t\t\t<a href=\"https:\/\/metal-barcelo.com\/wp-content\/uploads\/2022\/06\/20-1.jpg\" class=\"mfp_popup_gal\" title=\"\">\n\t\t\t\t\t\t\t\t<img decoding=\"async\" src=\"https:\/\/metal-barcelo.com\/wp-content\/uploads\/2022\/06\/20-1-228x380.jpg\" alt=\"\" \/>\n\t\t\t\t\t\t\t\t\n\t\t\t\t\t\t\t<\/a>\t<\/div><\/div><div class=\"col span_1_of_4 info_item isotope_element\">\n\t\t\t\t\t\t\t<div class=\"pic  img_hover_effect3\">\t\t\t\n\t\t\t\t\t\t\t<a href=\"https:\/\/metal-barcelo.com\/wp-content\/uploads\/2022\/06\/21.jpg\" class=\"mfp_popup_gal\" title=\"\">\n\t\t\t\t\t\t\t\t<img decoding=\"async\" src=\"https:\/\/metal-barcelo.com\/wp-content\/uploads\/2022\/06\/21-600x380.jpg\" alt=\"\" \/>\n\t\t\t\t\t\t\t\t\n\t\t\t\t\t\t\t<\/a>\t<\/div><\/div><div class=\"col span_1_of_4 info_item isotope_element\">\n\t\t\t\t\t\t\t<div class=\"pic  img_hover_effect3\">\t\t\t\n\t\t\t\t\t\t\t<a href=\"https:\/\/metal-barcelo.com\/wp-content\/uploads\/2022\/06\/22.jpg\" class=\"mfp_popup_gal\" title=\"\">\n\t\t\t\t\t\t\t\t<img decoding=\"async\" src=\"https:\/\/metal-barcelo.com\/wp-content\/uploads\/2022\/06\/22-600x380.jpg\" alt=\"\" \/>\n\t\t\t\t\t\t\t\t\n\t\t\t\t\t\t\t<\/a>\t<\/div><\/div><div class=\"col span_1_of_4 info_item isotope_element\">\n\t\t\t\t\t\t\t<div class=\"pic  img_hover_effect3\">\t\t\t\n\t\t\t\t\t\t\t<a href=\"https:\/\/metal-barcelo.com\/wp-content\/uploads\/2022\/06\/23.jpg\" class=\"mfp_popup_gal\" title=\"\">\n\t\t\t\t\t\t\t\t<img decoding=\"async\" src=\"https:\/\/metal-barcelo.com\/wp-content\/uploads\/2022\/06\/23-600x380.jpg\" alt=\"\" \/>\n\t\t\t\t\t\t\t\t\n\t\t\t\t\t\t\t<\/a>\t<\/div><\/div><div class=\"col span_1_of_4 info_item isotope_element\">\n\t\t\t\t\t\t\t<div class=\"pic  img_hover_effect3\">\t\t\t\n\t\t\t\t\t\t\t<a href=\"https:\/\/metal-barcelo.com\/wp-content\/uploads\/2022\/06\/24.jpg\" class=\"mfp_popup_gal\" title=\"\">\n\t\t\t\t\t\t\t\t<img decoding=\"async\" src=\"https:\/\/metal-barcelo.com\/wp-content\/uploads\/2022\/06\/24-525x380.jpg\" alt=\"\" \/>\n\t\t\t\t\t\t\t\t\n\t\t\t\t\t\t\t<\/a>\t<\/div><\/div><div class=\"col span_1_of_4 info_item isotope_element\">\n\t\t\t\t\t\t\t<div class=\"pic  img_hover_effect3\">\t\t\t\n\t\t\t\t\t\t\t<a href=\"https:\/\/metal-barcelo.com\/wp-content\/uploads\/2022\/06\/25.jpg\" class=\"mfp_popup_gal\" title=\"\">\n\t\t\t\t\t\t\t\t<img decoding=\"async\" src=\"https:\/\/metal-barcelo.com\/wp-content\/uploads\/2022\/06\/25-600x380.jpg\" alt=\"\" \/>\n\t\t\t\t\t\t\t\t\n\t\t\t\t\t\t\t<\/a>\t<\/div><\/div><div class=\"col span_1_of_4 info_item isotope_element\">\n\t\t\t\t\t\t\t<div class=\"pic  img_hover_effect3\">\t\t\t\n\t\t\t\t\t\t\t<a href=\"https:\/\/metal-barcelo.com\/wp-content\/uploads\/2022\/06\/26.jpg\" class=\"mfp_popup_gal\" title=\"\">\n\t\t\t\t\t\t\t\t<img decoding=\"async\" src=\"https:\/\/metal-barcelo.com\/wp-content\/uploads\/2022\/06\/26-546x380.jpg\" alt=\"\" \/>\n\t\t\t\t\t\t\t\t\n\t\t\t\t\t\t\t<\/a>\t<\/div><\/div><div class=\"col span_1_of_4 info_item isotope_element\">\n\t\t\t\t\t\t\t<div class=\"pic  img_hover_effect3\">\t\t\t\n\t\t\t\t\t\t\t<a href=\"https:\/\/metal-barcelo.com\/wp-content\/uploads\/2022\/06\/27.jpg\" class=\"mfp_popup_gal\" title=\"\">\n\t\t\t\t\t\t\t\t<img decoding=\"async\" src=\"https:\/\/metal-barcelo.com\/wp-content\/uploads\/2022\/06\/27-600x380.jpg\" alt=\"\" \/>\n\t\t\t\t\t\t\t\t\n\t\t\t\t\t\t\t<\/a>\t<\/div><\/div><div class=\"col span_1_of_4 info_item isotope_element\">\n\t\t\t\t\t\t\t<div class=\"pic  img_hover_effect3\">\t\t\t\n\t\t\t\t\t\t\t<a href=\"https:\/\/metal-barcelo.com\/wp-content\/uploads\/2022\/06\/28.jpg\" class=\"mfp_popup_gal\" title=\"\">\n\t\t\t\t\t\t\t\t<img decoding=\"async\" src=\"https:\/\/metal-barcelo.com\/wp-content\/uploads\/2022\/06\/28-527x380.jpg\" alt=\"\" \/>\n\t\t\t\t\t\t\t\t\n\t\t\t\t\t\t\t<\/a>\t<\/div><\/div><div class=\"col span_1_of_4 info_item isotope_element\">\n\t\t\t\t\t\t\t<div class=\"pic  img_hover_effect3\">\t\t\t\n\t\t\t\t\t\t\t<a href=\"https:\/\/metal-barcelo.com\/wp-content\/uploads\/2022\/06\/29.jpg\" class=\"mfp_popup_gal\" title=\"\">\n\t\t\t\t\t\t\t\t<img decoding=\"async\" src=\"https:\/\/metal-barcelo.com\/wp-content\/uploads\/2022\/06\/29-542x380.jpg\" alt=\"\" \/>\n\t\t\t\t\t\t\t\t\n\t\t\t\t\t\t\t<\/a>\t<\/div><\/div><div class=\"col span_1_of_4 info_item isotope_element\">\n\t\t\t\t\t\t\t<div class=\"pic  img_hover_effect3\">\t\t\t\n\t\t\t\t\t\t\t<a href=\"https:\/\/metal-barcelo.com\/wp-content\/uploads\/2022\/06\/30.jpg\" class=\"mfp_popup_gal\" title=\"\">\n\t\t\t\t\t\t\t\t<img decoding=\"async\" src=\"https:\/\/metal-barcelo.com\/wp-content\/uploads\/2022\/06\/30-227x380.jpg\" alt=\"\" \/>\n\t\t\t\t\t\t\t\t\n\t\t\t\t\t\t\t<\/a>\t<\/div><\/div><div class=\"col span_1_of_4 info_item isotope_element\">\n\t\t\t\t\t\t\t<div class=\"pic  img_hover_effect3\">\t\t\t\n\t\t\t\t\t\t\t<a href=\"https:\/\/metal-barcelo.com\/wp-content\/uploads\/2022\/06\/31.jpg\" class=\"mfp_popup_gal\" title=\"\">\n\t\t\t\t\t\t\t\t<img decoding=\"async\" src=\"https:\/\/metal-barcelo.com\/wp-content\/uploads\/2022\/06\/31-220x380.jpg\" alt=\"\" \/>\n\t\t\t\t\t\t\t\t\n\t\t\t\t\t\t\t<\/a>\t<\/div><\/div><\/div><\/div><\/div><\/div><\/div>","protected":false},"excerpt":{"rendered":"","protected":false},"author":1,"featured_media":0,"parent":153,"menu_order":0,"comment_status":"closed","ping_status":"closed","template":"","meta":{"footnotes":""},"class_list":["post-195","page","type-page","status-publish","hentry"],"yoast_head":"<!-- This site is optimized with the Yoast SEO plugin v19.8 - https:\/\/yoast.com\/wordpress\/plugins\/seo\/ -->\n<title>Empresa experta en cerrajer\u00eda y cerramientos - Metal Barcel\u00f3<\/title>\n<meta name=\"description\" content=\"Empresa especializada en cerrajer\u00eda\/cerramientos met\u00e1licos con los mejores profesionales del sector para realizar el trabajo r\u00e1pido posible.\" \/>\n<meta name=\"robots\" content=\"index, follow, max-snippet:-1, max-image-preview:large, max-video-preview:-1\" \/>\n<link rel=\"canonical\" href=\"https:\/\/metal-barcelo.com\/fr\/proyectos\/cerrajeria-cerramientos\/\" \/>\n<meta property=\"og:locale\" content=\"fr_FR\" \/>\n<meta property=\"og:type\" content=\"article\" \/>\n<meta property=\"og:title\" content=\"Empresa experta en cerrajer\u00eda y cerramientos - Metal Barcel\u00f3\" \/>\n<meta property=\"og:description\" content=\"Empresa especializada en cerrajer\u00eda\/cerramientos met\u00e1licos con los mejores profesionales del sector para realizar el trabajo r\u00e1pido posible.\" \/>\n<meta property=\"og:url\" content=\"https:\/\/metal-barcelo.com\/fr\/proyectos\/cerrajeria-cerramientos\/\" \/>\n<meta property=\"og:site_name\" content=\"Metalister\u00eda Barcel\u00f3\" \/>\n<meta name=\"twitter:card\" content=\"summary_large_image\" \/>\n<script type=\"application\/ld+json\" class=\"yoast-schema-graph\">{\"@context\":\"https:\/\/schema.org\",\"@graph\":[{\"@type\":\"WebPage\",\"@id\":\"https:\/\/metal-barcelo.com\/proyectos\/cerrajeria-cerramientos\/\",\"url\":\"https:\/\/metal-barcelo.com\/proyectos\/cerrajeria-cerramientos\/\",\"name\":\"Empresa experta en cerrajer\u00eda y cerramientos - Metal Barcel\u00f3\",\"isPartOf\":{\"@id\":\"https:\/\/metal-barcelo.com\/#website\"},\"datePublished\":\"2022-06-02T10:45:12+00:00\",\"dateModified\":\"2022-06-02T10:45:12+00:00\",\"description\":\"Empresa especializada en cerrajer\u00eda\/cerramientos met\u00e1licos con los mejores profesionales del sector para realizar el trabajo r\u00e1pido posible.\",\"breadcrumb\":{\"@id\":\"https:\/\/metal-barcelo.com\/proyectos\/cerrajeria-cerramientos\/#breadcrumb\"},\"inLanguage\":\"fr-FR\",\"potentialAction\":[{\"@type\":\"ReadAction\",\"target\":[\"https:\/\/metal-barcelo.com\/proyectos\/cerrajeria-cerramientos\/\"]}]},{\"@type\":\"BreadcrumbList\",\"@id\":\"https:\/\/metal-barcelo.com\/proyectos\/cerrajeria-cerramientos\/#breadcrumb\",\"itemListElement\":[{\"@type\":\"ListItem\",\"position\":1,\"name\":\"Portada\",\"item\":\"https:\/\/metal-barcelo.com\/\"},{\"@type\":\"ListItem\",\"position\":2,\"name\":\"Proyectos\",\"item\":\"https:\/\/metal-barcelo.com\/proyectos\/\"},{\"@type\":\"ListItem\",\"position\":3,\"name\":\"Cerrajer\u00eda \/ Cerramientos\"}]},{\"@type\":\"WebSite\",\"@id\":\"https:\/\/metal-barcelo.com\/#website\",\"url\":\"https:\/\/metal-barcelo.com\/\",\"name\":\"Metalister\u00eda Barcel\u00f3\",\"description\":\"Dise\u00f1o, fabricaci\u00f3n y montaje de estructuras met\u00e1licas\",\"potentialAction\":[{\"@type\":\"SearchAction\",\"target\":{\"@type\":\"EntryPoint\",\"urlTemplate\":\"https:\/\/metal-barcelo.com\/?s={search_term_string}\"},\"query-input\":\"required name=search_term_string\"}],\"inLanguage\":\"fr-FR\"}]}<\/script>\n<!-- \/ Yoast SEO plugin. -->","yoast_head_json":{"title":"Empresa experta en cerrajer\u00eda y cerramientos - Metal Barcel\u00f3","description":"Empresa especializada en cerrajer\u00eda\/cerramientos met\u00e1licos con los mejores profesionales del sector para realizar el trabajo r\u00e1pido posible.","robots":{"index":"index","follow":"follow","max-snippet":"max-snippet:-1","max-image-preview":"max-image-preview:large","max-video-preview":"max-video-preview:-1"},"canonical":"https:\/\/metal-barcelo.com\/fr\/proyectos\/cerrajeria-cerramientos\/","og_locale":"fr_FR","og_type":"article","og_title":"Empresa experta en cerrajer\u00eda y cerramientos - Metal Barcel\u00f3","og_description":"Empresa especializada en cerrajer\u00eda\/cerramientos met\u00e1licos con los mejores profesionales del sector para realizar el trabajo r\u00e1pido posible.","og_url":"https:\/\/metal-barcelo.com\/fr\/proyectos\/cerrajeria-cerramientos\/","og_site_name":"Metalister\u00eda Barcel\u00f3","twitter_card":"summary_large_image","schema":{"@context":"https:\/\/schema.org","@graph":[{"@type":"WebPage","@id":"https:\/\/metal-barcelo.com\/proyectos\/cerrajeria-cerramientos\/","url":"https:\/\/metal-barcelo.com\/proyectos\/cerrajeria-cerramientos\/","name":"Empresa experta en cerrajer\u00eda y cerramientos - Metal Barcel\u00f3","isPartOf":{"@id":"https:\/\/metal-barcelo.com\/#website"},"datePublished":"2022-06-02T10:45:12+00:00","dateModified":"2022-06-02T10:45:12+00:00","description":"Empresa especializada en cerrajer\u00eda\/cerramientos met\u00e1licos con los mejores profesionales del sector para realizar el trabajo r\u00e1pido posible.","breadcrumb":{"@id":"https:\/\/metal-barcelo.com\/proyectos\/cerrajeria-cerramientos\/#breadcrumb"},"inLanguage":"fr-FR","potentialAction":[{"@type":"ReadAction","target":["https:\/\/metal-barcelo.com\/proyectos\/cerrajeria-cerramientos\/"]}]},{"@type":"BreadcrumbList","@id":"https:\/\/metal-barcelo.com\/proyectos\/cerrajeria-cerramientos\/#breadcrumb","itemListElement":[{"@type":"ListItem","position":1,"name":"Portada","item":"https:\/\/metal-barcelo.com\/"},{"@type":"ListItem","position":2,"name":"Proyectos","item":"https:\/\/metal-barcelo.com\/proyectos\/"},{"@type":"ListItem","position":3,"name":"Cerrajer\u00eda \/ Cerramientos"}]},{"@type":"WebSite","@id":"https:\/\/metal-barcelo.com\/#website","url":"https:\/\/metal-barcelo.com\/","name":"Metalister\u00eda Barcel\u00f3","description":"Dise\u00f1o, fabricaci\u00f3n y montaje de estructuras met\u00e1licas","potentialAction":[{"@type":"SearchAction","target":{"@type":"EntryPoint","urlTemplate":"https:\/\/metal-barcelo.com\/?s={search_term_string}"},"query-input":"required name=search_term_string"}],"inLanguage":"fr-FR"}]}},"_links":{"self":[{"href":"https:\/\/metal-barcelo.com\/fr\/wp-json\/wp\/v2\/pages\/195","targetHints":{"allow":["GET"]}}],"collection":[{"href":"https:\/\/metal-barcelo.com\/fr\/wp-json\/wp\/v2\/pages"}],"about":[{"href":"https:\/\/metal-barcelo.com\/fr\/wp-json\/wp\/v2\/types\/page"}],"author":[{"embeddable":true,"href":"https:\/\/metal-barcelo.com\/fr\/wp-json\/wp\/v2\/users\/1"}],"replies":[{"embeddable":true,"href":"https:\/\/metal-barcelo.com\/fr\/wp-json\/wp\/v2\/comments?post=195"}],"version-history":[{"count":0,"href":"https:\/\/metal-barcelo.com\/fr\/wp-json\/wp\/v2\/pages\/195\/revisions"}],"up":[{"embeddable":true,"href":"https:\/\/metal-barcelo.com\/fr\/wp-json\/wp\/v2\/pages\/153"}],"wp:attachment":[{"href":"https:\/\/metal-barcelo.com\/fr\/wp-json\/wp\/v2\/media?parent=195"}],"curies":[{"name":"wp","href":"https:\/\/api.w.org\/{rel}","templated":true}]}}