{"id":147,"date":"2022-06-02T09:51:14","date_gmt":"2022-06-02T09:51:14","guid":{"rendered":"https:\/\/metalisteria-barcelo.desarrollowebsonline.es\/?page_id=147"},"modified":"2022-06-30T11:14:04","modified_gmt":"2022-06-30T11:14:04","slug":"enlaces","status":"publish","type":"page","link":"https:\/\/metal-barcelo.com\/fr\/enlaces\/","title":{"rendered":"Links"},"content":{"rendered":"<div data-vc-full-width=\"true\" data-vc-full-width-init=\"false\" data-vc-stretch-content=\"true\" class=\"vc_row wpb_row vc_row-fluid vc_row-no-padding\"><div class=\"wpb_column vc_column_container vc_col-sm-12\"><div class=\"vc_column-inner\"><div class=\"wpb_wrapper\"><\/div><\/div><\/div><\/div><div class=\"vc_row-full-width vc_clearfix\"><\/div><div class=\"vc_row wpb_row vc_row-fluid\"><div class=\"wpb_column vc_column_container vc_col-sm-12\"><div class=\"vc_column-inner\"><div class=\"wpb_wrapper\"><div class=\"boc_spacing\" style=\"height: 5px\"><\/div><\/div><\/div><\/div><\/div><div class=\"vc_row wpb_row vc_row-fluid\"><div class=\"wpb_column vc_column_container vc_col-sm-12\"><div class=\"vc_column-inner\"><div class=\"wpb_wrapper\">\n\t<div class=\"wpb_text_column wpb_content_element\" >\n\t\t<div class=\"wpb_wrapper\">\n\t\t\t<p><a href=\"https:\/\/www.codigotecnico.org\/pdf\/Documentos\/SE\/DBSE-A.pdf\" target=\"_blank\" rel=\"noopener\">CTE DB SE-A<\/a><\/p>\n<p>&nbsp;<\/p>\n<p><a href=\"https:\/\/www.mitma.gob.es\/organos-colegiados\/comision-permanente-de-estructuras-de-acero\/cpa\/instrucciones\/instruccion-eae-version-en-castellano\" target=\"_blank\" rel=\"noopener\">Instructions EAE<\/a><\/p>\n\n\t\t<\/div>\n\t<\/div>\n<\/div><\/div><\/div><\/div>","protected":false},"excerpt":{"rendered":"Instructions CTE DB SE-A EAE","protected":false},"author":1,"featured_media":0,"parent":0,"menu_order":0,"comment_status":"closed","ping_status":"closed","template":"","meta":{"footnotes":""},"class_list":["post-147","page","type-page","status-publish","hentry"],"yoast_head":"<!-- This site is optimized with the Yoast SEO plugin v19.8 - https:\/\/yoast.com\/wordpress\/plugins\/seo\/ -->\n<title>Enlaces - Metal Barcel\u00f3<\/title>\n<meta name=\"description\" content=\"Enlace de empresa, expertos en las estructuras met\u00e1licas y cerramientos - Metal Barcel\u00f3 con las mejores opciones en cierres y barandillas del sector\" \/>\n<meta name=\"robots\" content=\"index, follow, max-snippet:-1, max-image-preview:large, max-video-preview:-1\" \/>\n<link rel=\"canonical\" href=\"https:\/\/metal-barcelo.com\/fr\/enlaces\/\" \/>\n<meta property=\"og:locale\" content=\"fr_FR\" \/>\n<meta property=\"og:type\" content=\"article\" \/>\n<meta property=\"og:title\" content=\"Enlaces - Metal Barcel\u00f3\" \/>\n<meta property=\"og:description\" content=\"Enlace de empresa, expertos en las estructuras met\u00e1licas y cerramientos - Metal Barcel\u00f3 con las mejores opciones en cierres y barandillas del sector\" \/>\n<meta property=\"og:url\" content=\"https:\/\/metal-barcelo.com\/fr\/enlaces\/\" \/>\n<meta property=\"og:site_name\" content=\"Metalister\u00eda Barcel\u00f3\" \/>\n<meta property=\"article:modified_time\" content=\"2022-06-30T11:14:04+00:00\" \/>\n<meta name=\"twitter:card\" content=\"summary_large_image\" \/>\n<script type=\"application\/ld+json\" class=\"yoast-schema-graph\">{\"@context\":\"https:\/\/schema.org\",\"@graph\":[{\"@type\":\"WebPage\",\"@id\":\"https:\/\/metal-barcelo.com\/enlaces\/\",\"url\":\"https:\/\/metal-barcelo.com\/enlaces\/\",\"name\":\"Enlaces - Metal Barcel\u00f3\",\"isPartOf\":{\"@id\":\"https:\/\/metal-barcelo.com\/#website\"},\"datePublished\":\"2022-06-02T09:51:14+00:00\",\"dateModified\":\"2022-06-30T11:14:04+00:00\",\"description\":\"Enlace de empresa, expertos en las estructuras met\u00e1licas y cerramientos - Metal Barcel\u00f3 con las mejores opciones en cierres y barandillas del sector\",\"breadcrumb\":{\"@id\":\"https:\/\/metal-barcelo.com\/enlaces\/#breadcrumb\"},\"inLanguage\":\"fr-FR\",\"potentialAction\":[{\"@type\":\"ReadAction\",\"target\":[\"https:\/\/metal-barcelo.com\/enlaces\/\"]}]},{\"@type\":\"BreadcrumbList\",\"@id\":\"https:\/\/metal-barcelo.com\/enlaces\/#breadcrumb\",\"itemListElement\":[{\"@type\":\"ListItem\",\"position\":1,\"name\":\"Portada\",\"item\":\"https:\/\/metal-barcelo.com\/\"},{\"@type\":\"ListItem\",\"position\":2,\"name\":\"Enlaces\"}]},{\"@type\":\"WebSite\",\"@id\":\"https:\/\/metal-barcelo.com\/#website\",\"url\":\"https:\/\/metal-barcelo.com\/\",\"name\":\"Metalister\u00eda Barcel\u00f3\",\"description\":\"Dise\u00f1o, fabricaci\u00f3n y montaje de estructuras met\u00e1licas\",\"potentialAction\":[{\"@type\":\"SearchAction\",\"target\":{\"@type\":\"EntryPoint\",\"urlTemplate\":\"https:\/\/metal-barcelo.com\/?s={search_term_string}\"},\"query-input\":\"required name=search_term_string\"}],\"inLanguage\":\"fr-FR\"}]}<\/script>\n<!-- \/ Yoast SEO plugin. -->","yoast_head_json":{"title":"Enlaces - Metal Barcel\u00f3","description":"Enlace de empresa, expertos en las estructuras met\u00e1licas y cerramientos - Metal Barcel\u00f3 con las mejores opciones en cierres y barandillas del sector","robots":{"index":"index","follow":"follow","max-snippet":"max-snippet:-1","max-image-preview":"max-image-preview:large","max-video-preview":"max-video-preview:-1"},"canonical":"https:\/\/metal-barcelo.com\/fr\/enlaces\/","og_locale":"fr_FR","og_type":"article","og_title":"Enlaces - Metal Barcel\u00f3","og_description":"Enlace de empresa, expertos en las estructuras met\u00e1licas y cerramientos - Metal Barcel\u00f3 con las mejores opciones en cierres y barandillas del sector","og_url":"https:\/\/metal-barcelo.com\/fr\/enlaces\/","og_site_name":"Metalister\u00eda Barcel\u00f3","article_modified_time":"2022-06-30T11:14:04+00:00","twitter_card":"summary_large_image","schema":{"@context":"https:\/\/schema.org","@graph":[{"@type":"WebPage","@id":"https:\/\/metal-barcelo.com\/enlaces\/","url":"https:\/\/metal-barcelo.com\/enlaces\/","name":"Enlaces - Metal Barcel\u00f3","isPartOf":{"@id":"https:\/\/metal-barcelo.com\/#website"},"datePublished":"2022-06-02T09:51:14+00:00","dateModified":"2022-06-30T11:14:04+00:00","description":"Enlace de empresa, expertos en las estructuras met\u00e1licas y cerramientos - Metal Barcel\u00f3 con las mejores opciones en cierres y barandillas del sector","breadcrumb":{"@id":"https:\/\/metal-barcelo.com\/enlaces\/#breadcrumb"},"inLanguage":"fr-FR","potentialAction":[{"@type":"ReadAction","target":["https:\/\/metal-barcelo.com\/enlaces\/"]}]},{"@type":"BreadcrumbList","@id":"https:\/\/metal-barcelo.com\/enlaces\/#breadcrumb","itemListElement":[{"@type":"ListItem","position":1,"name":"Portada","item":"https:\/\/metal-barcelo.com\/"},{"@type":"ListItem","position":2,"name":"Enlaces"}]},{"@type":"WebSite","@id":"https:\/\/metal-barcelo.com\/#website","url":"https:\/\/metal-barcelo.com\/","name":"Metalister\u00eda Barcel\u00f3","description":"Dise\u00f1o, fabricaci\u00f3n y montaje de estructuras met\u00e1licas","potentialAction":[{"@type":"SearchAction","target":{"@type":"EntryPoint","urlTemplate":"https:\/\/metal-barcelo.com\/?s={search_term_string}"},"query-input":"required name=search_term_string"}],"inLanguage":"fr-FR"}]}},"_links":{"self":[{"href":"https:\/\/metal-barcelo.com\/fr\/wp-json\/wp\/v2\/pages\/147","targetHints":{"allow":["GET"]}}],"collection":[{"href":"https:\/\/metal-barcelo.com\/fr\/wp-json\/wp\/v2\/pages"}],"about":[{"href":"https:\/\/metal-barcelo.com\/fr\/wp-json\/wp\/v2\/types\/page"}],"author":[{"embeddable":true,"href":"https:\/\/metal-barcelo.com\/fr\/wp-json\/wp\/v2\/users\/1"}],"replies":[{"embeddable":true,"href":"https:\/\/metal-barcelo.com\/fr\/wp-json\/wp\/v2\/comments?post=147"}],"version-history":[{"count":0,"href":"https:\/\/metal-barcelo.com\/fr\/wp-json\/wp\/v2\/pages\/147\/revisions"}],"wp:attachment":[{"href":"https:\/\/metal-barcelo.com\/fr\/wp-json\/wp\/v2\/media?parent=147"}],"curies":[{"name":"wp","href":"https:\/\/api.w.org\/{rel}","templated":true}]}}