{"id":141,"date":"2022-06-02T09:47:09","date_gmt":"2022-06-02T09:47:09","guid":{"rendered":"https:\/\/metalisteria-barcelo.desarrollowebsonline.es\/?page_id=141"},"modified":"2022-09-26T09:23:05","modified_gmt":"2022-09-26T09:23:05","slug":"marcado-ce","status":"publish","type":"page","link":"https:\/\/metal-barcelo.com\/fr\/marcado-ce\/","title":{"rendered":"Marquage CE"},"content":{"rendered":"<div data-vc-full-width=\"true\" data-vc-full-width-init=\"false\" data-vc-stretch-content=\"true\" class=\"vc_row wpb_row vc_row-fluid vc_row-no-padding\"><div class=\"wpb_column vc_column_container vc_col-sm-12\"><div class=\"vc_column-inner\"><div class=\"wpb_wrapper\"><\/div><\/div><\/div><\/div><div class=\"vc_row-full-width vc_clearfix\"><\/div><div class=\"vc_row wpb_row vc_row-fluid\"><div class=\"wpb_column vc_column_container vc_col-sm-12 vc_hidden-md vc_hidden-sm vc_hidden-xs\"><div class=\"vc_column-inner\"><div class=\"wpb_wrapper\"><div class=\"boc_spacing\" style=\"height: 20px\"><\/div><\/div><\/div><\/div><\/div><div class=\"vc_row wpb_row vc_row-fluid\"><div class=\"boton wpb_column vc_column_container vc_col-sm-6 vc_hidden-md vc_hidden-sm vc_hidden-xs\"><div class=\"vc_column-inner\"><div class=\"wpb_wrapper\">\n\t<div class=\"wpb_text_column wpb_content_element\" >\n\t\t<div class=\"wpb_wrapper\">\n\t\t\t<a href=\"\/wp-content\/uploads\/2022\/06\/49c206_95473ad11bc4484baf88a0e20f4851be.pdf\" class=\"pdfemb-viewer\" style=\"\" data-width=\"max\" data-height=\"max\"  data-toolbar=\"bottom\" data-toolbar-fixed=\"off\">49c206_95473ad11bc4484baf88a0e20f4851be<br\/><\/a>\n\n\t\t<\/div>\n\t<\/div>\n<\/div><\/div><\/div><div class=\"boton wpb_column vc_column_container vc_col-sm-6 vc_hidden-md vc_hidden-sm vc_hidden-xs\"><div class=\"vc_column-inner\"><div class=\"wpb_wrapper\"><div class=\"boc_spacing\" style=\"height: 140px\"><\/div>\n\t<div class=\"wpb_text_column wpb_content_element\" >\n\t\t<div class=\"wpb_wrapper\">\n\t\t\t<h2 style=\"text-align: center; font-weight: bold;\">PRODUITS DE CONSTRUCTION<br \/>\n(R\u00e8glement (UE) n\u00b0 305\/2011)<\/h2>\n\n\t\t<\/div>\n\t<\/div>\n<a\thref=\"\/wp-content\/uploads\/2022\/06\/49c206_95473ad11bc4484baf88a0e20f4851be.pdf\" \n\t\t\t\tclass=\"button btn_large btn_theme_color btn_squared btn_outline\"  target='_blank'><span>T\u00e9l\u00e9charger le PDF du marquage CE<\/span><\/a><\/div><\/div><\/div><\/div><div class=\"vc_row wpb_row vc_row-fluid vc_custom_1656587311111\"><div class=\"boton wpb_column vc_column_container vc_col-sm-6 vc_hidden-lg\"><div class=\"vc_column-inner\"><div class=\"wpb_wrapper\">\n\t<div  class=\"wpb_single_image wpb_content_element vc_align_left\">\n\t\t\n\t\t<figure class=\"wpb_wrapper vc_figure\">\n\t\t\t<div class=\"vc_single_image-wrapper   vc_box_border_grey\"><img decoding=\"async\" width=\"644\" height=\"479\" src=\"https:\/\/metal-barcelo.com\/wp-content\/uploads\/2022\/06\/MarcadoCE.jpg\" class=\"vc_single_image-img attachment-full\" alt=\"marcado ce\" srcset=\"https:\/\/metal-barcelo.com\/wp-content\/uploads\/2022\/06\/MarcadoCE.jpg 644w, https:\/\/metal-barcelo.com\/wp-content\/uploads\/2022\/06\/MarcadoCE-300x223.jpg 300w\" sizes=\"(max-width: 644px) 100vw, 644px\" \/><\/div>\n\t\t<\/figure>\n\t<\/div>\n<div class=\"boc_spacing\" style=\"height: 20px\"><\/div><\/div><\/div><\/div><div class=\"wpb_column vc_column_container vc_col-sm-6 vc_hidden-lg\"><div class=\"vc_column-inner\"><div class=\"wpb_wrapper\">\n\t<div class=\"wpb_text_column wpb_content_element\" >\n\t\t<div class=\"wpb_wrapper\">\n\t\t\t<a href=\"\/wp-content\/uploads\/2022\/06\/49c206_95473ad11bc4484baf88a0e20f4851be.pdf\" class=\"pdfemb-viewer\" style=\"\" data-width=\"max\" data-height=\"max\"  data-toolbar=\"bottom\" data-toolbar-fixed=\"off\">49c206_95473ad11bc4484baf88a0e20f4851be<br\/><\/a>\n\n\t\t<\/div>\n\t<\/div>\n<a\thref=\"\/wp-content\/uploads\/2022\/06\/49c206_95473ad11bc4484baf88a0e20f4851be.pdf\" \n\t\t\t\tclass=\"button btn_large btn_theme_color btn_squared btn_outline\"  target='_blank'><span>T\u00e9l\u00e9charger le PDF du marquage CE<\/span><\/a><\/div><\/div><\/div><\/div>","protected":false},"excerpt":{"rendered":"49c206_95473ad11bc4484baf88a0e20f4851be PRODUITS DE CONSTRUCTION (R\u00e8glement (UE) n\u00b0 305\/2011) T\u00e9l\u00e9charger le PDF du marquage CE 49c206_95473ad11bc4484baf88a0e20f4851be T\u00e9l\u00e9charger le PDF du marquage CE","protected":false},"author":1,"featured_media":0,"parent":0,"menu_order":0,"comment_status":"closed","ping_status":"closed","template":"","meta":{"footnotes":""},"class_list":["post-141","page","type-page","status-publish","hentry"],"yoast_head":"<!-- This site is optimized with the Yoast SEO plugin v19.8 - https:\/\/yoast.com\/wordpress\/plugins\/seo\/ -->\n<title>Marcado CE - Metal Barcel\u00f3<\/title>\n<meta name=\"description\" content=\"Marcado CE empresa Metal Barcel\u00f3 para demostrar la gran calidad de su producto y trabajo, importante para demostrar la calidad del producto.\" \/>\n<meta name=\"robots\" content=\"index, follow, max-snippet:-1, max-image-preview:large, max-video-preview:-1\" \/>\n<link rel=\"canonical\" href=\"https:\/\/metal-barcelo.com\/fr\/marcado-ce\/\" \/>\n<meta property=\"og:locale\" content=\"fr_FR\" \/>\n<meta property=\"og:type\" content=\"article\" \/>\n<meta property=\"og:title\" content=\"Marcado CE - Metal Barcel\u00f3\" \/>\n<meta property=\"og:description\" content=\"Marcado CE empresa Metal Barcel\u00f3 para demostrar la gran calidad de su producto y trabajo, importante para demostrar la calidad del producto.\" \/>\n<meta property=\"og:url\" content=\"https:\/\/metal-barcelo.com\/fr\/marcado-ce\/\" \/>\n<meta property=\"og:site_name\" content=\"Metalister\u00eda Barcel\u00f3\" \/>\n<meta property=\"article:modified_time\" content=\"2022-09-26T09:23:05+00:00\" \/>\n<meta name=\"twitter:card\" content=\"summary_large_image\" \/>\n<meta name=\"twitter:label1\" content=\"Dur\u00e9e de lecture estim\u00e9e\" \/>\n\t<meta name=\"twitter:data1\" content=\"1 minute\" \/>\n<script type=\"application\/ld+json\" class=\"yoast-schema-graph\">{\"@context\":\"https:\/\/schema.org\",\"@graph\":[{\"@type\":\"WebPage\",\"@id\":\"https:\/\/metal-barcelo.com\/marcado-ce\/\",\"url\":\"https:\/\/metal-barcelo.com\/marcado-ce\/\",\"name\":\"Marcado CE - Metal Barcel\u00f3\",\"isPartOf\":{\"@id\":\"https:\/\/metal-barcelo.com\/#website\"},\"datePublished\":\"2022-06-02T09:47:09+00:00\",\"dateModified\":\"2022-09-26T09:23:05+00:00\",\"description\":\"Marcado CE empresa Metal Barcel\u00f3 para demostrar la gran calidad de su producto y trabajo, importante para demostrar la calidad del producto.\",\"breadcrumb\":{\"@id\":\"https:\/\/metal-barcelo.com\/marcado-ce\/#breadcrumb\"},\"inLanguage\":\"fr-FR\",\"potentialAction\":[{\"@type\":\"ReadAction\",\"target\":[\"https:\/\/metal-barcelo.com\/marcado-ce\/\"]}]},{\"@type\":\"BreadcrumbList\",\"@id\":\"https:\/\/metal-barcelo.com\/marcado-ce\/#breadcrumb\",\"itemListElement\":[{\"@type\":\"ListItem\",\"position\":1,\"name\":\"Portada\",\"item\":\"https:\/\/metal-barcelo.com\/\"},{\"@type\":\"ListItem\",\"position\":2,\"name\":\"Marcado CE\"}]},{\"@type\":\"WebSite\",\"@id\":\"https:\/\/metal-barcelo.com\/#website\",\"url\":\"https:\/\/metal-barcelo.com\/\",\"name\":\"Metalister\u00eda Barcel\u00f3\",\"description\":\"Dise\u00f1o, fabricaci\u00f3n y montaje de estructuras met\u00e1licas\",\"potentialAction\":[{\"@type\":\"SearchAction\",\"target\":{\"@type\":\"EntryPoint\",\"urlTemplate\":\"https:\/\/metal-barcelo.com\/?s={search_term_string}\"},\"query-input\":\"required name=search_term_string\"}],\"inLanguage\":\"fr-FR\"}]}<\/script>\n<!-- \/ Yoast SEO plugin. -->","yoast_head_json":{"title":"Marcado CE - Metal Barcel\u00f3","description":"Marcado CE empresa Metal Barcel\u00f3 para demostrar la gran calidad de su producto y trabajo, importante para demostrar la calidad del producto.","robots":{"index":"index","follow":"follow","max-snippet":"max-snippet:-1","max-image-preview":"max-image-preview:large","max-video-preview":"max-video-preview:-1"},"canonical":"https:\/\/metal-barcelo.com\/fr\/marcado-ce\/","og_locale":"fr_FR","og_type":"article","og_title":"Marcado CE - Metal Barcel\u00f3","og_description":"Marcado CE empresa Metal Barcel\u00f3 para demostrar la gran calidad de su producto y trabajo, importante para demostrar la calidad del producto.","og_url":"https:\/\/metal-barcelo.com\/fr\/marcado-ce\/","og_site_name":"Metalister\u00eda Barcel\u00f3","article_modified_time":"2022-09-26T09:23:05+00:00","twitter_card":"summary_large_image","twitter_misc":{"Dur\u00e9e de lecture estim\u00e9e":"1 minute"},"schema":{"@context":"https:\/\/schema.org","@graph":[{"@type":"WebPage","@id":"https:\/\/metal-barcelo.com\/marcado-ce\/","url":"https:\/\/metal-barcelo.com\/marcado-ce\/","name":"Marcado CE - Metal Barcel\u00f3","isPartOf":{"@id":"https:\/\/metal-barcelo.com\/#website"},"datePublished":"2022-06-02T09:47:09+00:00","dateModified":"2022-09-26T09:23:05+00:00","description":"Marcado CE empresa Metal Barcel\u00f3 para demostrar la gran calidad de su producto y trabajo, importante para demostrar la calidad del producto.","breadcrumb":{"@id":"https:\/\/metal-barcelo.com\/marcado-ce\/#breadcrumb"},"inLanguage":"fr-FR","potentialAction":[{"@type":"ReadAction","target":["https:\/\/metal-barcelo.com\/marcado-ce\/"]}]},{"@type":"BreadcrumbList","@id":"https:\/\/metal-barcelo.com\/marcado-ce\/#breadcrumb","itemListElement":[{"@type":"ListItem","position":1,"name":"Portada","item":"https:\/\/metal-barcelo.com\/"},{"@type":"ListItem","position":2,"name":"Marcado CE"}]},{"@type":"WebSite","@id":"https:\/\/metal-barcelo.com\/#website","url":"https:\/\/metal-barcelo.com\/","name":"Metalister\u00eda Barcel\u00f3","description":"Dise\u00f1o, fabricaci\u00f3n y montaje de estructuras met\u00e1licas","potentialAction":[{"@type":"SearchAction","target":{"@type":"EntryPoint","urlTemplate":"https:\/\/metal-barcelo.com\/?s={search_term_string}"},"query-input":"required name=search_term_string"}],"inLanguage":"fr-FR"}]}},"_links":{"self":[{"href":"https:\/\/metal-barcelo.com\/fr\/wp-json\/wp\/v2\/pages\/141","targetHints":{"allow":["GET"]}}],"collection":[{"href":"https:\/\/metal-barcelo.com\/fr\/wp-json\/wp\/v2\/pages"}],"about":[{"href":"https:\/\/metal-barcelo.com\/fr\/wp-json\/wp\/v2\/types\/page"}],"author":[{"embeddable":true,"href":"https:\/\/metal-barcelo.com\/fr\/wp-json\/wp\/v2\/users\/1"}],"replies":[{"embeddable":true,"href":"https:\/\/metal-barcelo.com\/fr\/wp-json\/wp\/v2\/comments?post=141"}],"version-history":[{"count":0,"href":"https:\/\/metal-barcelo.com\/fr\/wp-json\/wp\/v2\/pages\/141\/revisions"}],"wp:attachment":[{"href":"https:\/\/metal-barcelo.com\/fr\/wp-json\/wp\/v2\/media?parent=141"}],"curies":[{"name":"wp","href":"https:\/\/api.w.org\/{rel}","templated":true}]}}