{"id":125,"date":"2022-06-02T09:33:25","date_gmt":"2022-06-02T09:33:25","guid":{"rendered":"https:\/\/metalisteria-barcelo.desarrollowebsonline.es\/?page_id=125"},"modified":"2022-06-30T10:54:43","modified_gmt":"2022-06-30T10:54:43","slug":"acreditaciones-y-certificaciones","status":"publish","type":"page","link":"https:\/\/metal-barcelo.com\/fr\/acreditaciones-y-certificaciones\/","title":{"rendered":"Accr\u00e9ditations et certifications"},"content":{"rendered":"<div data-vc-full-width=\"true\" data-vc-full-width-init=\"false\" data-vc-stretch-content=\"true\" class=\"vc_row wpb_row vc_row-fluid vc_row-no-padding\"><div class=\"wpb_column vc_column_container vc_col-sm-12\"><div class=\"vc_column-inner\"><div class=\"wpb_wrapper\"><\/div><\/div><\/div><\/div><div class=\"vc_row-full-width vc_clearfix\"><\/div><div class=\"vc_row wpb_row vc_row-fluid\"><div class=\"wpb_column vc_column_container vc_col-sm-12\"><div class=\"vc_column-inner\"><div class=\"wpb_wrapper\"><div class=\"boc_spacing\" style=\"height: 10px\"><\/div><\/div><\/div><\/div><\/div><div class=\"vc_row wpb_row vc_row-fluid\"><div class=\"wpb_column vc_column_container vc_col-sm-12\"><div class=\"vc_column-inner\"><div class=\"wpb_wrapper\">\n\t<div  class=\"wpb_single_image wpb_content_element vc_align_center\">\n\t\t\n\t\t<figure class=\"wpb_wrapper vc_figure\">\n\t\t\t<div class=\"vc_single_image-wrapper   vc_box_border_grey\"><img decoding=\"async\" width=\"1154\" height=\"812\" src=\"https:\/\/metal-barcelo.com\/wp-content\/uploads\/2022\/06\/mixAc.jpg\" class=\"vc_single_image-img attachment-full\" alt=\"certificados\" srcset=\"https:\/\/metal-barcelo.com\/wp-content\/uploads\/2022\/06\/mixAc.jpg 1154w, https:\/\/metal-barcelo.com\/wp-content\/uploads\/2022\/06\/mixAc-300x211.jpg 300w, https:\/\/metal-barcelo.com\/wp-content\/uploads\/2022\/06\/mixAc-1024x721.jpg 1024w, https:\/\/metal-barcelo.com\/wp-content\/uploads\/2022\/06\/mixAc-768x540.jpg 768w\" sizes=\"(max-width: 1154px) 100vw, 1154px\" \/><\/div>\n\t\t<\/figure>\n\t<\/div>\n<\/div><\/div><\/div><\/div><div class=\"vc_row wpb_row vc_row-fluid\"><div class=\"wpb_column vc_column_container vc_col-sm-12\"><div class=\"vc_column-inner\"><div class=\"wpb_wrapper\">\n\t<div class=\"wpb_text_column wpb_content_element\" >\n\t\t<div class=\"wpb_wrapper\">\n\t\t\t<p style=\"text-align: justify;\">Chez Metalister\u00eda Barcel\u00f3, nous disposons du soutien d&#039;une \u00e9quipe d&#039;architectes et d&#039;ing\u00e9nieurs pour g\u00e9rer les travaux et ainsi pouvoir r\u00e9pondre \u00e0 toute demande de nos clients.<\/p>\n<p style=\"text-align: justify;\">Nous respectons \u00e0 tout moment toutes les r\u00e9glementations sp\u00e9cifiques de la Loi sur la Pr\u00e9vention des Risques Professionnels (LRPL). Nous avons un plan de pr\u00e9vention, \u00e9tant \u00e0 jour de toutes nos obligations. de soudeurs agr\u00e9\u00e9s.<\/p>\n<p style=\"text-align: justify;\">Nous sommes certifi\u00e9s CE et nous respectons la norme europ\u00e9enne harmonis\u00e9e EN 1090-1:2011 + A1:2012 pour la classe d&#039;ex\u00e9cution EXC3 des structures en acier. Nous garantissons ainsi non seulement la tra\u00e7abilit\u00e9 de tous les \u00e9l\u00e9ments en acier fournis par nos fournisseurs, mais nous garantissons \u00e9galement l&#039;approbation des assemblages soud\u00e9s avant de quitter l&#039;atelier pour leur destination par le laboratoire qualit\u00e9 comp\u00e9tent (interne ou externe). Avec l&#039;accr\u00e9ditation d&#039;APPLUS \u2013 CENTRE TECHNOLOGIQUE LGAI, SA n\u00ba0370\u200b.<\/p>\n<p style=\"text-align: justify;\">Une fois les travaux termin\u00e9s, ils font l&#039;objet d&#039;un contr\u00f4le et du marquage CE, et la fiche technique et la d\u00e9claration de performance sont remises au client. \u00c9viter la d\u00e9livrance de tous les certificats et tra\u00e7abilit\u00e9 soumis \u00e0 votre projet, puisque ce document certifie que notre entreprise respecte les exigences du marquage CE.<\/p>\n\n\t\t<\/div>\n\t<\/div>\n<\/div><\/div><\/div><\/div>","protected":false},"excerpt":{"rendered":"Chez Metalister\u00eda Barcel\u00f3, nous disposons du soutien d&#039;une \u00e9quipe d&#039;architectes et d&#039;ing\u00e9nieurs pour g\u00e9rer les travaux et ainsi pouvoir r\u00e9pondre \u00e0 toute demande de nos clients. Nous respectons \u00e0 tout moment toutes les r\u00e9glementations sp\u00e9cifiques de la Loi sur la Pr\u00e9vention des Risques Professionnels (LRPL). Nous avons un plan de pr\u00e9vention, \u00e9tant \u00e0 jour de toutes nos obligations.<div class=\"h10\"><\/div><a class=\"more-link1\" href=\"https:\/\/metal-barcelo.com\/fr\/acreditaciones-y-certificaciones\/\">En savoir plus<\/a>","protected":false},"author":1,"featured_media":0,"parent":0,"menu_order":0,"comment_status":"closed","ping_status":"closed","template":"","meta":{"footnotes":""},"class_list":["post-125","page","type-page","status-publish","hentry"],"yoast_head":"<!-- This site is optimized with the Yoast SEO plugin v19.8 - https:\/\/yoast.com\/wordpress\/plugins\/seo\/ -->\n<title>Acreditaciones y certificaciones - Metal Barcel\u00f3<\/title>\n<meta name=\"description\" content=\"Empresa con certificado de conformidad del control de producci\u00f3n en f\u00e1brica asegurando calidad y profesionalidad por parte de la empresa Metal Barcel\u00f3.\" \/>\n<meta name=\"robots\" content=\"index, follow, max-snippet:-1, max-image-preview:large, max-video-preview:-1\" \/>\n<link rel=\"canonical\" href=\"https:\/\/metal-barcelo.com\/fr\/acreditaciones-y-certificaciones\/\" \/>\n<meta property=\"og:locale\" content=\"fr_FR\" \/>\n<meta property=\"og:type\" content=\"article\" \/>\n<meta property=\"og:title\" content=\"Acreditaciones y certificaciones - Metal Barcel\u00f3\" \/>\n<meta property=\"og:description\" content=\"Empresa con certificado de conformidad del control de producci\u00f3n en f\u00e1brica asegurando calidad y profesionalidad por parte de la empresa Metal Barcel\u00f3.\" \/>\n<meta property=\"og:url\" content=\"https:\/\/metal-barcelo.com\/fr\/acreditaciones-y-certificaciones\/\" \/>\n<meta property=\"og:site_name\" content=\"Metalister\u00eda Barcel\u00f3\" \/>\n<meta property=\"article:modified_time\" content=\"2022-06-30T10:54:43+00:00\" \/>\n<meta name=\"twitter:card\" content=\"summary_large_image\" \/>\n<meta name=\"twitter:label1\" content=\"Dur\u00e9e de lecture estim\u00e9e\" \/>\n\t<meta name=\"twitter:data1\" content=\"1 minute\" \/>\n<script type=\"application\/ld+json\" class=\"yoast-schema-graph\">{\"@context\":\"https:\/\/schema.org\",\"@graph\":[{\"@type\":\"WebPage\",\"@id\":\"https:\/\/metal-barcelo.com\/acreditaciones-y-certificaciones\/\",\"url\":\"https:\/\/metal-barcelo.com\/acreditaciones-y-certificaciones\/\",\"name\":\"Acreditaciones y certificaciones - Metal Barcel\u00f3\",\"isPartOf\":{\"@id\":\"https:\/\/metal-barcelo.com\/#website\"},\"datePublished\":\"2022-06-02T09:33:25+00:00\",\"dateModified\":\"2022-06-30T10:54:43+00:00\",\"description\":\"Empresa con certificado de conformidad del control de producci\u00f3n en f\u00e1brica asegurando calidad y profesionalidad por parte de la empresa Metal Barcel\u00f3.\",\"breadcrumb\":{\"@id\":\"https:\/\/metal-barcelo.com\/acreditaciones-y-certificaciones\/#breadcrumb\"},\"inLanguage\":\"fr-FR\",\"potentialAction\":[{\"@type\":\"ReadAction\",\"target\":[\"https:\/\/metal-barcelo.com\/acreditaciones-y-certificaciones\/\"]}]},{\"@type\":\"BreadcrumbList\",\"@id\":\"https:\/\/metal-barcelo.com\/acreditaciones-y-certificaciones\/#breadcrumb\",\"itemListElement\":[{\"@type\":\"ListItem\",\"position\":1,\"name\":\"Portada\",\"item\":\"https:\/\/metal-barcelo.com\/\"},{\"@type\":\"ListItem\",\"position\":2,\"name\":\"Acreditaciones y certificaciones\"}]},{\"@type\":\"WebSite\",\"@id\":\"https:\/\/metal-barcelo.com\/#website\",\"url\":\"https:\/\/metal-barcelo.com\/\",\"name\":\"Metalister\u00eda Barcel\u00f3\",\"description\":\"Dise\u00f1o, fabricaci\u00f3n y montaje de estructuras met\u00e1licas\",\"potentialAction\":[{\"@type\":\"SearchAction\",\"target\":{\"@type\":\"EntryPoint\",\"urlTemplate\":\"https:\/\/metal-barcelo.com\/?s={search_term_string}\"},\"query-input\":\"required name=search_term_string\"}],\"inLanguage\":\"fr-FR\"}]}<\/script>\n<!-- \/ Yoast SEO plugin. -->","yoast_head_json":{"title":"Acreditaciones y certificaciones - Metal Barcel\u00f3","description":"Empresa con certificado de conformidad del control de producci\u00f3n en f\u00e1brica asegurando calidad y profesionalidad por parte de la empresa Metal Barcel\u00f3.","robots":{"index":"index","follow":"follow","max-snippet":"max-snippet:-1","max-image-preview":"max-image-preview:large","max-video-preview":"max-video-preview:-1"},"canonical":"https:\/\/metal-barcelo.com\/fr\/acreditaciones-y-certificaciones\/","og_locale":"fr_FR","og_type":"article","og_title":"Acreditaciones y certificaciones - Metal Barcel\u00f3","og_description":"Empresa con certificado de conformidad del control de producci\u00f3n en f\u00e1brica asegurando calidad y profesionalidad por parte de la empresa Metal Barcel\u00f3.","og_url":"https:\/\/metal-barcelo.com\/fr\/acreditaciones-y-certificaciones\/","og_site_name":"Metalister\u00eda Barcel\u00f3","article_modified_time":"2022-06-30T10:54:43+00:00","twitter_card":"summary_large_image","twitter_misc":{"Dur\u00e9e de lecture estim\u00e9e":"1 minute"},"schema":{"@context":"https:\/\/schema.org","@graph":[{"@type":"WebPage","@id":"https:\/\/metal-barcelo.com\/acreditaciones-y-certificaciones\/","url":"https:\/\/metal-barcelo.com\/acreditaciones-y-certificaciones\/","name":"Acreditaciones y certificaciones - Metal Barcel\u00f3","isPartOf":{"@id":"https:\/\/metal-barcelo.com\/#website"},"datePublished":"2022-06-02T09:33:25+00:00","dateModified":"2022-06-30T10:54:43+00:00","description":"Empresa con certificado de conformidad del control de producci\u00f3n en f\u00e1brica asegurando calidad y profesionalidad por parte de la empresa Metal Barcel\u00f3.","breadcrumb":{"@id":"https:\/\/metal-barcelo.com\/acreditaciones-y-certificaciones\/#breadcrumb"},"inLanguage":"fr-FR","potentialAction":[{"@type":"ReadAction","target":["https:\/\/metal-barcelo.com\/acreditaciones-y-certificaciones\/"]}]},{"@type":"BreadcrumbList","@id":"https:\/\/metal-barcelo.com\/acreditaciones-y-certificaciones\/#breadcrumb","itemListElement":[{"@type":"ListItem","position":1,"name":"Portada","item":"https:\/\/metal-barcelo.com\/"},{"@type":"ListItem","position":2,"name":"Acreditaciones y certificaciones"}]},{"@type":"WebSite","@id":"https:\/\/metal-barcelo.com\/#website","url":"https:\/\/metal-barcelo.com\/","name":"Metalister\u00eda Barcel\u00f3","description":"Dise\u00f1o, fabricaci\u00f3n y montaje de estructuras met\u00e1licas","potentialAction":[{"@type":"SearchAction","target":{"@type":"EntryPoint","urlTemplate":"https:\/\/metal-barcelo.com\/?s={search_term_string}"},"query-input":"required name=search_term_string"}],"inLanguage":"fr-FR"}]}},"_links":{"self":[{"href":"https:\/\/metal-barcelo.com\/fr\/wp-json\/wp\/v2\/pages\/125","targetHints":{"allow":["GET"]}}],"collection":[{"href":"https:\/\/metal-barcelo.com\/fr\/wp-json\/wp\/v2\/pages"}],"about":[{"href":"https:\/\/metal-barcelo.com\/fr\/wp-json\/wp\/v2\/types\/page"}],"author":[{"embeddable":true,"href":"https:\/\/metal-barcelo.com\/fr\/wp-json\/wp\/v2\/users\/1"}],"replies":[{"embeddable":true,"href":"https:\/\/metal-barcelo.com\/fr\/wp-json\/wp\/v2\/comments?post=125"}],"version-history":[{"count":0,"href":"https:\/\/metal-barcelo.com\/fr\/wp-json\/wp\/v2\/pages\/125\/revisions"}],"wp:attachment":[{"href":"https:\/\/metal-barcelo.com\/fr\/wp-json\/wp\/v2\/media?parent=125"}],"curies":[{"name":"wp","href":"https:\/\/api.w.org\/{rel}","templated":true}]}}