{"id":1165,"date":"2024-11-28T11:29:40","date_gmt":"2024-11-28T11:29:40","guid":{"rendered":"https:\/\/metal-barcelo.com\/?page_id=1165"},"modified":"2024-11-29T07:05:53","modified_gmt":"2024-11-29T07:05:53","slug":"politica-de-cookies","status":"publish","type":"page","link":"https:\/\/metal-barcelo.com\/fr\/politica-de-cookies\/","title":{"rendered":"Politique de cookies"},"content":{"rendered":"<div class=\"vc_row wpb_row vc_row-fluid\"><div class=\"wpb_column vc_column_container vc_col-sm-12\"><div class=\"vc_column-inner\"><div class=\"wpb_wrapper\"><div class=\"boc_spacing\" style=\"height: 20px\"><\/div>\n\t<div class=\"wpb_text_column wpb_content_element\" >\n\t\t<div class=\"wpb_wrapper\">\n\t\t\t<p>A travers cette Politique de Cookies, nous d\u00e9taillons notre utilisation des cookies :<\/p>\n<p>&nbsp;<\/p>\n<p><strong>Quels sont les <em>cookies<\/em>?<\/strong><\/p>\n<p>Le <em>cookies<\/em> Il s&#039;agit de petits fichiers de donn\u00e9es qui sont re\u00e7us sur le terminal du site Web visit\u00e9 et sont utilis\u00e9s pour enregistrer certaines interactions de navigation sur un site Web, stockant des donn\u00e9es qui peuvent \u00eatre mises \u00e0 jour et r\u00e9cup\u00e9r\u00e9es. Ces fichiers sont stock\u00e9s sur l&#039;ordinateur de l&#039;utilisateur et contiennent des donn\u00e9es anonymes qui ne nuisent pas \u00e0 son ordinateur. Ils sont utilis\u00e9s pour m\u00e9moriser les pr\u00e9f\u00e9rences de l&#039;utilisateur, telles que la langue s\u00e9lectionn\u00e9e, les donn\u00e9es d&#039;acc\u00e8s ou la personnalisation des pages.<\/p>\n<p>Le <em>cookies <\/em>Ils peuvent \u00e9galement \u00eatre utilis\u00e9s pour enregistrer des informations anonymes sur la mani\u00e8re dont un visiteur utilise un site. Par exemple, \u00e0 partir de quelle page Web vous avez acc\u00e9d\u00e9 ou si vous avez utilis\u00e9 une banni\u00e8re publicitaire pour arriver.<\/p>\n<p>&nbsp;<\/p>\n<p><strong>Pourquoi METAL BARCEL\u00d3<\/strong><strong> utilise <em>cookies<\/em>?<\/strong><\/p>\n<p>METAL BARCEL\u00d3 utilise <em>cookies<\/em> strictement n\u00e9cessaires et indispensables \u00e0 l&#039;utilisation de notre site Internet et vous permettre de vous d\u00e9placer librement, d&#039;utiliser des espaces s\u00e9curis\u00e9s, des options personnalis\u00e9es, etc. De plus, nous utilisons <em>cookies <\/em>qui recueillent des donn\u00e9es relatives \u00e0 l'analyse de l'utilisation du web. Ces donn\u00e9es sont utilis\u00e9es pour am\u00e9liorer le service \u00e0 la client\u00e8le, en mesurant l'utilisation et les performances de la page afin de l'optimiser et de la personnaliser. Nos sites peuvent \u00e9galement contenir des liens vers des r\u00e9seaux sociaux ou d'autres pages web, dont METAL BARCEL\u00d3 ne contr\u00f4le pas l'acc\u00e8s. <em>cookies<\/em> utilis\u00e9s. Pour plus d'informations sur les <em>cookies<\/em> des r\u00e9seaux sociaux ou d'autres sites web tiers, nous vous conseillons de consulter leurs propres politiques en mati\u00e8re de protection de la vie priv\u00e9e. <em>cookies<\/em>.<\/p>\n<p>&nbsp;<\/p>\n<p><strong>Quelle utilisation faisons-nous des diff\u00e9rents types de <em>cookies<\/em>?<\/strong><\/p>\n<p>&nbsp;<\/p>\n<table width=\"631\">\n<tbody>\n<tr>\n<td width=\"88\"><strong><em>Cookies<\/em><\/strong><strong> de session<\/strong><\/td>\n<td width=\"543\">Le <em>cookies<\/em> de session sont ceux qui durent aussi longtemps que l'utilisateur navigue sur le site web et sont supprim\u00e9s \u00e0 la fin de la session.<\/td>\n<\/tr>\n<tr>\n<td width=\"88\"><strong><em>Cookies <\/em><\/strong><strong>persistant<\/strong><\/td>\n<td width=\"543\">Sont <em>cookies<\/em> Ils sont stock\u00e9s plus longtemps dans le terminal de l&#039;utilisateur, facilitant ainsi le contr\u00f4le des pr\u00e9f\u00e9rences choisies sans avoir \u00e0 r\u00e9p\u00e9ter certains param\u00e8tres \u00e0 chaque visite du site Internet.<\/td>\n<\/tr>\n<tr>\n<td width=\"88\"><strong><em>Cookies <\/em><\/strong><strong>propre<\/strong><\/td>\n<td width=\"543\">Ce sont des cookies cr\u00e9\u00e9s par ce site et ne peuvent \u00eatre lus que par le site lui-m\u00eame. Sur le Web <a href=\"\/fr\/www.metal-barcelo.com\/\">www.metal-barcelo.com<\/a>, ils sont install\u00e9s <em>cookies<\/em> persistant propre avec les objectifs suivants\u00a0:<\/p>\n<p>\u25cf Techniques\u00a0: ces <em>cookies<\/em> Ils servent \u00e0 contr\u00f4ler le chargement des images qui apparaissent sur la page d&#039;accueil, en fonction des param\u00e8tres qui ont \u00e9t\u00e9 programm\u00e9s (heure, nombre de visualisations, etc.). Ils servent \u00e9galement \u00e0 permettre l&#039;acc\u00e8s \u00e0 certaines parties du site Internet et \u00e0 localiser l&#039;utilisateur.<\/p>\n<p>\u25cf Personnalisation\u00a0: ces <em>cookies<\/em> Ils servent \u00e0 m\u00e9moriser la configuration de la taille s\u00e9lectionn\u00e9e lors de la visualisation du contenu web et \u00e0 pouvoir l&#039;afficher lors des prochaines visites de l&#039;utilisateur.<\/p>\n<p>\u25cf Analyse\u00a0: <em>Cookies<\/em> qui vous permettent de suivre le trafic entrant sur le site Internet pour \u00e9tablir des statistiques de visites.<\/td>\n<\/tr>\n<tr>\n<td width=\"88\"><strong><em>Cookies<\/em><\/strong><strong> de tiers<\/strong><\/td>\n<td width=\"543\">Sont <em>cookies<\/em> cr\u00e9\u00e9s par des tiers et que nous utilisons pour diff\u00e9rents services (par exemple, analyse de sites Web ou publicit\u00e9)<\/td>\n<\/tr>\n<\/tbody>\n<\/table>\n<p>Ce site Web peut notamment utiliser Google Analytics, un service d&#039;analyse Web fourni par Google, Inc. domicili\u00e9 aux \u00c9tats-Unis et dont le si\u00e8ge social est situ\u00e9 au 1600 Amphitheatre Parkway, Mountain View, Californie 94043. Pour fournir ces services, ceux-ci utilisent des cookies qui collectent des informations. , y compris l&#039;adresse IP de l&#039;utilisateur, qui sera transmise, trait\u00e9e et stock\u00e9e par Google dans les conditions \u00e9tablies sur le site Google.com. Y compris la transmission \u00e9ventuelle de ces informations \u00e0 des tiers pour des raisons d&#039;exigence l\u00e9gale ou lorsque ces tiers traitent les informations pour le compte de Google.<\/p>\n<p>&nbsp;<\/p>\n<p>Vous pouvez refuser le traitement des donn\u00e9es ou des informations en refusant l&#039;utilisation de cookies en s\u00e9lectionnant les param\u00e8tres appropri\u00e9s de votre navigateur. Toutefois, vous devez savoir que si vous le faites, vous ne pourrez peut-\u00eatre pas utiliser toutes les fonctionnalit\u00e9s de ce site Web.<\/p>\n<p>&nbsp;<\/p>\n<p>Vous pouvez \u00e9galement refuser l&#039;utilisation de cookies et l&#039;utilisation des donn\u00e9es li\u00e9es au site (notamment votre adresse IP) par Google ainsi qu&#039;emp\u00eacher le traitement de ces donn\u00e9es par Google en t\u00e9l\u00e9chargeant et en installant un plug-in au lien suivant :<\/p>\n<p>&nbsp;<\/p>\n<p><a href=\"https:\/\/tools.google.com\/dlpage\/gaoptout?hl=de\">https:\/\/tools.google.com\/dlpage\/gaoptout?hl=de<\/a>. En utilisant ce site Internet, vous consentez au traitement des informations vous concernant par Google de la mani\u00e8re et aux fins indiqu\u00e9es ci-dessus.<\/p>\n<p>&nbsp;<\/p>\n<p>&nbsp;<\/p>\n<p>Vous trouverez ci-dessous les d\u00e9tails des tiers qui peuvent configurer et acc\u00e9der <em>Cookies<\/em> (non dispens\u00e9s d\u2019information et de consentement) de votre \u00e9quipe ainsi que les finalit\u00e9s pour lesquelles les informations qu\u2019elles stockent sont utilis\u00e9es :<\/p>\n<p>&nbsp;<\/p>\n<p>&nbsp;<\/p>\n<table width=\"629\">\n<tbody>\n<tr>\n<td width=\"141\"><strong>But<\/strong><\/td>\n<td width=\"373\"><strong>Description<\/strong><\/td>\n<td width=\"115\"><strong>Tiers<\/strong><\/td>\n<\/tr>\n<tr>\n<td width=\"141\"><strong><em>Cookies <\/em><\/strong><strong>techniques<\/strong><\/td>\n<td width=\"373\">Ils servent \u00e0 contr\u00f4ler le trafic et la communication de donn\u00e9es \u00e0 l&#039;aide d&#039;\u00e9l\u00e9ments de s\u00e9curit\u00e9 pendant la navigation. Ils servent \u00e9galement \u00e0 identifier et maintenir la session de l&#039;utilisateur, \u00e0 stocker du contenu dans la diffusion de vid\u00e9os ou de sons et \u00e0 partager du contenu avec les r\u00e9seaux sociaux (plug-in).<\/td>\n<td width=\"115\">\u25cf\u00a0\u00a0\u00a0\u00a0\u00a0 <a href=\"http:\/\/www.google.es\/intl\/es\/policies\/technologies\/types\/\">Google<\/a><\/p>\n<p>\u25cf\u00a0\u00a0\u00a0\u00a0\u00a0 <a href=\"http:\/\/www.google.es\/intl\/es\/policies\/technologies\/types\/\">YouTube<\/a><\/p>\n<p>\u25cf\u00a0\u00a0\u00a0\u00a0\u00a0 <a href=\"https:\/\/www.facebook.com\/help\/cookies\/?ref=sitefooter\">Facebook<\/a><\/p>\n<p>\u25cf\u00a0\u00a0\u00a0\u00a0\u00a0 <a href=\"https:\/\/support.twitter.com\/articles\/20170514-twitters-use-of-cookies-and-similar-technologies\">Gazouillement<\/a><\/p>\n<p>\u25cf\u00a0\u00a0\u00a0\u00a0\u00a0 <a href=\"https:\/\/www.linkedin.com\/legal\/cookie_policy\">LinkedIn<\/a><\/p>\n<p>\u25cf\u00a0\u00a0\u00a0\u00a0\u00a0 <a href=\"https:\/\/www.uservoice.com\/privacy\/\">Voix de l&#039;utilisateur<\/a><\/p>\n<p>\u25cf\u00a0\u00a0\u00a0\u00a0\u00a0 <a href=\"http:\/\/tealium.com\/privacy\/\">Th\u00e9ium<\/a><\/td>\n<\/tr>\n<tr>\n<td width=\"141\"><strong><em>Cookies<\/em><\/strong><strong> personnalisation<\/strong><\/td>\n<td width=\"373\">Sont <em>cookies<\/em> Ils permettent \u00e0 l&#039;utilisateur de pr\u00e9ciser ou de personnaliser certaines caract\u00e9ristiques des options g\u00e9n\u00e9rales du site. Par exemple, d\u00e9finissez la langue, le volume s\u00e9lectionn\u00e9 comme pr\u00e9f\u00e9r\u00e9, la configuration r\u00e9gionale du service, le type de navigateur ou encore le nombre de r\u00e9sultats affich\u00e9s par page.<\/td>\n<td width=\"115\">\u25cf\u00a0\u00a0\u00a0\u00a0\u00a0 <a href=\"http:\/\/www.google.es\/intl\/es\/policies\/technologies\/types\/\">YouTube<\/a><\/p>\n<p>\u25cf\u00a0\u00a0\u00a0\u00a0\u00a0 <a href=\"https:\/\/www.facebook.com\/help\/cookies\/?ref=sitefooter\">Facebook<\/a><\/td>\n<\/tr>\n<tr>\n<td width=\"141\"><strong>Cookies analytiques<\/strong><\/td>\n<td width=\"373\">Outil d&#039;analyse qui aide les sites Web \u00e0 comprendre comment les visiteurs interagissent avec le site Web. Vous pouvez utiliser un ensemble de cookies pour collecter des informations et rapporter des statistiques d&#039;utilisation du site Web sans identifier personnellement les visiteurs.<\/td>\n<td width=\"115\">\u25cf\u00a0\u00a0\u00a0\u00a0\u00a0 <a href=\"https:\/\/developers.google.com\/analytics\/devguides\/collection\/analyticsjs\/cookie-usage\">Google\u00a0Analytics<\/a><\/p>\n<p>\u25cf\u00a0\u00a0\u00a0\u00a0\u00a0 <a href=\"http:\/\/www.google.es\/intl\/es\/policies\/technologies\/types\/\">YouTube<\/a><\/p>\n<p>\u25cf\u00a0\u00a0\u00a0\u00a0\u00a0 <a href=\"https:\/\/support.twitter.com\/articles\/20170514-twitters-use-of-cookies-and-similar-technologies\">Gazouillement<\/a><\/p>\n<p>\u25cf\u00a0\u00a0\u00a0\u00a0\u00a0 <a href=\"http:\/\/www.adobe.com\/es\/privacy\/analytics.html\">Adobe Analytics<\/a><\/td>\n<\/tr>\n<tr>\n<td width=\"141\"><strong>Cookies publicitaires<\/strong><\/td>\n<td width=\"373\">Le <em>cookies<\/em> La publicit\u00e9 permet la gestion des espaces publicitaires sur le site internet en fonction de crit\u00e8res pr\u00e9cis. Par exemple, la fr\u00e9quence d&#039;acc\u00e8s, le contenu \u00e9dit\u00e9, etc.<\/td>\n<td width=\"115\">\u25cf\u00a0\u00a0\u00a0\u00a0\u00a0 <a href=\"https:\/\/support.google.com\/adsense\/answer\/2839090?hl=es\">DoubleCliquez<\/a><\/p>\n<p>\u25cf\u00a0\u00a0\u00a0\u00a0\u00a0 <a href=\"http:\/\/www.google.es\/intl\/es\/policies\/technologies\/types\/\">Google<\/a><\/p>\n<p>\u25cf\u00a0\u00a0\u00a0\u00a0\u00a0 <a href=\"http:\/\/www.criteo.com\/es\/privacy\/\">Crit\u00e9o<\/a><\/p>\n<p>\u25cf\u00a0\u00a0\u00a0\u00a0\u00a0 <a href=\"http:\/\/www.adgravity.com\/privacy\">adgravit\u00e9<\/a><\/p>\n<p>\u25cf\u00a0\u00a0\u00a0\u00a0\u00a0 <a href=\"https:\/\/site.adform.com\/privacy-center\/platform-privacy\/\">Formulaire publicitaire<\/a><\/p>\n<p>\u25cf\u00a0\u00a0\u00a0\u00a0\u00a0 <a href=\"https:\/\/marketing.adobe.com\/resources\/help\/en_US\/aam\/c_data_security_and_privacy.html\">Adobe<\/a><\/p>\n<p>\u25cf\u00a0\u00a0\u00a0\u00a0\u00a0 <a href=\"https:\/\/www.eulerian.com\/en\/privacy\/\">Eul\u00e9rien<\/a><\/p>\n<p>\u25cf\u00a0\u00a0\u00a0\u00a0\u00a0 <a href=\"https:\/\/weborama.com\/e-privacy\/\">Weborama<\/a><\/td>\n<\/tr>\n<tr>\n<td width=\"141\"><strong><em>Cookies<\/em><\/strong><strong> \u00e9clair<\/strong><\/td>\n<td width=\"373\">Nous utilisons \u00e9galement <em>cookies<\/em> flash pour stocker vos pr\u00e9f\u00e9rences telles que le contr\u00f4le du volume ou pour afficher du contenu en fonction de ce que vous voyez sur notre site Web afin de personnaliser votre visite. Les tiers, avec lesquels nous collaborons pour fournir certaines fonctionnalit\u00e9s sur notre site Web, utilisent <em>cookies<\/em> flash pour collecter et stocker des donn\u00e9es non personnelles.<\/p>\n<p>Le <em>cookies<\/em> le flash est diff\u00e9rent de <em>cookies<\/em> session ou persistant en termes de quantit\u00e9, de type et de mani\u00e8re de stocker les donn\u00e9es. Les outils de gestion <em>cookies<\/em> fourni par votre navigateur ne supprimera pas le <em>cookies<\/em> \u00e9clair.<\/td>\n<td width=\"115\"><\/td>\n<\/tr>\n<\/tbody>\n<\/table>\n<p>&nbsp;<\/p>\n<p><strong>Comment puis-je modifier les param\u00e8tres du <em>cookies<\/em>?<\/strong><\/p>\n<p><a href=\"http:\/\/windows.microsoft.com\/es-es\/windows-vista\/block-or-allow-cookies\">Param\u00e8tres <em>cookies<\/em> Internet Explorer<\/a><br \/>\n<a href=\"http:\/\/support.mozilla.org\/es\/kb\/habilitar-y-deshabilitar-cookies-que-los-sitios-we\">Param\u00e8tres <em>cookies<\/em> depuis Firefox<\/a><br \/>\n<a href=\"http:\/\/support.google.com\/chrome\/bin\/answer.py?hl=es&amp;answer=95647\">Param\u00e8tres <em>cookies<\/em> de Google Chrome<\/a><br \/>\n<a href=\"http:\/\/www.apple.com\/legal\/privacy\/es\/cookies\/\">Param\u00e8tres <em>cookies<\/em> de Safari<\/a><br \/>\n<a href=\"http:\/\/www.macromedia.com\/support\/documentation\/es\/flashplayer\/help\/settings_manager03.html\">Param\u00e8tres des cookies Flash<\/a><\/p>\n<p>&nbsp;<\/p>\n<p>Si vous souhaitez interdire le stockage des donn\u00e9es du lecteur Flash, d\u00e9cochez les cases \u00ab\u00a0Autoriser le contenu Flash \u00e0 stocker des informations sur votre ordinateur\u00a0\u00bb et \u00ab\u00a0Stocker les composants Flash courants pour r\u00e9duire les temps de t\u00e9l\u00e9chargement\u00a0\u00bb. Si vous souhaitez limiter la quantit\u00e9 de donn\u00e9es collect\u00e9es par les applications Flash, faites glisser l&#039;indicateur de barre du panneau des param\u00e8tres de stockage globaux vers la position souhait\u00e9e.<\/p>\n<p>Ces navigateurs sont sujets \u00e0 des mises \u00e0 jour ou \u00e0 des modifications, nous ne pouvons donc pas garantir qu&#039;ils s&#039;adapteront compl\u00e8tement \u00e0 la version de votre navigateur. Vous pouvez \u00e9galement utiliser un autre navigateur non inclus dans ces liens tel que Konqueror, Arora, Flock, etc. Pour \u00e9viter ces d\u00e9s\u00e9quilibres, vous pouvez y acc\u00e9der directement depuis les options de votre navigateur, g\u00e9n\u00e9ralement dans le menu \u00ab Options \u00bb de la rubrique \u00ab Confidentialit\u00e9 \u00bb. (Veuillez consulter l&#039;aide de votre navigateur pour plus d&#039;informations.)<\/p>\n<p><strong>R\u00e9vocation du consentement<\/strong><\/p>\n<p>Il est \u00e9galement possible de limiter la mani\u00e8re dont les sites Web tiers installent des cookies sur votre ordinateur, afin d&#039;\u00e9viter la collecte de donn\u00e9es et l&#039;enregistrement de votre activit\u00e9 de navigation. Pour limiter l&#039;utilisation de <em>cookies<\/em> aupr\u00e8s de tiers, vous pouvez acc\u00e9der au site Web de configuration ou d&#039;OptOut\u00a0:<\/p>\n<ul>\n<li><a href=\"https:\/\/tools.google.com\/dlpage\/gaoptout?hl=None\">Google\u00a0Analytics<\/a><\/li>\n<li><a href=\"https:\/\/www.google.com\/settings\/ads\/plugin\">DoubleCliquez<\/a><\/li>\n<li><a href=\"https:\/\/www.google.com\/settings\/ads\">Google<\/a><\/li>\n<li><a href=\"http:\/\/www.macromedia.com\/support\/documentation\/es\/flashplayer\/help\/settings_manager07.html\">Cookies Flash YouTube<\/a><\/li>\n<\/ul>\n<p>&nbsp;<\/p>\n<p>S\u00e9lectionnez l&#039;option \u00ab Supprimer tous les sites \u00bb ou s\u00e9lectionnez le site Web sp\u00e9cifique que vous souhaitez supprimer et \u00ab Supprimer le site Web \u00bb.<\/p>\n<h4>Comment d\u00e9sactiver les param\u00e8tres des cookies ? :<a name=\"_Tocmua4trp4rk9x0\"><\/a><\/h4>\n<ol>\n<li>Internet Explorer ( <a href=\"http:\/\/goo.gl\/vFM6gb\">http:\/\/goo.gl\/vFM6gb<\/a> )<\/li>\n<\/ol>\n<ul>\n<li>Dans le menu Outils, s\u00e9lectionnez \u00ab Options Internet \u00bb.<\/li>\n<li>Cliquez sur l&#039;onglet confidentialit\u00e9.<\/li>\n<li>Vous pouvez configurer la confidentialit\u00e9 avec un curseur \u00e0 six positions qui vous permet de contr\u00f4ler le nombre de cookies qui seront install\u00e9s : Bloquer tous les cookies, \u00c9lev\u00e9, Moyen \u00c9lev\u00e9, Moyen (niveau par d\u00e9faut), Faible et Accepter tous les cookies.<\/li>\n<\/ul>\n<p>&nbsp;<\/p>\n<ol start=\"2\">\n<li>Mozilla Firefox ( <a href=\"https:\/\/goo.gl\/CTkAGV\">https:\/\/goo.gl\/CTkAGV<\/a> )<\/li>\n<\/ol>\n<ul>\n<li>En haut de la fen\u00eatre Firefox, cliquez sur le menu Outils.<\/li>\n<li>S\u00e9lectionnez Options.<\/li>\n<li>S\u00e9lectionnez le panneau Confidentialit\u00e9.<\/li>\n<li>Dans l&#039;option Firefox, vous pouvez choisir Utiliser les param\u00e8tres personnalis\u00e9s pour l&#039;historique pour configurer les options.<\/li>\n<\/ul>\n<p>&nbsp;<\/p>\n<ol start=\"3\">\n<li>Google Chrome ( <a href=\"http:\/\/goo.gl\/fQnkSB\">http:\/\/goo.gl\/fQnkSB<\/a> )<\/li>\n<\/ol>\n<ul>\n<li>Cliquez sur le menu situ\u00e9 dans la barre d&#039;outils.<\/li>\n<li>S\u00e9lectionnez \u00ab\u00a0Param\u00e8tres\u00a0\u00bb.<\/li>\n<li>Cliquez sur Afficher les options avanc\u00e9es.<\/li>\n<li>Dans la section \u00ab Confidentialit\u00e9 \u00bb, cliquez sur le bouton Param\u00e8tres de contenu.<\/li>\n<li>Dans la section \u00ab Cookies \u00bb, vous pouvez configurer les options.<\/li>\n<\/ul>\n<p>&nbsp;<\/p>\n<ol start=\"4\">\n<li>Safari ( <a href=\"https:\/\/goo.gl\/PCjEm3\">https:\/\/goo.gl\/PCjEm3<\/a> \/ <a href=\"https:\/\/goo.gl\/dQywEo\">https:\/\/goo.gl\/dQywEo<\/a> )<\/li>\n<\/ol>\n<ul>\n<li>Dans le menu des param\u00e8tres, s\u00e9lectionnez l&#039;option \u00ab\u00a0Pr\u00e9f\u00e9rences\u00a0\u00bb<\/li>\n<li>Ouvrez l&#039;onglet confidentialit\u00e9.<\/li>\n<li>S\u00e9lectionnez l&#039;option souhait\u00e9e dans la section \u00ab\u00a0Bloquer les cookies\u00a0\u00bb.<\/li>\n<li>N&#039;oubliez pas que certaines fonctionnalit\u00e9s et toutes les fonctionnalit\u00e9s du site peuvent ne pas \u00eatre disponibles apr\u00e8s la d\u00e9sactivation des cookies.<\/li>\n<\/ul>\n<p>&nbsp;<\/p>\n<p>Si vous ne souhaitez pas \u00eatre trac\u00e9 par les cookies, Google a d\u00e9velopp\u00e9 un module compl\u00e9mentaire \u00e0 installer dans votre navigateur auquel vous pouvez acc\u00e9der au lien suivant : <a href=\"http:\/\/goo.gl\/up4ND\">http:\/\/goo.gl\/up4ND.<\/a><\/p>\n<p><strong>Cookies sur les appareils mobiles :<\/strong><\/p>\n<p>La Plateforme utilise \u00e9galement des cookies ou d&#039;autres dispositifs de stockage sur les appareils mobiles. Dans ce cas, comme dans les navigateurs informatiques, les navigateurs des appareils mobiles vous permettent de configurer des options ou des param\u00e8tres de confidentialit\u00e9 pour d\u00e9sactiver ou supprimer les cookies.<\/p>\n<p>Si vous souhaitez modifier vos options de confidentialit\u00e9, suivez les instructions sp\u00e9cifi\u00e9es par le d\u00e9veloppeur de votre navigateur mobile.<\/p>\n<p>De m\u00eame, vous trouverez ci-dessous quelques exemples de liens qui vous guideront pour modifier les options de confidentialit\u00e9 sur votre appareil mobile :<\/p>\n<p>IOS\u00a0: ( <a href=\"http:\/\/goo.gl\/61xevS\">http:\/\/goo.gl\/61xevS<\/a> )<\/p>\n<p>T\u00e9l\u00e9phone Windows\u00a0: ( <a href=\"http:\/\/goo.gl\/Rx8QQ\">http:\/\/goo.gl\/Rx8QQ<\/a> )<\/p>\n<p>Chrome\u00a0Mobile\u00a0: ( <a href=\"http:\/\/goo.gl\/XJp7N\">http:\/\/goo.gl\/XJp7N<\/a> )<\/p>\n<p>Op\u00e9ra Mobile\u00a0: ( <a href=\"http:\/\/goo.gl\/Nzr8s7\">http:\/\/goo.gl\/Nzr8s7<\/a> )<\/p>\n<p>Veuillez noter que si vous rejetez ou supprimez le <em>cookies<\/em> navigation, nous ne pourrons pas conserver vos pr\u00e9f\u00e9rences, certaines fonctionnalit\u00e9s des pages ne seront pas op\u00e9rationnelles, nous ne pourrons pas vous proposer des services personnalis\u00e9s et chaque fois que vous naviguerez sur notre site web nous devrons demander \u00e0 nouveau votre autorisation pour l&#039;utilisation de <em>cookies<\/em>.<\/p>\n<p>Si vous d\u00e9cidez n\u00e9anmoins de modifier la configuration de votre acc\u00e8s au site Internet, sachez qu&#039;il est possible \u00e0 tout moment de supprimer les cookies ou d&#039;emp\u00eacher l&#039;enregistrement de ces informations sur votre ordinateur en modifiant les param\u00e8tres de configuration de votre navigateur.<\/p>\n\n\t\t<\/div>\n\t<\/div>\n<\/div><\/div><\/div><\/div>","protected":false},"excerpt":{"rendered":"A travers cette Politique de Cookies, nous d\u00e9taillons notre utilisation des cookies : Que sont les cookies ? Les cookies sont de petits fichiers de donn\u00e9es qui sont re\u00e7us sur le terminal du site Web visit\u00e9 et sont utilis\u00e9s pour enregistrer certaines interactions de navigation sur un site Web, en stockant des donn\u00e9es qui peuvent \u00eatre mises \u00e0 jour et r\u00e9cup\u00e9r\u00e9es. Ces<div class=\"h10\"><\/div><a class=\"more-link1\" href=\"https:\/\/metal-barcelo.com\/fr\/politica-de-cookies\/\">En savoir plus<\/a>","protected":false},"author":1,"featured_media":0,"parent":0,"menu_order":0,"comment_status":"closed","ping_status":"closed","template":"","meta":{"footnotes":""},"class_list":["post-1165","page","type-page","status-publish","hentry"],"yoast_head":"<!-- This site is optimized with the Yoast SEO plugin v19.8 - https:\/\/yoast.com\/wordpress\/plugins\/seo\/ -->\n<title>Pol\u00edtica de Cookies - Metalister\u00eda Barcel\u00f3<\/title>\n<meta name=\"robots\" content=\"index, follow, max-snippet:-1, max-image-preview:large, max-video-preview:-1\" \/>\n<link rel=\"canonical\" href=\"https:\/\/metal-barcelo.com\/fr\/politica-de-cookies\/\" \/>\n<meta property=\"og:locale\" content=\"fr_FR\" \/>\n<meta property=\"og:type\" content=\"article\" \/>\n<meta property=\"og:title\" content=\"Pol\u00edtica de Cookies - Metalister\u00eda Barcel\u00f3\" \/>\n<meta property=\"og:url\" content=\"https:\/\/metal-barcelo.com\/fr\/politica-de-cookies\/\" \/>\n<meta property=\"og:site_name\" content=\"Metalister\u00eda Barcel\u00f3\" \/>\n<meta property=\"article:modified_time\" content=\"2024-11-29T07:05:53+00:00\" \/>\n<meta name=\"twitter:card\" content=\"summary_large_image\" \/>\n<meta name=\"twitter:label1\" content=\"Dur\u00e9e de lecture estim\u00e9e\" \/>\n\t<meta name=\"twitter:data1\" content=\"8 minutes\" \/>\n<script type=\"application\/ld+json\" class=\"yoast-schema-graph\">{\"@context\":\"https:\/\/schema.org\",\"@graph\":[{\"@type\":\"WebPage\",\"@id\":\"https:\/\/metal-barcelo.com\/politica-de-cookies\/\",\"url\":\"https:\/\/metal-barcelo.com\/politica-de-cookies\/\",\"name\":\"Pol\u00edtica de Cookies - Metalister\u00eda Barcel\u00f3\",\"isPartOf\":{\"@id\":\"https:\/\/metal-barcelo.com\/#website\"},\"datePublished\":\"2024-11-28T11:29:40+00:00\",\"dateModified\":\"2024-11-29T07:05:53+00:00\",\"breadcrumb\":{\"@id\":\"https:\/\/metal-barcelo.com\/politica-de-cookies\/#breadcrumb\"},\"inLanguage\":\"fr-FR\",\"potentialAction\":[{\"@type\":\"ReadAction\",\"target\":[\"https:\/\/metal-barcelo.com\/politica-de-cookies\/\"]}]},{\"@type\":\"BreadcrumbList\",\"@id\":\"https:\/\/metal-barcelo.com\/politica-de-cookies\/#breadcrumb\",\"itemListElement\":[{\"@type\":\"ListItem\",\"position\":1,\"name\":\"Portada\",\"item\":\"https:\/\/metal-barcelo.com\/\"},{\"@type\":\"ListItem\",\"position\":2,\"name\":\"Pol\u00edtica de Cookies\"}]},{\"@type\":\"WebSite\",\"@id\":\"https:\/\/metal-barcelo.com\/#website\",\"url\":\"https:\/\/metal-barcelo.com\/\",\"name\":\"Metalister\u00eda Barcel\u00f3\",\"description\":\"Dise\u00f1o, fabricaci\u00f3n y montaje de estructuras met\u00e1licas\",\"potentialAction\":[{\"@type\":\"SearchAction\",\"target\":{\"@type\":\"EntryPoint\",\"urlTemplate\":\"https:\/\/metal-barcelo.com\/?s={search_term_string}\"},\"query-input\":\"required name=search_term_string\"}],\"inLanguage\":\"fr-FR\"}]}<\/script>\n<!-- \/ Yoast SEO plugin. -->","yoast_head_json":{"title":"Pol\u00edtica de Cookies - Metalister\u00eda Barcel\u00f3","robots":{"index":"index","follow":"follow","max-snippet":"max-snippet:-1","max-image-preview":"max-image-preview:large","max-video-preview":"max-video-preview:-1"},"canonical":"https:\/\/metal-barcelo.com\/fr\/politica-de-cookies\/","og_locale":"fr_FR","og_type":"article","og_title":"Pol\u00edtica de Cookies - Metalister\u00eda Barcel\u00f3","og_url":"https:\/\/metal-barcelo.com\/fr\/politica-de-cookies\/","og_site_name":"Metalister\u00eda Barcel\u00f3","article_modified_time":"2024-11-29T07:05:53+00:00","twitter_card":"summary_large_image","twitter_misc":{"Dur\u00e9e de lecture estim\u00e9e":"8 minutes"},"schema":{"@context":"https:\/\/schema.org","@graph":[{"@type":"WebPage","@id":"https:\/\/metal-barcelo.com\/politica-de-cookies\/","url":"https:\/\/metal-barcelo.com\/politica-de-cookies\/","name":"Pol\u00edtica de Cookies - Metalister\u00eda Barcel\u00f3","isPartOf":{"@id":"https:\/\/metal-barcelo.com\/#website"},"datePublished":"2024-11-28T11:29:40+00:00","dateModified":"2024-11-29T07:05:53+00:00","breadcrumb":{"@id":"https:\/\/metal-barcelo.com\/politica-de-cookies\/#breadcrumb"},"inLanguage":"fr-FR","potentialAction":[{"@type":"ReadAction","target":["https:\/\/metal-barcelo.com\/politica-de-cookies\/"]}]},{"@type":"BreadcrumbList","@id":"https:\/\/metal-barcelo.com\/politica-de-cookies\/#breadcrumb","itemListElement":[{"@type":"ListItem","position":1,"name":"Portada","item":"https:\/\/metal-barcelo.com\/"},{"@type":"ListItem","position":2,"name":"Pol\u00edtica de Cookies"}]},{"@type":"WebSite","@id":"https:\/\/metal-barcelo.com\/#website","url":"https:\/\/metal-barcelo.com\/","name":"Metalister\u00eda Barcel\u00f3","description":"Dise\u00f1o, fabricaci\u00f3n y montaje de estructuras met\u00e1licas","potentialAction":[{"@type":"SearchAction","target":{"@type":"EntryPoint","urlTemplate":"https:\/\/metal-barcelo.com\/?s={search_term_string}"},"query-input":"required name=search_term_string"}],"inLanguage":"fr-FR"}]}},"_links":{"self":[{"href":"https:\/\/metal-barcelo.com\/fr\/wp-json\/wp\/v2\/pages\/1165","targetHints":{"allow":["GET"]}}],"collection":[{"href":"https:\/\/metal-barcelo.com\/fr\/wp-json\/wp\/v2\/pages"}],"about":[{"href":"https:\/\/metal-barcelo.com\/fr\/wp-json\/wp\/v2\/types\/page"}],"author":[{"embeddable":true,"href":"https:\/\/metal-barcelo.com\/fr\/wp-json\/wp\/v2\/users\/1"}],"replies":[{"embeddable":true,"href":"https:\/\/metal-barcelo.com\/fr\/wp-json\/wp\/v2\/comments?post=1165"}],"version-history":[{"count":0,"href":"https:\/\/metal-barcelo.com\/fr\/wp-json\/wp\/v2\/pages\/1165\/revisions"}],"wp:attachment":[{"href":"https:\/\/metal-barcelo.com\/fr\/wp-json\/wp\/v2\/media?parent=1165"}],"curies":[{"name":"wp","href":"https:\/\/api.w.org\/{rel}","templated":true}]}}