{"id":1051,"date":"2023-06-14T10:25:32","date_gmt":"2023-06-14T10:25:32","guid":{"rendered":"https:\/\/metal-barcelo.com\/?page_id=1051"},"modified":"2024-01-16T10:25:06","modified_gmt":"2024-01-16T10:25:06","slug":"barandilla-de-hierro-terrassa","status":"publish","type":"page","link":"https:\/\/metal-barcelo.com\/fr\/barandilla-de-hierro-terrassa\/","title":{"rendered":"Garde-corps en fer Terrassa"},"content":{"rendered":"<div class=\"vc_row wpb_row vc_row-fluid vc_column-gap-35\"><div class=\"wpb_column vc_column_container vc_col-sm-8\"><div class=\"vc_column-inner\"><div class=\"wpb_wrapper\">\n\t<div class=\"wpb_text_column wpb_content_element\" >\n\t\t<div class=\"wpb_wrapper\">\n\t\t\t<p style=\"text-align: justify;\">Votre propri\u00e9t\u00e9 \u00e0 Terrassa a des besoins pratiques, allant de la r\u00e9duction des niveaux de bruit \u00e0 l&#039;intimit\u00e9, en passant par la s\u00e9curit\u00e9 de ses occupants, et l&#039;un des \u00e9l\u00e9ments qui aident dans cette t\u00e2che est un <strong>garde-corps en fer \u00e0 Terrassa<\/strong>. UN <strong>garde-corps en fer \u00e0 Terrassa<\/strong> Cela peut \u00e9galement r\u00e9pondre \u00e0 un certain nombre de besoins esth\u00e9tiques, comme augmenter la valeur per\u00e7ue de votre maison.<\/p>\n<p style=\"text-align: justify;\">Le fer est l&#039;un des mat\u00e9riaux les plus solides et les plus durables disponibles, et sa mall\u00e9abilit\u00e9 en fait \u00e9galement le support id\u00e9al pour la personnalisation et permet une <strong>garde-corps en fer \u00e0 Terrassa<\/strong> rester fort pendant une p\u00e9riode extr\u00eamement longue.<\/p>\n<p style=\"text-align: justify;\">Le fer peut \u00e9galement r\u00e9sister \u00e0 de nombreux traumatismes physiques et \u00e0 l\u2019exposition aux intemp\u00e9ries sans \u00eatre endommag\u00e9, d\u00e9form\u00e9 ou avoir besoin d\u2019\u00eatre r\u00e9par\u00e9 ou remplac\u00e9. Et oubliez la pourriture et la rouille qui peuvent affecter les cl\u00f4tures en bois et en aluminium \u2013 le noyau solide et les rev\u00eatements protecteurs d&#039;un <strong>garde-corps en fer \u00e0 Terrassa<\/strong> Ils vous garantiront un garde-corps qui durera toute une vie.<\/p>\n<p style=\"text-align: justify;\">Contrairement aux autres mat\u00e9riaux de garde-corps, le fer est moins sensible aux dommages physiques et n\u00e9cessite donc moins de r\u00e9parations. Et m\u00eame s&#039;il est difficile d&#039;endommager un <strong>garde-corps en fer \u00e0 Terrassa<\/strong>S&#039;il pr\u00e9sente un peu d&#039;usure ou si une section est endommag\u00e9e, il est peu probable que vous deviez remplacer l&#039;ensemble du garde-corps, car les petites pi\u00e8ces sont g\u00e9n\u00e9ralement faciles \u00e0 r\u00e9parer.<\/p>\n\n\t\t<\/div>\n\t<\/div>\n\n\t<div  class=\"wpb_single_image wpb_content_element vc_align_left\">\n\t\t\n\t\t<figure class=\"wpb_wrapper vc_figure\">\n\t\t\t<div class=\"vc_single_image-wrapper   vc_box_border_grey\"><img decoding=\"async\" width=\"727\" height=\"969\" src=\"https:\/\/metal-barcelo.com\/wp-content\/uploads\/2022\/10\/IMG_9034.jpg\" class=\"vc_single_image-img attachment-full\" alt=\"estructruas metalicas\" srcset=\"https:\/\/metal-barcelo.com\/wp-content\/uploads\/2022\/10\/IMG_9034.jpg 727w, https:\/\/metal-barcelo.com\/wp-content\/uploads\/2022\/10\/IMG_9034-225x300.jpg 225w\" sizes=\"(max-width: 727px) 100vw, 727px\" \/><\/div>\n\t\t<\/figure>\n\t<\/div>\n<div class=\"vc_row wpb_row vc_inner vc_row-fluid\"><div class=\"wpb_column vc_column_container vc_col-sm-4\"><div class=\"vc_column-inner\"><div class=\"wpb_wrapper\"><\/div><\/div><\/div><div class=\"wpb_column vc_column_container vc_col-sm-4\"><div class=\"vc_column-inner\"><div class=\"wpb_wrapper\"><a\thref=\"https:\/\/metal-barcelo.com\/fr\/productos\/estructuras-metalicas\/#form\" \n\t\t\t\tclass=\"button btn_medium btn_theme_color btn_rounded btn_normal_style\"  target='_self'><span>CONTACTEZ-NOUS<\/span><\/a><\/div><\/div><\/div><div class=\"wpb_column vc_column_container vc_col-sm-4\"><div class=\"vc_column-inner\"><div class=\"wpb_wrapper\"><\/div><\/div><\/div><\/div>\n\t<div class=\"wpb_text_column wpb_content_element\" >\n\t\t<div class=\"wpb_wrapper\">\n\t\t\t<p style=\"text-align: justify;\">L&#039;entretien est \u00e9galement extr\u00eamement faible, car <strong>garde-corps en fer \u00e0 Terrassa<\/strong> Il est trait\u00e9, il ne n\u00e9cessitera donc qu&#039;un nettoyage r\u00e9gulier pour conserver son meilleur aspect.<\/p>\n<p style=\"text-align: justify;\">L\u2019un des autres avantages du fer est le niveau de s\u00e9curit\u00e9 qu\u2019il offre. Il est peu probable qu&#039;un <strong>garde-corps en fer \u00e0 Terrassa<\/strong> cass\u00e9, coup\u00e9 ou d\u00e9moli. Il peut \u00e9galement r\u00e9sister \u00e0 la pression physique sans tomber.<\/p>\n<p style=\"text-align: justify;\">L\u2019un des merveilleux avantages visuels du fer est sa beaut\u00e9 esth\u00e9tique classique et intemporelle que d\u2019autres mat\u00e9riaux de garde-corps ne peuvent tout simplement pas reproduire. UN <strong>garde-corps en fer \u00e0 Terrassa<\/strong> Ils peuvent \u00eatre con\u00e7us pour correspondre \u00e0 la palette de couleurs globale de votre maison et peuvent \u00eatre facilement travaill\u00e9s et fa\u00e7onn\u00e9s en raison de la nature et de la mall\u00e9abilit\u00e9 du m\u00e9tal. Par cons\u00e9quent, un <strong>garde-corps en fer \u00e0 Terrassa<\/strong> Il peut \u00eatre con\u00e7u pour compl\u00e9ter une vari\u00e9t\u00e9 d\u2019am\u00e9nagements de propri\u00e9t\u00e9, du traditionnel et formel au moderne et informel. Compte tenu de leur durabilit\u00e9, ils ne s\u2019useront pas aussi facilement que les autres mat\u00e9riaux de construction de garde-corps, ils resteront donc beaux pendant des ann\u00e9es.<\/p>\n<p style=\"text-align: justify;\">Si vous envisagez d&#039;installer un <strong>garde-corps en fer \u00e0 Terrassa, <\/strong>N&#039;h\u00e9sitez pas \u00e0 nous contacter d\u00e8s aujourd&#039;hui pour vous assurer d&#039;avoir les meilleurs soins et un r\u00e9sultat de qualit\u00e9 sup\u00e9rieure.<\/p>\n\n\t\t<\/div>\n\t<\/div>\n<\/div><\/div><\/div><div class=\"wpb_column vc_column_container vc_col-sm-4\"><div class=\"vc_column-inner\"><div class=\"wpb_wrapper\">\n\t<div class=\"wpb_text_column wpb_content_element\" >\n\t\t<div class=\"wpb_wrapper\">\n\t\t\t<h3 style=\"text-align: center;\">Contacter pour plus d&#039;informations<\/h3>\n<hr \/>\n\n\t\t<\/div>\n\t<\/div>\n<div role=\"form\" class=\"wpcf7\" id=\"wpcf7-f40-o1\" lang=\"es-ES\" dir=\"ltr\">\n<div class=\"screen-reader-response\"><p role=\"status\" aria-live=\"polite\" aria-atomic=\"true\"><\/p> <ul><\/ul><\/div>\n<form action=\"\/fr\/wp-json\/wp\/v2\/pages\/1051#wpcf7-f40-o1\" method=\"post\" class=\"wpcf7-form init\" novalidate=\"novalidate\" data-status=\"init\" data-trp-original-action=\"\/fr\/wp-json\/wp\/v2\/pages\/1051#wpcf7-f40-o1\">\n<div style=\"display: none;\">\n<input type=\"hidden\" name=\"_wpcf7\" value=\"40\" \/>\n<input type=\"hidden\" name=\"_wpcf7_version\" value=\"5.5.6.1\" \/>\n<input type=\"hidden\" name=\"_wpcf7_locale\" value=\"es_ES\" \/>\n<input type=\"hidden\" name=\"_wpcf7_unit_tag\" value=\"wpcf7-f40-o1\" \/>\n<input type=\"hidden\" name=\"_wpcf7_container_post\" value=\"0\" \/>\n<input type=\"hidden\" name=\"_wpcf7_posted_data_hash\" value=\"\" \/>\n<input type=\"hidden\" name=\"_wpcf7_recaptcha_response\" value=\"\" \/>\n<\/div>\n<p><label> ton nom<br \/>\n    <span class=\"wpcf7-form-control-wrap your-name\"><input type=\"text\" name=\"your-name\" value=\"\" size=\"40\" class=\"wpcf7-form-control wpcf7-text wpcf7-validates-as-required\" aria-required=\"true\" aria-invalid=\"false\" \/><\/span> <\/label><\/p>\n<p><label> Votre email<br \/>\n    <span class=\"wpcf7-form-control-wrap your-email\"><input type=\"email\" name=\"your-email\" value=\"\" size=\"40\" class=\"wpcf7-form-control wpcf7-text wpcf7-email wpcf7-validates-as-required wpcf7-validates-as-email\" aria-required=\"true\" aria-invalid=\"false\" \/><\/span> <\/label><\/p>\n<p><label> T\u00e9l\u00e9phone<br \/>\n    <span class=\"wpcf7-form-control-wrap phone\"><input type=\"text\" name=\"phone\" value=\"\" size=\"40\" class=\"wpcf7-form-control wpcf7-text wpcf7-validates-as-required\" aria-required=\"true\" aria-invalid=\"false\" \/><\/span> <\/label><\/p>\n<p><label> Code postal<br \/>\n    <span class=\"wpcf7-form-control-wrap your-subject\"><input type=\"text\" name=\"your-subject\" value=\"\" size=\"40\" class=\"wpcf7-form-control wpcf7-text\" aria-invalid=\"false\" \/><\/span> <\/label><\/p>\n<p><label> Votre message (facultatif)<br \/>\n    <span class=\"wpcf7-form-control-wrap your-message\"><textarea name=\"your-message\" cols=\"40\" rows=\"2\" class=\"wpcf7-form-control wpcf7-textarea\" aria-invalid=\"false\"><\/textarea><\/span> <\/label><\/p>\n<p><span class=\"wpcf7-form-control-wrap Enviodedatos\"><span class=\"wpcf7-form-control wpcf7-acceptance optional\"><span class=\"wpcf7-list-item\"><label><input type=\"checkbox\" name=\"Enviodedatos\" value=\"1\" aria-invalid=\"false\" \/><span class=\"wpcf7-list-item-label\">Acceptez-vous l&#039;envoi de donn\u00e9es ?<\/span><\/label><\/span><\/span><\/span><\/p>\n<p><span class=\"wpcf7-form-control-wrap Enviodedatos\"><span class=\"wpcf7-form-control wpcf7-acceptance\"><span class=\"wpcf7-list-item\"><label><input type=\"checkbox\" name=\"Enviodedatos\" value=\"1\" aria-invalid=\"false\" \/><span class=\"wpcf7-list-item-label\">Acceptez-vous le <a href=\"https:\/\/metal-barcelo.com\/fr\/politica-de-privacidad\/\"><strong>politique de confidentialit\u00e9<\/strong><\/a>?<\/span><\/label><\/span><\/span><\/span><\/p>\n<span class=\"wpcf7-form-control-wrap recaptcha\" data-name=\"recaptcha\"><span data-sitekey=\"6LeSSp4hAAAAAPZ7xH2THd-p214fTTffD9wFlOhH\" class=\"wpcf7-form-control g-recaptcha wpcf7-recaptcha\"><\/span>\r\n<noscript>\r\n\t<div class=\"grecaptcha-noscript\">\r\n\t\t<iframe loading=\"lazy\" src=\"https:\/\/www.google.com\/recaptcha\/api\/fallback?k=6LeSSp4hAAAAAPZ7xH2THd-p214fTTffD9wFlOhH\" frameborder=\"0\" scrolling=\"no\" width=\"310\" height=\"430\">\r\n\t\t<\/iframe>\r\n\t\t<textarea name=\"g-recaptcha-response\" rows=\"3\" cols=\"40\" placeholder=\"R\u00e9ponse reCaptcha ici\">\r\n\t\t<\/textarea>\r\n\t<\/div>\r\n<\/noscript>\r\n<\/span>\n<p><input type=\"submit\" value=\"Envoyer\" class=\"wpcf7-form-control has-spinner wpcf7-submit\" \/><\/p>\n<div class=\"wpcf7-response-output\" aria-hidden=\"true\"><\/div><input type=\"hidden\" name=\"trp-form-language\" value=\"fr\"\/><\/form><\/div><\/div><\/div><\/div><\/div>","protected":false},"excerpt":{"rendered":"Votre propri\u00e9t\u00e9 \u00e0 Terrassa a des besoins pratiques, qu&#039;il s&#039;agisse de r\u00e9duire les niveaux de bruit, de pr\u00e9server l&#039;intimit\u00e9 ou d&#039;assurer la s\u00e9curit\u00e9 de ses occupants. L&#039;un des \u00e9l\u00e9ments qui facilitent cette t\u00e2che est une balustrade en fer \u00e0 Terrassa. Une balustrade en fer \u00e0 Terrassa peut \u00e9galement r\u00e9pondre \u00e0 un certain nombre de besoins esth\u00e9tiques, tels que l&#039;augmentation de la valeur.<div class=\"h10\"><\/div><a class=\"more-link1\" href=\"https:\/\/metal-barcelo.com\/fr\/barandilla-de-hierro-terrassa\/\">En savoir plus<\/a>","protected":false},"author":1,"featured_media":0,"parent":0,"menu_order":0,"comment_status":"closed","ping_status":"closed","template":"","meta":{"footnotes":""},"class_list":["post-1051","page","type-page","status-publish","hentry"],"yoast_head":"<!-- This site is optimized with the Yoast SEO plugin v19.8 - https:\/\/yoast.com\/wordpress\/plugins\/seo\/ -->\n<title>Barandilla de hierro Terrassa - Metalister\u00eda Barcel\u00f3<\/title>\n<meta name=\"robots\" content=\"index, follow, max-snippet:-1, max-image-preview:large, max-video-preview:-1\" \/>\n<link rel=\"canonical\" href=\"https:\/\/metal-barcelo.com\/fr\/barandilla-de-hierro-terrassa\/\" \/>\n<meta property=\"og:locale\" content=\"fr_FR\" \/>\n<meta property=\"og:type\" content=\"article\" \/>\n<meta property=\"og:title\" content=\"Barandilla de hierro Terrassa - Metalister\u00eda Barcel\u00f3\" \/>\n<meta property=\"og:url\" content=\"https:\/\/metal-barcelo.com\/fr\/barandilla-de-hierro-terrassa\/\" \/>\n<meta property=\"og:site_name\" content=\"Metalister\u00eda Barcel\u00f3\" \/>\n<meta property=\"article:modified_time\" content=\"2024-01-16T10:25:06+00:00\" \/>\n<meta name=\"twitter:card\" content=\"summary_large_image\" \/>\n<meta name=\"twitter:label1\" content=\"Dur\u00e9e de lecture estim\u00e9e\" \/>\n\t<meta name=\"twitter:data1\" content=\"3 minutes\" \/>\n<script type=\"application\/ld+json\" class=\"yoast-schema-graph\">{\"@context\":\"https:\/\/schema.org\",\"@graph\":[{\"@type\":\"WebPage\",\"@id\":\"https:\/\/metal-barcelo.com\/barandilla-de-hierro-terrassa\/\",\"url\":\"https:\/\/metal-barcelo.com\/barandilla-de-hierro-terrassa\/\",\"name\":\"Barandilla de hierro Terrassa - Metalister\u00eda Barcel\u00f3\",\"isPartOf\":{\"@id\":\"https:\/\/metal-barcelo.com\/#website\"},\"datePublished\":\"2023-06-14T10:25:32+00:00\",\"dateModified\":\"2024-01-16T10:25:06+00:00\",\"breadcrumb\":{\"@id\":\"https:\/\/metal-barcelo.com\/barandilla-de-hierro-terrassa\/#breadcrumb\"},\"inLanguage\":\"fr-FR\",\"potentialAction\":[{\"@type\":\"ReadAction\",\"target\":[\"https:\/\/metal-barcelo.com\/barandilla-de-hierro-terrassa\/\"]}]},{\"@type\":\"BreadcrumbList\",\"@id\":\"https:\/\/metal-barcelo.com\/barandilla-de-hierro-terrassa\/#breadcrumb\",\"itemListElement\":[{\"@type\":\"ListItem\",\"position\":1,\"name\":\"Portada\",\"item\":\"https:\/\/metal-barcelo.com\/\"},{\"@type\":\"ListItem\",\"position\":2,\"name\":\"Barandilla de hierro Terrassa\"}]},{\"@type\":\"WebSite\",\"@id\":\"https:\/\/metal-barcelo.com\/#website\",\"url\":\"https:\/\/metal-barcelo.com\/\",\"name\":\"Metalister\u00eda Barcel\u00f3\",\"description\":\"Dise\u00f1o, fabricaci\u00f3n y montaje de estructuras met\u00e1licas\",\"potentialAction\":[{\"@type\":\"SearchAction\",\"target\":{\"@type\":\"EntryPoint\",\"urlTemplate\":\"https:\/\/metal-barcelo.com\/?s={search_term_string}\"},\"query-input\":\"required name=search_term_string\"}],\"inLanguage\":\"fr-FR\"}]}<\/script>\n<!-- \/ Yoast SEO plugin. -->","yoast_head_json":{"title":"Barandilla de hierro Terrassa - Metalister\u00eda Barcel\u00f3","robots":{"index":"index","follow":"follow","max-snippet":"max-snippet:-1","max-image-preview":"max-image-preview:large","max-video-preview":"max-video-preview:-1"},"canonical":"https:\/\/metal-barcelo.com\/fr\/barandilla-de-hierro-terrassa\/","og_locale":"fr_FR","og_type":"article","og_title":"Barandilla de hierro Terrassa - Metalister\u00eda Barcel\u00f3","og_url":"https:\/\/metal-barcelo.com\/fr\/barandilla-de-hierro-terrassa\/","og_site_name":"Metalister\u00eda Barcel\u00f3","article_modified_time":"2024-01-16T10:25:06+00:00","twitter_card":"summary_large_image","twitter_misc":{"Dur\u00e9e de lecture estim\u00e9e":"3 minutes"},"schema":{"@context":"https:\/\/schema.org","@graph":[{"@type":"WebPage","@id":"https:\/\/metal-barcelo.com\/barandilla-de-hierro-terrassa\/","url":"https:\/\/metal-barcelo.com\/barandilla-de-hierro-terrassa\/","name":"Barandilla de hierro Terrassa - Metalister\u00eda Barcel\u00f3","isPartOf":{"@id":"https:\/\/metal-barcelo.com\/#website"},"datePublished":"2023-06-14T10:25:32+00:00","dateModified":"2024-01-16T10:25:06+00:00","breadcrumb":{"@id":"https:\/\/metal-barcelo.com\/barandilla-de-hierro-terrassa\/#breadcrumb"},"inLanguage":"fr-FR","potentialAction":[{"@type":"ReadAction","target":["https:\/\/metal-barcelo.com\/barandilla-de-hierro-terrassa\/"]}]},{"@type":"BreadcrumbList","@id":"https:\/\/metal-barcelo.com\/barandilla-de-hierro-terrassa\/#breadcrumb","itemListElement":[{"@type":"ListItem","position":1,"name":"Portada","item":"https:\/\/metal-barcelo.com\/"},{"@type":"ListItem","position":2,"name":"Barandilla de hierro Terrassa"}]},{"@type":"WebSite","@id":"https:\/\/metal-barcelo.com\/#website","url":"https:\/\/metal-barcelo.com\/","name":"Metalister\u00eda Barcel\u00f3","description":"Dise\u00f1o, fabricaci\u00f3n y montaje de estructuras met\u00e1licas","potentialAction":[{"@type":"SearchAction","target":{"@type":"EntryPoint","urlTemplate":"https:\/\/metal-barcelo.com\/?s={search_term_string}"},"query-input":"required name=search_term_string"}],"inLanguage":"fr-FR"}]}},"_links":{"self":[{"href":"https:\/\/metal-barcelo.com\/fr\/wp-json\/wp\/v2\/pages\/1051","targetHints":{"allow":["GET"]}}],"collection":[{"href":"https:\/\/metal-barcelo.com\/fr\/wp-json\/wp\/v2\/pages"}],"about":[{"href":"https:\/\/metal-barcelo.com\/fr\/wp-json\/wp\/v2\/types\/page"}],"author":[{"embeddable":true,"href":"https:\/\/metal-barcelo.com\/fr\/wp-json\/wp\/v2\/users\/1"}],"replies":[{"embeddable":true,"href":"https:\/\/metal-barcelo.com\/fr\/wp-json\/wp\/v2\/comments?post=1051"}],"version-history":[{"count":0,"href":"https:\/\/metal-barcelo.com\/fr\/wp-json\/wp\/v2\/pages\/1051\/revisions"}],"wp:attachment":[{"href":"https:\/\/metal-barcelo.com\/fr\/wp-json\/wp\/v2\/media?parent=1051"}],"curies":[{"name":"wp","href":"https:\/\/api.w.org\/{rel}","templated":true}]}}