{"id":1016,"date":"2023-04-19T12:47:12","date_gmt":"2023-04-19T12:47:12","guid":{"rendered":"https:\/\/metal-barcelo.com\/?page_id=1016"},"modified":"2024-01-16T10:23:39","modified_gmt":"2024-01-16T10:23:39","slug":"barandilla-balcon-sant-cugat","status":"publish","type":"page","link":"https:\/\/metal-barcelo.com\/fr\/barandilla-balcon-sant-cugat\/","title":{"rendered":"Garde-corps du balcon de Sant Cugat"},"content":{"rendered":"<div class=\"vc_row wpb_row vc_row-fluid vc_column-gap-35\"><div class=\"wpb_column vc_column_container vc_col-sm-8\"><div class=\"vc_column-inner\"><div class=\"wpb_wrapper\">\n\t<div class=\"wpb_text_column wpb_content_element\" >\n\t\t<div class=\"wpb_wrapper\">\n\t\t\t<p style=\"text-align: justify;\">Il y a une raison pour laquelle on retrouve des balustrades de balcon en acier sur de nombreux b\u00e2timents dans toutes les villes du monde. En plus du look \u00e9l\u00e9gant et contemporain qu&#039;ils offrent, en ajoutant un <strong>garde-corps de balcon \u00e0 Sant Cugat<\/strong> Il offre de nombreux autres avantages.<\/p>\n<p style=\"text-align: justify;\">L&#039;acier est une excellente option pour un <strong>garde-corps de balcon \u00e0 Sant Cugat<\/strong> Si vous recherchez un mat\u00e9riau capable de r\u00e9sister aux \u00e9l\u00e9ments et de durer des ann\u00e9es. L\u2019acier est un mat\u00e9riau incroyablement durable et peut r\u00e9sister \u00e0 beaucoup d\u2019usure. Lorsqu&#039;il est trait\u00e9 correctement, il est \u00e9galement r\u00e9sistant \u00e0 la rouille, vous n&#039;aurez donc pas \u00e0 vous soucier de votre <strong>garde-corps de balcon \u00e0 Sant Cugat<\/strong> se d\u00e9t\u00e9riorer avec le temps.<\/p>\n<p style=\"text-align: justify;\">UN <strong>garde-corps de balcon \u00e0 Sant Cugat<\/strong> L&#039;acier n\u00e9cessite peu d&#039;entretien. C\u2019est id\u00e9al pour les propri\u00e9taires occup\u00e9s qui n\u2019ont pas le temps ou l\u2019envie d\u2019entretenir r\u00e9guli\u00e8rement leurs espaces ext\u00e9rieurs.<\/p>\n<p style=\"text-align: justify;\">Tout ce que vous devez faire pour assurer la beaut\u00e9 de votre <strong>garde-corps de balcon \u00e0 Sant Cugat<\/strong> durer longtemps consiste \u00e0 essuyer toute salet\u00e9, crasse ou fientes d&#039;oiseaux avec un chiffon humide et une solution de nettoyage douce.<\/p>\n<p style=\"text-align: justify;\">L&#039;un des meilleurs avantages de choisir un <strong>garde-corps de balcon \u00e0 Sant Cugat<\/strong> l&#039;acier est qu&#039;ils ne n\u00e9cessitent pas de repeinture. Cela peut permettre aux propri\u00e9taires d\u2019\u00e9conomiser beaucoup de temps et d\u2019argent au fil des ans.<\/p>\n\n\t\t<\/div>\n\t<\/div>\n\n\t<div  class=\"wpb_single_image wpb_content_element vc_align_left\">\n\t\t\n\t\t<figure class=\"wpb_wrapper vc_figure\">\n\t\t\t<div class=\"vc_single_image-wrapper   vc_box_border_grey\"><img decoding=\"async\" width=\"727\" height=\"969\" src=\"https:\/\/metal-barcelo.com\/wp-content\/uploads\/2022\/10\/IMG_9034.jpg\" class=\"vc_single_image-img attachment-full\" alt=\"estructruas metalicas\" srcset=\"https:\/\/metal-barcelo.com\/wp-content\/uploads\/2022\/10\/IMG_9034.jpg 727w, https:\/\/metal-barcelo.com\/wp-content\/uploads\/2022\/10\/IMG_9034-225x300.jpg 225w\" sizes=\"(max-width: 727px) 100vw, 727px\" \/><\/div>\n\t\t<\/figure>\n\t<\/div>\n<div class=\"vc_row wpb_row vc_inner vc_row-fluid\"><div class=\"wpb_column vc_column_container vc_col-sm-4\"><div class=\"vc_column-inner\"><div class=\"wpb_wrapper\"><\/div><\/div><\/div><div class=\"wpb_column vc_column_container vc_col-sm-4\"><div class=\"vc_column-inner\"><div class=\"wpb_wrapper\"><a\thref=\"https:\/\/metal-barcelo.com\/fr\/productos\/estructuras-metalicas\/#form\" \n\t\t\t\tclass=\"button btn_medium btn_theme_color btn_rounded btn_normal_style\"  target='_self'><span>CONTACTEZ-NOUS<\/span><\/a><\/div><\/div><\/div><div class=\"wpb_column vc_column_container vc_col-sm-4\"><div class=\"vc_column-inner\"><div class=\"wpb_wrapper\"><\/div><\/div><\/div><\/div>\n\t<div class=\"wpb_text_column wpb_content_element\" >\n\t\t<div class=\"wpb_wrapper\">\n\t\t\t<p style=\"text-align: justify;\">Il existe de nombreuses raisons d&#039;installer un <strong>garde-corps de balcon \u00e0 Sant Cugat<\/strong> chez vous. L\u2019une des raisons les plus importantes est que l\u2019acier r\u00e9siste aux \u00e9l\u00e9ments. Qu&#039;il s&#039;agisse de pluie ou m\u00eame de vent, l&#039;acier peut r\u00e9sister \u00e0 tout. Cela signifie que vous n&#039;aurez pas \u00e0 vous soucier du <strong>garde-corps de balcon \u00e0 Sant Cugat<\/strong> rouiller ou \u00eatre endommag\u00e9 par les intemp\u00e9ries.<\/p>\n<p style=\"text-align: justify;\">Il existe diff\u00e9rents types de style lors du choix du <strong>garde-corps de balcon \u00e0 Sant Cugat<\/strong>. Le <strong>garde-corps de balcon \u00e0 Sant Cugat<\/strong> C&#039;est tr\u00e8s polyvalent. Ils peuvent \u00eatre utilis\u00e9s dans de nombreux environnements diff\u00e9rents et peuvent \u00eatre adapt\u00e9s \u00e0 diff\u00e9rents styles. UN <strong>garde-corps de balcon \u00e0 Sant Cugat<\/strong> Il peut \u00e9galement \u00eatre con\u00e7u de diff\u00e9rentes mani\u00e8res. L\u2019acier peut \u00eatre facilement fa\u00e7onn\u00e9 en motifs complexes et utilis\u00e9 avec des \u00e9l\u00e9ments en bois et en verre.<\/p>\n<p style=\"text-align: justify;\">Lorsqu&#039;il s&#039;agit de choisir un <strong>garde-corps de balcon \u00e0 Sant Cugat<\/strong>, l\u2019acier est g\u00e9n\u00e9ralement l\u2019option la plus abordable. UN <strong>garde-corps de balcon \u00e0 Sant Cugat<\/strong> L\u2019acier peut donner \u00e0 votre maison un look moderne, vous offrir la s\u00e9curit\u00e9 dont vous avez besoin et bien plus encore sans vous ruiner. Et en raison de sa durabilit\u00e9, un <strong>garde-corps de balcon \u00e0 Sant Cugat<\/strong> offre encore plus d\u2019\u00e9conomies car les besoins d\u2019entretien ou de r\u00e9paration seront minimes pendant une longue p\u00e9riode.<\/p>\n<p style=\"text-align: justify;\">Si vous recherchez les meilleurs professionnels pour l&#039;installation de votre <strong>garde-corps de balcon \u00e0 Sant Cugat, <\/strong>n&#039;h\u00e9sitez pas \u00e0 nous contacter. Nous avons la meilleure \u00e9quipe humaine pour votre projet.<\/p>\n<p style=\"text-align: justify;\">\n\n\t\t<\/div>\n\t<\/div>\n<\/div><\/div><\/div><div class=\"wpb_column vc_column_container vc_col-sm-4\"><div class=\"vc_column-inner\"><div class=\"wpb_wrapper\">\n\t<div class=\"wpb_text_column wpb_content_element\" >\n\t\t<div class=\"wpb_wrapper\">\n\t\t\t<h3 style=\"text-align: center;\">Contacter pour plus d&#039;informations<\/h3>\n<hr \/>\n\n\t\t<\/div>\n\t<\/div>\n<div role=\"form\" class=\"wpcf7\" id=\"wpcf7-f40-o1\" lang=\"es-ES\" dir=\"ltr\">\n<div class=\"screen-reader-response\"><p role=\"status\" aria-live=\"polite\" aria-atomic=\"true\"><\/p> <ul><\/ul><\/div>\n<form action=\"\/fr\/wp-json\/wp\/v2\/pages\/1016#wpcf7-f40-o1\" method=\"post\" class=\"wpcf7-form init\" novalidate=\"novalidate\" data-status=\"init\" data-trp-original-action=\"\/fr\/wp-json\/wp\/v2\/pages\/1016#wpcf7-f40-o1\">\n<div style=\"display: none;\">\n<input type=\"hidden\" name=\"_wpcf7\" value=\"40\" \/>\n<input type=\"hidden\" name=\"_wpcf7_version\" value=\"5.5.6.1\" \/>\n<input type=\"hidden\" name=\"_wpcf7_locale\" value=\"es_ES\" \/>\n<input type=\"hidden\" name=\"_wpcf7_unit_tag\" value=\"wpcf7-f40-o1\" \/>\n<input type=\"hidden\" name=\"_wpcf7_container_post\" value=\"0\" \/>\n<input type=\"hidden\" name=\"_wpcf7_posted_data_hash\" value=\"\" \/>\n<input type=\"hidden\" name=\"_wpcf7_recaptcha_response\" value=\"\" \/>\n<\/div>\n<p><label> ton nom<br \/>\n    <span class=\"wpcf7-form-control-wrap your-name\"><input type=\"text\" name=\"your-name\" value=\"\" size=\"40\" class=\"wpcf7-form-control wpcf7-text wpcf7-validates-as-required\" aria-required=\"true\" aria-invalid=\"false\" \/><\/span> <\/label><\/p>\n<p><label> Votre email<br \/>\n    <span class=\"wpcf7-form-control-wrap your-email\"><input type=\"email\" name=\"your-email\" value=\"\" size=\"40\" class=\"wpcf7-form-control wpcf7-text wpcf7-email wpcf7-validates-as-required wpcf7-validates-as-email\" aria-required=\"true\" aria-invalid=\"false\" \/><\/span> <\/label><\/p>\n<p><label> T\u00e9l\u00e9phone<br \/>\n    <span class=\"wpcf7-form-control-wrap phone\"><input type=\"text\" name=\"phone\" value=\"\" size=\"40\" class=\"wpcf7-form-control wpcf7-text wpcf7-validates-as-required\" aria-required=\"true\" aria-invalid=\"false\" \/><\/span> <\/label><\/p>\n<p><label> Code postal<br \/>\n    <span class=\"wpcf7-form-control-wrap your-subject\"><input type=\"text\" name=\"your-subject\" value=\"\" size=\"40\" class=\"wpcf7-form-control wpcf7-text\" aria-invalid=\"false\" \/><\/span> <\/label><\/p>\n<p><label> Votre message (facultatif)<br \/>\n    <span class=\"wpcf7-form-control-wrap your-message\"><textarea name=\"your-message\" cols=\"40\" rows=\"2\" class=\"wpcf7-form-control wpcf7-textarea\" aria-invalid=\"false\"><\/textarea><\/span> <\/label><\/p>\n<p><span class=\"wpcf7-form-control-wrap Enviodedatos\"><span class=\"wpcf7-form-control wpcf7-acceptance optional\"><span class=\"wpcf7-list-item\"><label><input type=\"checkbox\" name=\"Enviodedatos\" value=\"1\" aria-invalid=\"false\" \/><span class=\"wpcf7-list-item-label\">Acceptez-vous l&#039;envoi de donn\u00e9es ?<\/span><\/label><\/span><\/span><\/span><\/p>\n<p><span class=\"wpcf7-form-control-wrap Enviodedatos\"><span class=\"wpcf7-form-control wpcf7-acceptance\"><span class=\"wpcf7-list-item\"><label><input type=\"checkbox\" name=\"Enviodedatos\" value=\"1\" aria-invalid=\"false\" \/><span class=\"wpcf7-list-item-label\">Acceptez-vous le <a href=\"https:\/\/metal-barcelo.com\/fr\/politica-de-privacidad\/\"><strong>politique de confidentialit\u00e9<\/strong><\/a>?<\/span><\/label><\/span><\/span><\/span><\/p>\n<span class=\"wpcf7-form-control-wrap recaptcha\" data-name=\"recaptcha\"><span data-sitekey=\"6LeSSp4hAAAAAPZ7xH2THd-p214fTTffD9wFlOhH\" class=\"wpcf7-form-control g-recaptcha wpcf7-recaptcha\"><\/span>\r\n<noscript>\r\n\t<div class=\"grecaptcha-noscript\">\r\n\t\t<iframe loading=\"lazy\" src=\"https:\/\/www.google.com\/recaptcha\/api\/fallback?k=6LeSSp4hAAAAAPZ7xH2THd-p214fTTffD9wFlOhH\" frameborder=\"0\" scrolling=\"no\" width=\"310\" height=\"430\">\r\n\t\t<\/iframe>\r\n\t\t<textarea name=\"g-recaptcha-response\" rows=\"3\" cols=\"40\" placeholder=\"R\u00e9ponse reCaptcha ici\">\r\n\t\t<\/textarea>\r\n\t<\/div>\r\n<\/noscript>\r\n<\/span>\n<p><input type=\"submit\" value=\"Envoyer\" class=\"wpcf7-form-control has-spinner wpcf7-submit\" \/><\/p>\n<div class=\"wpcf7-response-output\" aria-hidden=\"true\"><\/div><input type=\"hidden\" name=\"trp-form-language\" value=\"fr\"\/><\/form><\/div><\/div><\/div><\/div><\/div>","protected":false},"excerpt":{"rendered":"Il y a une raison pour laquelle on retrouve des balustrades de balcon en acier sur de nombreux b\u00e2timents dans toutes les villes du monde. En plus du look \u00e9l\u00e9gant et contemporain qu&#039;ils offrent, l&#039;ajout d&#039;une balustrade de balcon \u00e0 Sant Cugat offre de nombreux autres avantages. L&#039;acier est une excellente option pour une balustrade de balcon \u00e0 Sant Cugat si vous recherchez<div class=\"h10\"><\/div><a class=\"more-link1\" href=\"https:\/\/metal-barcelo.com\/fr\/barandilla-balcon-sant-cugat\/\">En savoir plus<\/a>","protected":false},"author":1,"featured_media":0,"parent":0,"menu_order":0,"comment_status":"closed","ping_status":"closed","template":"","meta":{"footnotes":""},"class_list":["post-1016","page","type-page","status-publish","hentry"],"yoast_head":"<!-- This site is optimized with the Yoast SEO plugin v19.8 - https:\/\/yoast.com\/wordpress\/plugins\/seo\/ -->\n<title>Barandilla balc\u00f3n Sant Cugat - Metalister\u00eda Barcel\u00f3<\/title>\n<meta name=\"robots\" content=\"index, follow, max-snippet:-1, max-image-preview:large, max-video-preview:-1\" \/>\n<link rel=\"canonical\" href=\"https:\/\/metal-barcelo.com\/fr\/barandilla-balcon-sant-cugat\/\" \/>\n<meta property=\"og:locale\" content=\"fr_FR\" \/>\n<meta property=\"og:type\" content=\"article\" \/>\n<meta property=\"og:title\" content=\"Barandilla balc\u00f3n Sant Cugat - Metalister\u00eda Barcel\u00f3\" \/>\n<meta property=\"og:url\" content=\"https:\/\/metal-barcelo.com\/fr\/barandilla-balcon-sant-cugat\/\" \/>\n<meta property=\"og:site_name\" content=\"Metalister\u00eda Barcel\u00f3\" \/>\n<meta property=\"article:modified_time\" content=\"2024-01-16T10:23:39+00:00\" \/>\n<meta name=\"twitter:card\" content=\"summary_large_image\" \/>\n<meta name=\"twitter:label1\" content=\"Dur\u00e9e de lecture estim\u00e9e\" \/>\n\t<meta name=\"twitter:data1\" content=\"3 minutes\" \/>\n<script type=\"application\/ld+json\" class=\"yoast-schema-graph\">{\"@context\":\"https:\/\/schema.org\",\"@graph\":[{\"@type\":\"WebPage\",\"@id\":\"https:\/\/metal-barcelo.com\/barandilla-balcon-sant-cugat\/\",\"url\":\"https:\/\/metal-barcelo.com\/barandilla-balcon-sant-cugat\/\",\"name\":\"Barandilla balc\u00f3n Sant Cugat - Metalister\u00eda Barcel\u00f3\",\"isPartOf\":{\"@id\":\"https:\/\/metal-barcelo.com\/#website\"},\"datePublished\":\"2023-04-19T12:47:12+00:00\",\"dateModified\":\"2024-01-16T10:23:39+00:00\",\"breadcrumb\":{\"@id\":\"https:\/\/metal-barcelo.com\/barandilla-balcon-sant-cugat\/#breadcrumb\"},\"inLanguage\":\"fr-FR\",\"potentialAction\":[{\"@type\":\"ReadAction\",\"target\":[\"https:\/\/metal-barcelo.com\/barandilla-balcon-sant-cugat\/\"]}]},{\"@type\":\"BreadcrumbList\",\"@id\":\"https:\/\/metal-barcelo.com\/barandilla-balcon-sant-cugat\/#breadcrumb\",\"itemListElement\":[{\"@type\":\"ListItem\",\"position\":1,\"name\":\"Portada\",\"item\":\"https:\/\/metal-barcelo.com\/\"},{\"@type\":\"ListItem\",\"position\":2,\"name\":\"Barandilla balc\u00f3n Sant Cugat\"}]},{\"@type\":\"WebSite\",\"@id\":\"https:\/\/metal-barcelo.com\/#website\",\"url\":\"https:\/\/metal-barcelo.com\/\",\"name\":\"Metalister\u00eda Barcel\u00f3\",\"description\":\"Dise\u00f1o, fabricaci\u00f3n y montaje de estructuras met\u00e1licas\",\"potentialAction\":[{\"@type\":\"SearchAction\",\"target\":{\"@type\":\"EntryPoint\",\"urlTemplate\":\"https:\/\/metal-barcelo.com\/?s={search_term_string}\"},\"query-input\":\"required name=search_term_string\"}],\"inLanguage\":\"fr-FR\"}]}<\/script>\n<!-- \/ Yoast SEO plugin. -->","yoast_head_json":{"title":"Barandilla balc\u00f3n Sant Cugat - Metalister\u00eda Barcel\u00f3","robots":{"index":"index","follow":"follow","max-snippet":"max-snippet:-1","max-image-preview":"max-image-preview:large","max-video-preview":"max-video-preview:-1"},"canonical":"https:\/\/metal-barcelo.com\/fr\/barandilla-balcon-sant-cugat\/","og_locale":"fr_FR","og_type":"article","og_title":"Barandilla balc\u00f3n Sant Cugat - Metalister\u00eda Barcel\u00f3","og_url":"https:\/\/metal-barcelo.com\/fr\/barandilla-balcon-sant-cugat\/","og_site_name":"Metalister\u00eda Barcel\u00f3","article_modified_time":"2024-01-16T10:23:39+00:00","twitter_card":"summary_large_image","twitter_misc":{"Dur\u00e9e de lecture estim\u00e9e":"3 minutes"},"schema":{"@context":"https:\/\/schema.org","@graph":[{"@type":"WebPage","@id":"https:\/\/metal-barcelo.com\/barandilla-balcon-sant-cugat\/","url":"https:\/\/metal-barcelo.com\/barandilla-balcon-sant-cugat\/","name":"Barandilla balc\u00f3n Sant Cugat - Metalister\u00eda Barcel\u00f3","isPartOf":{"@id":"https:\/\/metal-barcelo.com\/#website"},"datePublished":"2023-04-19T12:47:12+00:00","dateModified":"2024-01-16T10:23:39+00:00","breadcrumb":{"@id":"https:\/\/metal-barcelo.com\/barandilla-balcon-sant-cugat\/#breadcrumb"},"inLanguage":"fr-FR","potentialAction":[{"@type":"ReadAction","target":["https:\/\/metal-barcelo.com\/barandilla-balcon-sant-cugat\/"]}]},{"@type":"BreadcrumbList","@id":"https:\/\/metal-barcelo.com\/barandilla-balcon-sant-cugat\/#breadcrumb","itemListElement":[{"@type":"ListItem","position":1,"name":"Portada","item":"https:\/\/metal-barcelo.com\/"},{"@type":"ListItem","position":2,"name":"Barandilla balc\u00f3n Sant Cugat"}]},{"@type":"WebSite","@id":"https:\/\/metal-barcelo.com\/#website","url":"https:\/\/metal-barcelo.com\/","name":"Metalister\u00eda Barcel\u00f3","description":"Dise\u00f1o, fabricaci\u00f3n y montaje de estructuras met\u00e1licas","potentialAction":[{"@type":"SearchAction","target":{"@type":"EntryPoint","urlTemplate":"https:\/\/metal-barcelo.com\/?s={search_term_string}"},"query-input":"required name=search_term_string"}],"inLanguage":"fr-FR"}]}},"_links":{"self":[{"href":"https:\/\/metal-barcelo.com\/fr\/wp-json\/wp\/v2\/pages\/1016","targetHints":{"allow":["GET"]}}],"collection":[{"href":"https:\/\/metal-barcelo.com\/fr\/wp-json\/wp\/v2\/pages"}],"about":[{"href":"https:\/\/metal-barcelo.com\/fr\/wp-json\/wp\/v2\/types\/page"}],"author":[{"embeddable":true,"href":"https:\/\/metal-barcelo.com\/fr\/wp-json\/wp\/v2\/users\/1"}],"replies":[{"embeddable":true,"href":"https:\/\/metal-barcelo.com\/fr\/wp-json\/wp\/v2\/comments?post=1016"}],"version-history":[{"count":0,"href":"https:\/\/metal-barcelo.com\/fr\/wp-json\/wp\/v2\/pages\/1016\/revisions"}],"wp:attachment":[{"href":"https:\/\/metal-barcelo.com\/fr\/wp-json\/wp\/v2\/media?parent=1016"}],"curies":[{"name":"wp","href":"https:\/\/api.w.org\/{rel}","templated":true}]}}