{"id":974,"date":"2023-02-17T12:20:51","date_gmt":"2023-02-17T12:20:51","guid":{"rendered":"https:\/\/metal-barcelo.com\/?page_id=974"},"modified":"2024-01-16T10:24:27","modified_gmt":"2024-01-16T10:24:27","slug":"barandilla-balcon-terrassa","status":"publish","type":"page","link":"https:\/\/metal-barcelo.com\/en\/barandilla-balcon-terrassa\/","title":{"rendered":"Terrassa balcony railing"},"content":{"rendered":"<div class=\"vc_row wpb_row vc_row-fluid vc_column-gap-35\"><div class=\"wpb_column vc_column_container vc_col-sm-8\"><div class=\"vc_column-inner\"><div class=\"wpb_wrapper\">\n\t<div class=\"wpb_text_column wpb_content_element\" >\n\t\t<div class=\"wpb_wrapper\">\n\t\t\t<p style=\"text-align: justify;\">We are specialists in the manufacture of railings and in the design, manufacture and development of all types of metal structures, railings and enclosures. At Metal-Barcel\u00f3, you will find the best <strong>railing <\/strong>for<strong> balcony <\/strong>in<strong> Terrassa<\/strong>, providing a strong, efficient and durable structure, with which you will increase the security and comfort in your home or business, from the first day of its installation.<\/p>\n<p style=\"text-align: justify;\">With the <strong>railing <\/strong>for<strong> balcony <\/strong>in<strong> Terrassa<\/strong> You can get the best support point in your outdoor space and also increase the aesthetic value of the property in question. These are metal structures, completely prepared to be outdoors and require practically no maintenance. You can clean the railings and keep them in perfect condition, without even realizing it, since they are resistant and robust materials that do not deteriorate easily.<\/p>\n<p style=\"text-align: justify;\">In addition to the <strong>railing <\/strong>for<strong> balcony <\/strong>in<strong> Terrassa<\/strong>We can also offer you iron railings, railings for indoor and outdoor stairs, railings for terraces, etc. The railing is an essential safety element in any home, whether it is for the balcony or for a staircase or terrace... We also make stainless steel profiles, of great quality and durability, and we pay the utmost attention to detail.<\/p>\n<p style=\"text-align: justify;\">At Metal-Barcel\u00f3, we offer you the best quality in our work and we make our products with simple designs and shapes adapted to the needs, tastes and desires of each client. We have a team specialized in coordination, commitment and detail, making us the ideal partner for both the developer and the builder or the private client.<\/p>\n<p style=\"text-align: justify;\">We carry out the specialized assembly of all types of structures, such as <strong>railing <\/strong>of<strong> balcony <\/strong>in<strong> Terrassa<\/strong> and we can make stainless steel railings, modular railings, railing accessories and profiles in high quality and durable stainless steel.<\/p>\n<p style=\"text-align: justify;\">Observing the landscape with more security and having a reliable support point is possible, counting on a <strong>railing <\/strong>for<strong> balcony <\/strong>in<strong> Terrassa<\/strong> High quality. A structure that will have the right height and the safest separations between bars. To achieve this, we always study the best option and present custom-made products that match the environment on an aesthetic level and, on the other hand, offer the best protection for the home or business.<\/p>\n<p style=\"text-align: justify;\">As for the products we can offer you, you will find locksmithing, metal structures, railings and even grilles for doors and windows, both classic and modern. We also offer specialized services in the creation of iron, steel, motorization, aluminum or modular building structures. For more information about your project, please contact us. <strong>railing <\/strong>for<strong> balcony <\/strong>in<strong> Terrassa<\/strong>, do not hesitate to contact us. You can do so by sending an email to <a href=\"mailto:info@metal-barcelo.com\">info@metal-barcelo.com<\/a>, calling 93 715 80 75 or filling out the contact form with your details and your query.<\/p>\n\n\t\t<\/div>\n\t<\/div>\n\n\t<div  class=\"wpb_single_image wpb_content_element vc_align_left\">\n\t\t\n\t\t<figure class=\"wpb_wrapper vc_figure\">\n\t\t\t<div class=\"vc_single_image-wrapper   vc_box_border_grey\"><img decoding=\"async\" width=\"727\" height=\"969\" src=\"https:\/\/metal-barcelo.com\/wp-content\/uploads\/2022\/10\/IMG_9034.jpg\" class=\"vc_single_image-img attachment-full\" alt=\"estructruas metalicas\" srcset=\"https:\/\/metal-barcelo.com\/wp-content\/uploads\/2022\/10\/IMG_9034.jpg 727w, https:\/\/metal-barcelo.com\/wp-content\/uploads\/2022\/10\/IMG_9034-225x300.jpg 225w\" sizes=\"(max-width: 727px) 100vw, 727px\" \/><\/div>\n\t\t<\/figure>\n\t<\/div>\n<div class=\"vc_row wpb_row vc_inner vc_row-fluid\"><div class=\"wpb_column vc_column_container vc_col-sm-4\"><div class=\"vc_column-inner\"><div class=\"wpb_wrapper\"><\/div><\/div><\/div><div class=\"wpb_column vc_column_container vc_col-sm-4\"><div class=\"vc_column-inner\"><div class=\"wpb_wrapper\"><a\thref=\"https:\/\/metal-barcelo.com\/en\/productos\/estructuras-metalicas\/#form\" \n\t\t\t\tclass=\"button btn_medium btn_theme_color btn_rounded btn_normal_style\"  target='_self'><span>CONTACT US<\/span><\/a><\/div><\/div><\/div><div class=\"wpb_column vc_column_container vc_col-sm-4\"><div class=\"vc_column-inner\"><div class=\"wpb_wrapper\"><\/div><\/div><\/div><\/div>\n\t<div class=\"wpb_text_column wpb_content_element\" >\n\t\t<div class=\"wpb_wrapper\">\n\t\t\t<p style=\"text-align: justify;\">We offer accessories and elements that are perfect for increasing the functionality and safety of each metal structure and we rely on top quality materials, manufacturing elements such as stainless steel handrails or profiles. We take care of every detail, so that the final result is the best possible and we also pay attention to the design and shape, so that the structure adapts completely to the available space, needs and preferences of the clients. <strong>railing <\/strong>for <strong>balcony <\/strong>in <strong>Barcelona<\/strong> It is a stainless steel accessory that, in addition to providing better protection from the outside, also increases the aesthetic part and gives the home a more modern look. There are many installation and design possibilities and they are structures that have a type of vertical configuration and with homogeneous separations between bars, creating a unified and proportionate image. It is a type of design that can come in various colors or the same color as the wall or window. Our team of specialists will be able to advise you and offer you different possibilities until you find the best one. <strong>railing <\/strong>for <strong>balcony <\/strong>in <strong>Barcelona<\/strong>.<\/p>\n<p style=\"text-align: justify;\">With the balcony railing, you will find the best way to protect yourself and your loved ones from accidental falls, while feeling completely at ease. At Metal-Barcel\u00f3, we carry out a preliminary study of the balcony and prepare a personalised proposal for the client, with tailor-made products, so that each client and each home has exactly what they were looking for.<\/p>\n<p style=\"text-align: justify;\">In our metal shop, you will find high quality products, with a team specialized in the manufacture of all types of metal structures. Our team will advise you until you find the most suitable product, such as <strong>railing <\/strong>for <strong>balcony <\/strong>in <strong>Barcelona<\/strong>You can contact us from our website.<\/p>\n\n\t\t<\/div>\n\t<\/div>\n<\/div><\/div><\/div><div class=\"wpb_column vc_column_container vc_col-sm-4\"><div class=\"vc_column-inner\"><div class=\"wpb_wrapper\">\n\t<div class=\"wpb_text_column wpb_content_element\" >\n\t\t<div class=\"wpb_wrapper\">\n\t\t\t<h3 style=\"text-align: center;\">Contact for more information<\/h3>\n<hr \/>\n\n\t\t<\/div>\n\t<\/div>\n<div role=\"form\" class=\"wpcf7\" id=\"wpcf7-f40-o1\" lang=\"es-ES\" dir=\"ltr\">\n<div class=\"screen-reader-response\"><p role=\"status\" aria-live=\"polite\" aria-atomic=\"true\"><\/p> <ul><\/ul><\/div>\n<form action=\"\/en\/wp-json\/wp\/v2\/pages\/974#wpcf7-f40-o1\" method=\"post\" class=\"wpcf7-form init\" novalidate=\"novalidate\" data-status=\"init\" data-trp-original-action=\"\/en\/wp-json\/wp\/v2\/pages\/974#wpcf7-f40-o1\">\n<div style=\"display: none;\">\n<input type=\"hidden\" name=\"_wpcf7\" value=\"40\" \/>\n<input type=\"hidden\" name=\"_wpcf7_version\" value=\"5.5.6.1\" \/>\n<input type=\"hidden\" name=\"_wpcf7_locale\" value=\"es_ES\" \/>\n<input type=\"hidden\" name=\"_wpcf7_unit_tag\" value=\"wpcf7-f40-o1\" \/>\n<input type=\"hidden\" name=\"_wpcf7_container_post\" value=\"0\" \/>\n<input type=\"hidden\" name=\"_wpcf7_posted_data_hash\" value=\"\" \/>\n<input type=\"hidden\" name=\"_wpcf7_recaptcha_response\" value=\"\" \/>\n<\/div>\n<p><label> Your name<br \/>\n    <span class=\"wpcf7-form-control-wrap your-name\"><input type=\"text\" name=\"your-name\" value=\"\" size=\"40\" class=\"wpcf7-form-control wpcf7-text wpcf7-validates-as-required\" aria-required=\"true\" aria-invalid=\"false\" \/><\/span> <\/label><\/p>\n<p><label> Your email<br \/>\n    <span class=\"wpcf7-form-control-wrap your-email\"><input type=\"email\" name=\"your-email\" value=\"\" size=\"40\" class=\"wpcf7-form-control wpcf7-text wpcf7-email wpcf7-validates-as-required wpcf7-validates-as-email\" aria-required=\"true\" aria-invalid=\"false\" \/><\/span> <\/label><\/p>\n<p><label> Phone<br \/>\n    <span class=\"wpcf7-form-control-wrap phone\"><input type=\"text\" name=\"phone\" value=\"\" size=\"40\" class=\"wpcf7-form-control wpcf7-text wpcf7-validates-as-required\" aria-required=\"true\" aria-invalid=\"false\" \/><\/span> <\/label><\/p>\n<p><label> Zip code<br \/>\n    <span class=\"wpcf7-form-control-wrap your-subject\"><input type=\"text\" name=\"your-subject\" value=\"\" size=\"40\" class=\"wpcf7-form-control wpcf7-text\" aria-invalid=\"false\" \/><\/span> <\/label><\/p>\n<p><label> Your message (optional)<br \/>\n    <span class=\"wpcf7-form-control-wrap your-message\"><textarea name=\"your-message\" cols=\"40\" rows=\"2\" class=\"wpcf7-form-control wpcf7-textarea\" aria-invalid=\"false\"><\/textarea><\/span> <\/label><\/p>\n<p><span class=\"wpcf7-form-control-wrap Enviodedatos\"><span class=\"wpcf7-form-control wpcf7-acceptance optional\"><span class=\"wpcf7-list-item\"><label><input type=\"checkbox\" name=\"Enviodedatos\" value=\"1\" aria-invalid=\"false\" \/><span class=\"wpcf7-list-item-label\">Do you agree to the sending of data?<\/span><\/label><\/span><\/span><\/span><\/p>\n<p><span class=\"wpcf7-form-control-wrap Enviodedatos\"><span class=\"wpcf7-form-control wpcf7-acceptance\"><span class=\"wpcf7-list-item\"><label><input type=\"checkbox\" name=\"Enviodedatos\" value=\"1\" aria-invalid=\"false\" \/><span class=\"wpcf7-list-item-label\">Do you accept the <a href=\"https:\/\/metal-barcelo.com\/en\/politica-de-privacidad\/\"><strong>Privacy Policy<\/strong><\/a>?<\/span><\/label><\/span><\/span><\/span><\/p>\n<span class=\"wpcf7-form-control-wrap recaptcha\" data-name=\"recaptcha\"><span data-sitekey=\"6LeSSp4hAAAAAPZ7xH2THd-p214fTTffD9wFlOhH\" class=\"wpcf7-form-control g-recaptcha wpcf7-recaptcha\"><\/span>\r\n<noscript>\r\n\t<div class=\"grecaptcha-noscript\">\r\n\t\t<iframe loading=\"lazy\" src=\"https:\/\/www.google.com\/recaptcha\/api\/fallback?k=6LeSSp4hAAAAAPZ7xH2THd-p214fTTffD9wFlOhH\" frameborder=\"0\" scrolling=\"no\" width=\"310\" height=\"430\">\r\n\t\t<\/iframe>\r\n\t\t<textarea name=\"g-recaptcha-response\" rows=\"3\" cols=\"40\" placeholder=\"reCaptcha Response Here\">\r\n\t\t<\/textarea>\r\n\t<\/div>\r\n<\/noscript>\r\n<\/span>\n<p><input type=\"submit\" value=\"Send\" class=\"wpcf7-form-control has-spinner wpcf7-submit\" \/><\/p>\n<div class=\"wpcf7-response-output\" aria-hidden=\"true\"><\/div><input type=\"hidden\" name=\"trp-form-language\" value=\"en\"\/><\/form><\/div><\/div><\/div><\/div><\/div>","protected":false},"excerpt":{"rendered":"We are specialists in the manufacture of railings and in the design, manufacture and development of all types of metal structures, railings and enclosures. At Metal-Barcel\u00f3, you will find the best balcony railing in Terrassa, with a resistant, efficient and durable structure, with which you will increase the safety and comfort in your home or business, from the first day of its construction.<div class=\"h10\"><\/div><a class=\"more-link1\" href=\"https:\/\/metal-barcelo.com\/en\/barandilla-balcon-terrassa\/\">Read more<\/a>","protected":false},"author":1,"featured_media":0,"parent":0,"menu_order":0,"comment_status":"closed","ping_status":"closed","template":"","meta":{"footnotes":""},"class_list":["post-974","page","type-page","status-publish","hentry"],"yoast_head":"<!-- This site is optimized with the Yoast SEO plugin v19.8 - https:\/\/yoast.com\/wordpress\/plugins\/seo\/ -->\n<title>Barandilla balc\u00f3n Terrassa - Metalister\u00eda Barcel\u00f3<\/title>\n<meta name=\"robots\" content=\"index, follow, max-snippet:-1, max-image-preview:large, max-video-preview:-1\" \/>\n<link rel=\"canonical\" href=\"https:\/\/metal-barcelo.com\/en\/barandilla-balcon-terrassa\/\" \/>\n<meta property=\"og:locale\" content=\"en_GB\" \/>\n<meta property=\"og:type\" content=\"article\" \/>\n<meta property=\"og:title\" content=\"Barandilla balc\u00f3n Terrassa - Metalister\u00eda Barcel\u00f3\" \/>\n<meta property=\"og:url\" content=\"https:\/\/metal-barcelo.com\/en\/barandilla-balcon-terrassa\/\" \/>\n<meta property=\"og:site_name\" content=\"Metalister\u00eda Barcel\u00f3\" \/>\n<meta property=\"article:modified_time\" content=\"2024-01-16T10:24:27+00:00\" \/>\n<meta name=\"twitter:card\" content=\"summary_large_image\" \/>\n<meta name=\"twitter:label1\" content=\"Estimated reading time\" \/>\n\t<meta name=\"twitter:data1\" content=\"4 minutes\" \/>\n<script type=\"application\/ld+json\" class=\"yoast-schema-graph\">{\"@context\":\"https:\/\/schema.org\",\"@graph\":[{\"@type\":\"WebPage\",\"@id\":\"https:\/\/metal-barcelo.com\/barandilla-balcon-terrassa\/\",\"url\":\"https:\/\/metal-barcelo.com\/barandilla-balcon-terrassa\/\",\"name\":\"Barandilla balc\u00f3n Terrassa - Metalister\u00eda Barcel\u00f3\",\"isPartOf\":{\"@id\":\"https:\/\/metal-barcelo.com\/#website\"},\"datePublished\":\"2023-02-17T12:20:51+00:00\",\"dateModified\":\"2024-01-16T10:24:27+00:00\",\"breadcrumb\":{\"@id\":\"https:\/\/metal-barcelo.com\/barandilla-balcon-terrassa\/#breadcrumb\"},\"inLanguage\":\"en-GB\",\"potentialAction\":[{\"@type\":\"ReadAction\",\"target\":[\"https:\/\/metal-barcelo.com\/barandilla-balcon-terrassa\/\"]}]},{\"@type\":\"BreadcrumbList\",\"@id\":\"https:\/\/metal-barcelo.com\/barandilla-balcon-terrassa\/#breadcrumb\",\"itemListElement\":[{\"@type\":\"ListItem\",\"position\":1,\"name\":\"Portada\",\"item\":\"https:\/\/metal-barcelo.com\/\"},{\"@type\":\"ListItem\",\"position\":2,\"name\":\"Barandilla balc\u00f3n Terrassa\"}]},{\"@type\":\"WebSite\",\"@id\":\"https:\/\/metal-barcelo.com\/#website\",\"url\":\"https:\/\/metal-barcelo.com\/\",\"name\":\"Metalister\u00eda Barcel\u00f3\",\"description\":\"Dise\u00f1o, fabricaci\u00f3n y montaje de estructuras met\u00e1licas\",\"potentialAction\":[{\"@type\":\"SearchAction\",\"target\":{\"@type\":\"EntryPoint\",\"urlTemplate\":\"https:\/\/metal-barcelo.com\/?s={search_term_string}\"},\"query-input\":\"required name=search_term_string\"}],\"inLanguage\":\"en-GB\"}]}<\/script>\n<!-- \/ Yoast SEO plugin. -->","yoast_head_json":{"title":"Barandilla balc\u00f3n Terrassa - Metalister\u00eda Barcel\u00f3","robots":{"index":"index","follow":"follow","max-snippet":"max-snippet:-1","max-image-preview":"max-image-preview:large","max-video-preview":"max-video-preview:-1"},"canonical":"https:\/\/metal-barcelo.com\/en\/barandilla-balcon-terrassa\/","og_locale":"en_GB","og_type":"article","og_title":"Barandilla balc\u00f3n Terrassa - Metalister\u00eda Barcel\u00f3","og_url":"https:\/\/metal-barcelo.com\/en\/barandilla-balcon-terrassa\/","og_site_name":"Metalister\u00eda Barcel\u00f3","article_modified_time":"2024-01-16T10:24:27+00:00","twitter_card":"summary_large_image","twitter_misc":{"Estimated reading time":"4 minutes"},"schema":{"@context":"https:\/\/schema.org","@graph":[{"@type":"WebPage","@id":"https:\/\/metal-barcelo.com\/barandilla-balcon-terrassa\/","url":"https:\/\/metal-barcelo.com\/barandilla-balcon-terrassa\/","name":"Barandilla balc\u00f3n Terrassa - Metalister\u00eda Barcel\u00f3","isPartOf":{"@id":"https:\/\/metal-barcelo.com\/#website"},"datePublished":"2023-02-17T12:20:51+00:00","dateModified":"2024-01-16T10:24:27+00:00","breadcrumb":{"@id":"https:\/\/metal-barcelo.com\/barandilla-balcon-terrassa\/#breadcrumb"},"inLanguage":"en-GB","potentialAction":[{"@type":"ReadAction","target":["https:\/\/metal-barcelo.com\/barandilla-balcon-terrassa\/"]}]},{"@type":"BreadcrumbList","@id":"https:\/\/metal-barcelo.com\/barandilla-balcon-terrassa\/#breadcrumb","itemListElement":[{"@type":"ListItem","position":1,"name":"Portada","item":"https:\/\/metal-barcelo.com\/"},{"@type":"ListItem","position":2,"name":"Barandilla balc\u00f3n Terrassa"}]},{"@type":"WebSite","@id":"https:\/\/metal-barcelo.com\/#website","url":"https:\/\/metal-barcelo.com\/","name":"Metalister\u00eda Barcel\u00f3","description":"Dise\u00f1o, fabricaci\u00f3n y montaje de estructuras met\u00e1licas","potentialAction":[{"@type":"SearchAction","target":{"@type":"EntryPoint","urlTemplate":"https:\/\/metal-barcelo.com\/?s={search_term_string}"},"query-input":"required name=search_term_string"}],"inLanguage":"en-GB"}]}},"_links":{"self":[{"href":"https:\/\/metal-barcelo.com\/en\/wp-json\/wp\/v2\/pages\/974","targetHints":{"allow":["GET"]}}],"collection":[{"href":"https:\/\/metal-barcelo.com\/en\/wp-json\/wp\/v2\/pages"}],"about":[{"href":"https:\/\/metal-barcelo.com\/en\/wp-json\/wp\/v2\/types\/page"}],"author":[{"embeddable":true,"href":"https:\/\/metal-barcelo.com\/en\/wp-json\/wp\/v2\/users\/1"}],"replies":[{"embeddable":true,"href":"https:\/\/metal-barcelo.com\/en\/wp-json\/wp\/v2\/comments?post=974"}],"version-history":[{"count":0,"href":"https:\/\/metal-barcelo.com\/en\/wp-json\/wp\/v2\/pages\/974\/revisions"}],"wp:attachment":[{"href":"https:\/\/metal-barcelo.com\/en\/wp-json\/wp\/v2\/media?parent=974"}],"curies":[{"name":"wp","href":"https:\/\/api.w.org\/{rel}","templated":true}]}}