{"id":910,"date":"2022-12-12T09:17:52","date_gmt":"2022-12-12T09:17:52","guid":{"rendered":"https:\/\/metal-barcelo.com\/?page_id=910"},"modified":"2022-12-12T10:25:50","modified_gmt":"2022-12-12T10:25:50","slug":"rejas","status":"publish","type":"page","link":"https:\/\/metal-barcelo.com\/en\/productos\/rejas\/","title":{"rendered":"Bars"},"content":{"rendered":"<div data-vc-full-width=\"true\" data-vc-full-width-init=\"false\" data-vc-stretch-content=\"true\" class=\"vc_row wpb_row vc_row-fluid vc_row-no-padding\"><div class=\"wpb_column vc_column_container vc_col-sm-12\"><div class=\"vc_column-inner\"><div class=\"wpb_wrapper\"><\/div><\/div><\/div><\/div><div class=\"vc_row-full-width vc_clearfix\"><\/div><div class=\"vc_row wpb_row vc_row-fluid\"><div class=\"wpb_column vc_column_container vc_col-sm-12\"><div class=\"vc_column-inner\"><div class=\"wpb_wrapper\"><div class=\"boc_spacing\" style=\"height: 20px\"><\/div><\/div><\/div><\/div><\/div><div class=\"vc_row wpb_row vc_row-fluid vc_column-gap-35\"><div class=\"boton wpb_column vc_column_container vc_col-sm-6\"><div class=\"vc_column-inner\"><div class=\"wpb_wrapper\">\n\t<div class=\"wpb_text_column wpb_content_element  wpb_animate_when_almost_visible wpb_boc_animate_when_almost_visible boc_fade-in boc_animate_when_almost_visible boc_fade-in\" >\n\t\t<div class=\"wpb_wrapper\">\n\t\t\t<h1 style=\"text-align: justify;\">Specialists in bars<\/h1>\n<hr \/>\n<p style=\"text-align: justify;\">Home security is very important and there are elements that help guarantee this security, such as: <strong>gates for doors<\/strong>Finding a reliable system is not easy, as it must be a structure that guarantees that thieves cannot easily enter and also prevents vandalism or squatters from entering.<\/p>\n<p style=\"text-align: justify;\">The <strong>gates for doors<\/strong> or the <strong>window bars <\/strong>They become an efficient, economical and quick solution to prevent people we do not want from accessing the interior of the home without our consent.<\/p>\n<p style=\"text-align: justify;\">Another advantage of the <strong>window bars<\/strong> It is privacy, so you don&#039;t feel so exposed to the outside, especially if you live on the ground floor. There are different models and designs and at Metal-Barcel\u00f3 we offer you a specialized service in <strong>gates for doors<\/strong>, <strong>window bars<\/strong> and <strong>modern window grilles<\/strong>, so you can find exactly what you&#039;re looking for.<\/p>\n<p style=\"text-align: justify;\">The <strong>window bars<\/strong> They increase the security of the home and, therefore, the peace of mind of the tenants, since they now have the best possible protection in their home or business. At Metal-Barcel\u00f3, we create custom-made products and always opt for top-quality materials, because our priority is the satisfaction and safety of our customers.<\/p>\n<p style=\"text-align: justify;\">The <strong>window bars<\/strong>, not only do they protect the window, but they also protect the glass, making it much more difficult to break them. The bars are an integral protection, both for doors and windows, making them much more robust and difficult to open accidentally.<\/p>\n<p style=\"text-align: justify;\">The <strong>window bars <\/strong>They can be classic or modern window grilles, that is, grilles that give a distinctive touch on an aesthetic level and, in addition to taking into account the security they provide, they also take into account the design. The objective is to avoid the most classic and obsolete models and opt for more avant-garde options, which provide that distinctive touch to the home.<\/p>\n<p style=\"text-align: justify;\">The bars cannot be easily broken, so they act as a deterrent to burglars, who find it very difficult to break into the home. They would need a long time to get in and would make too much noise if they tried to break these bars, so in many cases they give up and do not try to break into this type of home.<\/p>\n<p style=\"text-align: justify;\">At Metal Barcel\u00f3 you will find<strong> door grilles, window grilles and modern window grilles,<\/strong> completely durable, resistant and safe, to install in the property you need.<\/p>\n\n\t\t<\/div>\n\t<\/div>\n<\/div><\/div><\/div><div class=\"wpb_column vc_column_container vc_col-sm-6 vc_hidden-xs\"><div class=\"vc_column-inner\"><div class=\"wpb_wrapper\">\n\t<div  class=\"wpb_single_image wpb_content_element vc_align_left\">\n\t\t\n\t\t<figure class=\"wpb_wrapper vc_figure\">\n\t\t\t<div class=\"vc_single_image-wrapper   vc_box_border_grey\"><img decoding=\"async\" width=\"2000\" height=\"1414\" src=\"https:\/\/metal-barcelo.com\/wp-content\/uploads\/2022\/08\/123-47.png\" class=\"vc_single_image-img attachment-full\" alt=\"estructruas metalicas\" srcset=\"https:\/\/metal-barcelo.com\/wp-content\/uploads\/2022\/08\/123-47.png 2000w, https:\/\/metal-barcelo.com\/wp-content\/uploads\/2022\/08\/123-47-300x212.png 300w, https:\/\/metal-barcelo.com\/wp-content\/uploads\/2022\/08\/123-47-1024x724.png 1024w, https:\/\/metal-barcelo.com\/wp-content\/uploads\/2022\/08\/123-47-768x543.png 768w, https:\/\/metal-barcelo.com\/wp-content\/uploads\/2022\/08\/123-47-1536x1086.png 1536w\" sizes=\"(max-width: 2000px) 100vw, 2000px\" \/><\/div>\n\t\t<\/figure>\n\t<\/div>\n\n\t<div class=\"wpb_text_column wpb_content_element\" >\n\t\t<div class=\"wpb_wrapper\">\n\t\t\t<h3 style=\"text-align: left;\">Write to us using the following form<\/h3>\n\n\t\t<\/div>\n\t<\/div>\n<div role=\"form\" class=\"wpcf7\" id=\"wpcf7-f40-o1\" lang=\"es-ES\" dir=\"ltr\">\n<div class=\"screen-reader-response\"><p role=\"status\" aria-live=\"polite\" aria-atomic=\"true\"><\/p> <ul><\/ul><\/div>\n<form action=\"\/en\/wp-json\/wp\/v2\/pages\/910#wpcf7-f40-o1\" method=\"post\" class=\"wpcf7-form init\" novalidate=\"novalidate\" data-status=\"init\" data-trp-original-action=\"\/en\/wp-json\/wp\/v2\/pages\/910#wpcf7-f40-o1\">\n<div style=\"display: none;\">\n<input type=\"hidden\" name=\"_wpcf7\" value=\"40\" \/>\n<input type=\"hidden\" name=\"_wpcf7_version\" value=\"5.5.6.1\" \/>\n<input type=\"hidden\" name=\"_wpcf7_locale\" value=\"es_ES\" \/>\n<input type=\"hidden\" name=\"_wpcf7_unit_tag\" value=\"wpcf7-f40-o1\" \/>\n<input type=\"hidden\" name=\"_wpcf7_container_post\" value=\"0\" \/>\n<input type=\"hidden\" name=\"_wpcf7_posted_data_hash\" value=\"\" \/>\n<input type=\"hidden\" name=\"_wpcf7_recaptcha_response\" value=\"\" \/>\n<\/div>\n<p><label> Your name<br \/>\n    <span class=\"wpcf7-form-control-wrap your-name\"><input type=\"text\" name=\"your-name\" value=\"\" size=\"40\" class=\"wpcf7-form-control wpcf7-text wpcf7-validates-as-required\" aria-required=\"true\" aria-invalid=\"false\" \/><\/span> <\/label><\/p>\n<p><label> Your email<br \/>\n    <span class=\"wpcf7-form-control-wrap your-email\"><input type=\"email\" name=\"your-email\" value=\"\" size=\"40\" class=\"wpcf7-form-control wpcf7-text wpcf7-email wpcf7-validates-as-required wpcf7-validates-as-email\" aria-required=\"true\" aria-invalid=\"false\" \/><\/span> <\/label><\/p>\n<p><label> Phone<br \/>\n    <span class=\"wpcf7-form-control-wrap phone\"><input type=\"text\" name=\"phone\" value=\"\" size=\"40\" class=\"wpcf7-form-control wpcf7-text wpcf7-validates-as-required\" aria-required=\"true\" aria-invalid=\"false\" \/><\/span> <\/label><\/p>\n<p><label> Zip code<br \/>\n    <span class=\"wpcf7-form-control-wrap your-subject\"><input type=\"text\" name=\"your-subject\" value=\"\" size=\"40\" class=\"wpcf7-form-control wpcf7-text\" aria-invalid=\"false\" \/><\/span> <\/label><\/p>\n<p><label> Your message (optional)<br \/>\n    <span class=\"wpcf7-form-control-wrap your-message\"><textarea name=\"your-message\" cols=\"40\" rows=\"2\" class=\"wpcf7-form-control wpcf7-textarea\" aria-invalid=\"false\"><\/textarea><\/span> <\/label><\/p>\n<p><span class=\"wpcf7-form-control-wrap Enviodedatos\"><span class=\"wpcf7-form-control wpcf7-acceptance optional\"><span class=\"wpcf7-list-item\"><label><input type=\"checkbox\" name=\"Enviodedatos\" value=\"1\" aria-invalid=\"false\" \/><span class=\"wpcf7-list-item-label\">Do you agree to the sending of data?<\/span><\/label><\/span><\/span><\/span><\/p>\n<p><span class=\"wpcf7-form-control-wrap Enviodedatos\"><span class=\"wpcf7-form-control wpcf7-acceptance\"><span class=\"wpcf7-list-item\"><label><input type=\"checkbox\" name=\"Enviodedatos\" value=\"1\" aria-invalid=\"false\" \/><span class=\"wpcf7-list-item-label\">Do you accept the <a href=\"https:\/\/metal-barcelo.com\/en\/politica-de-privacidad\/\"><strong>Privacy Policy<\/strong><\/a>?<\/span><\/label><\/span><\/span><\/span><\/p>\n<span class=\"wpcf7-form-control-wrap recaptcha\" data-name=\"recaptcha\"><span data-sitekey=\"6LeSSp4hAAAAAPZ7xH2THd-p214fTTffD9wFlOhH\" class=\"wpcf7-form-control g-recaptcha wpcf7-recaptcha\"><\/span>\r\n<noscript>\r\n\t<div class=\"grecaptcha-noscript\">\r\n\t\t<iframe loading=\"lazy\" src=\"https:\/\/www.google.com\/recaptcha\/api\/fallback?k=6LeSSp4hAAAAAPZ7xH2THd-p214fTTffD9wFlOhH\" frameborder=\"0\" scrolling=\"no\" width=\"310\" height=\"430\">\r\n\t\t<\/iframe>\r\n\t\t<textarea name=\"g-recaptcha-response\" rows=\"3\" cols=\"40\" placeholder=\"reCaptcha Response Here\">\r\n\t\t<\/textarea>\r\n\t<\/div>\r\n<\/noscript>\r\n<\/span>\n<p><input type=\"submit\" value=\"Send\" class=\"wpcf7-form-control has-spinner wpcf7-submit\" \/><\/p>\n<div class=\"wpcf7-response-output\" aria-hidden=\"true\"><\/div><input type=\"hidden\" name=\"trp-form-language\" value=\"en\"\/><\/form><\/div><\/div><\/div><\/div><\/div><div class=\"vc_row wpb_row vc_row-fluid\"><div class=\"wpb_column vc_column_container vc_col-sm-12 vc_hidden-xs\"><div class=\"vc_column-inner\"><div class=\"wpb_wrapper\"><div class=\"boc_spacing\" style=\"height: 20px\"><\/div><\/div><\/div><\/div><\/div><div class=\"vc_row wpb_row vc_row-fluid\"><div class=\"wpb_column vc_column_container vc_col-sm-4\"><div class=\"vc_column-inner\"><div class=\"wpb_wrapper\">\n\t\t\t\t<a target=\"_self\" href=\"https:\/\/metal-barcelo.com\/en\/rejas-para-puertas\/\"  class=\"pic_info_link_type5\">\n\t\t\t\t  <div class=\"boc_image_box portfolio_animator_class\">\n\t\t\t\t\t<div class=\"pic_info type5\">\n\t\t\t\t\t\t<div class=\"pic  img_hover_effect3\"><div class=\"plus_overlay\"><\/div><div class=\"plus_overlay_icon\"><\/div>\n\t\t\t\t\t\t<img decoding=\"async\" width=\"600\" height=\"380\" src=\"https:\/\/metal-barcelo.com\/wp-content\/uploads\/2022\/10\/cerrajeria-cerramientos-2-600x380.jpg\" class=\"attachment-boc_medium size-boc_medium\" alt=\"estructruas metalicas\" \/>\n\t\t\t\t\t\t<div class=\"img_overlay_icon\"><span class=\"portfolio_icon icon_link\"><\/span><\/div><\/div>\n\t\t\t\t\t\t<div class=\"info_overlay\">\n\t\t\t\t\t\t\t<div class=\"info_overlay_padding\">\n\t\t\t\t\t\t\t\t<div class=\"info_desc\">\n\t\t\t\t\t\t\t\t\t<span class=\"portfolio_icon icon_link\"><\/span>\t\t\t\t\n\t\t\t\t\t\t\t\t\t<h3>Gates for doors<\/h3>\n\t\t\t\t\t\t\t\t\t<p><\/p>\n\t\t\t\t\t\t\t\t<\/div>\n\t\t\t\t\t\t\t<\/div>\n\t\t\t\t\t\t<\/div>\n\t\t\t\t\t<\/div>\n\t\t\t\t  <\/div>\n\t\t\t\t<\/a>\n\t\t\t<\/div><\/div><\/div><div class=\"wpb_column vc_column_container vc_col-sm-4\"><div class=\"vc_column-inner\"><div class=\"wpb_wrapper\">\n\t\t\t\t<a target=\"_self\" href=\"https:\/\/metal-barcelo.com\/en\/rejas-para-ventanas\/\"  class=\"pic_info_link_type5\">\n\t\t\t\t  <div class=\"boc_image_box portfolio_animator_class\">\n\t\t\t\t\t<div class=\"pic_info type5\">\n\t\t\t\t\t\t<div class=\"pic  img_hover_effect3\"><div class=\"plus_overlay\"><\/div><div class=\"plus_overlay_icon\"><\/div>\n\t\t\t\t\t\t<img decoding=\"async\" width=\"600\" height=\"380\" src=\"https:\/\/metal-barcelo.com\/wp-content\/uploads\/2022\/12\/rejas-para-ventanas-2-600x380.jpg\" class=\"attachment-boc_medium size-boc_medium\" alt=\"rejas para ventanas 2\" \/>\n\t\t\t\t\t\t<div class=\"img_overlay_icon\"><span class=\"portfolio_icon icon_link\"><\/span><\/div><\/div>\n\t\t\t\t\t\t<div class=\"info_overlay\">\n\t\t\t\t\t\t\t<div class=\"info_overlay_padding\">\n\t\t\t\t\t\t\t\t<div class=\"info_desc\">\n\t\t\t\t\t\t\t\t\t<span class=\"portfolio_icon icon_link\"><\/span>\t\t\t\t\n\t\t\t\t\t\t\t\t\t<h3>Window grilles<\/h3>\n\t\t\t\t\t\t\t\t\t<p><\/p>\n\t\t\t\t\t\t\t\t<\/div>\n\t\t\t\t\t\t\t<\/div>\n\t\t\t\t\t\t<\/div>\n\t\t\t\t\t<\/div>\n\t\t\t\t  <\/div>\n\t\t\t\t<\/a>\n\t\t\t<\/div><\/div><\/div><div class=\"wpb_column vc_column_container vc_col-sm-4\"><div class=\"vc_column-inner\"><div class=\"wpb_wrapper\">\n\t\t\t\t<a target=\"_self\" href=\"https:\/\/metal-barcelo.com\/en\/rejas-para-ventanas-modernas\/\"  class=\"pic_info_link_type5\">\n\t\t\t\t  <div class=\"boc_image_box portfolio_animator_class\">\n\t\t\t\t\t<div class=\"pic_info type5\">\n\t\t\t\t\t\t<div class=\"pic  img_hover_effect3\"><div class=\"plus_overlay\"><\/div><div class=\"plus_overlay_icon\"><\/div>\n\t\t\t\t\t\t<img decoding=\"async\" width=\"600\" height=\"380\" src=\"https:\/\/metal-barcelo.com\/wp-content\/uploads\/2022\/12\/rejas-para-ventanas-modernas-1-600x380.jpg\" class=\"attachment-boc_medium size-boc_medium\" alt=\"rejas para ventanas modernas 1\" \/>\n\t\t\t\t\t\t<div class=\"img_overlay_icon\"><span class=\"portfolio_icon icon_link\"><\/span><\/div><\/div>\n\t\t\t\t\t\t<div class=\"info_overlay\">\n\t\t\t\t\t\t\t<div class=\"info_overlay_padding\">\n\t\t\t\t\t\t\t\t<div class=\"info_desc\">\n\t\t\t\t\t\t\t\t\t<span class=\"portfolio_icon icon_link\"><\/span>\t\t\t\t\n\t\t\t\t\t\t\t\t\t<h3>Modern window grilles<\/h3>\n\t\t\t\t\t\t\t\t\t<p><\/p>\n\t\t\t\t\t\t\t\t<\/div>\n\t\t\t\t\t\t\t<\/div>\n\t\t\t\t\t\t<\/div>\n\t\t\t\t\t<\/div>\n\t\t\t\t  <\/div>\n\t\t\t\t<\/a>\n\t\t\t<\/div><\/div><\/div><\/div><div class=\"vc_row wpb_row vc_row-fluid\"><div class=\"wpb_column vc_column_container vc_col-sm-12 vc_hidden-lg vc_hidden-md vc_hidden-sm\"><div class=\"vc_column-inner\"><div class=\"wpb_wrapper\"><div class=\"boc_spacing\" style=\"height: 20px\"><\/div><\/div><\/div><\/div><\/div><div class=\"vc_row wpb_row vc_row-fluid\"><div class=\"wpb_column vc_column_container vc_col-sm-12 vc_hidden-lg\"><div class=\"vc_column-inner\"><div class=\"wpb_wrapper\">\n\t<div class=\"wpb_text_column wpb_content_element\" >\n\t\t<div class=\"wpb_wrapper\">\n\t\t\t<h3 style=\"text-align: center;\">Write to us using the following form<\/h3>\n\n\t\t<\/div>\n\t<\/div>\n<div role=\"form\" class=\"wpcf7\" id=\"wpcf7-f40-o2\" lang=\"es-ES\" dir=\"ltr\">\n<div class=\"screen-reader-response\"><p role=\"status\" aria-live=\"polite\" aria-atomic=\"true\"><\/p> <ul><\/ul><\/div>\n<form action=\"\/en\/wp-json\/wp\/v2\/pages\/910#wpcf7-f40-o2\" method=\"post\" class=\"wpcf7-form init\" novalidate=\"novalidate\" data-status=\"init\" data-trp-original-action=\"\/en\/wp-json\/wp\/v2\/pages\/910#wpcf7-f40-o2\">\n<div style=\"display: none;\">\n<input type=\"hidden\" name=\"_wpcf7\" value=\"40\" \/>\n<input type=\"hidden\" name=\"_wpcf7_version\" value=\"5.5.6.1\" \/>\n<input type=\"hidden\" name=\"_wpcf7_locale\" value=\"es_ES\" \/>\n<input type=\"hidden\" name=\"_wpcf7_unit_tag\" value=\"wpcf7-f40-o2\" \/>\n<input type=\"hidden\" name=\"_wpcf7_container_post\" value=\"0\" \/>\n<input type=\"hidden\" name=\"_wpcf7_posted_data_hash\" value=\"\" \/>\n<input type=\"hidden\" name=\"_wpcf7_recaptcha_response\" value=\"\" \/>\n<\/div>\n<p><label> Your name<br \/>\n    <span class=\"wpcf7-form-control-wrap your-name\"><input type=\"text\" name=\"your-name\" value=\"\" size=\"40\" class=\"wpcf7-form-control wpcf7-text wpcf7-validates-as-required\" aria-required=\"true\" aria-invalid=\"false\" \/><\/span> <\/label><\/p>\n<p><label> Your email<br \/>\n    <span class=\"wpcf7-form-control-wrap your-email\"><input type=\"email\" name=\"your-email\" value=\"\" size=\"40\" class=\"wpcf7-form-control wpcf7-text wpcf7-email wpcf7-validates-as-required wpcf7-validates-as-email\" aria-required=\"true\" aria-invalid=\"false\" \/><\/span> <\/label><\/p>\n<p><label> Phone<br \/>\n    <span class=\"wpcf7-form-control-wrap phone\"><input type=\"text\" name=\"phone\" value=\"\" size=\"40\" class=\"wpcf7-form-control wpcf7-text wpcf7-validates-as-required\" aria-required=\"true\" aria-invalid=\"false\" \/><\/span> <\/label><\/p>\n<p><label> Zip code<br \/>\n    <span class=\"wpcf7-form-control-wrap your-subject\"><input type=\"text\" name=\"your-subject\" value=\"\" size=\"40\" class=\"wpcf7-form-control wpcf7-text\" aria-invalid=\"false\" \/><\/span> <\/label><\/p>\n<p><label> Your message (optional)<br \/>\n    <span class=\"wpcf7-form-control-wrap your-message\"><textarea name=\"your-message\" cols=\"40\" rows=\"2\" class=\"wpcf7-form-control wpcf7-textarea\" aria-invalid=\"false\"><\/textarea><\/span> <\/label><\/p>\n<p><span class=\"wpcf7-form-control-wrap Enviodedatos\"><span class=\"wpcf7-form-control wpcf7-acceptance optional\"><span class=\"wpcf7-list-item\"><label><input type=\"checkbox\" name=\"Enviodedatos\" value=\"1\" aria-invalid=\"false\" \/><span class=\"wpcf7-list-item-label\">Do you agree to the sending of data?<\/span><\/label><\/span><\/span><\/span><\/p>\n<p><span class=\"wpcf7-form-control-wrap Enviodedatos\"><span class=\"wpcf7-form-control wpcf7-acceptance\"><span class=\"wpcf7-list-item\"><label><input type=\"checkbox\" name=\"Enviodedatos\" value=\"1\" aria-invalid=\"false\" \/><span class=\"wpcf7-list-item-label\">Do you accept the <a href=\"https:\/\/metal-barcelo.com\/en\/politica-de-privacidad\/\"><strong>Privacy Policy<\/strong><\/a>?<\/span><\/label><\/span><\/span><\/span><\/p>\n<span class=\"wpcf7-form-control-wrap recaptcha\" data-name=\"recaptcha\"><span data-sitekey=\"6LeSSp4hAAAAAPZ7xH2THd-p214fTTffD9wFlOhH\" class=\"wpcf7-form-control g-recaptcha wpcf7-recaptcha\"><\/span>\r\n<noscript>\r\n\t<div class=\"grecaptcha-noscript\">\r\n\t\t<iframe loading=\"lazy\" src=\"https:\/\/www.google.com\/recaptcha\/api\/fallback?k=6LeSSp4hAAAAAPZ7xH2THd-p214fTTffD9wFlOhH\" frameborder=\"0\" scrolling=\"no\" width=\"310\" height=\"430\">\r\n\t\t<\/iframe>\r\n\t\t<textarea name=\"g-recaptcha-response\" rows=\"3\" cols=\"40\" placeholder=\"reCaptcha Response Here\">\r\n\t\t<\/textarea>\r\n\t<\/div>\r\n<\/noscript>\r\n<\/span>\n<p><input type=\"submit\" value=\"Send\" class=\"wpcf7-form-control has-spinner wpcf7-submit\" \/><\/p>\n<div class=\"wpcf7-response-output\" aria-hidden=\"true\"><\/div><input type=\"hidden\" name=\"trp-form-language\" value=\"en\"\/><\/form><\/div><\/div><\/div><\/div><\/div>","protected":false},"excerpt":{"rendered":"Home security is very important and there are elements that help to guarantee this security, such as door bars. Finding a reliable system is not easy, as it must be a structure that guarantees that thieves cannot easily enter and also prevents vandalism or the entry of squatters. Door bars are a very important element of the home.<div class=\"h10\"><\/div><a class=\"more-link1\" href=\"https:\/\/metal-barcelo.com\/en\/productos\/rejas\/\">Read more<\/a>","protected":false},"author":1,"featured_media":0,"parent":286,"menu_order":0,"comment_status":"closed","ping_status":"closed","template":"","meta":{"footnotes":""},"class_list":["post-910","page","type-page","status-publish","hentry"],"yoast_head":"<!-- This site is optimized with the Yoast SEO plugin v19.8 - https:\/\/yoast.com\/wordpress\/plugins\/seo\/ -->\n<title>Rejas - Metalister\u00eda Barcel\u00f3<\/title>\n<meta name=\"robots\" content=\"index, follow, max-snippet:-1, max-image-preview:large, max-video-preview:-1\" \/>\n<link rel=\"canonical\" href=\"https:\/\/metal-barcelo.com\/en\/productos\/rejas\/\" \/>\n<meta property=\"og:locale\" content=\"en_GB\" \/>\n<meta property=\"og:type\" content=\"article\" \/>\n<meta property=\"og:title\" content=\"Rejas - Metalister\u00eda Barcel\u00f3\" \/>\n<meta property=\"og:url\" content=\"https:\/\/metal-barcelo.com\/en\/productos\/rejas\/\" \/>\n<meta property=\"og:site_name\" content=\"Metalister\u00eda Barcel\u00f3\" \/>\n<meta property=\"article:modified_time\" content=\"2022-12-12T10:25:50+00:00\" \/>\n<meta name=\"twitter:card\" content=\"summary_large_image\" \/>\n<meta name=\"twitter:label1\" content=\"Estimated reading time\" \/>\n\t<meta name=\"twitter:data1\" content=\"3 minutes\" \/>\n<script type=\"application\/ld+json\" class=\"yoast-schema-graph\">{\"@context\":\"https:\/\/schema.org\",\"@graph\":[{\"@type\":\"WebPage\",\"@id\":\"https:\/\/metal-barcelo.com\/productos\/rejas\/\",\"url\":\"https:\/\/metal-barcelo.com\/productos\/rejas\/\",\"name\":\"Rejas - Metalister\u00eda Barcel\u00f3\",\"isPartOf\":{\"@id\":\"https:\/\/metal-barcelo.com\/#website\"},\"datePublished\":\"2022-12-12T09:17:52+00:00\",\"dateModified\":\"2022-12-12T10:25:50+00:00\",\"breadcrumb\":{\"@id\":\"https:\/\/metal-barcelo.com\/productos\/rejas\/#breadcrumb\"},\"inLanguage\":\"en-GB\",\"potentialAction\":[{\"@type\":\"ReadAction\",\"target\":[\"https:\/\/metal-barcelo.com\/productos\/rejas\/\"]}]},{\"@type\":\"BreadcrumbList\",\"@id\":\"https:\/\/metal-barcelo.com\/productos\/rejas\/#breadcrumb\",\"itemListElement\":[{\"@type\":\"ListItem\",\"position\":1,\"name\":\"Portada\",\"item\":\"https:\/\/metal-barcelo.com\/\"},{\"@type\":\"ListItem\",\"position\":2,\"name\":\"Productos\",\"item\":\"https:\/\/metal-barcelo.com\/productos\/\"},{\"@type\":\"ListItem\",\"position\":3,\"name\":\"Rejas\"}]},{\"@type\":\"WebSite\",\"@id\":\"https:\/\/metal-barcelo.com\/#website\",\"url\":\"https:\/\/metal-barcelo.com\/\",\"name\":\"Metalister\u00eda Barcel\u00f3\",\"description\":\"Dise\u00f1o, fabricaci\u00f3n y montaje de estructuras met\u00e1licas\",\"potentialAction\":[{\"@type\":\"SearchAction\",\"target\":{\"@type\":\"EntryPoint\",\"urlTemplate\":\"https:\/\/metal-barcelo.com\/?s={search_term_string}\"},\"query-input\":\"required name=search_term_string\"}],\"inLanguage\":\"en-GB\"}]}<\/script>\n<!-- \/ Yoast SEO plugin. -->","yoast_head_json":{"title":"Rejas - Metalister\u00eda Barcel\u00f3","robots":{"index":"index","follow":"follow","max-snippet":"max-snippet:-1","max-image-preview":"max-image-preview:large","max-video-preview":"max-video-preview:-1"},"canonical":"https:\/\/metal-barcelo.com\/en\/productos\/rejas\/","og_locale":"en_GB","og_type":"article","og_title":"Rejas - Metalister\u00eda Barcel\u00f3","og_url":"https:\/\/metal-barcelo.com\/en\/productos\/rejas\/","og_site_name":"Metalister\u00eda Barcel\u00f3","article_modified_time":"2022-12-12T10:25:50+00:00","twitter_card":"summary_large_image","twitter_misc":{"Estimated reading time":"3 minutes"},"schema":{"@context":"https:\/\/schema.org","@graph":[{"@type":"WebPage","@id":"https:\/\/metal-barcelo.com\/productos\/rejas\/","url":"https:\/\/metal-barcelo.com\/productos\/rejas\/","name":"Rejas - Metalister\u00eda Barcel\u00f3","isPartOf":{"@id":"https:\/\/metal-barcelo.com\/#website"},"datePublished":"2022-12-12T09:17:52+00:00","dateModified":"2022-12-12T10:25:50+00:00","breadcrumb":{"@id":"https:\/\/metal-barcelo.com\/productos\/rejas\/#breadcrumb"},"inLanguage":"en-GB","potentialAction":[{"@type":"ReadAction","target":["https:\/\/metal-barcelo.com\/productos\/rejas\/"]}]},{"@type":"BreadcrumbList","@id":"https:\/\/metal-barcelo.com\/productos\/rejas\/#breadcrumb","itemListElement":[{"@type":"ListItem","position":1,"name":"Portada","item":"https:\/\/metal-barcelo.com\/"},{"@type":"ListItem","position":2,"name":"Productos","item":"https:\/\/metal-barcelo.com\/productos\/"},{"@type":"ListItem","position":3,"name":"Rejas"}]},{"@type":"WebSite","@id":"https:\/\/metal-barcelo.com\/#website","url":"https:\/\/metal-barcelo.com\/","name":"Metalister\u00eda Barcel\u00f3","description":"Dise\u00f1o, fabricaci\u00f3n y montaje de estructuras met\u00e1licas","potentialAction":[{"@type":"SearchAction","target":{"@type":"EntryPoint","urlTemplate":"https:\/\/metal-barcelo.com\/?s={search_term_string}"},"query-input":"required name=search_term_string"}],"inLanguage":"en-GB"}]}},"_links":{"self":[{"href":"https:\/\/metal-barcelo.com\/en\/wp-json\/wp\/v2\/pages\/910","targetHints":{"allow":["GET"]}}],"collection":[{"href":"https:\/\/metal-barcelo.com\/en\/wp-json\/wp\/v2\/pages"}],"about":[{"href":"https:\/\/metal-barcelo.com\/en\/wp-json\/wp\/v2\/types\/page"}],"author":[{"embeddable":true,"href":"https:\/\/metal-barcelo.com\/en\/wp-json\/wp\/v2\/users\/1"}],"replies":[{"embeddable":true,"href":"https:\/\/metal-barcelo.com\/en\/wp-json\/wp\/v2\/comments?post=910"}],"version-history":[{"count":0,"href":"https:\/\/metal-barcelo.com\/en\/wp-json\/wp\/v2\/pages\/910\/revisions"}],"up":[{"embeddable":true,"href":"https:\/\/metal-barcelo.com\/en\/wp-json\/wp\/v2\/pages\/286"}],"wp:attachment":[{"href":"https:\/\/metal-barcelo.com\/en\/wp-json\/wp\/v2\/media?parent=910"}],"curies":[{"name":"wp","href":"https:\/\/api.w.org\/{rel}","templated":true}]}}