{"id":440,"date":"2022-08-23T09:15:58","date_gmt":"2022-08-23T09:15:58","guid":{"rendered":"https:\/\/metal-barcelo.com\/?page_id=440"},"modified":"2024-01-16T10:39:13","modified_gmt":"2024-01-16T10:39:13","slug":"rejas-para-ventanas","status":"publish","type":"page","link":"https:\/\/metal-barcelo.com\/en\/rejas-para-ventanas\/","title":{"rendered":"Window grilles"},"content":{"rendered":"<div class=\"vc_row wpb_row vc_row-fluid vc_column-gap-35\"><div class=\"wpb_column vc_column_container vc_col-sm-8\"><div class=\"vc_column-inner\"><div class=\"wpb_wrapper\">\n\t<div class=\"wpb_text_column wpb_content_element\" >\n\t\t<div class=\"wpb_wrapper\">\n\t\t\t<p style=\"text-align: justify;\">The <strong>window bars<\/strong> are an inexpensive and effective way to improve your home security design. Regardless of the type of home you live in, it is essential to take advantage of the benefits of <strong>window bars<\/strong>. These bars prevent burglars from breaking into your home through the windows. Traditional windows are easy to force, so greater security is needed, which is why it is ideal to add <strong>window bars. <\/strong><\/p>\n<p style=\"text-align: justify;\">The <strong>window bars<\/strong> These are devices that are installed on all windows in the home. They come in various shapes, sizes, colors, and designs. The most common type is the steel security bar. These high-quality steel bars are resistant to bending and breaking.<\/p>\n<p style=\"text-align: justify;\">The main purpose of the <strong>window bars<\/strong> is to make it harder for burglars to enter your home. Installing these bars makes it more difficult for potential intruders to get into your home. Added to this is that there are now many options available for <strong>window bars<\/strong> that are elegant and effective.<\/p>\n<p style=\"text-align: justify;\">The <strong>window bars<\/strong> They allow you to withstand the greatest amount of force a burglar could use. They hinder criminals who would now have to put in extra effort to break into your home. This extra effort encourages potential burglars to look for an easier target to exploit.<\/p>\n\n\t\t<\/div>\n\t<\/div>\n\n\t<div  class=\"wpb_single_image wpb_content_element vc_align_left\">\n\t\t\n\t\t<figure class=\"wpb_wrapper vc_figure\">\n\t\t\t<div class=\"vc_single_image-wrapper   vc_box_border_grey\"><img decoding=\"async\" width=\"1920\" height=\"1280\" src=\"https:\/\/metal-barcelo.com\/wp-content\/uploads\/2022\/08\/window-1029972_1920.jpg\" class=\"vc_single_image-img attachment-full\" alt=\"estructruas metalicas\" srcset=\"https:\/\/metal-barcelo.com\/wp-content\/uploads\/2022\/08\/window-1029972_1920.jpg 1920w, https:\/\/metal-barcelo.com\/wp-content\/uploads\/2022\/08\/window-1029972_1920-300x200.jpg 300w, https:\/\/metal-barcelo.com\/wp-content\/uploads\/2022\/08\/window-1029972_1920-1024x683.jpg 1024w, https:\/\/metal-barcelo.com\/wp-content\/uploads\/2022\/08\/window-1029972_1920-768x512.jpg 768w, https:\/\/metal-barcelo.com\/wp-content\/uploads\/2022\/08\/window-1029972_1920-1536x1024.jpg 1536w\" sizes=\"(max-width: 1920px) 100vw, 1920px\" \/><\/div>\n\t\t<\/figure>\n\t<\/div>\n<div class=\"vc_row wpb_row vc_inner vc_row-fluid\"><div class=\"wpb_column vc_column_container vc_col-sm-4\"><div class=\"vc_column-inner\"><div class=\"wpb_wrapper\"><\/div><\/div><\/div><div class=\"wpb_column vc_column_container vc_col-sm-4\"><div class=\"vc_column-inner\"><div class=\"wpb_wrapper\"><a\thref=\"https:\/\/metal-barcelo.com\/en\/productos\/estructuras-metalicas\/#form\" \n\t\t\t\tclass=\"button btn_medium btn_theme_color btn_rounded btn_normal_style\"  target='_self'><span>CONTACT US<\/span><\/a><\/div><\/div><\/div><div class=\"wpb_column vc_column_container vc_col-sm-4\"><div class=\"vc_column-inner\"><div class=\"wpb_wrapper\"><\/div><\/div><\/div><\/div>\n\t<div class=\"wpb_text_column wpb_content_element\" >\n\t\t<div class=\"wpb_wrapper\">\n\t\t\t<p style=\"text-align: justify;\">Please note that the <strong>window bars <\/strong>They can withstand up to hundreds of pounds of brute force, as well as being an affordable and effective option. This is one of the most important benefits of <strong>window bars<\/strong>They add an extra layer of security if experienced intruders successfully break through the windows. This foolproof product is available at an affordable price. Therefore, it should be a must-have in any home for added security.<\/p>\n<p style=\"text-align: justify;\">The <strong>window bars<\/strong> They fit perfectly into your spaces and do not require any additional resources to be operational. Their length is also adjustable according to the height of the windows, so you will always find an ideal option.<\/p>\n<p style=\"text-align: justify;\">At Metalisteria Barcel\u00f3, we allow customers to enjoy the benefits of <strong>window bars<\/strong> through our quality, stylish and affordable products.<\/p>\n<p style=\"text-align: justify;\">The <strong>window bars<\/strong> prevent theft in your home, thus keeping your family and property safe. At Metalisteria Barcel\u00f3, our <strong>window bars<\/strong> They are durable, strong and quick to install.<\/p>\n<p style=\"text-align: justify;\">At Metalisteria Barcel\u00f3, our main objective is to offer superior quality products. The benefits of <strong>window bars<\/strong> can help you feel comfortable in your home. Contact us today and our team will be happy to discuss the options with you. <strong>window bars <\/strong>ideal for your space.<\/p>\n\n\t\t<\/div>\n\t<\/div>\n<\/div><\/div><\/div><div class=\"wpb_column vc_column_container vc_col-sm-4\"><div class=\"vc_column-inner\"><div class=\"wpb_wrapper\">\n\t<div class=\"wpb_text_column wpb_content_element\" >\n\t\t<div class=\"wpb_wrapper\">\n\t\t\t<h3 style=\"text-align: center;\">Contact for more information<\/h3>\n<hr \/>\n\n\t\t<\/div>\n\t<\/div>\n<div role=\"form\" class=\"wpcf7\" id=\"wpcf7-f40-o1\" lang=\"es-ES\" dir=\"ltr\">\n<div class=\"screen-reader-response\"><p role=\"status\" aria-live=\"polite\" aria-atomic=\"true\"><\/p> <ul><\/ul><\/div>\n<form action=\"\/en\/wp-json\/wp\/v2\/pages\/440#wpcf7-f40-o1\" method=\"post\" class=\"wpcf7-form init\" novalidate=\"novalidate\" data-status=\"init\" data-trp-original-action=\"\/en\/wp-json\/wp\/v2\/pages\/440#wpcf7-f40-o1\">\n<div style=\"display: none;\">\n<input type=\"hidden\" name=\"_wpcf7\" value=\"40\" \/>\n<input type=\"hidden\" name=\"_wpcf7_version\" value=\"5.5.6.1\" \/>\n<input type=\"hidden\" name=\"_wpcf7_locale\" value=\"es_ES\" \/>\n<input type=\"hidden\" name=\"_wpcf7_unit_tag\" value=\"wpcf7-f40-o1\" \/>\n<input type=\"hidden\" name=\"_wpcf7_container_post\" value=\"0\" \/>\n<input type=\"hidden\" name=\"_wpcf7_posted_data_hash\" value=\"\" \/>\n<input type=\"hidden\" name=\"_wpcf7_recaptcha_response\" value=\"\" \/>\n<\/div>\n<p><label> Your name<br \/>\n    <span class=\"wpcf7-form-control-wrap your-name\"><input type=\"text\" name=\"your-name\" value=\"\" size=\"40\" class=\"wpcf7-form-control wpcf7-text wpcf7-validates-as-required\" aria-required=\"true\" aria-invalid=\"false\" \/><\/span> <\/label><\/p>\n<p><label> Your email<br \/>\n    <span class=\"wpcf7-form-control-wrap your-email\"><input type=\"email\" name=\"your-email\" value=\"\" size=\"40\" class=\"wpcf7-form-control wpcf7-text wpcf7-email wpcf7-validates-as-required wpcf7-validates-as-email\" aria-required=\"true\" aria-invalid=\"false\" \/><\/span> <\/label><\/p>\n<p><label> Phone<br \/>\n    <span class=\"wpcf7-form-control-wrap phone\"><input type=\"text\" name=\"phone\" value=\"\" size=\"40\" class=\"wpcf7-form-control wpcf7-text wpcf7-validates-as-required\" aria-required=\"true\" aria-invalid=\"false\" \/><\/span> <\/label><\/p>\n<p><label> Zip code<br \/>\n    <span class=\"wpcf7-form-control-wrap your-subject\"><input type=\"text\" name=\"your-subject\" value=\"\" size=\"40\" class=\"wpcf7-form-control wpcf7-text\" aria-invalid=\"false\" \/><\/span> <\/label><\/p>\n<p><label> Your message (optional)<br \/>\n    <span class=\"wpcf7-form-control-wrap your-message\"><textarea name=\"your-message\" cols=\"40\" rows=\"2\" class=\"wpcf7-form-control wpcf7-textarea\" aria-invalid=\"false\"><\/textarea><\/span> <\/label><\/p>\n<p><span class=\"wpcf7-form-control-wrap Enviodedatos\"><span class=\"wpcf7-form-control wpcf7-acceptance optional\"><span class=\"wpcf7-list-item\"><label><input type=\"checkbox\" name=\"Enviodedatos\" value=\"1\" aria-invalid=\"false\" \/><span class=\"wpcf7-list-item-label\">Do you agree to the sending of data?<\/span><\/label><\/span><\/span><\/span><\/p>\n<p><span class=\"wpcf7-form-control-wrap Enviodedatos\"><span class=\"wpcf7-form-control wpcf7-acceptance\"><span class=\"wpcf7-list-item\"><label><input type=\"checkbox\" name=\"Enviodedatos\" value=\"1\" aria-invalid=\"false\" \/><span class=\"wpcf7-list-item-label\">Do you accept the <a href=\"https:\/\/metal-barcelo.com\/en\/politica-de-privacidad\/\"><strong>Privacy Policy<\/strong><\/a>?<\/span><\/label><\/span><\/span><\/span><\/p>\n<span class=\"wpcf7-form-control-wrap recaptcha\" data-name=\"recaptcha\"><span data-sitekey=\"6LeSSp4hAAAAAPZ7xH2THd-p214fTTffD9wFlOhH\" class=\"wpcf7-form-control g-recaptcha wpcf7-recaptcha\"><\/span>\r\n<noscript>\r\n\t<div class=\"grecaptcha-noscript\">\r\n\t\t<iframe loading=\"lazy\" src=\"https:\/\/www.google.com\/recaptcha\/api\/fallback?k=6LeSSp4hAAAAAPZ7xH2THd-p214fTTffD9wFlOhH\" frameborder=\"0\" scrolling=\"no\" width=\"310\" height=\"430\">\r\n\t\t<\/iframe>\r\n\t\t<textarea name=\"g-recaptcha-response\" rows=\"3\" cols=\"40\" placeholder=\"reCaptcha Response Here\">\r\n\t\t<\/textarea>\r\n\t<\/div>\r\n<\/noscript>\r\n<\/span>\n<p><input type=\"submit\" value=\"Send\" class=\"wpcf7-form-control has-spinner wpcf7-submit\" \/><\/p>\n<div class=\"wpcf7-response-output\" aria-hidden=\"true\"><\/div><input type=\"hidden\" name=\"trp-form-language\" value=\"en\"\/><\/form><\/div><\/div><\/div><\/div><\/div>","protected":false},"excerpt":{"rendered":"Window bars are an inexpensive and effective way to improve the security design of your home. Regardless of the type of home you live in, it is essential to take advantage of the benefits of window bars. These bars prevent burglars from breaking into your home through the windows. Traditional windows are easy to install and can be installed in a variety of ways.<div class=\"h10\"><\/div><a class=\"more-link1\" href=\"https:\/\/metal-barcelo.com\/en\/rejas-para-ventanas\/\">Read more<\/a>","protected":false},"author":1,"featured_media":0,"parent":0,"menu_order":0,"comment_status":"closed","ping_status":"closed","template":"","meta":{"footnotes":""},"class_list":["post-440","page","type-page","status-publish","hentry"],"yoast_head":"<!-- This site is optimized with the Yoast SEO plugin v19.8 - https:\/\/yoast.com\/wordpress\/plugins\/seo\/ -->\n<title>Fabricaci\u00f3n rejas para ventana a medida - Metal Barcel\u00f3<\/title>\n<meta name=\"description\" content=\"Fabricante y montaje de rejas para ventana de muy buena calidad, asegura tu hogar con Metal Barcel\u00f3, empresa experta en el sector.\" \/>\n<meta name=\"robots\" content=\"index, follow, max-snippet:-1, max-image-preview:large, max-video-preview:-1\" \/>\n<link rel=\"canonical\" href=\"https:\/\/metal-barcelo.com\/en\/rejas-para-ventanas\/\" \/>\n<meta property=\"og:locale\" content=\"en_GB\" \/>\n<meta property=\"og:type\" content=\"article\" \/>\n<meta property=\"og:title\" content=\"Fabricaci\u00f3n rejas para ventana a medida - Metal Barcel\u00f3\" \/>\n<meta property=\"og:description\" content=\"Fabricante y montaje de rejas para ventana de muy buena calidad, asegura tu hogar con Metal Barcel\u00f3, empresa experta en el sector.\" \/>\n<meta property=\"og:url\" content=\"https:\/\/metal-barcelo.com\/en\/rejas-para-ventanas\/\" \/>\n<meta property=\"og:site_name\" content=\"Metalister\u00eda Barcel\u00f3\" \/>\n<meta property=\"article:modified_time\" content=\"2024-01-16T10:39:13+00:00\" \/>\n<meta name=\"twitter:card\" content=\"summary_large_image\" \/>\n<meta name=\"twitter:label1\" content=\"Estimated reading time\" \/>\n\t<meta name=\"twitter:data1\" content=\"3 minutes\" \/>\n<script type=\"application\/ld+json\" class=\"yoast-schema-graph\">{\"@context\":\"https:\/\/schema.org\",\"@graph\":[{\"@type\":\"WebPage\",\"@id\":\"https:\/\/metal-barcelo.com\/rejas-para-ventanas\/\",\"url\":\"https:\/\/metal-barcelo.com\/rejas-para-ventanas\/\",\"name\":\"Fabricaci\u00f3n rejas para ventana a medida - Metal Barcel\u00f3\",\"isPartOf\":{\"@id\":\"https:\/\/metal-barcelo.com\/#website\"},\"datePublished\":\"2022-08-23T09:15:58+00:00\",\"dateModified\":\"2024-01-16T10:39:13+00:00\",\"description\":\"Fabricante y montaje de rejas para ventana de muy buena calidad, asegura tu hogar con Metal Barcel\u00f3, empresa experta en el sector.\",\"breadcrumb\":{\"@id\":\"https:\/\/metal-barcelo.com\/rejas-para-ventanas\/#breadcrumb\"},\"inLanguage\":\"en-GB\",\"potentialAction\":[{\"@type\":\"ReadAction\",\"target\":[\"https:\/\/metal-barcelo.com\/rejas-para-ventanas\/\"]}]},{\"@type\":\"BreadcrumbList\",\"@id\":\"https:\/\/metal-barcelo.com\/rejas-para-ventanas\/#breadcrumb\",\"itemListElement\":[{\"@type\":\"ListItem\",\"position\":1,\"name\":\"Portada\",\"item\":\"https:\/\/metal-barcelo.com\/\"},{\"@type\":\"ListItem\",\"position\":2,\"name\":\"Rejas para ventanas\"}]},{\"@type\":\"WebSite\",\"@id\":\"https:\/\/metal-barcelo.com\/#website\",\"url\":\"https:\/\/metal-barcelo.com\/\",\"name\":\"Metalister\u00eda Barcel\u00f3\",\"description\":\"Dise\u00f1o, fabricaci\u00f3n y montaje de estructuras met\u00e1licas\",\"potentialAction\":[{\"@type\":\"SearchAction\",\"target\":{\"@type\":\"EntryPoint\",\"urlTemplate\":\"https:\/\/metal-barcelo.com\/?s={search_term_string}\"},\"query-input\":\"required name=search_term_string\"}],\"inLanguage\":\"en-GB\"}]}<\/script>\n<!-- \/ Yoast SEO plugin. -->","yoast_head_json":{"title":"Fabricaci\u00f3n rejas para ventana a medida - Metal Barcel\u00f3","description":"Fabricante y montaje de rejas para ventana de muy buena calidad, asegura tu hogar con Metal Barcel\u00f3, empresa experta en el sector.","robots":{"index":"index","follow":"follow","max-snippet":"max-snippet:-1","max-image-preview":"max-image-preview:large","max-video-preview":"max-video-preview:-1"},"canonical":"https:\/\/metal-barcelo.com\/en\/rejas-para-ventanas\/","og_locale":"en_GB","og_type":"article","og_title":"Fabricaci\u00f3n rejas para ventana a medida - Metal Barcel\u00f3","og_description":"Fabricante y montaje de rejas para ventana de muy buena calidad, asegura tu hogar con Metal Barcel\u00f3, empresa experta en el sector.","og_url":"https:\/\/metal-barcelo.com\/en\/rejas-para-ventanas\/","og_site_name":"Metalister\u00eda Barcel\u00f3","article_modified_time":"2024-01-16T10:39:13+00:00","twitter_card":"summary_large_image","twitter_misc":{"Estimated reading time":"3 minutes"},"schema":{"@context":"https:\/\/schema.org","@graph":[{"@type":"WebPage","@id":"https:\/\/metal-barcelo.com\/rejas-para-ventanas\/","url":"https:\/\/metal-barcelo.com\/rejas-para-ventanas\/","name":"Fabricaci\u00f3n rejas para ventana a medida - Metal Barcel\u00f3","isPartOf":{"@id":"https:\/\/metal-barcelo.com\/#website"},"datePublished":"2022-08-23T09:15:58+00:00","dateModified":"2024-01-16T10:39:13+00:00","description":"Fabricante y montaje de rejas para ventana de muy buena calidad, asegura tu hogar con Metal Barcel\u00f3, empresa experta en el sector.","breadcrumb":{"@id":"https:\/\/metal-barcelo.com\/rejas-para-ventanas\/#breadcrumb"},"inLanguage":"en-GB","potentialAction":[{"@type":"ReadAction","target":["https:\/\/metal-barcelo.com\/rejas-para-ventanas\/"]}]},{"@type":"BreadcrumbList","@id":"https:\/\/metal-barcelo.com\/rejas-para-ventanas\/#breadcrumb","itemListElement":[{"@type":"ListItem","position":1,"name":"Portada","item":"https:\/\/metal-barcelo.com\/"},{"@type":"ListItem","position":2,"name":"Rejas para ventanas"}]},{"@type":"WebSite","@id":"https:\/\/metal-barcelo.com\/#website","url":"https:\/\/metal-barcelo.com\/","name":"Metalister\u00eda Barcel\u00f3","description":"Dise\u00f1o, fabricaci\u00f3n y montaje de estructuras met\u00e1licas","potentialAction":[{"@type":"SearchAction","target":{"@type":"EntryPoint","urlTemplate":"https:\/\/metal-barcelo.com\/?s={search_term_string}"},"query-input":"required name=search_term_string"}],"inLanguage":"en-GB"}]}},"_links":{"self":[{"href":"https:\/\/metal-barcelo.com\/en\/wp-json\/wp\/v2\/pages\/440","targetHints":{"allow":["GET"]}}],"collection":[{"href":"https:\/\/metal-barcelo.com\/en\/wp-json\/wp\/v2\/pages"}],"about":[{"href":"https:\/\/metal-barcelo.com\/en\/wp-json\/wp\/v2\/types\/page"}],"author":[{"embeddable":true,"href":"https:\/\/metal-barcelo.com\/en\/wp-json\/wp\/v2\/users\/1"}],"replies":[{"embeddable":true,"href":"https:\/\/metal-barcelo.com\/en\/wp-json\/wp\/v2\/comments?post=440"}],"version-history":[{"count":0,"href":"https:\/\/metal-barcelo.com\/en\/wp-json\/wp\/v2\/pages\/440\/revisions"}],"wp:attachment":[{"href":"https:\/\/metal-barcelo.com\/en\/wp-json\/wp\/v2\/media?parent=440"}],"curies":[{"name":"wp","href":"https:\/\/api.w.org\/{rel}","templated":true}]}}