{"id":436,"date":"2022-08-23T09:13:04","date_gmt":"2022-08-23T09:13:04","guid":{"rendered":"https:\/\/metal-barcelo.com\/?page_id=436"},"modified":"2024-01-16T10:36:56","modified_gmt":"2024-01-16T10:36:56","slug":"rejas-para-puertas","status":"publish","type":"page","link":"https:\/\/metal-barcelo.com\/en\/rejas-para-puertas\/","title":{"rendered":"Gates for doors"},"content":{"rendered":"<div class=\"vc_row wpb_row vc_row-fluid vc_column-gap-35\"><div class=\"wpb_column vc_column_container vc_col-sm-8\"><div class=\"vc_column-inner\"><div class=\"wpb_wrapper\">\n\t<div class=\"wpb_text_column wpb_content_element\" >\n\t\t<div class=\"wpb_wrapper\">\n\t\t\t<p style=\"text-align: justify;\">There are several reasons why a person may want to reinforce the security of their home or business by installing <strong>gates for doors<\/strong>There are many things to worry about, such as theft and other similar crimes. With this, it makes sense to increase the level of protection in your space.<\/p>\n<p style=\"text-align: justify;\">Add <strong>gates for doors<\/strong> to the security of your property is an effective and low-cost protection strategy. In particular, they are effective in protecting the front door from forced entry attempts, which are quite common. <strong>gates for doors<\/strong> They are usually made of high-grade steel and extend across the entire width of the door to prevent unauthorized entry. To suit every door style, they come in a wide range of sizes.<\/p>\n<p style=\"text-align: justify;\">Keep in mind that in general, criminals who target residences look for homes that are easy to break into. A burglar enjoys nothing more than a simple target, so if your home is not properly prepared for a burglary, there is a good chance you will become a victim.<\/p>\n<p style=\"text-align: justify;\">Reinforce the door with <strong>gates for doors<\/strong> sends a strong statement. It also offers the idea that your home is well protected, which serves to deter potential burglars. If a criminal manages to force your lock, <strong>gates for doors<\/strong> prevents them from entering. Because of the extreme difficulty of entering a property, burglars are unable to commit crimes.<\/p>\n\n\t\t<\/div>\n\t<\/div>\n\n\t<div  class=\"wpb_single_image wpb_content_element vc_align_left\">\n\t\t\n\t\t<figure class=\"wpb_wrapper vc_figure\">\n\t\t\t<div class=\"vc_single_image-wrapper   vc_box_border_grey\"><img decoding=\"async\" width=\"1920\" height=\"1280\" src=\"https:\/\/metal-barcelo.com\/wp-content\/uploads\/2022\/08\/window-1029972_1920.jpg\" class=\"vc_single_image-img attachment-full\" alt=\"estructruas metalicas\" srcset=\"https:\/\/metal-barcelo.com\/wp-content\/uploads\/2022\/08\/window-1029972_1920.jpg 1920w, https:\/\/metal-barcelo.com\/wp-content\/uploads\/2022\/08\/window-1029972_1920-300x200.jpg 300w, https:\/\/metal-barcelo.com\/wp-content\/uploads\/2022\/08\/window-1029972_1920-1024x683.jpg 1024w, https:\/\/metal-barcelo.com\/wp-content\/uploads\/2022\/08\/window-1029972_1920-768x512.jpg 768w, https:\/\/metal-barcelo.com\/wp-content\/uploads\/2022\/08\/window-1029972_1920-1536x1024.jpg 1536w\" sizes=\"(max-width: 1920px) 100vw, 1920px\" \/><\/div>\n\t\t<\/figure>\n\t<\/div>\n<div class=\"vc_row wpb_row vc_inner vc_row-fluid\"><div class=\"wpb_column vc_column_container vc_col-sm-4\"><div class=\"vc_column-inner\"><div class=\"wpb_wrapper\"><\/div><\/div><\/div><div class=\"wpb_column vc_column_container vc_col-sm-4\"><div class=\"vc_column-inner\"><div class=\"wpb_wrapper\"><a\thref=\"https:\/\/metal-barcelo.com\/en\/productos\/estructuras-metalicas\/#form\" \n\t\t\t\tclass=\"button btn_medium btn_theme_color btn_rounded btn_normal_style\"  target='_self'><span>CONTACT US<\/span><\/a><\/div><\/div><\/div><div class=\"wpb_column vc_column_container vc_col-sm-4\"><div class=\"vc_column-inner\"><div class=\"wpb_wrapper\"><\/div><\/div><\/div><\/div>\n\t<div class=\"wpb_text_column wpb_content_element\" >\n\t\t<div class=\"wpb_wrapper\">\n\t\t\t<p style=\"text-align: justify;\">You may be thinking why would you need <strong>gates for doors<\/strong> if you already have a door with excellent locks. Well-versed intruders are experts at breaking into almost any door lock.<\/p>\n<p style=\"text-align: justify;\">You can add an extra layer of protection to your home without spending a lot of money by installing <strong>gates for doors<\/strong>.<\/p>\n<p style=\"text-align: justify;\">To sleep peacefully at night, you need to make sure that you and your family are safe in your own home. Having a well-secured door relieves stress because it allows you to relax and unwind without having to keep an eye out for intruders at all times.<\/p>\n<p style=\"text-align: justify;\">In addition, some valuable items can be stolen from a home, especially when you are away. Therefore, installing a <strong>gates for doors<\/strong> can keep your belongings safe from theft or robbery.<\/p>\n<p style=\"text-align: justify;\">Also, although it may seem basic, one of the most important advantages of <strong>gates for doors<\/strong> It is the feeling of security. Having a sense of security and peace of mind is the biggest benefit of having a well-secured home. This way, you can focus on other tasks and be more productive at work if you know that your belongings are safe.<\/p>\n<p style=\"text-align: justify;\">Moreover, most people value having a peaceful and calm environment in their homes. Therefore, a lack of peace due to unsecured property can have a negative impact on a person&#039;s personal life as well as the overall well-being of the home. Count on Metalisteria Barcel\u00f3 for the installation of your <strong>door bars. <\/strong><\/p>\n\n\t\t<\/div>\n\t<\/div>\n<\/div><\/div><\/div><div class=\"wpb_column vc_column_container vc_col-sm-4\"><div class=\"vc_column-inner\"><div class=\"wpb_wrapper\">\n\t<div class=\"wpb_text_column wpb_content_element\" >\n\t\t<div class=\"wpb_wrapper\">\n\t\t\t<h3 style=\"text-align: center;\">Contact for more information<\/h3>\n<hr \/>\n\n\t\t<\/div>\n\t<\/div>\n<div role=\"form\" class=\"wpcf7\" id=\"wpcf7-f40-o1\" lang=\"es-ES\" dir=\"ltr\">\n<div class=\"screen-reader-response\"><p role=\"status\" aria-live=\"polite\" aria-atomic=\"true\"><\/p> <ul><\/ul><\/div>\n<form action=\"\/en\/wp-json\/wp\/v2\/pages\/436#wpcf7-f40-o1\" method=\"post\" class=\"wpcf7-form init\" novalidate=\"novalidate\" data-status=\"init\" data-trp-original-action=\"\/en\/wp-json\/wp\/v2\/pages\/436#wpcf7-f40-o1\">\n<div style=\"display: none;\">\n<input type=\"hidden\" name=\"_wpcf7\" value=\"40\" \/>\n<input type=\"hidden\" name=\"_wpcf7_version\" value=\"5.5.6.1\" \/>\n<input type=\"hidden\" name=\"_wpcf7_locale\" value=\"es_ES\" \/>\n<input type=\"hidden\" name=\"_wpcf7_unit_tag\" value=\"wpcf7-f40-o1\" \/>\n<input type=\"hidden\" name=\"_wpcf7_container_post\" value=\"0\" \/>\n<input type=\"hidden\" name=\"_wpcf7_posted_data_hash\" value=\"\" \/>\n<input type=\"hidden\" name=\"_wpcf7_recaptcha_response\" value=\"\" \/>\n<\/div>\n<p><label> Your name<br \/>\n    <span class=\"wpcf7-form-control-wrap your-name\"><input type=\"text\" name=\"your-name\" value=\"\" size=\"40\" class=\"wpcf7-form-control wpcf7-text wpcf7-validates-as-required\" aria-required=\"true\" aria-invalid=\"false\" \/><\/span> <\/label><\/p>\n<p><label> Your email<br \/>\n    <span class=\"wpcf7-form-control-wrap your-email\"><input type=\"email\" name=\"your-email\" value=\"\" size=\"40\" class=\"wpcf7-form-control wpcf7-text wpcf7-email wpcf7-validates-as-required wpcf7-validates-as-email\" aria-required=\"true\" aria-invalid=\"false\" \/><\/span> <\/label><\/p>\n<p><label> Phone<br \/>\n    <span class=\"wpcf7-form-control-wrap phone\"><input type=\"text\" name=\"phone\" value=\"\" size=\"40\" class=\"wpcf7-form-control wpcf7-text wpcf7-validates-as-required\" aria-required=\"true\" aria-invalid=\"false\" \/><\/span> <\/label><\/p>\n<p><label> Zip code<br \/>\n    <span class=\"wpcf7-form-control-wrap your-subject\"><input type=\"text\" name=\"your-subject\" value=\"\" size=\"40\" class=\"wpcf7-form-control wpcf7-text\" aria-invalid=\"false\" \/><\/span> <\/label><\/p>\n<p><label> Your message (optional)<br \/>\n    <span class=\"wpcf7-form-control-wrap your-message\"><textarea name=\"your-message\" cols=\"40\" rows=\"2\" class=\"wpcf7-form-control wpcf7-textarea\" aria-invalid=\"false\"><\/textarea><\/span> <\/label><\/p>\n<p><span class=\"wpcf7-form-control-wrap Enviodedatos\"><span class=\"wpcf7-form-control wpcf7-acceptance optional\"><span class=\"wpcf7-list-item\"><label><input type=\"checkbox\" name=\"Enviodedatos\" value=\"1\" aria-invalid=\"false\" \/><span class=\"wpcf7-list-item-label\">Do you agree to the sending of data?<\/span><\/label><\/span><\/span><\/span><\/p>\n<p><span class=\"wpcf7-form-control-wrap Enviodedatos\"><span class=\"wpcf7-form-control wpcf7-acceptance\"><span class=\"wpcf7-list-item\"><label><input type=\"checkbox\" name=\"Enviodedatos\" value=\"1\" aria-invalid=\"false\" \/><span class=\"wpcf7-list-item-label\">Do you accept the <a href=\"https:\/\/metal-barcelo.com\/en\/politica-de-privacidad\/\"><strong>Privacy Policy<\/strong><\/a>?<\/span><\/label><\/span><\/span><\/span><\/p>\n<span class=\"wpcf7-form-control-wrap recaptcha\" data-name=\"recaptcha\"><span data-sitekey=\"6LeSSp4hAAAAAPZ7xH2THd-p214fTTffD9wFlOhH\" class=\"wpcf7-form-control g-recaptcha wpcf7-recaptcha\"><\/span>\r\n<noscript>\r\n\t<div class=\"grecaptcha-noscript\">\r\n\t\t<iframe loading=\"lazy\" src=\"https:\/\/www.google.com\/recaptcha\/api\/fallback?k=6LeSSp4hAAAAAPZ7xH2THd-p214fTTffD9wFlOhH\" frameborder=\"0\" scrolling=\"no\" width=\"310\" height=\"430\">\r\n\t\t<\/iframe>\r\n\t\t<textarea name=\"g-recaptcha-response\" rows=\"3\" cols=\"40\" placeholder=\"reCaptcha Response Here\">\r\n\t\t<\/textarea>\r\n\t<\/div>\r\n<\/noscript>\r\n<\/span>\n<p><input type=\"submit\" value=\"Send\" class=\"wpcf7-form-control has-spinner wpcf7-submit\" \/><\/p>\n<div class=\"wpcf7-response-output\" aria-hidden=\"true\"><\/div><input type=\"hidden\" name=\"trp-form-language\" value=\"en\"\/><\/form><\/div><\/div><\/div><\/div><\/div>","protected":false},"excerpt":{"rendered":"There are several reasons why a person may want to bolster the security of their home or business by installing door bars. There are many things to worry about, such as burglaries and other similar crimes. With this, it makes sense to increase the level of protection in your space. Adding door bars to your property security<div class=\"h10\"><\/div><a class=\"more-link1\" href=\"https:\/\/metal-barcelo.com\/en\/rejas-para-puertas\/\">Read more<\/a>","protected":false},"author":1,"featured_media":0,"parent":0,"menu_order":0,"comment_status":"closed","ping_status":"closed","template":"","meta":{"footnotes":""},"class_list":["post-436","page","type-page","status-publish","hentry"],"yoast_head":"<!-- This site is optimized with the Yoast SEO plugin v19.8 - https:\/\/yoast.com\/wordpress\/plugins\/seo\/ -->\n<title>Fabricaci\u00f3n de rejas para puertas a medida - Metal Barcel\u00f3<\/title>\n<meta name=\"description\" content=\"Fabricante y montaje de rejas para puerta a medida de muy buena calidad, asegura tu hogar con Metal Barcel\u00f3, empresa experta en el sector.\" \/>\n<meta name=\"robots\" content=\"index, follow, max-snippet:-1, max-image-preview:large, max-video-preview:-1\" \/>\n<link rel=\"canonical\" href=\"https:\/\/metal-barcelo.com\/en\/rejas-para-puertas\/\" \/>\n<meta property=\"og:locale\" content=\"en_GB\" \/>\n<meta property=\"og:type\" content=\"article\" \/>\n<meta property=\"og:title\" content=\"Fabricaci\u00f3n de rejas para puertas a medida - Metal Barcel\u00f3\" \/>\n<meta property=\"og:description\" content=\"Fabricante y montaje de rejas para puerta a medida de muy buena calidad, asegura tu hogar con Metal Barcel\u00f3, empresa experta en el sector.\" \/>\n<meta property=\"og:url\" content=\"https:\/\/metal-barcelo.com\/en\/rejas-para-puertas\/\" \/>\n<meta property=\"og:site_name\" content=\"Metalister\u00eda Barcel\u00f3\" \/>\n<meta property=\"article:modified_time\" content=\"2024-01-16T10:36:56+00:00\" \/>\n<meta name=\"twitter:card\" content=\"summary_large_image\" \/>\n<meta name=\"twitter:label1\" content=\"Estimated reading time\" \/>\n\t<meta name=\"twitter:data1\" content=\"3 minutes\" \/>\n<script type=\"application\/ld+json\" class=\"yoast-schema-graph\">{\"@context\":\"https:\/\/schema.org\",\"@graph\":[{\"@type\":\"WebPage\",\"@id\":\"https:\/\/metal-barcelo.com\/rejas-para-puertas\/\",\"url\":\"https:\/\/metal-barcelo.com\/rejas-para-puertas\/\",\"name\":\"Fabricaci\u00f3n de rejas para puertas a medida - Metal Barcel\u00f3\",\"isPartOf\":{\"@id\":\"https:\/\/metal-barcelo.com\/#website\"},\"datePublished\":\"2022-08-23T09:13:04+00:00\",\"dateModified\":\"2024-01-16T10:36:56+00:00\",\"description\":\"Fabricante y montaje de rejas para puerta a medida de muy buena calidad, asegura tu hogar con Metal Barcel\u00f3, empresa experta en el sector.\",\"breadcrumb\":{\"@id\":\"https:\/\/metal-barcelo.com\/rejas-para-puertas\/#breadcrumb\"},\"inLanguage\":\"en-GB\",\"potentialAction\":[{\"@type\":\"ReadAction\",\"target\":[\"https:\/\/metal-barcelo.com\/rejas-para-puertas\/\"]}]},{\"@type\":\"BreadcrumbList\",\"@id\":\"https:\/\/metal-barcelo.com\/rejas-para-puertas\/#breadcrumb\",\"itemListElement\":[{\"@type\":\"ListItem\",\"position\":1,\"name\":\"Portada\",\"item\":\"https:\/\/metal-barcelo.com\/\"},{\"@type\":\"ListItem\",\"position\":2,\"name\":\"Rejas para puertas\"}]},{\"@type\":\"WebSite\",\"@id\":\"https:\/\/metal-barcelo.com\/#website\",\"url\":\"https:\/\/metal-barcelo.com\/\",\"name\":\"Metalister\u00eda Barcel\u00f3\",\"description\":\"Dise\u00f1o, fabricaci\u00f3n y montaje de estructuras met\u00e1licas\",\"potentialAction\":[{\"@type\":\"SearchAction\",\"target\":{\"@type\":\"EntryPoint\",\"urlTemplate\":\"https:\/\/metal-barcelo.com\/?s={search_term_string}\"},\"query-input\":\"required name=search_term_string\"}],\"inLanguage\":\"en-GB\"}]}<\/script>\n<!-- \/ Yoast SEO plugin. -->","yoast_head_json":{"title":"Fabricaci\u00f3n de rejas para puertas a medida - Metal Barcel\u00f3","description":"Fabricante y montaje de rejas para puerta a medida de muy buena calidad, asegura tu hogar con Metal Barcel\u00f3, empresa experta en el sector.","robots":{"index":"index","follow":"follow","max-snippet":"max-snippet:-1","max-image-preview":"max-image-preview:large","max-video-preview":"max-video-preview:-1"},"canonical":"https:\/\/metal-barcelo.com\/en\/rejas-para-puertas\/","og_locale":"en_GB","og_type":"article","og_title":"Fabricaci\u00f3n de rejas para puertas a medida - Metal Barcel\u00f3","og_description":"Fabricante y montaje de rejas para puerta a medida de muy buena calidad, asegura tu hogar con Metal Barcel\u00f3, empresa experta en el sector.","og_url":"https:\/\/metal-barcelo.com\/en\/rejas-para-puertas\/","og_site_name":"Metalister\u00eda Barcel\u00f3","article_modified_time":"2024-01-16T10:36:56+00:00","twitter_card":"summary_large_image","twitter_misc":{"Estimated reading time":"3 minutes"},"schema":{"@context":"https:\/\/schema.org","@graph":[{"@type":"WebPage","@id":"https:\/\/metal-barcelo.com\/rejas-para-puertas\/","url":"https:\/\/metal-barcelo.com\/rejas-para-puertas\/","name":"Fabricaci\u00f3n de rejas para puertas a medida - Metal Barcel\u00f3","isPartOf":{"@id":"https:\/\/metal-barcelo.com\/#website"},"datePublished":"2022-08-23T09:13:04+00:00","dateModified":"2024-01-16T10:36:56+00:00","description":"Fabricante y montaje de rejas para puerta a medida de muy buena calidad, asegura tu hogar con Metal Barcel\u00f3, empresa experta en el sector.","breadcrumb":{"@id":"https:\/\/metal-barcelo.com\/rejas-para-puertas\/#breadcrumb"},"inLanguage":"en-GB","potentialAction":[{"@type":"ReadAction","target":["https:\/\/metal-barcelo.com\/rejas-para-puertas\/"]}]},{"@type":"BreadcrumbList","@id":"https:\/\/metal-barcelo.com\/rejas-para-puertas\/#breadcrumb","itemListElement":[{"@type":"ListItem","position":1,"name":"Portada","item":"https:\/\/metal-barcelo.com\/"},{"@type":"ListItem","position":2,"name":"Rejas para puertas"}]},{"@type":"WebSite","@id":"https:\/\/metal-barcelo.com\/#website","url":"https:\/\/metal-barcelo.com\/","name":"Metalister\u00eda Barcel\u00f3","description":"Dise\u00f1o, fabricaci\u00f3n y montaje de estructuras met\u00e1licas","potentialAction":[{"@type":"SearchAction","target":{"@type":"EntryPoint","urlTemplate":"https:\/\/metal-barcelo.com\/?s={search_term_string}"},"query-input":"required name=search_term_string"}],"inLanguage":"en-GB"}]}},"_links":{"self":[{"href":"https:\/\/metal-barcelo.com\/en\/wp-json\/wp\/v2\/pages\/436","targetHints":{"allow":["GET"]}}],"collection":[{"href":"https:\/\/metal-barcelo.com\/en\/wp-json\/wp\/v2\/pages"}],"about":[{"href":"https:\/\/metal-barcelo.com\/en\/wp-json\/wp\/v2\/types\/page"}],"author":[{"embeddable":true,"href":"https:\/\/metal-barcelo.com\/en\/wp-json\/wp\/v2\/users\/1"}],"replies":[{"embeddable":true,"href":"https:\/\/metal-barcelo.com\/en\/wp-json\/wp\/v2\/comments?post=436"}],"version-history":[{"count":0,"href":"https:\/\/metal-barcelo.com\/en\/wp-json\/wp\/v2\/pages\/436\/revisions"}],"wp:attachment":[{"href":"https:\/\/metal-barcelo.com\/en\/wp-json\/wp\/v2\/media?parent=436"}],"curies":[{"name":"wp","href":"https:\/\/api.w.org\/{rel}","templated":true}]}}