{"id":405,"date":"2022-07-01T07:30:07","date_gmt":"2022-07-01T07:30:07","guid":{"rendered":"https:\/\/metalisteria-barcelo.desarrollowebsonline.es\/?page_id=405"},"modified":"2022-07-01T07:30:07","modified_gmt":"2022-07-01T07:30:07","slug":"mapa-del-sitio","status":"publish","type":"page","link":"https:\/\/metal-barcelo.com\/en\/mapa-del-sitio\/","title":{"rendered":"Site map"},"content":{"rendered":"<div class=\"wsp-container\"><h2 class=\"wsp-pages-title\">Pages<\/h2>\n<ul class=\"wsp-pages-list\">\n<li class=\"page_item page-item-125\"><a href=\"https:\/\/metal-barcelo.com\/en\/acreditaciones-y-certificaciones\/\">Accreditations and certifications<\/a><\/li>\n<li class=\"page_item page-item-368\"><a href=\"https:\/\/metal-barcelo.com\/en\/aviso-legal\/\">Legal notice<\/a><\/li>\n<li class=\"page_item page-item-452 page_item_has_children\"><a href=\"https:\/\/metal-barcelo.com\/en\/barandilla-balcon\/\">Balcony railing<\/a>\n<ul class='children'>\n\t<li class=\"page_item page-item-957\"><a href=\"https:\/\/metal-barcelo.com\/en\/barandilla-balcon\/barandilla-para-balcon-en-sant-cugat\/\">Railing for balcony in Sant Cugat<\/a><\/li>\n<\/ul>\n<\/li>\n<li class=\"page_item page-item-943\"><a href=\"https:\/\/metal-barcelo.com\/en\/barandilla-balcon-barcelona\/\">Barcelona balcony railing<\/a><\/li>\n<li class=\"page_item page-item-1014\"><a href=\"https:\/\/metal-barcelo.com\/en\/barandilla-balcon-cerdanyola\/\">Balcony railing Cerdanyola<\/a><\/li>\n<li class=\"page_item page-item-941\"><a href=\"https:\/\/metal-barcelo.com\/en\/barandilla-balcon-sabadell\/\">Balcony railing Sabadell<\/a><\/li>\n<li class=\"page_item page-item-1016\"><a href=\"https:\/\/metal-barcelo.com\/en\/barandilla-balcon-sant-cugat\/\">Sant Cugat balcony railing<\/a><\/li>\n<li class=\"page_item page-item-974\"><a href=\"https:\/\/metal-barcelo.com\/en\/barandilla-balcon-terrassa\/\">Terrassa balcony railing<\/a><\/li>\n<li class=\"page_item page-item-1051\"><a href=\"https:\/\/metal-barcelo.com\/en\/barandilla-de-hierro-terrassa\/\">Iron railing Terrassa<\/a><\/li>\n<li class=\"page_item page-item-433\"><a href=\"https:\/\/metal-barcelo.com\/en\/barandilla-escalera\/\">Staircase railing<\/a><\/li>\n<li class=\"page_item page-item-890\"><a href=\"https:\/\/metal-barcelo.com\/en\/barandilla-escalera-hierro\/\">Iron stair railing<\/a><\/li>\n<li class=\"page_item page-item-450\"><a href=\"https:\/\/metal-barcelo.com\/en\/barandilla-escalera-interiores\/\">Interior stair railing<\/a><\/li>\n<li class=\"page_item page-item-1036\"><a href=\"https:\/\/metal-barcelo.com\/en\/barandilla-escalera-sabadell\/\">Staircase railing Sabadell<\/a><\/li>\n<li class=\"page_item page-item-1034\"><a href=\"https:\/\/metal-barcelo.com\/en\/barandilla-escalera-terrassa\/\">Staircase railing Terrassa<\/a><\/li>\n<li class=\"page_item page-item-1049\"><a href=\"https:\/\/metal-barcelo.com\/en\/barandilla-hierro-barcelona\/\">Barcelona iron railing<\/a><\/li>\n<li class=\"page_item page-item-457\"><a href=\"https:\/\/metal-barcelo.com\/en\/barandilla-terraza\/\">Terrace railing<\/a><\/li>\n<li class=\"page_item page-item-892\"><a href=\"https:\/\/metal-barcelo.com\/en\/barandilla-terraza-exterior\/\">Outdoor terrace railing<\/a><\/li>\n<li class=\"page_item page-item-459\"><a href=\"https:\/\/metal-barcelo.com\/en\/barandillas-de-hierro\/\">Iron railings<\/a><\/li>\n<li class=\"page_item page-item-466 current_page_parent\"><a href=\"https:\/\/metal-barcelo.com\/en\/blog\/\">Blog<\/a><\/li>\n<li class=\"page_item page-item-147\"><a href=\"https:\/\/metal-barcelo.com\/en\/enlaces\/\">Links<\/a><\/li>\n<li class=\"page_item page-item-864\"><a href=\"https:\/\/metal-barcelo.com\/en\/estructuras-metalicas\/\">Metal structures<\/a><\/li>\n<li class=\"page_item page-item-405\"><a href=\"https:\/\/metal-barcelo.com\/en\/mapa-del-sitio\/\">Site map<\/a><\/li>\n<li class=\"page_item page-item-141\"><a href=\"https:\/\/metal-barcelo.com\/en\/marcado-ce\/\">CE marking<\/a><\/li>\n<li class=\"page_item page-item-11\"><a href=\"https:\/\/metal-barcelo.com\/en\/\">Metal Barcel\u00f3<\/a><\/li>\n<li class=\"page_item page-item-132\"><a href=\"https:\/\/metal-barcelo.com\/en\/obras-ejecutadas\/\">Executed works<\/a><\/li>\n<li class=\"page_item page-item-1165\"><a href=\"https:\/\/metal-barcelo.com\/en\/politica-de-cookies\/\">Cookie Policy<\/a><\/li>\n<li class=\"page_item page-item-370\"><a href=\"https:\/\/metal-barcelo.com\/en\/politica-de-privacidad\/\">Privacy Policy<\/a><\/li>\n<li class=\"page_item page-item-286 page_item_has_children\"><a href=\"https:\/\/metal-barcelo.com\/en\/productos\/\">Products<\/a>\n<ul class='children'>\n\t<li class=\"page_item page-item-903\"><a href=\"https:\/\/metal-barcelo.com\/en\/productos\/barandillas\/\">Railings<\/a><\/li>\n\t<li class=\"page_item page-item-46\"><a href=\"https:\/\/metal-barcelo.com\/en\/productos\/inoxidable-barandillas\/\">Stainless steel railings<\/a><\/li>\n\t<li class=\"page_item page-item-80\"><a href=\"https:\/\/metal-barcelo.com\/en\/productos\/estructuras-metalicas\/\">Design, manufacture and assembly of metal structures<\/a><\/li>\n\t<li class=\"page_item page-item-910\"><a href=\"https:\/\/metal-barcelo.com\/en\/productos\/rejas\/\">Bars<\/a><\/li>\n\t<li class=\"page_item page-item-75\"><a href=\"https:\/\/metal-barcelo.com\/en\/productos\/cerrajeria-cerramientos\/\">Locksmith and enclosure services<\/a><\/li>\n<\/ul>\n<\/li>\n<li class=\"page_item page-item-153 page_item_has_children\"><a href=\"https:\/\/metal-barcelo.com\/en\/proyectos\/\">Projects<\/a>\n<ul class='children'>\n\t<li class=\"page_item page-item-195\"><a href=\"https:\/\/metal-barcelo.com\/en\/proyectos\/cerrajeria-cerramientos\/\">Locksmithing \/ Enclosures<\/a><\/li>\n\t<li class=\"page_item page-item-228\"><a href=\"https:\/\/metal-barcelo.com\/en\/proyectos\/estructuras-metalicas\/\">Metal structures<\/a><\/li>\n\t<li class=\"page_item page-item-168\"><a href=\"https:\/\/metal-barcelo.com\/en\/proyectos\/inoxidable-barandillas\/\">Stainless Steel \/ Railings<\/a><\/li>\n<\/ul>\n<\/li>\n<li class=\"page_item page-item-1178\"><a href=\"https:\/\/metal-barcelo.com\/en\/prueba\/\">Proof<\/a><\/li>\n<li class=\"page_item page-item-436\"><a href=\"https:\/\/metal-barcelo.com\/en\/rejas-para-puertas\/\">Gates for doors<\/a><\/li>\n<li class=\"page_item page-item-999\"><a href=\"https:\/\/metal-barcelo.com\/en\/rejas-para-puertas-sabadell\/\">Grilles for doors Sabadell<\/a><\/li>\n<li class=\"page_item page-item-997\"><a href=\"https:\/\/metal-barcelo.com\/en\/rejas-para-puertas-terrassa\/\">Grilles for doors Terrassa<\/a><\/li>\n<li class=\"page_item page-item-440\"><a href=\"https:\/\/metal-barcelo.com\/en\/rejas-para-ventanas\/\">Window grilles<\/a><\/li>\n<li class=\"page_item page-item-438\"><a href=\"https:\/\/metal-barcelo.com\/en\/rejas-para-ventanas-modernas\/\">Modern window grilles<\/a><\/li>\n<\/ul>\n<\/div>","protected":false},"excerpt":{"rendered":"Pages Accreditations and certifications Legal notice Balcony railing Balcony railing in Sant Cugat Balcony railing Barcelona Balcony railing Cerdanyola Balcony railing Sabadell Balcony railing Sant Cugat Balcony railing Terrassa Iron railing Terrassa Staircase railing Iron staircase railing Interior staircase railing Staircase railing Sabadell Staircase railing Terrassa Iron railing Barcelona Terrace railing Outdoor terrace railing Iron railings Blog<div class=\"h10\"><\/div><a class=\"more-link1\" href=\"https:\/\/metal-barcelo.com\/en\/mapa-del-sitio\/\">Read more<\/a>","protected":false},"author":1,"featured_media":0,"parent":0,"menu_order":0,"comment_status":"closed","ping_status":"closed","template":"","meta":{"footnotes":""},"class_list":["post-405","page","type-page","status-publish","hentry"],"yoast_head":"<!-- This site is optimized with the Yoast SEO plugin v19.8 - https:\/\/yoast.com\/wordpress\/plugins\/seo\/ -->\n<title>Mapa del sitio - Metal Barcel\u00f3<\/title>\n<meta name=\"description\" content=\"Mapa del sitio empresa Metal Barcel\u00f3 experta en estructuras met\u00e1licas y cerramientos Metal Barcel\u00f3 para un dise\u00f1o y calidad excepcional.\" \/>\n<meta name=\"robots\" content=\"index, follow, max-snippet:-1, max-image-preview:large, max-video-preview:-1\" \/>\n<link rel=\"canonical\" href=\"https:\/\/metal-barcelo.com\/en\/mapa-del-sitio\/\" \/>\n<meta property=\"og:locale\" content=\"en_GB\" \/>\n<meta property=\"og:type\" content=\"article\" \/>\n<meta property=\"og:title\" content=\"Mapa del sitio - Metal Barcel\u00f3\" \/>\n<meta property=\"og:description\" content=\"Mapa del sitio empresa Metal Barcel\u00f3 experta en estructuras met\u00e1licas y cerramientos Metal Barcel\u00f3 para un dise\u00f1o y calidad excepcional.\" \/>\n<meta property=\"og:url\" content=\"https:\/\/metal-barcelo.com\/en\/mapa-del-sitio\/\" \/>\n<meta property=\"og:site_name\" content=\"Metalister\u00eda Barcel\u00f3\" \/>\n<meta name=\"twitter:card\" content=\"summary_large_image\" \/>\n<script type=\"application\/ld+json\" class=\"yoast-schema-graph\">{\"@context\":\"https:\/\/schema.org\",\"@graph\":[{\"@type\":\"WebPage\",\"@id\":\"https:\/\/metal-barcelo.com\/mapa-del-sitio\/\",\"url\":\"https:\/\/metal-barcelo.com\/mapa-del-sitio\/\",\"name\":\"Mapa del sitio - Metal Barcel\u00f3\",\"isPartOf\":{\"@id\":\"https:\/\/metal-barcelo.com\/#website\"},\"datePublished\":\"2022-07-01T07:30:07+00:00\",\"dateModified\":\"2022-07-01T07:30:07+00:00\",\"description\":\"Mapa del sitio empresa Metal Barcel\u00f3 experta en estructuras met\u00e1licas y cerramientos Metal Barcel\u00f3 para un dise\u00f1o y calidad excepcional.\",\"breadcrumb\":{\"@id\":\"https:\/\/metal-barcelo.com\/mapa-del-sitio\/#breadcrumb\"},\"inLanguage\":\"en-GB\",\"potentialAction\":[{\"@type\":\"ReadAction\",\"target\":[\"https:\/\/metal-barcelo.com\/mapa-del-sitio\/\"]}]},{\"@type\":\"BreadcrumbList\",\"@id\":\"https:\/\/metal-barcelo.com\/mapa-del-sitio\/#breadcrumb\",\"itemListElement\":[{\"@type\":\"ListItem\",\"position\":1,\"name\":\"Portada\",\"item\":\"https:\/\/metal-barcelo.com\/\"},{\"@type\":\"ListItem\",\"position\":2,\"name\":\"Mapa del sitio\"}]},{\"@type\":\"WebSite\",\"@id\":\"https:\/\/metal-barcelo.com\/#website\",\"url\":\"https:\/\/metal-barcelo.com\/\",\"name\":\"Metalister\u00eda Barcel\u00f3\",\"description\":\"Dise\u00f1o, fabricaci\u00f3n y montaje de estructuras met\u00e1licas\",\"potentialAction\":[{\"@type\":\"SearchAction\",\"target\":{\"@type\":\"EntryPoint\",\"urlTemplate\":\"https:\/\/metal-barcelo.com\/?s={search_term_string}\"},\"query-input\":\"required name=search_term_string\"}],\"inLanguage\":\"en-GB\"}]}<\/script>\n<!-- \/ Yoast SEO plugin. -->","yoast_head_json":{"title":"Mapa del sitio - Metal Barcel\u00f3","description":"Mapa del sitio empresa Metal Barcel\u00f3 experta en estructuras met\u00e1licas y cerramientos Metal Barcel\u00f3 para un dise\u00f1o y calidad excepcional.","robots":{"index":"index","follow":"follow","max-snippet":"max-snippet:-1","max-image-preview":"max-image-preview:large","max-video-preview":"max-video-preview:-1"},"canonical":"https:\/\/metal-barcelo.com\/en\/mapa-del-sitio\/","og_locale":"en_GB","og_type":"article","og_title":"Mapa del sitio - Metal Barcel\u00f3","og_description":"Mapa del sitio empresa Metal Barcel\u00f3 experta en estructuras met\u00e1licas y cerramientos Metal Barcel\u00f3 para un dise\u00f1o y calidad excepcional.","og_url":"https:\/\/metal-barcelo.com\/en\/mapa-del-sitio\/","og_site_name":"Metalister\u00eda Barcel\u00f3","twitter_card":"summary_large_image","schema":{"@context":"https:\/\/schema.org","@graph":[{"@type":"WebPage","@id":"https:\/\/metal-barcelo.com\/mapa-del-sitio\/","url":"https:\/\/metal-barcelo.com\/mapa-del-sitio\/","name":"Mapa del sitio - Metal Barcel\u00f3","isPartOf":{"@id":"https:\/\/metal-barcelo.com\/#website"},"datePublished":"2022-07-01T07:30:07+00:00","dateModified":"2022-07-01T07:30:07+00:00","description":"Mapa del sitio empresa Metal Barcel\u00f3 experta en estructuras met\u00e1licas y cerramientos Metal Barcel\u00f3 para un dise\u00f1o y calidad excepcional.","breadcrumb":{"@id":"https:\/\/metal-barcelo.com\/mapa-del-sitio\/#breadcrumb"},"inLanguage":"en-GB","potentialAction":[{"@type":"ReadAction","target":["https:\/\/metal-barcelo.com\/mapa-del-sitio\/"]}]},{"@type":"BreadcrumbList","@id":"https:\/\/metal-barcelo.com\/mapa-del-sitio\/#breadcrumb","itemListElement":[{"@type":"ListItem","position":1,"name":"Portada","item":"https:\/\/metal-barcelo.com\/"},{"@type":"ListItem","position":2,"name":"Mapa del sitio"}]},{"@type":"WebSite","@id":"https:\/\/metal-barcelo.com\/#website","url":"https:\/\/metal-barcelo.com\/","name":"Metalister\u00eda Barcel\u00f3","description":"Dise\u00f1o, fabricaci\u00f3n y montaje de estructuras met\u00e1licas","potentialAction":[{"@type":"SearchAction","target":{"@type":"EntryPoint","urlTemplate":"https:\/\/metal-barcelo.com\/?s={search_term_string}"},"query-input":"required name=search_term_string"}],"inLanguage":"en-GB"}]}},"_links":{"self":[{"href":"https:\/\/metal-barcelo.com\/en\/wp-json\/wp\/v2\/pages\/405","targetHints":{"allow":["GET"]}}],"collection":[{"href":"https:\/\/metal-barcelo.com\/en\/wp-json\/wp\/v2\/pages"}],"about":[{"href":"https:\/\/metal-barcelo.com\/en\/wp-json\/wp\/v2\/types\/page"}],"author":[{"embeddable":true,"href":"https:\/\/metal-barcelo.com\/en\/wp-json\/wp\/v2\/users\/1"}],"replies":[{"embeddable":true,"href":"https:\/\/metal-barcelo.com\/en\/wp-json\/wp\/v2\/comments?post=405"}],"version-history":[{"count":0,"href":"https:\/\/metal-barcelo.com\/en\/wp-json\/wp\/v2\/pages\/405\/revisions"}],"wp:attachment":[{"href":"https:\/\/metal-barcelo.com\/en\/wp-json\/wp\/v2\/media?parent=405"}],"curies":[{"name":"wp","href":"https:\/\/api.w.org\/{rel}","templated":true}]}}