{"id":370,"date":"2022-06-30T10:40:36","date_gmt":"2022-06-30T10:40:36","guid":{"rendered":"https:\/\/metalisteria-barcelo.desarrollowebsonline.es\/?page_id=370"},"modified":"2024-11-28T11:50:11","modified_gmt":"2024-11-28T11:50:11","slug":"politica-de-privacidad","status":"publish","type":"page","link":"https:\/\/metal-barcelo.com\/en\/politica-de-privacidad\/","title":{"rendered":"Privacy Policy"},"content":{"rendered":"<div class=\"vc_row wpb_row vc_row-fluid\"><div class=\"wpb_column vc_column_container vc_col-sm-12\"><div class=\"vc_column-inner\"><div class=\"wpb_wrapper\"><div class=\"boc_spacing\" style=\"height: 32px\"><\/div>\n\t<div class=\"wpb_text_column wpb_content_element\" >\n\t\t<div class=\"wpb_wrapper\">\n\t\t\t<article class=\"post-entry post-entry-type-page post-entry-368\">\n<div class=\"entry-content-wrapper clearfix\">\n<header class=\"entry-content-header\"><\/header>\n<div class=\"entry-content\">\n<p>This Privacy Policy may be updated or adapted due to changes in current legislation or on the website itself. Please read it carefully each time you provide your personal data.<\/p>\n<p>Visiting this website does not require the user to provide any information about themselves. However, during the visit, personal data may be requested through forms.<\/p>\n<p>The data we request on this website are appropriate, relevant and strictly necessary to provide you with the services offered and you are under no obligation to provide them to us, although you should be aware that failure to provide them may affect or prevent the provision of the service.<\/p>\n<p>With the express consent you give by accepting this Privacy Policy before providing us with your personal data, you give us the legal basis for its processing.<\/p>\n<p>&nbsp;<\/p>\n<p>In accordance with Organic Law 03\/2018, of December 5, on Data Protection (LOPD) and the General Data Protection Regulation (RGPD) and based on the principles of transparency, loyalty and legality, we detail below the treatment that we will carry out on your personal data:<\/p>\n<p>&nbsp;<\/p>\n<ol>\n<li><strong> DATA CONTROLLER<\/strong><\/li>\n<\/ol>\n<p>Your personal data will be part of the Web Users file, whose recipient and responsible for the file and its processing is:<\/p>\n<ol>\n<li>BARCEL\u00d3 METALWORKS SL<\/li>\n<li>CIF: B64021751<\/li>\n<li>Registered office: Calle Tamarit, 20, Sabadell, 08205 Barcelona<\/li>\n<li>Email: p.domenech@metal-barcelo.com<\/li>\n<li>Phone: 937158075<\/li>\n<\/ol>\n<p><strong>\u00a0<\/strong><\/p>\n<ol start=\"2\">\n<li><strong>PURPOSE, LEGITIMATION AND DATA CONSERVATION<\/strong><\/li>\n<\/ol>\n<p>2.1. PROCESSING OF DATA OF CONTACT FORM USERS<\/p>\n<p>\u2013 Purpose of processing data from users of the contact form:<\/p>\n<p>Manage and respond to requests for information and\/or queries sent to us by users of the website&#039;s contact form.<\/p>\n<p>Manage the sending of the information you request and, where appropriate, provide you with offers for the products and\/or services of METALISTERIA BARCEL\u00d3 SL in which you have expressed interest.<\/p>\n<p>METALISTERIA BARCEL\u00d3 SL will not make automated decisions based on your profile.<\/p>\n<p>\u2013 Legitimation for the processing of data from users of the contact form: consent of the interested party.<\/p>\n<p>The legal basis for processing the data of users of the contact form is obtaining their consent, which will be given to us if and when they complete and send us the completed contact form.<\/p>\n<p>\u2013 Data retention period for users of the website contact form:<\/p>\n<p>We will retain the data of users of the website&#039;s contact form for a period of 5 years from the last confirmation of interest on your part in our products or services, as long as you do not request us to delete your data.<\/p>\n<p>&nbsp;<\/p>\n<p>2.2. PROCESSING OF CUSTOMER AND SUPPLIER DATA:<\/p>\n<p>\u2013 Purpose of processing customer and supplier data: Manage the existing business relationship, carry out and\/or subcontract the services contracted by our clients and carry out the accounting, tax and administrative procedures of the company.<\/p>\n<p>\u2013 Legitimacy for processing: The legal basis for processing customer and supplier data is the existence and execution of contracts for the provision of services and\/or sale of goods.<\/p>\n<p>\u2013 Data retention period: We retain supplier data for as long as commercial actions and relationships are carried out and for the years necessary to comply with our legal and\/or tax obligations arising from these contractual relationships.<\/p>\n<p>&nbsp;<\/p>\n<p>2.3. PROCESSING OF DATA OF RECIPIENTS OF THE NEWSLETTER AND COMMERCIAL COMMUNICATIONS OF METALISTERIA BARCEL\u00d3 SL<\/p>\n<p>\u2013 Purpose of processing data of subscribers to the Newsletter and commercial communications:<\/p>\n<p>Manage the subscription and sending of the Newsletter and commercial communications of METALISTERIA BARCEL\u00d3 SL.<\/p>\n<p>\u2013 Legitimation for the processing of data of Newsletter recipients: Consent of the interested party.<\/p>\n<p>The legal basis for processing the data of the recipients of the Newsletter and commercial communications is obtaining the unequivocal consent of the recipient of the newsletter \u2013 commercial communications, through their subscription.<\/p>\n<p>On the other hand, the legal basis for the processing and sending of Newsletters that METALISTERIA BARCEL\u00d3 SL may send to its CLIENTS is the legitimate interest of METALISTERIA BARCEL\u00d3 SL, except in the case where they have expressed their interest in being unsubscribed by sending an email to p.domenech@metal-barcelo.com.<\/p>\n<p>\u2013 Data retention period for recipients of the Newsletter and commercial communications:<\/p>\n<p>METALISTERIA BARCEL\u00d3 SL will retain the personal data of the recipients of the newsletter and commercial communications from METALISTERIA BARCEL\u00d3 SL necessary for sending the newsletter and other commercial communications for an indefinite period, unless they request us to unsubscribe from the service of receiving Newsletters and other commercial communications in writing to p.domenech@metal-barcelo.com with a copy of their ID.<\/p>\n<p>&nbsp;<\/p>\n<p>2.4. LEGAL BASIS FOR DATA PROCESSING<\/p>\n<p>In compliance with Regulation (EU) 2016\/679 and the Organic Law on the Protection of Personal Data, we inform you that your personal data may be subject to some of the following treatments:<\/p>\n<p>TR04 \u2013 <strong>Advertising campaigns<\/strong> (Legal basis: Law 34\/1988, of November 11, General Advertising.)<\/p>\n<p>TR08 \u2013 <strong>Collecting stakeholder feedback<\/strong> (Legal basis: Regulation (EU) 2016\/679 on data protection and LOPD.) TR03 \u2013 Selection of own personnel (Legal basis: Royal Legislative Decree 3\/2015, of October 23, approving the revised text of the Employment Law.)<\/p>\n<p>TG01 \u2013 <strong>Own accounting and bookkeeping management, as responsible<\/strong>. (Legal basis: Royal Decree 1514\/2007, of November 16, regulating the General Accounting Plan.)<\/p>\n<p>TG25 \u2013 <strong>Data collection for own tax management<\/strong> (Legal basis: Law 58\/2003, of December 17, General Tax Law.)<\/p>\n<p>TG12 \u2013 <strong>Own work management: data collection<\/strong> (Legal basis: Royal Legislative Decree 1\/1994, of June 20, approving the Revised Text of the General Social Security Law.)<\/p>\n<p>TR09 \u2013 <strong>Assurances on technical and organizational measures in the applied software<\/strong> (Legal basis: Regulation (EU) 2016\/679 on data protection and LOPD.)<\/p>\n<p>TE08 \u2013 <strong>Protection of Personal Data<\/strong> (Legal basis: Regulation (EU) 2016\/679 and Organic Law 3\/2018.)<\/p>\n<p>TE02 \u2013 <strong>Occupational risk prevention<\/strong>\u00a0 (Legal basis: Law 31\/1995, of November 8, on the prevention of occupational risks.)<\/p>\n<p>TE07 \u2013 <strong>Destruction of documents (Legal basis: Regulation)<\/strong> (EU) 2016\/679)<\/p>\n<p>TV01 \u2013 <strong>Sales \/ Service Provision<\/strong>\u00a0 (Legal basis: Commercial and Tax Legislation)<\/p>\n<p>TE03 \u2013 <strong>Transport service and\/or package delivery<\/strong>\u00a0 (Legal basis: Royal Decree of August 22, 1885, publishing the Commercial Code.)<\/p>\n<p>TR05 \u2013 <strong>Emails<\/strong> (Legal basis: Commercial Code and other applicable legislation.)<\/p>\n<p>TR01 \u2013 <strong>Information requests received<\/strong> (Legal basis: Commercial Code and other commercial provisions.)<\/p>\n<p>TR07 \u2013 <strong>Management of incidents and\/or security violations<\/strong> (Legal basis: Regulation (EU) 2016\/679 on data protection and LOPD.)<\/p>\n<p>TE04 \u2013 <strong>Management of own legal affairs <\/strong>\u00a0(Legal basis: Applicable commercial and labor legislation.)<\/p>\n<p>TE01 \u2013 <strong>Maintenance of computer systems<\/strong> (Legal basis: Commercial Code.)<\/p>\n<p>&nbsp;<\/p>\n<p>You may withdraw your consent for any specific purpose to which you have previously agreed without affecting the legality of the processing based on that consent.<\/p>\n<p>&nbsp;<\/p>\n<ol start=\"3\">\n<li><strong> TRANSFER OF DATA<\/strong><\/li>\n<\/ol>\n<p>Your data will not be disclosed to third parties except to collaborating companies provided that this transfer entails an improvement of the service for which it was transferred, there is a legal obligation or you have been expressly informed.<\/p>\n<p>&nbsp;<\/p>\n<ol start=\"4\">\n<li><strong> USER RIGHTS OVER PERSONAL DATA<\/strong><\/li>\n<\/ol>\n<p>We inform you of the rights you have when you provide us with your data:<\/p>\n<ul>\n<li>Right of Access: This is the right of the user to obtain information about his or her specific personal data and the processing that has been or is being carried out, as well as the information available about the origin of said data and the communications made or planned for said data.<\/li>\n<li>Right of Rectification: This is the right of the affected party to have data that is found to be inaccurate or incomplete modified. This right may only be fulfilled in relation to information that is under the control of METALISTERIA BARCEL\u00d3 SL, for example, deleting comments published on the website itself, images or web content containing personal data of the user.<\/li>\n<li>Right to Restriction of Processing: This is the right to limit the purposes of processing originally intended by the data controller.<\/li>\n<li>Right to Deletion: This is the right to delete the user&#039;s personal data, except as provided in the GDPR itself or in other applicable regulations that determine the obligation to retain such data in a timely manner.<\/li>\n<li>Right to portability: The right to receive the personal data that the user has provided, in a structured, commonly used and machine-readable format, and to transmit it to another controller.<\/li>\n<li>Right of Objection: It is the right of the user to not have their personal data processed.<\/li>\n<\/ul>\n<p>&nbsp;<\/p>\n<p>You can exercise any of these rights by writing to our registered office listed above or by emailing p.domenech@metal-barcelo.com, always including a photocopy of your National Identity Document or equivalent.<\/p>\n<p>You can find more information about your rights and the forms to exercise them on the website of the Spanish Data Protection Agency, <a href=\"http:\/\/www.agpd.es\">www.agpd.es<\/a><\/p>\n<p><u>\u00a0<\/u><\/p>\n<ol start=\"5\">\n<li><strong> SOCIAL NETWORKS<\/strong><\/li>\n<\/ol>\n<p>Visiting METAL BARCEL\u00d3&#039;s public profiles on social networks does not imply the collection of personal data, unless expressly authorized.<\/p>\n<p>The user has a profile on the same Social Network and has decided to join the page created by METALISTERIA BARCEL\u00d3 SL, thereby showing interest in the information published on the Network. By joining our page, you provide us with your consent to process any personal data published on your profile.<\/p>\n<p>The user can access the privacy policies of the Social Network itself at any time, as well as configure their profile to guarantee their privacy.<\/p>\n<p>METALISTERIA BARCEL\u00d3 SL has access to and processes the user&#039;s public information, in particular, their contact name. This data is only used within the Social Network itself. It is not incorporated into any file.<\/p>\n<p>METALISTERIA BARCEL\u00d3 SL will carry out the following actions:<\/p>\n<ul>\n<li>Access to public profile information.<\/li>\n<li>Publication in the user profile of all information already published on the METALISTERIA BARCEL\u00d3 SL page.<\/li>\n<li>Send personal and individual messages through Social Network channels.<\/li>\n<li>Page status updates that will be posted to the user&#039;s profile.<\/li>\n<\/ul>\n<p>Users can always control their connections, delete content that no longer interests them, and restrict who they share their connections with. To do so, they must access their privacy settings.<\/p>\n<p>&nbsp;<\/p>\n<ol start=\"6\">\n<li><strong> PROTECTION AND CONFIDENTIALITY OF YOUR DATA<\/strong><\/li>\n<\/ol>\n<p>We use organisational and technical measures to ensure the security and confidentiality of your personal data, preventing its loss, alteration and unauthorised processing. Our staff has been trained and has adopted a commitment to confidentiality for its processing.<\/p>\n<p>&nbsp;<\/p>\n<ol start=\"7\">\n<li><strong> SENDING COMMUNICATIONS<\/strong><\/li>\n<\/ol>\n<p>The data used or provided in informative and\/or promotional communications are processed by METAL BARCEL\u00d3 for the purposes of electronically sending information and communications about services, activities, publications, and social and professional events of METAL BARCEL\u00d3 or third parties in the METAL BARCEL\u00d3 network; monitoring and optimising marketing campaigns carried out using technologies for this purpose; and creating profiles for commercial purposes.<\/p>\n<p>The legal basis for the aforementioned processing is the express consent given by the User. Consent for the sending of such communications may be revoked at any time in each of the communications received through the mechanism enabled for this purpose.<\/p>\n<p>The criteria for data retention will be based on your declaration that you are opposed to the processing. In any case, you may exercise your rights of access, rectification, deletion, opposition, limitation of processing and portability, where applicable, by sending an email to p.domenech@metal-barcelo.com<\/p>\n<p>If you are not satisfied with the exercise of your rights, you may file a claim with the Spanish Data Protection Agency through its electronic office, in the presentation of a claim for the protection of rights.<\/p>\n<\/div>\n<\/div>\n<\/article>\n\n\t\t<\/div>\n\t<\/div>\n<div class=\"boc_spacing\" style=\"height: 40px\"><\/div><\/div><\/div><\/div><\/div>","protected":false},"excerpt":{"rendered":"This Privacy Policy may be updated or adapted due to changes that may occur in current legislation or on the website itself. Please read it carefully each time you provide your personal data. Visiting this website does not mean that the user is obliged to provide any information about himself. However, during the visit, the user may access the website and\/or its contents.<div class=\"h10\"><\/div><a class=\"more-link1\" href=\"https:\/\/metal-barcelo.com\/en\/politica-de-privacidad\/\">Read more<\/a>","protected":false},"author":1,"featured_media":0,"parent":0,"menu_order":0,"comment_status":"closed","ping_status":"closed","template":"","meta":{"footnotes":""},"class_list":["post-370","page","type-page","status-publish","hentry"],"yoast_head":"<!-- This site is optimized with the Yoast SEO plugin v19.8 - https:\/\/yoast.com\/wordpress\/plugins\/seo\/ -->\n<title>Pol\u00edtica de privacidad y cookies - Metal Barcel\u00f3<\/title>\n<meta name=\"description\" content=\"Pol\u00edtica de privacidad muy rigurosa protecci\u00f3n de tus datos de la manera mas profesional. Gesti\u00f3n de datos eficiente y solo uso empresarial.\" \/>\n<meta name=\"robots\" content=\"index, follow, max-snippet:-1, max-image-preview:large, max-video-preview:-1\" \/>\n<link rel=\"canonical\" href=\"https:\/\/metal-barcelo.com\/en\/politica-de-privacidad\/\" \/>\n<meta property=\"og:locale\" content=\"en_GB\" \/>\n<meta property=\"og:type\" content=\"article\" \/>\n<meta property=\"og:title\" content=\"Pol\u00edtica de privacidad y cookies - Metal Barcel\u00f3\" \/>\n<meta property=\"og:description\" content=\"Pol\u00edtica de privacidad muy rigurosa protecci\u00f3n de tus datos de la manera mas profesional. Gesti\u00f3n de datos eficiente y solo uso empresarial.\" \/>\n<meta property=\"og:url\" content=\"https:\/\/metal-barcelo.com\/en\/politica-de-privacidad\/\" \/>\n<meta property=\"og:site_name\" content=\"Metalister\u00eda Barcel\u00f3\" \/>\n<meta property=\"article:modified_time\" content=\"2024-11-28T11:50:11+00:00\" \/>\n<meta name=\"twitter:card\" content=\"summary_large_image\" \/>\n<meta name=\"twitter:label1\" content=\"Estimated reading time\" \/>\n\t<meta name=\"twitter:data1\" content=\"10 minutes\" \/>\n<script type=\"application\/ld+json\" class=\"yoast-schema-graph\">{\"@context\":\"https:\/\/schema.org\",\"@graph\":[{\"@type\":\"WebPage\",\"@id\":\"https:\/\/metal-barcelo.com\/politica-de-privacidad\/\",\"url\":\"https:\/\/metal-barcelo.com\/politica-de-privacidad\/\",\"name\":\"Pol\u00edtica de privacidad y cookies - Metal Barcel\u00f3\",\"isPartOf\":{\"@id\":\"https:\/\/metal-barcelo.com\/#website\"},\"datePublished\":\"2022-06-30T10:40:36+00:00\",\"dateModified\":\"2024-11-28T11:50:11+00:00\",\"description\":\"Pol\u00edtica de privacidad muy rigurosa protecci\u00f3n de tus datos de la manera mas profesional. Gesti\u00f3n de datos eficiente y solo uso empresarial.\",\"breadcrumb\":{\"@id\":\"https:\/\/metal-barcelo.com\/politica-de-privacidad\/#breadcrumb\"},\"inLanguage\":\"en-GB\",\"potentialAction\":[{\"@type\":\"ReadAction\",\"target\":[\"https:\/\/metal-barcelo.com\/politica-de-privacidad\/\"]}]},{\"@type\":\"BreadcrumbList\",\"@id\":\"https:\/\/metal-barcelo.com\/politica-de-privacidad\/#breadcrumb\",\"itemListElement\":[{\"@type\":\"ListItem\",\"position\":1,\"name\":\"Portada\",\"item\":\"https:\/\/metal-barcelo.com\/\"},{\"@type\":\"ListItem\",\"position\":2,\"name\":\"Pol\u00edtica de privacidad\"}]},{\"@type\":\"WebSite\",\"@id\":\"https:\/\/metal-barcelo.com\/#website\",\"url\":\"https:\/\/metal-barcelo.com\/\",\"name\":\"Metalister\u00eda Barcel\u00f3\",\"description\":\"Dise\u00f1o, fabricaci\u00f3n y montaje de estructuras met\u00e1licas\",\"potentialAction\":[{\"@type\":\"SearchAction\",\"target\":{\"@type\":\"EntryPoint\",\"urlTemplate\":\"https:\/\/metal-barcelo.com\/?s={search_term_string}\"},\"query-input\":\"required name=search_term_string\"}],\"inLanguage\":\"en-GB\"}]}<\/script>\n<!-- \/ Yoast SEO plugin. -->","yoast_head_json":{"title":"Pol\u00edtica de privacidad y cookies - Metal Barcel\u00f3","description":"Pol\u00edtica de privacidad muy rigurosa protecci\u00f3n de tus datos de la manera mas profesional. Gesti\u00f3n de datos eficiente y solo uso empresarial.","robots":{"index":"index","follow":"follow","max-snippet":"max-snippet:-1","max-image-preview":"max-image-preview:large","max-video-preview":"max-video-preview:-1"},"canonical":"https:\/\/metal-barcelo.com\/en\/politica-de-privacidad\/","og_locale":"en_GB","og_type":"article","og_title":"Pol\u00edtica de privacidad y cookies - Metal Barcel\u00f3","og_description":"Pol\u00edtica de privacidad muy rigurosa protecci\u00f3n de tus datos de la manera mas profesional. Gesti\u00f3n de datos eficiente y solo uso empresarial.","og_url":"https:\/\/metal-barcelo.com\/en\/politica-de-privacidad\/","og_site_name":"Metalister\u00eda Barcel\u00f3","article_modified_time":"2024-11-28T11:50:11+00:00","twitter_card":"summary_large_image","twitter_misc":{"Estimated reading time":"10 minutes"},"schema":{"@context":"https:\/\/schema.org","@graph":[{"@type":"WebPage","@id":"https:\/\/metal-barcelo.com\/politica-de-privacidad\/","url":"https:\/\/metal-barcelo.com\/politica-de-privacidad\/","name":"Pol\u00edtica de privacidad y cookies - Metal Barcel\u00f3","isPartOf":{"@id":"https:\/\/metal-barcelo.com\/#website"},"datePublished":"2022-06-30T10:40:36+00:00","dateModified":"2024-11-28T11:50:11+00:00","description":"Pol\u00edtica de privacidad muy rigurosa protecci\u00f3n de tus datos de la manera mas profesional. Gesti\u00f3n de datos eficiente y solo uso empresarial.","breadcrumb":{"@id":"https:\/\/metal-barcelo.com\/politica-de-privacidad\/#breadcrumb"},"inLanguage":"en-GB","potentialAction":[{"@type":"ReadAction","target":["https:\/\/metal-barcelo.com\/politica-de-privacidad\/"]}]},{"@type":"BreadcrumbList","@id":"https:\/\/metal-barcelo.com\/politica-de-privacidad\/#breadcrumb","itemListElement":[{"@type":"ListItem","position":1,"name":"Portada","item":"https:\/\/metal-barcelo.com\/"},{"@type":"ListItem","position":2,"name":"Pol\u00edtica de privacidad"}]},{"@type":"WebSite","@id":"https:\/\/metal-barcelo.com\/#website","url":"https:\/\/metal-barcelo.com\/","name":"Metalister\u00eda Barcel\u00f3","description":"Dise\u00f1o, fabricaci\u00f3n y montaje de estructuras met\u00e1licas","potentialAction":[{"@type":"SearchAction","target":{"@type":"EntryPoint","urlTemplate":"https:\/\/metal-barcelo.com\/?s={search_term_string}"},"query-input":"required name=search_term_string"}],"inLanguage":"en-GB"}]}},"_links":{"self":[{"href":"https:\/\/metal-barcelo.com\/en\/wp-json\/wp\/v2\/pages\/370","targetHints":{"allow":["GET"]}}],"collection":[{"href":"https:\/\/metal-barcelo.com\/en\/wp-json\/wp\/v2\/pages"}],"about":[{"href":"https:\/\/metal-barcelo.com\/en\/wp-json\/wp\/v2\/types\/page"}],"author":[{"embeddable":true,"href":"https:\/\/metal-barcelo.com\/en\/wp-json\/wp\/v2\/users\/1"}],"replies":[{"embeddable":true,"href":"https:\/\/metal-barcelo.com\/en\/wp-json\/wp\/v2\/comments?post=370"}],"version-history":[{"count":0,"href":"https:\/\/metal-barcelo.com\/en\/wp-json\/wp\/v2\/pages\/370\/revisions"}],"wp:attachment":[{"href":"https:\/\/metal-barcelo.com\/en\/wp-json\/wp\/v2\/media?parent=370"}],"curies":[{"name":"wp","href":"https:\/\/api.w.org\/{rel}","templated":true}]}}