{"id":286,"date":"2022-06-13T07:57:34","date_gmt":"2022-06-13T07:57:34","guid":{"rendered":"https:\/\/metalisteria-barcelo.desarrollowebsonline.es\/?page_id=286"},"modified":"2022-10-14T10:15:18","modified_gmt":"2022-10-14T10:15:18","slug":"productos","status":"publish","type":"page","link":"https:\/\/metal-barcelo.com\/en\/productos\/","title":{"rendered":"Products"},"content":{"rendered":"<div data-vc-full-width=\"true\" data-vc-full-width-init=\"false\" data-vc-stretch-content=\"true\" class=\"vc_row wpb_row vc_row-fluid vc_row-no-padding\"><div class=\"wpb_column vc_column_container vc_col-sm-12\"><div class=\"vc_column-inner\"><div class=\"wpb_wrapper\"><\/div><\/div><\/div><\/div><div class=\"vc_row-full-width vc_clearfix\"><\/div><div class=\"vc_row wpb_row vc_row-fluid\"><div class=\"wpb_column vc_column_container vc_col-sm-12\"><div class=\"vc_column-inner\"><div class=\"wpb_wrapper\"><div class=\"boc_spacing\" style=\"height: 30px\"><\/div><\/div><\/div><\/div><\/div><div class=\"vc_row wpb_row vc_row-fluid wpb_animate_when_almost_visible wpb_fadeInUp fadeInUp vc_column-gap-35\"><div class=\"wpb_column vc_column_container vc_col-sm-4\"><div class=\"vc_column-inner\"><div class=\"wpb_wrapper\">\n\t\t\t\t<a target=\"_self\" href=\"https:\/\/metal-barcelo.com\/en\/productos\/inoxidable-barandillas\/\"  class=\"pic_info_link_type5\">\n\t\t\t\t  <div class=\"boc_image_box portfolio_animator_class\">\n\t\t\t\t\t<div class=\"pic_info type5\">\n\t\t\t\t\t\t<div class=\"pic  img_hover_effect3\"><div class=\"plus_overlay\"><\/div><div class=\"plus_overlay_icon\"><\/div>\n\t\t\t\t\t\t<img decoding=\"async\" width=\"600\" height=\"380\" src=\"https:\/\/metal-barcelo.com\/wp-content\/uploads\/2022\/06\/Inoxidable-600x380.jpg\" class=\"attachment-boc_medium size-boc_medium\" alt=\"estructuras metalicas\" \/>\n\t\t\t\t\t\t<div class=\"img_overlay_icon\"><span class=\"portfolio_icon icon_link\"><\/span><\/div><\/div>\n\t\t\t\t\t\t<div class=\"info_overlay\">\n\t\t\t\t\t\t\t<div class=\"info_overlay_padding\">\n\t\t\t\t\t\t\t\t<div class=\"info_desc\">\n\t\t\t\t\t\t\t\t\t<span class=\"portfolio_icon icon_link\"><\/span>\t\t\t\t\n\t\t\t\t\t\t\t\t\t<h3>Stainless Steel \/ Railings<\/h3>\n\t\t\t\t\t\t\t\t\t<p>We are responsible for making modular stainless steel railings, railing accessories, and high-quality, durable stainless steel profiles.<\/p>\n\t\t\t\t\t\t\t\t<\/div>\n\t\t\t\t\t\t\t<\/div>\n\t\t\t\t\t\t<\/div>\n\t\t\t\t\t<\/div>\n\t\t\t\t  <\/div>\n\t\t\t\t<\/a>\n\t\t\t<\/div><\/div><\/div><div class=\"wpb_column vc_column_container vc_col-sm-4\"><div class=\"vc_column-inner\"><div class=\"wpb_wrapper\">\n\t\t\t\t<a target=\"_self\" href=\"https:\/\/metal-barcelo.com\/en\/productos\/cerrajeria-cerramientos\/\"  class=\"pic_info_link_type5\">\n\t\t\t\t  <div class=\"boc_image_box portfolio_animator_class\">\n\t\t\t\t\t<div class=\"pic_info type5\">\n\t\t\t\t\t\t<div class=\"pic  img_hover_effect3\"><div class=\"plus_overlay\"><\/div><div class=\"plus_overlay_icon\"><\/div>\n\t\t\t\t\t\t<img decoding=\"async\" width=\"600\" height=\"380\" src=\"https:\/\/metal-barcelo.com\/wp-content\/uploads\/2022\/06\/3-2-600x380.jpg\" class=\"attachment-boc_medium size-boc_medium\" alt=\"estructruas metalicas\" \/>\n\t\t\t\t\t\t<div class=\"img_overlay_icon\"><span class=\"portfolio_icon icon_link\"><\/span><\/div><\/div>\n\t\t\t\t\t\t<div class=\"info_overlay\">\n\t\t\t\t\t\t\t<div class=\"info_overlay_padding\">\n\t\t\t\t\t\t\t\t<div class=\"info_desc\">\n\t\t\t\t\t\t\t\t\t<span class=\"portfolio_icon icon_link\"><\/span>\t\t\t\t\n\t\t\t\t\t\t\t\t\t<h3>Locksmithing \/ Enclosures<\/h3>\n\t\t\t\t\t\t\t\t\t<p>We are responsible for creating enclosures, whether roofs or attics. We can create enclosures with mobile covers, whether manual or motorized, or even fixed.<\/p>\n\t\t\t\t\t\t\t\t<\/div>\n\t\t\t\t\t\t\t<\/div>\n\t\t\t\t\t\t<\/div>\n\t\t\t\t\t<\/div>\n\t\t\t\t  <\/div>\n\t\t\t\t<\/a>\n\t\t\t<\/div><\/div><\/div><div class=\"wpb_column vc_column_container vc_col-sm-4\"><div class=\"vc_column-inner\"><div class=\"wpb_wrapper\">\n\t\t\t\t<a target=\"_self\" href=\"https:\/\/metal-barcelo.com\/en\/productos\/estructuras-metalicas\/\"  class=\"pic_info_link_type5\">\n\t\t\t\t  <div class=\"boc_image_box portfolio_animator_class\">\n\t\t\t\t\t<div class=\"pic_info type5\">\n\t\t\t\t\t\t<div class=\"pic  img_hover_effect3\"><div class=\"plus_overlay\"><\/div><div class=\"plus_overlay_icon\"><\/div>\n\t\t\t\t\t\t<img decoding=\"async\" width=\"600\" height=\"380\" src=\"https:\/\/metal-barcelo.com\/wp-content\/uploads\/2022\/06\/Metalicas-600x380.jpg\" class=\"attachment-boc_medium size-boc_medium\" alt=\"estructuras metalicas\" \/>\n\t\t\t\t\t\t<div class=\"img_overlay_icon\"><span class=\"portfolio_icon icon_link\"><\/span><\/div><\/div>\n\t\t\t\t\t\t<div class=\"info_overlay\">\n\t\t\t\t\t\t\t<div class=\"info_overlay_padding\">\n\t\t\t\t\t\t\t\t<div class=\"info_desc\">\n\t\t\t\t\t\t\t\t\t<span class=\"portfolio_icon icon_link\"><\/span>\t\t\t\t\n\t\t\t\t\t\t\t\t\t<h3>Metal structures<\/h3>\n\t\t\t\t\t\t\t\t\t<p>We manage projects in an integrated manner, from design to construction of industrial, commercial and recreational buildings.<\/p>\n\t\t\t\t\t\t\t\t<\/div>\n\t\t\t\t\t\t\t<\/div>\n\t\t\t\t\t\t<\/div>\n\t\t\t\t\t<\/div>\n\t\t\t\t  <\/div>\n\t\t\t\t<\/a>\n\t\t\t<\/div><\/div><\/div><\/div>","protected":false},"excerpt":{"rendered":"Stainless Steel \/ Railings We are responsible for making stainless steel railings, modular railings, railing accessories, high quality and durable stainless steel profiles. Locksmithing \/ Enclosures We are responsible for making enclosures, whether roofs, attics, we can make enclosures with mobile covers, whether manual or motorized, as well as fixed. Metal structures We are responsible for managing the projects in a way that<div class=\"h10\"><\/div><a class=\"more-link1\" href=\"https:\/\/metal-barcelo.com\/en\/productos\/\">Read more<\/a>","protected":false},"author":1,"featured_media":0,"parent":0,"menu_order":0,"comment_status":"closed","ping_status":"closed","template":"","meta":{"footnotes":""},"class_list":["post-286","page","type-page","status-publish","hentry"],"yoast_head":"<!-- This site is optimized with the Yoast SEO plugin v19.8 - https:\/\/yoast.com\/wordpress\/plugins\/seo\/ -->\n<title>Productos - Metal Barcel\u00f3<\/title>\n<meta name=\"description\" content=\"Colecci\u00f3n de productos de la empresa para visualizar calidad del producto y del trabajo realizado por parte de la empresa Metal Barcel\u00f3.\" \/>\n<meta name=\"robots\" content=\"index, follow, max-snippet:-1, max-image-preview:large, max-video-preview:-1\" \/>\n<link rel=\"canonical\" href=\"https:\/\/metal-barcelo.com\/en\/productos\/\" \/>\n<meta property=\"og:locale\" content=\"en_GB\" \/>\n<meta property=\"og:type\" content=\"article\" \/>\n<meta property=\"og:title\" content=\"Productos - Metal Barcel\u00f3\" \/>\n<meta property=\"og:description\" content=\"Colecci\u00f3n de productos de la empresa para visualizar calidad del producto y del trabajo realizado por parte de la empresa Metal Barcel\u00f3.\" \/>\n<meta property=\"og:url\" content=\"https:\/\/metal-barcelo.com\/en\/productos\/\" \/>\n<meta property=\"og:site_name\" content=\"Metalister\u00eda Barcel\u00f3\" \/>\n<meta property=\"article:modified_time\" content=\"2022-10-14T10:15:18+00:00\" \/>\n<meta name=\"twitter:card\" content=\"summary_large_image\" \/>\n<meta name=\"twitter:label1\" content=\"Estimated reading time\" \/>\n\t<meta name=\"twitter:data1\" content=\"1 minute\" \/>\n<script type=\"application\/ld+json\" class=\"yoast-schema-graph\">{\"@context\":\"https:\/\/schema.org\",\"@graph\":[{\"@type\":\"WebPage\",\"@id\":\"https:\/\/metal-barcelo.com\/productos\/\",\"url\":\"https:\/\/metal-barcelo.com\/productos\/\",\"name\":\"Productos - Metal Barcel\u00f3\",\"isPartOf\":{\"@id\":\"https:\/\/metal-barcelo.com\/#website\"},\"datePublished\":\"2022-06-13T07:57:34+00:00\",\"dateModified\":\"2022-10-14T10:15:18+00:00\",\"description\":\"Colecci\u00f3n de productos de la empresa para visualizar calidad del producto y del trabajo realizado por parte de la empresa Metal Barcel\u00f3.\",\"breadcrumb\":{\"@id\":\"https:\/\/metal-barcelo.com\/productos\/#breadcrumb\"},\"inLanguage\":\"en-GB\",\"potentialAction\":[{\"@type\":\"ReadAction\",\"target\":[\"https:\/\/metal-barcelo.com\/productos\/\"]}]},{\"@type\":\"BreadcrumbList\",\"@id\":\"https:\/\/metal-barcelo.com\/productos\/#breadcrumb\",\"itemListElement\":[{\"@type\":\"ListItem\",\"position\":1,\"name\":\"Portada\",\"item\":\"https:\/\/metal-barcelo.com\/\"},{\"@type\":\"ListItem\",\"position\":2,\"name\":\"Productos\"}]},{\"@type\":\"WebSite\",\"@id\":\"https:\/\/metal-barcelo.com\/#website\",\"url\":\"https:\/\/metal-barcelo.com\/\",\"name\":\"Metalister\u00eda Barcel\u00f3\",\"description\":\"Dise\u00f1o, fabricaci\u00f3n y montaje de estructuras met\u00e1licas\",\"potentialAction\":[{\"@type\":\"SearchAction\",\"target\":{\"@type\":\"EntryPoint\",\"urlTemplate\":\"https:\/\/metal-barcelo.com\/?s={search_term_string}\"},\"query-input\":\"required name=search_term_string\"}],\"inLanguage\":\"en-GB\"}]}<\/script>\n<!-- \/ Yoast SEO plugin. -->","yoast_head_json":{"title":"Productos - Metal Barcel\u00f3","description":"Colecci\u00f3n de productos de la empresa para visualizar calidad del producto y del trabajo realizado por parte de la empresa Metal Barcel\u00f3.","robots":{"index":"index","follow":"follow","max-snippet":"max-snippet:-1","max-image-preview":"max-image-preview:large","max-video-preview":"max-video-preview:-1"},"canonical":"https:\/\/metal-barcelo.com\/en\/productos\/","og_locale":"en_GB","og_type":"article","og_title":"Productos - Metal Barcel\u00f3","og_description":"Colecci\u00f3n de productos de la empresa para visualizar calidad del producto y del trabajo realizado por parte de la empresa Metal Barcel\u00f3.","og_url":"https:\/\/metal-barcelo.com\/en\/productos\/","og_site_name":"Metalister\u00eda Barcel\u00f3","article_modified_time":"2022-10-14T10:15:18+00:00","twitter_card":"summary_large_image","twitter_misc":{"Estimated reading time":"1 minute"},"schema":{"@context":"https:\/\/schema.org","@graph":[{"@type":"WebPage","@id":"https:\/\/metal-barcelo.com\/productos\/","url":"https:\/\/metal-barcelo.com\/productos\/","name":"Productos - Metal Barcel\u00f3","isPartOf":{"@id":"https:\/\/metal-barcelo.com\/#website"},"datePublished":"2022-06-13T07:57:34+00:00","dateModified":"2022-10-14T10:15:18+00:00","description":"Colecci\u00f3n de productos de la empresa para visualizar calidad del producto y del trabajo realizado por parte de la empresa Metal Barcel\u00f3.","breadcrumb":{"@id":"https:\/\/metal-barcelo.com\/productos\/#breadcrumb"},"inLanguage":"en-GB","potentialAction":[{"@type":"ReadAction","target":["https:\/\/metal-barcelo.com\/productos\/"]}]},{"@type":"BreadcrumbList","@id":"https:\/\/metal-barcelo.com\/productos\/#breadcrumb","itemListElement":[{"@type":"ListItem","position":1,"name":"Portada","item":"https:\/\/metal-barcelo.com\/"},{"@type":"ListItem","position":2,"name":"Productos"}]},{"@type":"WebSite","@id":"https:\/\/metal-barcelo.com\/#website","url":"https:\/\/metal-barcelo.com\/","name":"Metalister\u00eda Barcel\u00f3","description":"Dise\u00f1o, fabricaci\u00f3n y montaje de estructuras met\u00e1licas","potentialAction":[{"@type":"SearchAction","target":{"@type":"EntryPoint","urlTemplate":"https:\/\/metal-barcelo.com\/?s={search_term_string}"},"query-input":"required name=search_term_string"}],"inLanguage":"en-GB"}]}},"_links":{"self":[{"href":"https:\/\/metal-barcelo.com\/en\/wp-json\/wp\/v2\/pages\/286","targetHints":{"allow":["GET"]}}],"collection":[{"href":"https:\/\/metal-barcelo.com\/en\/wp-json\/wp\/v2\/pages"}],"about":[{"href":"https:\/\/metal-barcelo.com\/en\/wp-json\/wp\/v2\/types\/page"}],"author":[{"embeddable":true,"href":"https:\/\/metal-barcelo.com\/en\/wp-json\/wp\/v2\/users\/1"}],"replies":[{"embeddable":true,"href":"https:\/\/metal-barcelo.com\/en\/wp-json\/wp\/v2\/comments?post=286"}],"version-history":[{"count":0,"href":"https:\/\/metal-barcelo.com\/en\/wp-json\/wp\/v2\/pages\/286\/revisions"}],"wp:attachment":[{"href":"https:\/\/metal-barcelo.com\/en\/wp-json\/wp\/v2\/media?parent=286"}],"curies":[{"name":"wp","href":"https:\/\/api.w.org\/{rel}","templated":true}]}}