{"id":168,"date":"2022-06-02T10:40:11","date_gmt":"2022-06-02T10:40:11","guid":{"rendered":"https:\/\/metalisteria-barcelo.desarrollowebsonline.es\/?page_id=168"},"modified":"2022-06-02T10:41:44","modified_gmt":"2022-06-02T10:41:44","slug":"inoxidable-barandillas","status":"publish","type":"page","link":"https:\/\/metal-barcelo.com\/en\/proyectos\/inoxidable-barandillas\/","title":{"rendered":"Stainless Steel \/ Railings"},"content":{"rendered":"<div class=\"vc_row wpb_row vc_row-fluid\"><div class=\"wpb_column vc_column_container vc_col-sm-12\"><div class=\"vc_column-inner\"><div class=\"wpb_wrapper\"><div class=\"boc_spacing\" style=\"height: 20px\"><\/div><\/div><\/div><\/div><\/div><div class=\"vc_row wpb_row vc_row-fluid\"><div class=\"wpb_column vc_column_container vc_col-sm-12\"><div class=\"vc_column-inner\"><div class=\"wpb_wrapper\"><div class=\"grid_holder mfp_gallery  small_spacing\" id=\"img_gallery_be8778502eeab187755770c8f7ac5532\"><div class=\"col span_1_of_4 info_item isotope_element\">\n\t\t\t\t\t\t\t<div class=\"pic  img_hover_effect3\">\t\t\t\n\t\t\t\t\t\t\t<a href=\"https:\/\/metal-barcelo.com\/wp-content\/uploads\/2022\/06\/20.jpg\" class=\"mfp_popup_gal\" title=\"\">\n\t\t\t\t\t\t\t\t<img decoding=\"async\" src=\"https:\/\/metal-barcelo.com\/wp-content\/uploads\/2022\/06\/20-600x380.jpg\" alt=\"\" \/>\n\t\t\t\t\t\t\t\t\n\t\t\t\t\t\t\t<\/a>\t<\/div><\/div><div class=\"col span_1_of_4 info_item isotope_element\">\n\t\t\t\t\t\t\t<div class=\"pic  img_hover_effect3\">\t\t\t\n\t\t\t\t\t\t\t<a href=\"https:\/\/metal-barcelo.com\/wp-content\/uploads\/2022\/06\/1.jpg\" class=\"mfp_popup_gal\" title=\"\">\n\t\t\t\t\t\t\t\t<img decoding=\"async\" src=\"https:\/\/metal-barcelo.com\/wp-content\/uploads\/2022\/06\/1-600x380.jpg\" alt=\"\" \/>\n\t\t\t\t\t\t\t\t\n\t\t\t\t\t\t\t<\/a>\t<\/div><\/div><div class=\"col span_1_of_4 info_item isotope_element\">\n\t\t\t\t\t\t\t<div class=\"pic  img_hover_effect3\">\t\t\t\n\t\t\t\t\t\t\t<a href=\"https:\/\/metal-barcelo.com\/wp-content\/uploads\/2022\/06\/2.jpg\" class=\"mfp_popup_gal\" title=\"\">\n\t\t\t\t\t\t\t\t<img decoding=\"async\" src=\"https:\/\/metal-barcelo.com\/wp-content\/uploads\/2022\/06\/2-534x380.jpg\" alt=\"\" \/>\n\t\t\t\t\t\t\t\t\n\t\t\t\t\t\t\t<\/a>\t<\/div><\/div><div class=\"col span_1_of_4 info_item isotope_element\">\n\t\t\t\t\t\t\t<div class=\"pic  img_hover_effect3\">\t\t\t\n\t\t\t\t\t\t\t<a href=\"https:\/\/metal-barcelo.com\/wp-content\/uploads\/2022\/06\/3.jpg\" class=\"mfp_popup_gal\" title=\"\">\n\t\t\t\t\t\t\t\t<img decoding=\"async\" src=\"https:\/\/metal-barcelo.com\/wp-content\/uploads\/2022\/06\/3-600x380.jpg\" alt=\"\" \/>\n\t\t\t\t\t\t\t\t\n\t\t\t\t\t\t\t<\/a>\t<\/div><\/div><div class=\"col span_1_of_4 info_item isotope_element\">\n\t\t\t\t\t\t\t<div class=\"pic  img_hover_effect3\">\t\t\t\n\t\t\t\t\t\t\t<a href=\"https:\/\/metal-barcelo.com\/wp-content\/uploads\/2022\/06\/4.jpg\" class=\"mfp_popup_gal\" title=\"\">\n\t\t\t\t\t\t\t\t<img decoding=\"async\" src=\"https:\/\/metal-barcelo.com\/wp-content\/uploads\/2022\/06\/4-600x380.jpg\" alt=\"\" \/>\n\t\t\t\t\t\t\t\t\n\t\t\t\t\t\t\t<\/a>\t<\/div><\/div><div class=\"col span_1_of_4 info_item isotope_element\">\n\t\t\t\t\t\t\t<div class=\"pic  img_hover_effect3\">\t\t\t\n\t\t\t\t\t\t\t<a href=\"https:\/\/metal-barcelo.com\/wp-content\/uploads\/2022\/06\/5.jpg\" class=\"mfp_popup_gal\" title=\"\">\n\t\t\t\t\t\t\t\t<img decoding=\"async\" src=\"https:\/\/metal-barcelo.com\/wp-content\/uploads\/2022\/06\/5-600x380.jpg\" alt=\"\" \/>\n\t\t\t\t\t\t\t\t\n\t\t\t\t\t\t\t<\/a>\t<\/div><\/div><div class=\"col span_1_of_4 info_item isotope_element\">\n\t\t\t\t\t\t\t<div class=\"pic  img_hover_effect3\">\t\t\t\n\t\t\t\t\t\t\t<a href=\"https:\/\/metal-barcelo.com\/wp-content\/uploads\/2022\/06\/6.jpg\" class=\"mfp_popup_gal\" title=\"\">\n\t\t\t\t\t\t\t\t<img decoding=\"async\" src=\"https:\/\/metal-barcelo.com\/wp-content\/uploads\/2022\/06\/6-600x380.jpg\" alt=\"\" \/>\n\t\t\t\t\t\t\t\t\n\t\t\t\t\t\t\t<\/a>\t<\/div><\/div><div class=\"col span_1_of_4 info_item isotope_element\">\n\t\t\t\t\t\t\t<div class=\"pic  img_hover_effect3\">\t\t\t\n\t\t\t\t\t\t\t<a href=\"https:\/\/metal-barcelo.com\/wp-content\/uploads\/2022\/06\/7.jpg\" class=\"mfp_popup_gal\" title=\"\">\n\t\t\t\t\t\t\t\t<img decoding=\"async\" src=\"https:\/\/metal-barcelo.com\/wp-content\/uploads\/2022\/06\/7-600x380.jpg\" alt=\"\" \/>\n\t\t\t\t\t\t\t\t\n\t\t\t\t\t\t\t<\/a>\t<\/div><\/div><div class=\"col span_1_of_4 info_item isotope_element\">\n\t\t\t\t\t\t\t<div class=\"pic  img_hover_effect3\">\t\t\t\n\t\t\t\t\t\t\t<a href=\"https:\/\/metal-barcelo.com\/wp-content\/uploads\/2022\/06\/8.jpg\" class=\"mfp_popup_gal\" title=\"\">\n\t\t\t\t\t\t\t\t<img decoding=\"async\" src=\"https:\/\/metal-barcelo.com\/wp-content\/uploads\/2022\/06\/8-600x380.jpg\" alt=\"\" \/>\n\t\t\t\t\t\t\t\t\n\t\t\t\t\t\t\t<\/a>\t<\/div><\/div><div class=\"col span_1_of_4 info_item isotope_element\">\n\t\t\t\t\t\t\t<div class=\"pic  img_hover_effect3\">\t\t\t\n\t\t\t\t\t\t\t<a href=\"https:\/\/metal-barcelo.com\/wp-content\/uploads\/2022\/06\/9.jpg\" class=\"mfp_popup_gal\" title=\"\">\n\t\t\t\t\t\t\t\t<img decoding=\"async\" src=\"https:\/\/metal-barcelo.com\/wp-content\/uploads\/2022\/06\/9-600x380.jpg\" alt=\"\" \/>\n\t\t\t\t\t\t\t\t\n\t\t\t\t\t\t\t<\/a>\t<\/div><\/div><div class=\"col span_1_of_4 info_item isotope_element\">\n\t\t\t\t\t\t\t<div class=\"pic  img_hover_effect3\">\t\t\t\n\t\t\t\t\t\t\t<a href=\"https:\/\/metal-barcelo.com\/wp-content\/uploads\/2022\/06\/10.jpg\" class=\"mfp_popup_gal\" title=\"\">\n\t\t\t\t\t\t\t\t<img decoding=\"async\" src=\"https:\/\/metal-barcelo.com\/wp-content\/uploads\/2022\/06\/10-341x380.jpg\" alt=\"\" \/>\n\t\t\t\t\t\t\t\t\n\t\t\t\t\t\t\t<\/a>\t<\/div><\/div><div class=\"col span_1_of_4 info_item isotope_element\">\n\t\t\t\t\t\t\t<div class=\"pic  img_hover_effect3\">\t\t\t\n\t\t\t\t\t\t\t<a href=\"https:\/\/metal-barcelo.com\/wp-content\/uploads\/2022\/06\/11.jpg\" class=\"mfp_popup_gal\" title=\"\">\n\t\t\t\t\t\t\t\t<img decoding=\"async\" src=\"https:\/\/metal-barcelo.com\/wp-content\/uploads\/2022\/06\/11-600x380.jpg\" alt=\"\" \/>\n\t\t\t\t\t\t\t\t\n\t\t\t\t\t\t\t<\/a>\t<\/div><\/div><div class=\"col span_1_of_4 info_item isotope_element\">\n\t\t\t\t\t\t\t<div class=\"pic  img_hover_effect3\">\t\t\t\n\t\t\t\t\t\t\t<a href=\"https:\/\/metal-barcelo.com\/wp-content\/uploads\/2022\/06\/12-1.jpg\" class=\"mfp_popup_gal\" title=\"\">\n\t\t\t\t\t\t\t\t<img decoding=\"async\" src=\"https:\/\/metal-barcelo.com\/wp-content\/uploads\/2022\/06\/12-1-600x380.jpg\" alt=\"\" \/>\n\t\t\t\t\t\t\t\t\n\t\t\t\t\t\t\t<\/a>\t<\/div><\/div><div class=\"col span_1_of_4 info_item isotope_element\">\n\t\t\t\t\t\t\t<div class=\"pic  img_hover_effect3\">\t\t\t\n\t\t\t\t\t\t\t<a href=\"https:\/\/metal-barcelo.com\/wp-content\/uploads\/2022\/06\/13.jpg\" class=\"mfp_popup_gal\" title=\"\">\n\t\t\t\t\t\t\t\t<img decoding=\"async\" src=\"https:\/\/metal-barcelo.com\/wp-content\/uploads\/2022\/06\/13-600x380.jpg\" alt=\"\" \/>\n\t\t\t\t\t\t\t\t\n\t\t\t\t\t\t\t<\/a>\t<\/div><\/div><div class=\"col span_1_of_4 info_item isotope_element\">\n\t\t\t\t\t\t\t<div class=\"pic  img_hover_effect3\">\t\t\t\n\t\t\t\t\t\t\t<a href=\"https:\/\/metal-barcelo.com\/wp-content\/uploads\/2022\/06\/14.jpg\" class=\"mfp_popup_gal\" title=\"\">\n\t\t\t\t\t\t\t\t<img decoding=\"async\" src=\"https:\/\/metal-barcelo.com\/wp-content\/uploads\/2022\/06\/14-600x380.jpg\" alt=\"\" \/>\n\t\t\t\t\t\t\t\t\n\t\t\t\t\t\t\t<\/a>\t<\/div><\/div><div class=\"col span_1_of_4 info_item isotope_element\">\n\t\t\t\t\t\t\t<div class=\"pic  img_hover_effect3\">\t\t\t\n\t\t\t\t\t\t\t<a href=\"https:\/\/metal-barcelo.com\/wp-content\/uploads\/2022\/06\/15.jpg\" class=\"mfp_popup_gal\" title=\"\">\n\t\t\t\t\t\t\t\t<img decoding=\"async\" src=\"https:\/\/metal-barcelo.com\/wp-content\/uploads\/2022\/06\/15-600x380.jpg\" alt=\"\" \/>\n\t\t\t\t\t\t\t\t\n\t\t\t\t\t\t\t<\/a>\t<\/div><\/div><div class=\"col span_1_of_4 info_item isotope_element\">\n\t\t\t\t\t\t\t<div class=\"pic  img_hover_effect3\">\t\t\t\n\t\t\t\t\t\t\t<a href=\"https:\/\/metal-barcelo.com\/wp-content\/uploads\/2022\/06\/16.jpg\" class=\"mfp_popup_gal\" title=\"\">\n\t\t\t\t\t\t\t\t<img decoding=\"async\" src=\"https:\/\/metal-barcelo.com\/wp-content\/uploads\/2022\/06\/16-600x380.jpg\" alt=\"\" \/>\n\t\t\t\t\t\t\t\t\n\t\t\t\t\t\t\t<\/a>\t<\/div><\/div><div class=\"col span_1_of_4 info_item isotope_element\">\n\t\t\t\t\t\t\t<div class=\"pic  img_hover_effect3\">\t\t\t\n\t\t\t\t\t\t\t<a href=\"https:\/\/metal-barcelo.com\/wp-content\/uploads\/2022\/06\/17.jpg\" class=\"mfp_popup_gal\" title=\"\">\n\t\t\t\t\t\t\t\t<img decoding=\"async\" src=\"https:\/\/metal-barcelo.com\/wp-content\/uploads\/2022\/06\/17-600x380.jpg\" alt=\"\" \/>\n\t\t\t\t\t\t\t\t\n\t\t\t\t\t\t\t<\/a>\t<\/div><\/div><div class=\"col span_1_of_4 info_item isotope_element\">\n\t\t\t\t\t\t\t<div class=\"pic  img_hover_effect3\">\t\t\t\n\t\t\t\t\t\t\t<a href=\"https:\/\/metal-barcelo.com\/wp-content\/uploads\/2022\/06\/18.jpg\" class=\"mfp_popup_gal\" title=\"\">\n\t\t\t\t\t\t\t\t<img decoding=\"async\" src=\"https:\/\/metal-barcelo.com\/wp-content\/uploads\/2022\/06\/18-600x380.jpg\" alt=\"\" \/>\n\t\t\t\t\t\t\t\t\n\t\t\t\t\t\t\t<\/a>\t<\/div><\/div><\/div><\/div><\/div><\/div><\/div>","protected":false},"excerpt":{"rendered":"","protected":false},"author":1,"featured_media":0,"parent":153,"menu_order":0,"comment_status":"closed","ping_status":"closed","template":"","meta":{"footnotes":""},"class_list":["post-168","page","type-page","status-publish","hentry"],"yoast_head":"<!-- This site is optimized with the Yoast SEO plugin v19.8 - https:\/\/yoast.com\/wordpress\/plugins\/seo\/ -->\n<title>Fabricante barandilla inoxidable para exteriores - Metal Barcel\u00f3<\/title>\n<meta name=\"description\" content=\"Fabricantes de barandillas inoxidables de metal de gran calidad, con los mejores profesionales del sector creando el mejor dise\u00f1o para ti.\" \/>\n<meta name=\"robots\" content=\"index, follow, max-snippet:-1, max-image-preview:large, max-video-preview:-1\" \/>\n<link rel=\"canonical\" href=\"https:\/\/metal-barcelo.com\/en\/proyectos\/inoxidable-barandillas\/\" \/>\n<meta property=\"og:locale\" content=\"en_GB\" \/>\n<meta property=\"og:type\" content=\"article\" \/>\n<meta property=\"og:title\" content=\"Fabricante barandilla inoxidable para exteriores - Metal Barcel\u00f3\" \/>\n<meta property=\"og:description\" content=\"Fabricantes de barandillas inoxidables de metal de gran calidad, con los mejores profesionales del sector creando el mejor dise\u00f1o para ti.\" \/>\n<meta property=\"og:url\" content=\"https:\/\/metal-barcelo.com\/en\/proyectos\/inoxidable-barandillas\/\" \/>\n<meta property=\"og:site_name\" content=\"Metalister\u00eda Barcel\u00f3\" \/>\n<meta property=\"article:modified_time\" content=\"2022-06-02T10:41:44+00:00\" \/>\n<meta name=\"twitter:card\" content=\"summary_large_image\" \/>\n<script type=\"application\/ld+json\" class=\"yoast-schema-graph\">{\"@context\":\"https:\/\/schema.org\",\"@graph\":[{\"@type\":\"WebPage\",\"@id\":\"https:\/\/metal-barcelo.com\/proyectos\/inoxidable-barandillas\/\",\"url\":\"https:\/\/metal-barcelo.com\/proyectos\/inoxidable-barandillas\/\",\"name\":\"Fabricante barandilla inoxidable para exteriores - Metal Barcel\u00f3\",\"isPartOf\":{\"@id\":\"https:\/\/metal-barcelo.com\/#website\"},\"datePublished\":\"2022-06-02T10:40:11+00:00\",\"dateModified\":\"2022-06-02T10:41:44+00:00\",\"description\":\"Fabricantes de barandillas inoxidables de metal de gran calidad, con los mejores profesionales del sector creando el mejor dise\u00f1o para ti.\",\"breadcrumb\":{\"@id\":\"https:\/\/metal-barcelo.com\/proyectos\/inoxidable-barandillas\/#breadcrumb\"},\"inLanguage\":\"en-GB\",\"potentialAction\":[{\"@type\":\"ReadAction\",\"target\":[\"https:\/\/metal-barcelo.com\/proyectos\/inoxidable-barandillas\/\"]}]},{\"@type\":\"BreadcrumbList\",\"@id\":\"https:\/\/metal-barcelo.com\/proyectos\/inoxidable-barandillas\/#breadcrumb\",\"itemListElement\":[{\"@type\":\"ListItem\",\"position\":1,\"name\":\"Portada\",\"item\":\"https:\/\/metal-barcelo.com\/\"},{\"@type\":\"ListItem\",\"position\":2,\"name\":\"Proyectos\",\"item\":\"https:\/\/metal-barcelo.com\/proyectos\/\"},{\"@type\":\"ListItem\",\"position\":3,\"name\":\"Inoxidable \/ Barandillas\"}]},{\"@type\":\"WebSite\",\"@id\":\"https:\/\/metal-barcelo.com\/#website\",\"url\":\"https:\/\/metal-barcelo.com\/\",\"name\":\"Metalister\u00eda Barcel\u00f3\",\"description\":\"Dise\u00f1o, fabricaci\u00f3n y montaje de estructuras met\u00e1licas\",\"potentialAction\":[{\"@type\":\"SearchAction\",\"target\":{\"@type\":\"EntryPoint\",\"urlTemplate\":\"https:\/\/metal-barcelo.com\/?s={search_term_string}\"},\"query-input\":\"required name=search_term_string\"}],\"inLanguage\":\"en-GB\"}]}<\/script>\n<!-- \/ Yoast SEO plugin. -->","yoast_head_json":{"title":"Fabricante barandilla inoxidable para exteriores - Metal Barcel\u00f3","description":"Fabricantes de barandillas inoxidables de metal de gran calidad, con los mejores profesionales del sector creando el mejor dise\u00f1o para ti.","robots":{"index":"index","follow":"follow","max-snippet":"max-snippet:-1","max-image-preview":"max-image-preview:large","max-video-preview":"max-video-preview:-1"},"canonical":"https:\/\/metal-barcelo.com\/en\/proyectos\/inoxidable-barandillas\/","og_locale":"en_GB","og_type":"article","og_title":"Fabricante barandilla inoxidable para exteriores - Metal Barcel\u00f3","og_description":"Fabricantes de barandillas inoxidables de metal de gran calidad, con los mejores profesionales del sector creando el mejor dise\u00f1o para ti.","og_url":"https:\/\/metal-barcelo.com\/en\/proyectos\/inoxidable-barandillas\/","og_site_name":"Metalister\u00eda Barcel\u00f3","article_modified_time":"2022-06-02T10:41:44+00:00","twitter_card":"summary_large_image","schema":{"@context":"https:\/\/schema.org","@graph":[{"@type":"WebPage","@id":"https:\/\/metal-barcelo.com\/proyectos\/inoxidable-barandillas\/","url":"https:\/\/metal-barcelo.com\/proyectos\/inoxidable-barandillas\/","name":"Fabricante barandilla inoxidable para exteriores - Metal Barcel\u00f3","isPartOf":{"@id":"https:\/\/metal-barcelo.com\/#website"},"datePublished":"2022-06-02T10:40:11+00:00","dateModified":"2022-06-02T10:41:44+00:00","description":"Fabricantes de barandillas inoxidables de metal de gran calidad, con los mejores profesionales del sector creando el mejor dise\u00f1o para ti.","breadcrumb":{"@id":"https:\/\/metal-barcelo.com\/proyectos\/inoxidable-barandillas\/#breadcrumb"},"inLanguage":"en-GB","potentialAction":[{"@type":"ReadAction","target":["https:\/\/metal-barcelo.com\/proyectos\/inoxidable-barandillas\/"]}]},{"@type":"BreadcrumbList","@id":"https:\/\/metal-barcelo.com\/proyectos\/inoxidable-barandillas\/#breadcrumb","itemListElement":[{"@type":"ListItem","position":1,"name":"Portada","item":"https:\/\/metal-barcelo.com\/"},{"@type":"ListItem","position":2,"name":"Proyectos","item":"https:\/\/metal-barcelo.com\/proyectos\/"},{"@type":"ListItem","position":3,"name":"Inoxidable \/ Barandillas"}]},{"@type":"WebSite","@id":"https:\/\/metal-barcelo.com\/#website","url":"https:\/\/metal-barcelo.com\/","name":"Metalister\u00eda Barcel\u00f3","description":"Dise\u00f1o, fabricaci\u00f3n y montaje de estructuras met\u00e1licas","potentialAction":[{"@type":"SearchAction","target":{"@type":"EntryPoint","urlTemplate":"https:\/\/metal-barcelo.com\/?s={search_term_string}"},"query-input":"required name=search_term_string"}],"inLanguage":"en-GB"}]}},"_links":{"self":[{"href":"https:\/\/metal-barcelo.com\/en\/wp-json\/wp\/v2\/pages\/168","targetHints":{"allow":["GET"]}}],"collection":[{"href":"https:\/\/metal-barcelo.com\/en\/wp-json\/wp\/v2\/pages"}],"about":[{"href":"https:\/\/metal-barcelo.com\/en\/wp-json\/wp\/v2\/types\/page"}],"author":[{"embeddable":true,"href":"https:\/\/metal-barcelo.com\/en\/wp-json\/wp\/v2\/users\/1"}],"replies":[{"embeddable":true,"href":"https:\/\/metal-barcelo.com\/en\/wp-json\/wp\/v2\/comments?post=168"}],"version-history":[{"count":0,"href":"https:\/\/metal-barcelo.com\/en\/wp-json\/wp\/v2\/pages\/168\/revisions"}],"up":[{"embeddable":true,"href":"https:\/\/metal-barcelo.com\/en\/wp-json\/wp\/v2\/pages\/153"}],"wp:attachment":[{"href":"https:\/\/metal-barcelo.com\/en\/wp-json\/wp\/v2\/media?parent=168"}],"curies":[{"name":"wp","href":"https:\/\/api.w.org\/{rel}","templated":true}]}}