{"id":132,"date":"2022-06-02T09:36:38","date_gmt":"2022-06-02T09:36:38","guid":{"rendered":"https:\/\/metalisteria-barcelo.desarrollowebsonline.es\/?page_id=132"},"modified":"2022-06-30T10:58:02","modified_gmt":"2022-06-30T10:58:02","slug":"obras-ejecutadas","status":"publish","type":"page","link":"https:\/\/metal-barcelo.com\/en\/obras-ejecutadas\/","title":{"rendered":"Executed works"},"content":{"rendered":"<div data-vc-full-width=\"true\" data-vc-full-width-init=\"false\" data-vc-stretch-content=\"true\" class=\"vc_row wpb_row vc_row-fluid vc_row-no-padding\"><div class=\"wpb_column vc_column_container vc_col-sm-12\"><div class=\"vc_column-inner\"><div class=\"wpb_wrapper\"><\/div><\/div><\/div><\/div><div class=\"vc_row-full-width vc_clearfix\"><\/div><div class=\"vc_row wpb_row vc_row-fluid\"><div class=\"wpb_column vc_column_container vc_col-sm-12\"><div class=\"vc_column-inner\"><div class=\"wpb_wrapper\"><div class=\"boc_spacing\" style=\"height: 20px\"><\/div><\/div><\/div><\/div><\/div><div class=\"vc_row wpb_row vc_row-fluid\"><div class=\"wpb_column vc_column_container vc_col-sm-12\"><div class=\"vc_column-inner\"><div class=\"wpb_wrapper\"><div class=\"grid_holder mfp_gallery  small_spacing\" id=\"img_gallery_582eba56493bf723cab669992e85e79f\"><div class=\"col span_1_of_3 info_item isotope_element\">\n\t\t\t\t\t\t\t<div class=\"pic  img_hover_effect3\">\t\t\t\n\t\t\t\t\t\t\t<a href=\"https:\/\/metal-barcelo.com\/wp-content\/uploads\/2022\/06\/obras-ejecutadas-1.jpg\" class=\"mfp_popup_gal\" title=\"\">\n\t\t\t\t\t\t\t\t<img decoding=\"async\" src=\"https:\/\/metal-barcelo.com\/wp-content\/uploads\/2022\/06\/obras-ejecutadas-1.jpg\" alt=\"\" \/>\n\t\t\t\t\t\t\t\t\n\t\t\t\t\t\t\t<\/a>\t<\/div><\/div><div class=\"col span_1_of_3 info_item isotope_element\">\n\t\t\t\t\t\t\t<div class=\"pic  img_hover_effect3\">\t\t\t\n\t\t\t\t\t\t\t<a href=\"https:\/\/metal-barcelo.com\/wp-content\/uploads\/2022\/06\/obras-ejecutadas-2.jpg\" class=\"mfp_popup_gal\" title=\"\">\n\t\t\t\t\t\t\t\t<img decoding=\"async\" src=\"https:\/\/metal-barcelo.com\/wp-content\/uploads\/2022\/06\/obras-ejecutadas-2.jpg\" alt=\"\" \/>\n\t\t\t\t\t\t\t\t\n\t\t\t\t\t\t\t<\/a>\t<\/div><\/div><div class=\"col span_1_of_3 info_item isotope_element\">\n\t\t\t\t\t\t\t<div class=\"pic  img_hover_effect3\">\t\t\t\n\t\t\t\t\t\t\t<a href=\"https:\/\/metal-barcelo.com\/wp-content\/uploads\/2022\/06\/obras-ejecutadas-3.jpg\" class=\"mfp_popup_gal\" title=\"\">\n\t\t\t\t\t\t\t\t<img decoding=\"async\" src=\"https:\/\/metal-barcelo.com\/wp-content\/uploads\/2022\/06\/obras-ejecutadas-3.jpg\" alt=\"\" \/>\n\t\t\t\t\t\t\t\t\n\t\t\t\t\t\t\t<\/a>\t<\/div><\/div><\/div><\/div><\/div><\/div><\/div><div class=\"vc_row wpb_row vc_row-fluid\"><div class=\"wpb_column vc_column_container vc_col-sm-12\"><div class=\"vc_column-inner\"><div class=\"wpb_wrapper\">\n\t<div class=\"wpb_text_column wpb_content_element\" >\n\t\t<div class=\"wpb_wrapper\">\n\t\t\t<p><strong>These are the construction works of construction companies being carried out and executed.<\/strong><\/p>\n<ul>\n<li>HOUSING MARE DEU DEL COLL \u2013 DORSERAN<\/li>\n<li>ROSES CULTURAL CENTER \u2013 COBRA GROUP<\/li>\n<li>STAINLESS STEEL RAILINGS \u2013 SANTIN GARDENING<\/li>\n<li>OAK SCHOOL \u2013 NOVANTIA<\/li>\n<li>BOBILA STREET HOUSING \u2013 IBERCAT<\/li>\n<li>CAP ROIG JARDINS REHABILITATION \u2013 VESTA<\/li>\n<li>IGUALADA-AVINTIA HOUSING<\/li>\n<li>31 \u2013 SANT FELIU HOUSES \u2013 ALDESA<\/li>\n<li>UTE IES CAN ROCA \u2013 COPCISA \/ VIAS<\/li>\n<li>IBERDROLA-ELECNOR TOWER<\/li>\n<li>TERRASSA FUNERAL HOME \u2013 COPCISA<\/li>\n<li>STATION L9 \u2013 PLA\u00c7A CERD\u00c0 \u2013 UTE L9<\/li>\n<li>LIDL CANOPIES \u2013 VIL\u00c0 VILA<\/li>\n<li>MERCABARNA FACADES \u2013 DRAGADOS<\/li>\n<li>HOTEL ROSAMAR LLORET \u2013 NOVANTIA<\/li>\n<li>REHABILITATION FIRA 2000 \u2013 CALAF<\/li>\n<li>APEOS POZO BALMES \u2013 UTE PROVEN\u00c7A (DRAGADOS \/ CALAF)<\/li>\n<li>HOTEL H10 \u2013 SORIGUE<\/li>\n<li>SOHO GARRAF HOTEL REFORM \u2013 NOVANTIA<\/li>\n<li>CORTE INGLES MONTORNES \u2013 H.TERRATS<\/li>\n<li>PIKOLIN ZARAGOZA \u2013 ELECNOR MODULES<\/li>\n<li>SINGLE-FAMILY HOUSING ST. ANDREU LLAVANERES \u2013 IBERCAT<\/li>\n<li>UTE IES LEONARDO DA VINCI \u2013 COPCISA \/ VIAS<\/li>\n<li>UTE IES AIMERIGUES \u2013 COPCISA \/ VIAS<\/li>\n<li>GALVANIZED METAL LADDERS \u2013 AMAZON \u2013 DRAGADOS<\/li>\n<li>VARIOUS LOCKSMITHING \u2013 BRHAUN \u2013 ARCADI PLA<\/li>\n<li>HOUSING \u2013 BARCELONA \u2013 EUROCONSTRUC<\/li>\n<li>METAL FOOTBRIDGE MANRESA \u2013 ARTIFEX<\/li>\n<li>SOTSCENTRAL FGC SABADELL \u2013 COMSA<\/li>\n<li>SINGLE FAMILY HOME \u2013 TOSSA \u2013 CPM<\/li>\n<li>SAGRADA FAMILIA CLINIC REFORM \u2013 BCN \u2013 NOVANTIA<\/li>\n<li>PARADOR AIGUABLAVA \u2013 BEGUR \u2013 VIAS<\/li>\n<li>TERESIANES SCHOOL \u2013 BCN \u2013 NOVANTIA<\/li>\n<li>RAMON ALB\u00d3 HOUSING \u2013 BCN \u2013 LUBECSA GLOBAL<\/li>\n<li>CONCEPCION ARENAL SCHOOL \u2013 BCN \u2013 NOVANTIA<\/li>\n<li>HOUSING \u2013 SABADELL \u2013 GTEM<\/li>\n<li>80 HOUSES \u2013 HOSPITALET \u2013 ALDESA<\/li>\n<li>STRUCTURAL REINFORCEMENTS 86 HOUSES \u2013 SANT ADRIA BESOS \u2013 ALDESA<\/li>\n<li>ALCAMPO \u2013 ST. QUIRZE VALLES \u2013 H.TERRATS<\/li>\n<li>SERVICENTER \u2013 BARCELONA \u2013 VERTICE<\/li>\n<li>IBERDROLA TOWER \u2013 BCN \u2013 CONSCYTEC<\/li>\n<\/ul>\n\n\t\t<\/div>\n\t<\/div>\n<\/div><\/div><\/div><\/div>","protected":false},"excerpt":{"rendered":"These are the works of construction companies that have been executed and those that have already been executed. MARE DE DEU DEL COLL HOUSING - DORSERAN ROSES CULTURAL CENTRE - COBRA GROUP STAINLESS STEEL RAILINGS - SANTIN OAK SCHOOL GARDENING - NOVANTIA BOBILA STREET HOUSING - IBERCAT CAP ROIG JARDINS REHABILITACIO - VESTA IGUALADA HOUSING - AVINTIA 31 - SANT FELIU HOUSING - ALDESA UTE IES CAN ROCA -<div class=\"h10\"><\/div><a class=\"more-link1\" href=\"https:\/\/metal-barcelo.com\/en\/obras-ejecutadas\/\">Read more<\/a>","protected":false},"author":1,"featured_media":0,"parent":0,"menu_order":0,"comment_status":"closed","ping_status":"closed","template":"","meta":{"footnotes":""},"class_list":["post-132","page","type-page","status-publish","hentry"],"yoast_head":"<!-- This site is optimized with the Yoast SEO plugin v19.8 - https:\/\/yoast.com\/wordpress\/plugins\/seo\/ -->\n<title>Obras ejecutadas - Metal Barcel\u00f3<\/title>\n<meta name=\"description\" content=\"Obras en ejecuci\u00f3n o ejecutadas por la empresa experta en el sector Metal barcel\u00f3, entra para conocernos un poco m\u00e1s sobre nosotros.\" \/>\n<meta name=\"robots\" content=\"index, follow, max-snippet:-1, max-image-preview:large, max-video-preview:-1\" \/>\n<link rel=\"canonical\" href=\"https:\/\/metal-barcelo.com\/en\/obras-ejecutadas\/\" \/>\n<meta property=\"og:locale\" content=\"en_GB\" \/>\n<meta property=\"og:type\" content=\"article\" \/>\n<meta property=\"og:title\" content=\"Obras ejecutadas - Metal Barcel\u00f3\" \/>\n<meta property=\"og:description\" content=\"Obras en ejecuci\u00f3n o ejecutadas por la empresa experta en el sector Metal barcel\u00f3, entra para conocernos un poco m\u00e1s sobre nosotros.\" \/>\n<meta property=\"og:url\" content=\"https:\/\/metal-barcelo.com\/en\/obras-ejecutadas\/\" \/>\n<meta property=\"og:site_name\" content=\"Metalister\u00eda Barcel\u00f3\" \/>\n<meta property=\"article:modified_time\" content=\"2022-06-30T10:58:02+00:00\" \/>\n<meta name=\"twitter:card\" content=\"summary_large_image\" \/>\n<meta name=\"twitter:label1\" content=\"Estimated reading time\" \/>\n\t<meta name=\"twitter:data1\" content=\"2 minutes\" \/>\n<script type=\"application\/ld+json\" class=\"yoast-schema-graph\">{\"@context\":\"https:\/\/schema.org\",\"@graph\":[{\"@type\":\"WebPage\",\"@id\":\"https:\/\/metal-barcelo.com\/obras-ejecutadas\/\",\"url\":\"https:\/\/metal-barcelo.com\/obras-ejecutadas\/\",\"name\":\"Obras ejecutadas - Metal Barcel\u00f3\",\"isPartOf\":{\"@id\":\"https:\/\/metal-barcelo.com\/#website\"},\"datePublished\":\"2022-06-02T09:36:38+00:00\",\"dateModified\":\"2022-06-30T10:58:02+00:00\",\"description\":\"Obras en ejecuci\u00f3n o ejecutadas por la empresa experta en el sector Metal barcel\u00f3, entra para conocernos un poco m\u00e1s sobre nosotros.\",\"breadcrumb\":{\"@id\":\"https:\/\/metal-barcelo.com\/obras-ejecutadas\/#breadcrumb\"},\"inLanguage\":\"en-GB\",\"potentialAction\":[{\"@type\":\"ReadAction\",\"target\":[\"https:\/\/metal-barcelo.com\/obras-ejecutadas\/\"]}]},{\"@type\":\"BreadcrumbList\",\"@id\":\"https:\/\/metal-barcelo.com\/obras-ejecutadas\/#breadcrumb\",\"itemListElement\":[{\"@type\":\"ListItem\",\"position\":1,\"name\":\"Portada\",\"item\":\"https:\/\/metal-barcelo.com\/\"},{\"@type\":\"ListItem\",\"position\":2,\"name\":\"Obras ejecutadas\"}]},{\"@type\":\"WebSite\",\"@id\":\"https:\/\/metal-barcelo.com\/#website\",\"url\":\"https:\/\/metal-barcelo.com\/\",\"name\":\"Metalister\u00eda Barcel\u00f3\",\"description\":\"Dise\u00f1o, fabricaci\u00f3n y montaje de estructuras met\u00e1licas\",\"potentialAction\":[{\"@type\":\"SearchAction\",\"target\":{\"@type\":\"EntryPoint\",\"urlTemplate\":\"https:\/\/metal-barcelo.com\/?s={search_term_string}\"},\"query-input\":\"required name=search_term_string\"}],\"inLanguage\":\"en-GB\"}]}<\/script>\n<!-- \/ Yoast SEO plugin. -->","yoast_head_json":{"title":"Obras ejecutadas - Metal Barcel\u00f3","description":"Obras en ejecuci\u00f3n o ejecutadas por la empresa experta en el sector Metal barcel\u00f3, entra para conocernos un poco m\u00e1s sobre nosotros.","robots":{"index":"index","follow":"follow","max-snippet":"max-snippet:-1","max-image-preview":"max-image-preview:large","max-video-preview":"max-video-preview:-1"},"canonical":"https:\/\/metal-barcelo.com\/en\/obras-ejecutadas\/","og_locale":"en_GB","og_type":"article","og_title":"Obras ejecutadas - Metal Barcel\u00f3","og_description":"Obras en ejecuci\u00f3n o ejecutadas por la empresa experta en el sector Metal barcel\u00f3, entra para conocernos un poco m\u00e1s sobre nosotros.","og_url":"https:\/\/metal-barcelo.com\/en\/obras-ejecutadas\/","og_site_name":"Metalister\u00eda Barcel\u00f3","article_modified_time":"2022-06-30T10:58:02+00:00","twitter_card":"summary_large_image","twitter_misc":{"Estimated reading time":"2 minutes"},"schema":{"@context":"https:\/\/schema.org","@graph":[{"@type":"WebPage","@id":"https:\/\/metal-barcelo.com\/obras-ejecutadas\/","url":"https:\/\/metal-barcelo.com\/obras-ejecutadas\/","name":"Obras ejecutadas - Metal Barcel\u00f3","isPartOf":{"@id":"https:\/\/metal-barcelo.com\/#website"},"datePublished":"2022-06-02T09:36:38+00:00","dateModified":"2022-06-30T10:58:02+00:00","description":"Obras en ejecuci\u00f3n o ejecutadas por la empresa experta en el sector Metal barcel\u00f3, entra para conocernos un poco m\u00e1s sobre nosotros.","breadcrumb":{"@id":"https:\/\/metal-barcelo.com\/obras-ejecutadas\/#breadcrumb"},"inLanguage":"en-GB","potentialAction":[{"@type":"ReadAction","target":["https:\/\/metal-barcelo.com\/obras-ejecutadas\/"]}]},{"@type":"BreadcrumbList","@id":"https:\/\/metal-barcelo.com\/obras-ejecutadas\/#breadcrumb","itemListElement":[{"@type":"ListItem","position":1,"name":"Portada","item":"https:\/\/metal-barcelo.com\/"},{"@type":"ListItem","position":2,"name":"Obras ejecutadas"}]},{"@type":"WebSite","@id":"https:\/\/metal-barcelo.com\/#website","url":"https:\/\/metal-barcelo.com\/","name":"Metalister\u00eda Barcel\u00f3","description":"Dise\u00f1o, fabricaci\u00f3n y montaje de estructuras met\u00e1licas","potentialAction":[{"@type":"SearchAction","target":{"@type":"EntryPoint","urlTemplate":"https:\/\/metal-barcelo.com\/?s={search_term_string}"},"query-input":"required name=search_term_string"}],"inLanguage":"en-GB"}]}},"_links":{"self":[{"href":"https:\/\/metal-barcelo.com\/en\/wp-json\/wp\/v2\/pages\/132","targetHints":{"allow":["GET"]}}],"collection":[{"href":"https:\/\/metal-barcelo.com\/en\/wp-json\/wp\/v2\/pages"}],"about":[{"href":"https:\/\/metal-barcelo.com\/en\/wp-json\/wp\/v2\/types\/page"}],"author":[{"embeddable":true,"href":"https:\/\/metal-barcelo.com\/en\/wp-json\/wp\/v2\/users\/1"}],"replies":[{"embeddable":true,"href":"https:\/\/metal-barcelo.com\/en\/wp-json\/wp\/v2\/comments?post=132"}],"version-history":[{"count":0,"href":"https:\/\/metal-barcelo.com\/en\/wp-json\/wp\/v2\/pages\/132\/revisions"}],"wp:attachment":[{"href":"https:\/\/metal-barcelo.com\/en\/wp-json\/wp\/v2\/media?parent=132"}],"curies":[{"name":"wp","href":"https:\/\/api.w.org\/{rel}","templated":true}]}}