{"id":125,"date":"2022-06-02T09:33:25","date_gmt":"2022-06-02T09:33:25","guid":{"rendered":"https:\/\/metalisteria-barcelo.desarrollowebsonline.es\/?page_id=125"},"modified":"2022-06-30T10:54:43","modified_gmt":"2022-06-30T10:54:43","slug":"acreditaciones-y-certificaciones","status":"publish","type":"page","link":"https:\/\/metal-barcelo.com\/en\/acreditaciones-y-certificaciones\/","title":{"rendered":"Accreditations and certifications"},"content":{"rendered":"<div data-vc-full-width=\"true\" data-vc-full-width-init=\"false\" data-vc-stretch-content=\"true\" class=\"vc_row wpb_row vc_row-fluid vc_row-no-padding\"><div class=\"wpb_column vc_column_container vc_col-sm-12\"><div class=\"vc_column-inner\"><div class=\"wpb_wrapper\"><\/div><\/div><\/div><\/div><div class=\"vc_row-full-width vc_clearfix\"><\/div><div class=\"vc_row wpb_row vc_row-fluid\"><div class=\"wpb_column vc_column_container vc_col-sm-12\"><div class=\"vc_column-inner\"><div class=\"wpb_wrapper\"><div class=\"boc_spacing\" style=\"height: 10px\"><\/div><\/div><\/div><\/div><\/div><div class=\"vc_row wpb_row vc_row-fluid\"><div class=\"wpb_column vc_column_container vc_col-sm-12\"><div class=\"vc_column-inner\"><div class=\"wpb_wrapper\">\n\t<div  class=\"wpb_single_image wpb_content_element vc_align_center\">\n\t\t\n\t\t<figure class=\"wpb_wrapper vc_figure\">\n\t\t\t<div class=\"vc_single_image-wrapper   vc_box_border_grey\"><img decoding=\"async\" width=\"1154\" height=\"812\" src=\"https:\/\/metal-barcelo.com\/wp-content\/uploads\/2022\/06\/mixAc.jpg\" class=\"vc_single_image-img attachment-full\" alt=\"certificados\" srcset=\"https:\/\/metal-barcelo.com\/wp-content\/uploads\/2022\/06\/mixAc.jpg 1154w, https:\/\/metal-barcelo.com\/wp-content\/uploads\/2022\/06\/mixAc-300x211.jpg 300w, https:\/\/metal-barcelo.com\/wp-content\/uploads\/2022\/06\/mixAc-1024x721.jpg 1024w, https:\/\/metal-barcelo.com\/wp-content\/uploads\/2022\/06\/mixAc-768x540.jpg 768w\" sizes=\"(max-width: 1154px) 100vw, 1154px\" \/><\/div>\n\t\t<\/figure>\n\t<\/div>\n<\/div><\/div><\/div><\/div><div class=\"vc_row wpb_row vc_row-fluid\"><div class=\"wpb_column vc_column_container vc_col-sm-12\"><div class=\"vc_column-inner\"><div class=\"wpb_wrapper\">\n\t<div class=\"wpb_text_column wpb_content_element\" >\n\t\t<div class=\"wpb_wrapper\">\n\t\t\t<p style=\"text-align: justify;\">At Metalister\u00eda Barcel\u00f3 we have the support of a team of architects and engineers to manage the works and thus be able to respond to any request from our clients.<\/p>\n<p style=\"text-align: justify;\">We comply at all times with all the specific regulations in the Law on the Prevention of Occupational Risks (LRPL). We have a prevention plan, keeping up to date with all our obligations. of approved welders.<\/p>\n<p style=\"text-align: justify;\">We have CE Certification and also comply with the Harmonized European Standard EN 1090-1:2011 + A1:2012 for the EXC3 Execution Class of Steel Structures. This not only guarantees the traceability of all steel elements supplied by our suppliers, but also guarantees approval of the welded assemblies before they leave the workshop for their destination by the competent quality laboratory (internal or external). With the accreditation of APPLUS \u2013 LGAI TECHNOLOGICAL CENTER, SA n\u00ba0370.<\/p>\n<p style=\"text-align: justify;\">Once the work is finished, it is subject to CE control and marking. The technical data sheet and the declaration of performance are delivered to the client. This avoids the delivery of all the certificates and traceability attached to your project, since this document certifies that our company complies with the requirements of the CE marking.<\/p>\n\n\t\t<\/div>\n\t<\/div>\n<\/div><\/div><\/div><\/div>","protected":false},"excerpt":{"rendered":"At Metalister\u00eda Barcel\u00f3 we have the support of a team of architects and engineers to manage the works and to be able to respond to any request from our clients. At all times we comply with all the specific regulations in the Law on the Prevention of Occupational Risks (LRPL). We have a prevention plan, and are up to date with all our obligations.<div class=\"h10\"><\/div><a class=\"more-link1\" href=\"https:\/\/metal-barcelo.com\/en\/acreditaciones-y-certificaciones\/\">Read more<\/a>","protected":false},"author":1,"featured_media":0,"parent":0,"menu_order":0,"comment_status":"closed","ping_status":"closed","template":"","meta":{"footnotes":""},"class_list":["post-125","page","type-page","status-publish","hentry"],"yoast_head":"<!-- This site is optimized with the Yoast SEO plugin v19.8 - https:\/\/yoast.com\/wordpress\/plugins\/seo\/ -->\n<title>Acreditaciones y certificaciones - Metal Barcel\u00f3<\/title>\n<meta name=\"description\" content=\"Empresa con certificado de conformidad del control de producci\u00f3n en f\u00e1brica asegurando calidad y profesionalidad por parte de la empresa Metal Barcel\u00f3.\" \/>\n<meta name=\"robots\" content=\"index, follow, max-snippet:-1, max-image-preview:large, max-video-preview:-1\" \/>\n<link rel=\"canonical\" href=\"https:\/\/metal-barcelo.com\/en\/acreditaciones-y-certificaciones\/\" \/>\n<meta property=\"og:locale\" content=\"en_GB\" \/>\n<meta property=\"og:type\" content=\"article\" \/>\n<meta property=\"og:title\" content=\"Acreditaciones y certificaciones - Metal Barcel\u00f3\" \/>\n<meta property=\"og:description\" content=\"Empresa con certificado de conformidad del control de producci\u00f3n en f\u00e1brica asegurando calidad y profesionalidad por parte de la empresa Metal Barcel\u00f3.\" \/>\n<meta property=\"og:url\" content=\"https:\/\/metal-barcelo.com\/en\/acreditaciones-y-certificaciones\/\" \/>\n<meta property=\"og:site_name\" content=\"Metalister\u00eda Barcel\u00f3\" \/>\n<meta property=\"article:modified_time\" content=\"2022-06-30T10:54:43+00:00\" \/>\n<meta name=\"twitter:card\" content=\"summary_large_image\" \/>\n<meta name=\"twitter:label1\" content=\"Estimated reading time\" \/>\n\t<meta name=\"twitter:data1\" content=\"1 minute\" \/>\n<script type=\"application\/ld+json\" class=\"yoast-schema-graph\">{\"@context\":\"https:\/\/schema.org\",\"@graph\":[{\"@type\":\"WebPage\",\"@id\":\"https:\/\/metal-barcelo.com\/acreditaciones-y-certificaciones\/\",\"url\":\"https:\/\/metal-barcelo.com\/acreditaciones-y-certificaciones\/\",\"name\":\"Acreditaciones y certificaciones - Metal Barcel\u00f3\",\"isPartOf\":{\"@id\":\"https:\/\/metal-barcelo.com\/#website\"},\"datePublished\":\"2022-06-02T09:33:25+00:00\",\"dateModified\":\"2022-06-30T10:54:43+00:00\",\"description\":\"Empresa con certificado de conformidad del control de producci\u00f3n en f\u00e1brica asegurando calidad y profesionalidad por parte de la empresa Metal Barcel\u00f3.\",\"breadcrumb\":{\"@id\":\"https:\/\/metal-barcelo.com\/acreditaciones-y-certificaciones\/#breadcrumb\"},\"inLanguage\":\"en-GB\",\"potentialAction\":[{\"@type\":\"ReadAction\",\"target\":[\"https:\/\/metal-barcelo.com\/acreditaciones-y-certificaciones\/\"]}]},{\"@type\":\"BreadcrumbList\",\"@id\":\"https:\/\/metal-barcelo.com\/acreditaciones-y-certificaciones\/#breadcrumb\",\"itemListElement\":[{\"@type\":\"ListItem\",\"position\":1,\"name\":\"Portada\",\"item\":\"https:\/\/metal-barcelo.com\/\"},{\"@type\":\"ListItem\",\"position\":2,\"name\":\"Acreditaciones y certificaciones\"}]},{\"@type\":\"WebSite\",\"@id\":\"https:\/\/metal-barcelo.com\/#website\",\"url\":\"https:\/\/metal-barcelo.com\/\",\"name\":\"Metalister\u00eda Barcel\u00f3\",\"description\":\"Dise\u00f1o, fabricaci\u00f3n y montaje de estructuras met\u00e1licas\",\"potentialAction\":[{\"@type\":\"SearchAction\",\"target\":{\"@type\":\"EntryPoint\",\"urlTemplate\":\"https:\/\/metal-barcelo.com\/?s={search_term_string}\"},\"query-input\":\"required name=search_term_string\"}],\"inLanguage\":\"en-GB\"}]}<\/script>\n<!-- \/ Yoast SEO plugin. -->","yoast_head_json":{"title":"Acreditaciones y certificaciones - Metal Barcel\u00f3","description":"Empresa con certificado de conformidad del control de producci\u00f3n en f\u00e1brica asegurando calidad y profesionalidad por parte de la empresa Metal Barcel\u00f3.","robots":{"index":"index","follow":"follow","max-snippet":"max-snippet:-1","max-image-preview":"max-image-preview:large","max-video-preview":"max-video-preview:-1"},"canonical":"https:\/\/metal-barcelo.com\/en\/acreditaciones-y-certificaciones\/","og_locale":"en_GB","og_type":"article","og_title":"Acreditaciones y certificaciones - Metal Barcel\u00f3","og_description":"Empresa con certificado de conformidad del control de producci\u00f3n en f\u00e1brica asegurando calidad y profesionalidad por parte de la empresa Metal Barcel\u00f3.","og_url":"https:\/\/metal-barcelo.com\/en\/acreditaciones-y-certificaciones\/","og_site_name":"Metalister\u00eda Barcel\u00f3","article_modified_time":"2022-06-30T10:54:43+00:00","twitter_card":"summary_large_image","twitter_misc":{"Estimated reading time":"1 minute"},"schema":{"@context":"https:\/\/schema.org","@graph":[{"@type":"WebPage","@id":"https:\/\/metal-barcelo.com\/acreditaciones-y-certificaciones\/","url":"https:\/\/metal-barcelo.com\/acreditaciones-y-certificaciones\/","name":"Acreditaciones y certificaciones - Metal Barcel\u00f3","isPartOf":{"@id":"https:\/\/metal-barcelo.com\/#website"},"datePublished":"2022-06-02T09:33:25+00:00","dateModified":"2022-06-30T10:54:43+00:00","description":"Empresa con certificado de conformidad del control de producci\u00f3n en f\u00e1brica asegurando calidad y profesionalidad por parte de la empresa Metal Barcel\u00f3.","breadcrumb":{"@id":"https:\/\/metal-barcelo.com\/acreditaciones-y-certificaciones\/#breadcrumb"},"inLanguage":"en-GB","potentialAction":[{"@type":"ReadAction","target":["https:\/\/metal-barcelo.com\/acreditaciones-y-certificaciones\/"]}]},{"@type":"BreadcrumbList","@id":"https:\/\/metal-barcelo.com\/acreditaciones-y-certificaciones\/#breadcrumb","itemListElement":[{"@type":"ListItem","position":1,"name":"Portada","item":"https:\/\/metal-barcelo.com\/"},{"@type":"ListItem","position":2,"name":"Acreditaciones y certificaciones"}]},{"@type":"WebSite","@id":"https:\/\/metal-barcelo.com\/#website","url":"https:\/\/metal-barcelo.com\/","name":"Metalister\u00eda Barcel\u00f3","description":"Dise\u00f1o, fabricaci\u00f3n y montaje de estructuras met\u00e1licas","potentialAction":[{"@type":"SearchAction","target":{"@type":"EntryPoint","urlTemplate":"https:\/\/metal-barcelo.com\/?s={search_term_string}"},"query-input":"required name=search_term_string"}],"inLanguage":"en-GB"}]}},"_links":{"self":[{"href":"https:\/\/metal-barcelo.com\/en\/wp-json\/wp\/v2\/pages\/125","targetHints":{"allow":["GET"]}}],"collection":[{"href":"https:\/\/metal-barcelo.com\/en\/wp-json\/wp\/v2\/pages"}],"about":[{"href":"https:\/\/metal-barcelo.com\/en\/wp-json\/wp\/v2\/types\/page"}],"author":[{"embeddable":true,"href":"https:\/\/metal-barcelo.com\/en\/wp-json\/wp\/v2\/users\/1"}],"replies":[{"embeddable":true,"href":"https:\/\/metal-barcelo.com\/en\/wp-json\/wp\/v2\/comments?post=125"}],"version-history":[{"count":0,"href":"https:\/\/metal-barcelo.com\/en\/wp-json\/wp\/v2\/pages\/125\/revisions"}],"wp:attachment":[{"href":"https:\/\/metal-barcelo.com\/en\/wp-json\/wp\/v2\/media?parent=125"}],"curies":[{"name":"wp","href":"https:\/\/api.w.org\/{rel}","templated":true}]}}