{"id":1165,"date":"2024-11-28T11:29:40","date_gmt":"2024-11-28T11:29:40","guid":{"rendered":"https:\/\/metal-barcelo.com\/?page_id=1165"},"modified":"2024-11-29T07:05:53","modified_gmt":"2024-11-29T07:05:53","slug":"politica-de-cookies","status":"publish","type":"page","link":"https:\/\/metal-barcelo.com\/en\/politica-de-cookies\/","title":{"rendered":"Cookie Policy"},"content":{"rendered":"<div class=\"vc_row wpb_row vc_row-fluid\"><div class=\"wpb_column vc_column_container vc_col-sm-12\"><div class=\"vc_column-inner\"><div class=\"wpb_wrapper\"><div class=\"boc_spacing\" style=\"height: 20px\"><\/div>\n\t<div class=\"wpb_text_column wpb_content_element\" >\n\t\t<div class=\"wpb_wrapper\">\n\t\t\t<p>Through this Cookie Policy, we detail the use we make of cookies:<\/p>\n<p>&nbsp;<\/p>\n<p><strong>What are the <em>cookies<\/em>?<\/strong><\/p>\n<p>The <em>cookies<\/em> These are small data files that are received on the terminal from the website visited and are used to record certain browsing interactions on a website, storing data that can be updated and retrieved. These files are stored on the user&#039;s computer and contain anonymous data that is not harmful to the user&#039;s computer. They are used to remember the user&#039;s preferences, such as the language selected, access data or page customization.<\/p>\n<p>The <em>cookies <\/em>They may also be used to record anonymous information about how a visitor uses a site. For example, which web page the visitor came from or whether they used an advertising banner to arrive.<\/p>\n<p>&nbsp;<\/p>\n<p><strong>Why METAL BARCEL\u00d3?<\/strong><strong> use <em>cookies<\/em>?<\/strong><\/p>\n<p>METAL BARCEL\u00d3 uses <em>cookies<\/em> strictly necessary and essential for you to use our website and allow you to move freely, use secure areas, personalized options, etc. In addition, we use <em>cookies <\/em>which collect data relating to the analysis of website usage. These are used to help improve customer service, measuring the use and performance of the page to optimize and personalize it. Our sites may also have links to social networks or other websites, the access and management of which is not controlled by METAL BARCEL\u00d3. <em>cookies<\/em> used. For more information on the <em>cookies<\/em> from social networks or other third-party websites, we advise you to review their own privacy policies. <em>cookies<\/em>.<\/p>\n<p>&nbsp;<\/p>\n<p><strong>What use do we give to the different types of <em>cookies<\/em>?<\/strong><\/p>\n<p>&nbsp;<\/p>\n<table width=\"631\">\n<tbody>\n<tr>\n<td width=\"88\"><strong><em>Cookies<\/em><\/strong><strong> session<\/strong><\/td>\n<td width=\"543\">The <em>cookies<\/em> Session cookies are those that last as long as the user is browsing the website and are deleted at the end.<\/td>\n<\/tr>\n<tr>\n<td width=\"88\"><strong><em>Cookies <\/em><\/strong><strong>persistent<\/strong><\/td>\n<td width=\"543\">Are <em>cookies<\/em> They are stored on the user&#039;s terminal for a longer period of time, thus facilitating control of the chosen preferences without having to repeat certain parameters each time the website is visited.<\/td>\n<\/tr>\n<tr>\n<td width=\"88\"><strong><em>Cookies <\/em><\/strong><strong>own<\/strong><\/td>\n<td width=\"543\">These are cookies created by this website and can only be read by the website itself. On the website <a href=\"\/en\/www.metal-barcelo.com\/\">www.metal-barcelo.com<\/a>, are installed <em>cookies<\/em> own persistent cookies for the following purposes:<\/p>\n<p>\u25cf Techniques: These <em>cookies<\/em> They are used to control the loading of the images that appear on the home page, based on the parameters that have been programmed (time, number of times viewed, etc.). They are also used to allow access to certain parts of the website and to locate the user.<\/p>\n<p>\u25cf Personalization: These <em>cookies<\/em> They are used to remember the size settings selected when viewing web content and to be able to display it on the user&#039;s next visits.<\/p>\n<p>\u25cf Analysis: <em>Cookies<\/em> which allow monitoring of incoming traffic to the website in order to compile visit statistics.<\/td>\n<\/tr>\n<tr>\n<td width=\"88\"><strong><em>Cookies<\/em><\/strong><strong> third party<\/strong><\/td>\n<td width=\"543\">Are <em>cookies<\/em> created by third parties and used by us for various services (e.g. website analysis or advertising)<\/td>\n<\/tr>\n<\/tbody>\n<\/table>\n<p>In particular, this website may use Google Analytics, a web analytics service provided by Google, Inc., a company based in the United States with headquarters at 1600 Amphitheatre Parkway, Mountain View, California 94043. In order to provide these services, they use cookies that collect information, including the user&#039;s IP address, which will be transmitted, processed and stored by Google in accordance with the terms set out on the Google.com website. This includes the possible transmission of said information to third parties for reasons of legal requirement or when said third parties process the information on Google&#039;s behalf.<\/p>\n<p>&nbsp;<\/p>\n<p>You may refuse the processing of data or information by rejecting the use of cookies by selecting the appropriate settings on your browser, however, you should be aware that if you do so you may not be able to use the full functionality of this website.<\/p>\n<p>&nbsp;<\/p>\n<p>You may also refuse the use of cookies and the use of data relating to the site (including your IP address) to Google and prevent the processing of this data by Google by downloading and installing a plug-in from the following link:<\/p>\n<p>&nbsp;<\/p>\n<p><a href=\"https:\/\/tools.google.com\/dlpage\/gaoptout?hl=de\">https:\/\/tools.google.com\/dlpage\/gaoptout?hl=de<\/a>By using this website you consent to the processing of data about you by Google in the manner and for the purposes set out above.<\/p>\n<p>&nbsp;<\/p>\n<p>&nbsp;<\/p>\n<p>Below are details of the third parties that can configure and access <em>Cookies<\/em> (not exempt from information and consent) of your team as well as the purposes for which the information they store is used:<\/p>\n<p>&nbsp;<\/p>\n<p>&nbsp;<\/p>\n<table width=\"629\">\n<tbody>\n<tr>\n<td width=\"141\"><strong>Purpose<\/strong><\/td>\n<td width=\"373\"><strong>Description<\/strong><\/td>\n<td width=\"115\"><strong>Third parties<\/strong><\/td>\n<\/tr>\n<tr>\n<td width=\"141\"><strong><em>Cookies <\/em><\/strong><strong>techniques<\/strong><\/td>\n<td width=\"373\">They are used to control traffic and data communication using security elements during navigation. They are also used to identify and maintain the user session, to store content when broadcasting videos or sounds and to share content with social networks (plug-in).<\/td>\n<td width=\"115\">\u25cf\u00a0\u00a0\u00a0\u00a0\u00a0 <a href=\"http:\/\/www.google.es\/intl\/es\/policies\/technologies\/types\/\">Google<\/a><\/p>\n<p>\u25cf\u00a0\u00a0\u00a0\u00a0\u00a0 <a href=\"http:\/\/www.google.es\/intl\/es\/policies\/technologies\/types\/\">YouTube<\/a><\/p>\n<p>\u25cf\u00a0\u00a0\u00a0\u00a0\u00a0 <a href=\"https:\/\/www.facebook.com\/help\/cookies\/?ref=sitefooter\">Facebook<\/a><\/p>\n<p>\u25cf\u00a0\u00a0\u00a0\u00a0\u00a0 <a href=\"https:\/\/support.twitter.com\/articles\/20170514-twitters-use-of-cookies-and-similar-technologies\">Twitter<\/a><\/p>\n<p>\u25cf\u00a0\u00a0\u00a0\u00a0\u00a0 <a href=\"https:\/\/www.linkedin.com\/legal\/cookie_policy\">LinkedIn<\/a><\/p>\n<p>\u25cf\u00a0\u00a0\u00a0\u00a0\u00a0 <a href=\"https:\/\/www.uservoice.com\/privacy\/\">UserVoice<\/a><\/p>\n<p>\u25cf\u00a0\u00a0\u00a0\u00a0\u00a0 <a href=\"http:\/\/tealium.com\/privacy\/\">Tealium<\/a><\/td>\n<\/tr>\n<tr>\n<td width=\"141\"><strong><em>Cookies<\/em><\/strong><strong> of customization<\/strong><\/td>\n<td width=\"373\">Are <em>cookies<\/em> They allow the user to specify or customize some features of the general options of the website. For example, defining the language, the volume selected as preferred, the regional configuration of the service, the type of browser or the number of results displayed per page.<\/td>\n<td width=\"115\">\u25cf\u00a0\u00a0\u00a0\u00a0\u00a0 <a href=\"http:\/\/www.google.es\/intl\/es\/policies\/technologies\/types\/\">YouTube<\/a><\/p>\n<p>\u25cf\u00a0\u00a0\u00a0\u00a0\u00a0 <a href=\"https:\/\/www.facebook.com\/help\/cookies\/?ref=sitefooter\">Facebook<\/a><\/td>\n<\/tr>\n<tr>\n<td width=\"141\"><strong>Analytical cookies<\/strong><\/td>\n<td width=\"373\">Analytics tool that helps websites understand how visitors interact with the website. It may use a set of cookies to collect information and report website usage statistics without personally identifying visitors.<\/td>\n<td width=\"115\">\u25cf\u00a0\u00a0\u00a0\u00a0\u00a0 <a href=\"https:\/\/developers.google.com\/analytics\/devguides\/collection\/analyticsjs\/cookie-usage\">Google Analytics<\/a><\/p>\n<p>\u25cf\u00a0\u00a0\u00a0\u00a0\u00a0 <a href=\"http:\/\/www.google.es\/intl\/es\/policies\/technologies\/types\/\">YouTube<\/a><\/p>\n<p>\u25cf\u00a0\u00a0\u00a0\u00a0\u00a0 <a href=\"https:\/\/support.twitter.com\/articles\/20170514-twitters-use-of-cookies-and-similar-technologies\">Twitter<\/a><\/p>\n<p>\u25cf\u00a0\u00a0\u00a0\u00a0\u00a0 <a href=\"http:\/\/www.adobe.com\/es\/privacy\/analytics.html\">Adobe Analytics<\/a><\/td>\n<\/tr>\n<tr>\n<td width=\"141\"><strong>Advertising cookies<\/strong><\/td>\n<td width=\"373\">The <em>cookies<\/em> Advertising cookies allow the management of advertising spaces on the website based on specific criteria. For example, frequency of access, edited content, etc.<\/td>\n<td width=\"115\">\u25cf\u00a0\u00a0\u00a0\u00a0\u00a0 <a href=\"https:\/\/support.google.com\/adsense\/answer\/2839090?hl=es\">DoubleClick<\/a><\/p>\n<p>\u25cf\u00a0\u00a0\u00a0\u00a0\u00a0 <a href=\"http:\/\/www.google.es\/intl\/es\/policies\/technologies\/types\/\">Google<\/a><\/p>\n<p>\u25cf\u00a0\u00a0\u00a0\u00a0\u00a0 <a href=\"http:\/\/www.criteo.com\/es\/privacy\/\">Criteo<\/a><\/p>\n<p>\u25cf\u00a0\u00a0\u00a0\u00a0\u00a0 <a href=\"http:\/\/www.adgravity.com\/privacy\">Adgravity<\/a><\/p>\n<p>\u25cf\u00a0\u00a0\u00a0\u00a0\u00a0 <a href=\"https:\/\/site.adform.com\/privacy-center\/platform-privacy\/\">Adform<\/a><\/p>\n<p>\u25cf\u00a0\u00a0\u00a0\u00a0\u00a0 <a href=\"https:\/\/marketing.adobe.com\/resources\/help\/en_US\/aam\/c_data_security_and_privacy.html\">Adobe<\/a><\/p>\n<p>\u25cf\u00a0\u00a0\u00a0\u00a0\u00a0 <a href=\"https:\/\/www.eulerian.com\/en\/privacy\/\">Eulerian<\/a><\/p>\n<p>\u25cf\u00a0\u00a0\u00a0\u00a0\u00a0 <a href=\"https:\/\/weborama.com\/e-privacy\/\">Weborama<\/a><\/td>\n<\/tr>\n<tr>\n<td width=\"141\"><strong><em>Cookies<\/em><\/strong><strong> flash<\/strong><\/td>\n<td width=\"373\">We also use <em>cookies<\/em> Flash cookies are used to store your preferences such as volume control or to display content based on what you view on our website to personalize your visit. Third parties, with whom we collaborate to provide certain features on our website, use <em>cookies<\/em> flash to collect and store non-personal data.<\/p>\n<p>The <em>cookies<\/em> flash are different from the <em>cookies<\/em> session or persistent in terms of the amount, type and way of storing the data. The management tools of the <em>cookies<\/em> provided by your browser will not delete the <em>cookies<\/em> flash.<\/td>\n<td width=\"115\"><\/td>\n<\/tr>\n<\/tbody>\n<\/table>\n<p>&nbsp;<\/p>\n<p><strong>How can I change the settings of the <em>cookies<\/em>?<\/strong><\/p>\n<p><a href=\"http:\/\/windows.microsoft.com\/es-es\/windows-vista\/block-or-allow-cookies\">Setting up <em>cookies<\/em> from Internet Explorer<\/a><br \/>\n<a href=\"http:\/\/support.mozilla.org\/es\/kb\/habilitar-y-deshabilitar-cookies-que-los-sitios-we\">Setting up <em>cookies<\/em> from Firefox<\/a><br \/>\n<a href=\"http:\/\/support.google.com\/chrome\/bin\/answer.py?hl=es&amp;answer=95647\">Setting up <em>cookies<\/em> from Google Chrome<\/a><br \/>\n<a href=\"http:\/\/www.apple.com\/legal\/privacy\/es\/cookies\/\">Setting up <em>cookies<\/em> from Safari<\/a><br \/>\n<a href=\"http:\/\/www.macromedia.com\/support\/documentation\/es\/flashplayer\/help\/settings_manager03.html\">Flash Cookie Settings<\/a><\/p>\n<p>&nbsp;<\/p>\n<p>If you want to prevent Flash Player from storing any data, uncheck the boxes \u201cAllow Flash content to store information on your computer\u201d and \u201cStore common Flash components to reduce download times.\u201d If you want to limit the amount of data collected by Flash applications, slide the slider on the global storage settings panel to the desired position.<\/p>\n<p>These browsers are subject to updates or modifications, so we cannot guarantee that they are fully compatible with your browser version. You may also be using another browser not included in these links, such as Konqueror, Arora, Flock, etc. To avoid these mismatches, you can access them directly from your browser options, usually in the \u201cOptions\u201d menu in the \u201cPrivacy\u201d section. (Please consult your browser&#039;s help for more information.)<\/p>\n<p><strong>Revocation of consent<\/strong><\/p>\n<p>It is also possible to limit how third-party websites install cookies on your computer, to avoid data collection and recording of your browsing activity. To limit the use of cookies, you can: <em>cookies<\/em> For third parties, you can go to the configuration or OptOut website:<\/p>\n<ul>\n<li><a href=\"https:\/\/tools.google.com\/dlpage\/gaoptout?hl=None\">Google Analytics<\/a><\/li>\n<li><a href=\"https:\/\/www.google.com\/settings\/ads\/plugin\">DoubleClick<\/a><\/li>\n<li><a href=\"https:\/\/www.google.com\/settings\/ads\">Google<\/a><\/li>\n<li><a href=\"http:\/\/www.macromedia.com\/support\/documentation\/es\/flashplayer\/help\/settings_manager07.html\">Flash Cookies YouTube<\/a><\/li>\n<\/ul>\n<p>&nbsp;<\/p>\n<p>Select the \u201cDelete all sites\u201d option or select the specific website you want to delete and \u201cDelete Website\u201d.<\/p>\n<h4>How to disable cookie settings?:<a name=\"_Tocmua4trp4rk9x0\"><\/a><\/h4>\n<ol>\n<li>Internet Explorer ( <a href=\"http:\/\/goo.gl\/vFM6gb\">http:\/\/goo.gl\/vFM6gb<\/a> )<\/li>\n<\/ol>\n<ul>\n<li>In the Tools menu, select \u201cInternet Options.\u201d<\/li>\n<li>Click on the privacy tab.<\/li>\n<li>You can configure privacy settings with a six-position slider that allows you to control the number of cookies that will be installed: Block all cookies, High, Medium High, Medium (default level), Low, and Accept all cookies.<\/li>\n<\/ul>\n<p>&nbsp;<\/p>\n<ol start=\"2\">\n<li>Mozilla Firefox ( <a href=\"https:\/\/goo.gl\/CTkAGV\">https:\/\/goo.gl\/CTkAGV<\/a> )<\/li>\n<\/ol>\n<ul>\n<li>At the top of the Firefox window click on the Tools menu.<\/li>\n<li>Select Options.<\/li>\n<li>Select the Privacy panel.<\/li>\n<li>In the Firefox option you can choose Use custom settings for history to configure the options.<\/li>\n<\/ul>\n<p>&nbsp;<\/p>\n<ol start=\"3\">\n<li>Google Chrome ( <a href=\"http:\/\/goo.gl\/fQnkSB\">http:\/\/goo.gl\/fQnkSB<\/a> )<\/li>\n<\/ol>\n<ul>\n<li>Click on the menu located on the toolbar.<\/li>\n<li>Select \u201cSettings\u201d.<\/li>\n<li>Click Show advanced options.<\/li>\n<li>In the &#039;Privacy&#039; section click on the Content settings button.<\/li>\n<li>In the &#039;Cookies&#039; section you can configure the options.<\/li>\n<\/ul>\n<p>&nbsp;<\/p>\n<ol start=\"4\">\n<li>Safari ( <a href=\"https:\/\/goo.gl\/PCjEm3\">https:\/\/goo.gl\/PCjEm3<\/a> \/ <a href=\"https:\/\/goo.gl\/dQywEo\">https:\/\/goo.gl\/dQywEo<\/a> )<\/li>\n<\/ol>\n<ul>\n<li>In the settings menu, select the \u201cPreferences\u201d option<\/li>\n<li>Open the privacy tab.<\/li>\n<li>Select the option you want from the \u201cBlock cookies\u201d section.<\/li>\n<li>Please note that certain features and full functionality of the Site may not be available after disabling cookies.<\/li>\n<\/ul>\n<p>&nbsp;<\/p>\n<p>If you do not wish to be tracked by cookies, Google has developed a plug-in to install in your browser which you can access at the following link: <a href=\"http:\/\/goo.gl\/up4ND\">http:\/\/goo.gl\/up4ND.<\/a><\/p>\n<p><strong>Cookies on mobile devices:<\/strong><\/p>\n<p>The Platform also uses cookies or other storage devices on mobile devices. In this case, as with computer browsers, mobile device browsers allow you to configure privacy options or settings to disable or delete cookies.<\/p>\n<p>If you wish to modify your privacy options, please follow the instructions provided by the developer of your mobile browser.<\/p>\n<p>Additionally, below you will find some examples of links that will guide you to modify the privacy options on your mobile device:<\/p>\n<p>IOS: ( <a href=\"http:\/\/goo.gl\/61xevS\">http:\/\/goo.gl\/61xevS<\/a> )<\/p>\n<p>Windows Phone: ( <a href=\"http:\/\/goo.gl\/Rx8QQ\">http:\/\/goo.gl\/Rx8QQ<\/a> )<\/p>\n<p>Chrome Mobile: ( <a href=\"http:\/\/goo.gl\/XJp7N\">http:\/\/goo.gl\/XJp7N<\/a> )<\/p>\n<p>Opera Mobile: ( <a href=\"http:\/\/goo.gl\/Nzr8s7\">http:\/\/goo.gl\/Nzr8s7<\/a> )<\/p>\n<p>Please note that if you reject or delete the <em>cookies<\/em> of navigation, we will not be able to maintain your preferences, some features of the pages will not be operational, we will not be able to offer you personalized services and each time you browse our website we will have to request your authorization again for the use of <em>cookies<\/em>.<\/p>\n<p>If you still decide to modify the settings for your access to the website, you should know that it is possible to delete cookies or prevent this information from being recorded on your computer at any time by modifying the configuration parameters of your browser.<\/p>\n\n\t\t<\/div>\n\t<\/div>\n<\/div><\/div><\/div><\/div>","protected":false},"excerpt":{"rendered":"Through this Cookie Policy, we detail the use we make of cookies: What are cookies? Cookies are small data files that are received on the terminal from the website visited and are used to record certain navigation interactions on a website by storing data that can be updated and retrieved. These<div class=\"h10\"><\/div><a class=\"more-link1\" href=\"https:\/\/metal-barcelo.com\/en\/politica-de-cookies\/\">Read more<\/a>","protected":false},"author":1,"featured_media":0,"parent":0,"menu_order":0,"comment_status":"closed","ping_status":"closed","template":"","meta":{"footnotes":""},"class_list":["post-1165","page","type-page","status-publish","hentry"],"yoast_head":"<!-- This site is optimized with the Yoast SEO plugin v19.8 - https:\/\/yoast.com\/wordpress\/plugins\/seo\/ -->\n<title>Pol\u00edtica de Cookies - Metalister\u00eda Barcel\u00f3<\/title>\n<meta name=\"robots\" content=\"index, follow, max-snippet:-1, max-image-preview:large, max-video-preview:-1\" \/>\n<link rel=\"canonical\" href=\"https:\/\/metal-barcelo.com\/en\/politica-de-cookies\/\" \/>\n<meta property=\"og:locale\" content=\"en_GB\" \/>\n<meta property=\"og:type\" content=\"article\" \/>\n<meta property=\"og:title\" content=\"Pol\u00edtica de Cookies - Metalister\u00eda Barcel\u00f3\" \/>\n<meta property=\"og:url\" content=\"https:\/\/metal-barcelo.com\/en\/politica-de-cookies\/\" \/>\n<meta property=\"og:site_name\" content=\"Metalister\u00eda Barcel\u00f3\" \/>\n<meta property=\"article:modified_time\" content=\"2024-11-29T07:05:53+00:00\" \/>\n<meta name=\"twitter:card\" content=\"summary_large_image\" \/>\n<meta name=\"twitter:label1\" content=\"Estimated reading time\" \/>\n\t<meta name=\"twitter:data1\" content=\"8 minutes\" \/>\n<script type=\"application\/ld+json\" class=\"yoast-schema-graph\">{\"@context\":\"https:\/\/schema.org\",\"@graph\":[{\"@type\":\"WebPage\",\"@id\":\"https:\/\/metal-barcelo.com\/politica-de-cookies\/\",\"url\":\"https:\/\/metal-barcelo.com\/politica-de-cookies\/\",\"name\":\"Pol\u00edtica de Cookies - Metalister\u00eda Barcel\u00f3\",\"isPartOf\":{\"@id\":\"https:\/\/metal-barcelo.com\/#website\"},\"datePublished\":\"2024-11-28T11:29:40+00:00\",\"dateModified\":\"2024-11-29T07:05:53+00:00\",\"breadcrumb\":{\"@id\":\"https:\/\/metal-barcelo.com\/politica-de-cookies\/#breadcrumb\"},\"inLanguage\":\"en-GB\",\"potentialAction\":[{\"@type\":\"ReadAction\",\"target\":[\"https:\/\/metal-barcelo.com\/politica-de-cookies\/\"]}]},{\"@type\":\"BreadcrumbList\",\"@id\":\"https:\/\/metal-barcelo.com\/politica-de-cookies\/#breadcrumb\",\"itemListElement\":[{\"@type\":\"ListItem\",\"position\":1,\"name\":\"Portada\",\"item\":\"https:\/\/metal-barcelo.com\/\"},{\"@type\":\"ListItem\",\"position\":2,\"name\":\"Pol\u00edtica de Cookies\"}]},{\"@type\":\"WebSite\",\"@id\":\"https:\/\/metal-barcelo.com\/#website\",\"url\":\"https:\/\/metal-barcelo.com\/\",\"name\":\"Metalister\u00eda Barcel\u00f3\",\"description\":\"Dise\u00f1o, fabricaci\u00f3n y montaje de estructuras met\u00e1licas\",\"potentialAction\":[{\"@type\":\"SearchAction\",\"target\":{\"@type\":\"EntryPoint\",\"urlTemplate\":\"https:\/\/metal-barcelo.com\/?s={search_term_string}\"},\"query-input\":\"required name=search_term_string\"}],\"inLanguage\":\"en-GB\"}]}<\/script>\n<!-- \/ Yoast SEO plugin. -->","yoast_head_json":{"title":"Pol\u00edtica de Cookies - Metalister\u00eda Barcel\u00f3","robots":{"index":"index","follow":"follow","max-snippet":"max-snippet:-1","max-image-preview":"max-image-preview:large","max-video-preview":"max-video-preview:-1"},"canonical":"https:\/\/metal-barcelo.com\/en\/politica-de-cookies\/","og_locale":"en_GB","og_type":"article","og_title":"Pol\u00edtica de Cookies - Metalister\u00eda Barcel\u00f3","og_url":"https:\/\/metal-barcelo.com\/en\/politica-de-cookies\/","og_site_name":"Metalister\u00eda Barcel\u00f3","article_modified_time":"2024-11-29T07:05:53+00:00","twitter_card":"summary_large_image","twitter_misc":{"Estimated reading time":"8 minutes"},"schema":{"@context":"https:\/\/schema.org","@graph":[{"@type":"WebPage","@id":"https:\/\/metal-barcelo.com\/politica-de-cookies\/","url":"https:\/\/metal-barcelo.com\/politica-de-cookies\/","name":"Pol\u00edtica de Cookies - Metalister\u00eda Barcel\u00f3","isPartOf":{"@id":"https:\/\/metal-barcelo.com\/#website"},"datePublished":"2024-11-28T11:29:40+00:00","dateModified":"2024-11-29T07:05:53+00:00","breadcrumb":{"@id":"https:\/\/metal-barcelo.com\/politica-de-cookies\/#breadcrumb"},"inLanguage":"en-GB","potentialAction":[{"@type":"ReadAction","target":["https:\/\/metal-barcelo.com\/politica-de-cookies\/"]}]},{"@type":"BreadcrumbList","@id":"https:\/\/metal-barcelo.com\/politica-de-cookies\/#breadcrumb","itemListElement":[{"@type":"ListItem","position":1,"name":"Portada","item":"https:\/\/metal-barcelo.com\/"},{"@type":"ListItem","position":2,"name":"Pol\u00edtica de Cookies"}]},{"@type":"WebSite","@id":"https:\/\/metal-barcelo.com\/#website","url":"https:\/\/metal-barcelo.com\/","name":"Metalister\u00eda Barcel\u00f3","description":"Dise\u00f1o, fabricaci\u00f3n y montaje de estructuras met\u00e1licas","potentialAction":[{"@type":"SearchAction","target":{"@type":"EntryPoint","urlTemplate":"https:\/\/metal-barcelo.com\/?s={search_term_string}"},"query-input":"required name=search_term_string"}],"inLanguage":"en-GB"}]}},"_links":{"self":[{"href":"https:\/\/metal-barcelo.com\/en\/wp-json\/wp\/v2\/pages\/1165","targetHints":{"allow":["GET"]}}],"collection":[{"href":"https:\/\/metal-barcelo.com\/en\/wp-json\/wp\/v2\/pages"}],"about":[{"href":"https:\/\/metal-barcelo.com\/en\/wp-json\/wp\/v2\/types\/page"}],"author":[{"embeddable":true,"href":"https:\/\/metal-barcelo.com\/en\/wp-json\/wp\/v2\/users\/1"}],"replies":[{"embeddable":true,"href":"https:\/\/metal-barcelo.com\/en\/wp-json\/wp\/v2\/comments?post=1165"}],"version-history":[{"count":0,"href":"https:\/\/metal-barcelo.com\/en\/wp-json\/wp\/v2\/pages\/1165\/revisions"}],"wp:attachment":[{"href":"https:\/\/metal-barcelo.com\/en\/wp-json\/wp\/v2\/media?parent=1165"}],"curies":[{"name":"wp","href":"https:\/\/api.w.org\/{rel}","templated":true}]}}