{"id":1049,"date":"2023-06-14T10:24:25","date_gmt":"2023-06-14T10:24:25","guid":{"rendered":"https:\/\/metal-barcelo.com\/?page_id=1049"},"modified":"2024-01-16T10:29:37","modified_gmt":"2024-01-16T10:29:37","slug":"barandilla-hierro-barcelona","status":"publish","type":"page","link":"https:\/\/metal-barcelo.com\/en\/barandilla-hierro-barcelona\/","title":{"rendered":"Barcelona iron railing"},"content":{"rendered":"<div class=\"vc_row wpb_row vc_row-fluid vc_column-gap-35\"><div class=\"wpb_column vc_column_container vc_col-sm-8\"><div class=\"vc_column-inner\"><div class=\"wpb_wrapper\">\n\t<div class=\"wpb_text_column wpb_content_element\" >\n\t\t<div class=\"wpb_wrapper\">\n\t\t\t<p style=\"text-align: justify;\">A <strong>iron railing in Barcelona<\/strong> It is an ideal choice for residential and commercial properties. A <strong>iron railing in Barcelona<\/strong> It is durable and stylish, while offering a number of benefits that make it an excellent alternative for many different applications.<\/p>\n<p style=\"text-align: justify;\">Iron is a strong and durable material. First of all, a <strong>iron railing in Barcelona<\/strong> It is incredibly strong and durable. Unlike other materials, such as wood or aluminum, iron is able to withstand the elements and resist damage from wind and rain. This means that your railings will last for many years without needing to be replaced or repaired.<\/p>\n<p style=\"text-align: justify;\">In addition to its strength and durability, a <strong>iron railing in Barcelona<\/strong> It is also very versatile allowing you to create a unique and custom look for your space.<\/p>\n<p style=\"text-align: justify;\">Another benefit of the <strong>iron railing in Barcelona<\/strong> is its aesthetic appeal. Whether you prefer a more traditional or modern design, the <strong>iron railing in Barcelona<\/strong> They can be customized to fit your personal style and enhance the overall look of your home or business.<\/p>\n<p style=\"text-align: justify;\">In addition to its beauty, a <strong>iron railing in Barcelona<\/strong> It also requires very little maintenance. Unlike wooden railings, which require periodic painting and staining to prevent rot and deterioration, a <strong>iron railing in Barcelona<\/strong> It requires virtually no maintenance. When properly galvanized, they will not rust or deteriorate over time, so you can enjoy their beauty without worrying about ongoing maintenance.<\/p>\n\n\t\t<\/div>\n\t<\/div>\n\n\t<div  class=\"wpb_single_image wpb_content_element vc_align_left\">\n\t\t\n\t\t<figure class=\"wpb_wrapper vc_figure\">\n\t\t\t<div class=\"vc_single_image-wrapper   vc_box_border_grey\"><img decoding=\"async\" width=\"727\" height=\"969\" src=\"https:\/\/metal-barcelo.com\/wp-content\/uploads\/2022\/10\/IMG_9034.jpg\" class=\"vc_single_image-img attachment-full\" alt=\"estructruas metalicas\" srcset=\"https:\/\/metal-barcelo.com\/wp-content\/uploads\/2022\/10\/IMG_9034.jpg 727w, https:\/\/metal-barcelo.com\/wp-content\/uploads\/2022\/10\/IMG_9034-225x300.jpg 225w\" sizes=\"(max-width: 727px) 100vw, 727px\" \/><\/div>\n\t\t<\/figure>\n\t<\/div>\n<div class=\"vc_row wpb_row vc_inner vc_row-fluid\"><div class=\"wpb_column vc_column_container vc_col-sm-4\"><div class=\"vc_column-inner\"><div class=\"wpb_wrapper\"><\/div><\/div><\/div><div class=\"wpb_column vc_column_container vc_col-sm-4\"><div class=\"vc_column-inner\"><div class=\"wpb_wrapper\"><a\thref=\"https:\/\/metal-barcelo.com\/en\/productos\/estructuras-metalicas\/#form\" \n\t\t\t\tclass=\"button btn_medium btn_theme_color btn_rounded btn_normal_style\"  target='_self'><span>CONTACT US<\/span><\/a><\/div><\/div><\/div><div class=\"wpb_column vc_column_container vc_col-sm-4\"><div class=\"vc_column-inner\"><div class=\"wpb_wrapper\"><\/div><\/div><\/div><\/div>\n\t<div class=\"wpb_text_column wpb_content_element\" >\n\t\t<div class=\"wpb_wrapper\">\n\t\t\t<p style=\"text-align: justify;\">Finally, one <strong>iron railing in Barcelona<\/strong> It is also a safe option. The durability of iron means that these railings will not break or loosen over time, ensuring that they will continue to provide reliable support for many years to come. In conclusion, a <strong>iron railing in Barcelona<\/strong> It is an excellent option for those looking to add a touch of elegance and sophistication to their property.<\/p>\n<p style=\"text-align: justify;\">If you are planning to install a <strong>iron railing in Barcelona<\/strong> Please do not hesitate to contact us. We have been operating effectively in the iron manufacturing industries for years and we are a reference in the sector for the excellent quality we show in all our projects.<\/p>\n<p style=\"text-align: justify;\">We offer custom designs to suit everyone&#039;s tastes and we take care to understand the needs of each client to offer an element adapted to the requirements of the project and the space.<\/p>\n<p style=\"text-align: justify;\">Don&#039;t hesitate to contact us and enjoy first-class service and the best quality and efficiency on the market. Leave your projects in our hands and trust the best to create the space of your dreams!<\/p>\n\n\t\t<\/div>\n\t<\/div>\n<\/div><\/div><\/div><div class=\"wpb_column vc_column_container vc_col-sm-4\"><div class=\"vc_column-inner\"><div class=\"wpb_wrapper\">\n\t<div class=\"wpb_text_column wpb_content_element\" >\n\t\t<div class=\"wpb_wrapper\">\n\t\t\t<h3 style=\"text-align: center;\">Contact for more information<\/h3>\n<hr \/>\n\n\t\t<\/div>\n\t<\/div>\n<div role=\"form\" class=\"wpcf7\" id=\"wpcf7-f40-o1\" lang=\"es-ES\" dir=\"ltr\">\n<div class=\"screen-reader-response\"><p role=\"status\" aria-live=\"polite\" aria-atomic=\"true\"><\/p> <ul><\/ul><\/div>\n<form action=\"\/en\/wp-json\/wp\/v2\/pages\/1049#wpcf7-f40-o1\" method=\"post\" class=\"wpcf7-form init\" novalidate=\"novalidate\" data-status=\"init\" data-trp-original-action=\"\/en\/wp-json\/wp\/v2\/pages\/1049#wpcf7-f40-o1\">\n<div style=\"display: none;\">\n<input type=\"hidden\" name=\"_wpcf7\" value=\"40\" \/>\n<input type=\"hidden\" name=\"_wpcf7_version\" value=\"5.5.6.1\" \/>\n<input type=\"hidden\" name=\"_wpcf7_locale\" value=\"es_ES\" \/>\n<input type=\"hidden\" name=\"_wpcf7_unit_tag\" value=\"wpcf7-f40-o1\" \/>\n<input type=\"hidden\" name=\"_wpcf7_container_post\" value=\"0\" \/>\n<input type=\"hidden\" name=\"_wpcf7_posted_data_hash\" value=\"\" \/>\n<input type=\"hidden\" name=\"_wpcf7_recaptcha_response\" value=\"\" \/>\n<\/div>\n<p><label> Your name<br \/>\n    <span class=\"wpcf7-form-control-wrap your-name\"><input type=\"text\" name=\"your-name\" value=\"\" size=\"40\" class=\"wpcf7-form-control wpcf7-text wpcf7-validates-as-required\" aria-required=\"true\" aria-invalid=\"false\" \/><\/span> <\/label><\/p>\n<p><label> Your email<br \/>\n    <span class=\"wpcf7-form-control-wrap your-email\"><input type=\"email\" name=\"your-email\" value=\"\" size=\"40\" class=\"wpcf7-form-control wpcf7-text wpcf7-email wpcf7-validates-as-required wpcf7-validates-as-email\" aria-required=\"true\" aria-invalid=\"false\" \/><\/span> <\/label><\/p>\n<p><label> Phone<br \/>\n    <span class=\"wpcf7-form-control-wrap phone\"><input type=\"text\" name=\"phone\" value=\"\" size=\"40\" class=\"wpcf7-form-control wpcf7-text wpcf7-validates-as-required\" aria-required=\"true\" aria-invalid=\"false\" \/><\/span> <\/label><\/p>\n<p><label> Zip code<br \/>\n    <span class=\"wpcf7-form-control-wrap your-subject\"><input type=\"text\" name=\"your-subject\" value=\"\" size=\"40\" class=\"wpcf7-form-control wpcf7-text\" aria-invalid=\"false\" \/><\/span> <\/label><\/p>\n<p><label> Your message (optional)<br \/>\n    <span class=\"wpcf7-form-control-wrap your-message\"><textarea name=\"your-message\" cols=\"40\" rows=\"2\" class=\"wpcf7-form-control wpcf7-textarea\" aria-invalid=\"false\"><\/textarea><\/span> <\/label><\/p>\n<p><span class=\"wpcf7-form-control-wrap Enviodedatos\"><span class=\"wpcf7-form-control wpcf7-acceptance optional\"><span class=\"wpcf7-list-item\"><label><input type=\"checkbox\" name=\"Enviodedatos\" value=\"1\" aria-invalid=\"false\" \/><span class=\"wpcf7-list-item-label\">Do you agree to the sending of data?<\/span><\/label><\/span><\/span><\/span><\/p>\n<p><span class=\"wpcf7-form-control-wrap Enviodedatos\"><span class=\"wpcf7-form-control wpcf7-acceptance\"><span class=\"wpcf7-list-item\"><label><input type=\"checkbox\" name=\"Enviodedatos\" value=\"1\" aria-invalid=\"false\" \/><span class=\"wpcf7-list-item-label\">Do you accept the <a href=\"https:\/\/metal-barcelo.com\/en\/politica-de-privacidad\/\"><strong>Privacy Policy<\/strong><\/a>?<\/span><\/label><\/span><\/span><\/span><\/p>\n<span class=\"wpcf7-form-control-wrap recaptcha\" data-name=\"recaptcha\"><span data-sitekey=\"6LeSSp4hAAAAAPZ7xH2THd-p214fTTffD9wFlOhH\" class=\"wpcf7-form-control g-recaptcha wpcf7-recaptcha\"><\/span>\r\n<noscript>\r\n\t<div class=\"grecaptcha-noscript\">\r\n\t\t<iframe loading=\"lazy\" src=\"https:\/\/www.google.com\/recaptcha\/api\/fallback?k=6LeSSp4hAAAAAPZ7xH2THd-p214fTTffD9wFlOhH\" frameborder=\"0\" scrolling=\"no\" width=\"310\" height=\"430\">\r\n\t\t<\/iframe>\r\n\t\t<textarea name=\"g-recaptcha-response\" rows=\"3\" cols=\"40\" placeholder=\"reCaptcha Response Here\">\r\n\t\t<\/textarea>\r\n\t<\/div>\r\n<\/noscript>\r\n<\/span>\n<p><input type=\"submit\" value=\"Send\" class=\"wpcf7-form-control has-spinner wpcf7-submit\" \/><\/p>\n<div class=\"wpcf7-response-output\" aria-hidden=\"true\"><\/div><input type=\"hidden\" name=\"trp-form-language\" value=\"en\"\/><\/form><\/div><\/div><\/div><\/div><\/div>","protected":false},"excerpt":{"rendered":"An iron railing in Barcelona is an ideal choice for both residential and commercial properties. An iron railing in Barcelona is sturdy and stylish, while offering a number of benefits that make it an excellent alternative for many different applications. Iron is a strong and durable material. First of all, an iron railing in Barcelona is a great option for residential and commercial properties.<div class=\"h10\"><\/div><a class=\"more-link1\" href=\"https:\/\/metal-barcelo.com\/en\/barandilla-hierro-barcelona\/\">Read more<\/a>","protected":false},"author":1,"featured_media":0,"parent":0,"menu_order":0,"comment_status":"closed","ping_status":"closed","template":"","meta":{"footnotes":""},"class_list":["post-1049","page","type-page","status-publish","hentry"],"yoast_head":"<!-- This site is optimized with the Yoast SEO plugin v19.8 - https:\/\/yoast.com\/wordpress\/plugins\/seo\/ -->\n<title>Barandilla hierro Barcelona - Metalister\u00eda Barcel\u00f3<\/title>\n<meta name=\"robots\" content=\"index, follow, max-snippet:-1, max-image-preview:large, max-video-preview:-1\" \/>\n<link rel=\"canonical\" href=\"https:\/\/metal-barcelo.com\/en\/barandilla-hierro-barcelona\/\" \/>\n<meta property=\"og:locale\" content=\"en_GB\" \/>\n<meta property=\"og:type\" content=\"article\" \/>\n<meta property=\"og:title\" content=\"Barandilla hierro Barcelona - Metalister\u00eda Barcel\u00f3\" \/>\n<meta property=\"og:url\" content=\"https:\/\/metal-barcelo.com\/en\/barandilla-hierro-barcelona\/\" \/>\n<meta property=\"og:site_name\" content=\"Metalister\u00eda Barcel\u00f3\" \/>\n<meta property=\"article:modified_time\" content=\"2024-01-16T10:29:37+00:00\" \/>\n<meta name=\"twitter:card\" content=\"summary_large_image\" \/>\n<meta name=\"twitter:label1\" content=\"Estimated reading time\" \/>\n\t<meta name=\"twitter:data1\" content=\"3 minutes\" \/>\n<script type=\"application\/ld+json\" class=\"yoast-schema-graph\">{\"@context\":\"https:\/\/schema.org\",\"@graph\":[{\"@type\":\"WebPage\",\"@id\":\"https:\/\/metal-barcelo.com\/barandilla-hierro-barcelona\/\",\"url\":\"https:\/\/metal-barcelo.com\/barandilla-hierro-barcelona\/\",\"name\":\"Barandilla hierro Barcelona - Metalister\u00eda Barcel\u00f3\",\"isPartOf\":{\"@id\":\"https:\/\/metal-barcelo.com\/#website\"},\"datePublished\":\"2023-06-14T10:24:25+00:00\",\"dateModified\":\"2024-01-16T10:29:37+00:00\",\"breadcrumb\":{\"@id\":\"https:\/\/metal-barcelo.com\/barandilla-hierro-barcelona\/#breadcrumb\"},\"inLanguage\":\"en-GB\",\"potentialAction\":[{\"@type\":\"ReadAction\",\"target\":[\"https:\/\/metal-barcelo.com\/barandilla-hierro-barcelona\/\"]}]},{\"@type\":\"BreadcrumbList\",\"@id\":\"https:\/\/metal-barcelo.com\/barandilla-hierro-barcelona\/#breadcrumb\",\"itemListElement\":[{\"@type\":\"ListItem\",\"position\":1,\"name\":\"Portada\",\"item\":\"https:\/\/metal-barcelo.com\/\"},{\"@type\":\"ListItem\",\"position\":2,\"name\":\"Barandilla hierro Barcelona\"}]},{\"@type\":\"WebSite\",\"@id\":\"https:\/\/metal-barcelo.com\/#website\",\"url\":\"https:\/\/metal-barcelo.com\/\",\"name\":\"Metalister\u00eda Barcel\u00f3\",\"description\":\"Dise\u00f1o, fabricaci\u00f3n y montaje de estructuras met\u00e1licas\",\"potentialAction\":[{\"@type\":\"SearchAction\",\"target\":{\"@type\":\"EntryPoint\",\"urlTemplate\":\"https:\/\/metal-barcelo.com\/?s={search_term_string}\"},\"query-input\":\"required name=search_term_string\"}],\"inLanguage\":\"en-GB\"}]}<\/script>\n<!-- \/ Yoast SEO plugin. -->","yoast_head_json":{"title":"Barandilla hierro Barcelona - Metalister\u00eda Barcel\u00f3","robots":{"index":"index","follow":"follow","max-snippet":"max-snippet:-1","max-image-preview":"max-image-preview:large","max-video-preview":"max-video-preview:-1"},"canonical":"https:\/\/metal-barcelo.com\/en\/barandilla-hierro-barcelona\/","og_locale":"en_GB","og_type":"article","og_title":"Barandilla hierro Barcelona - Metalister\u00eda Barcel\u00f3","og_url":"https:\/\/metal-barcelo.com\/en\/barandilla-hierro-barcelona\/","og_site_name":"Metalister\u00eda Barcel\u00f3","article_modified_time":"2024-01-16T10:29:37+00:00","twitter_card":"summary_large_image","twitter_misc":{"Estimated reading time":"3 minutes"},"schema":{"@context":"https:\/\/schema.org","@graph":[{"@type":"WebPage","@id":"https:\/\/metal-barcelo.com\/barandilla-hierro-barcelona\/","url":"https:\/\/metal-barcelo.com\/barandilla-hierro-barcelona\/","name":"Barandilla hierro Barcelona - Metalister\u00eda Barcel\u00f3","isPartOf":{"@id":"https:\/\/metal-barcelo.com\/#website"},"datePublished":"2023-06-14T10:24:25+00:00","dateModified":"2024-01-16T10:29:37+00:00","breadcrumb":{"@id":"https:\/\/metal-barcelo.com\/barandilla-hierro-barcelona\/#breadcrumb"},"inLanguage":"en-GB","potentialAction":[{"@type":"ReadAction","target":["https:\/\/metal-barcelo.com\/barandilla-hierro-barcelona\/"]}]},{"@type":"BreadcrumbList","@id":"https:\/\/metal-barcelo.com\/barandilla-hierro-barcelona\/#breadcrumb","itemListElement":[{"@type":"ListItem","position":1,"name":"Portada","item":"https:\/\/metal-barcelo.com\/"},{"@type":"ListItem","position":2,"name":"Barandilla hierro Barcelona"}]},{"@type":"WebSite","@id":"https:\/\/metal-barcelo.com\/#website","url":"https:\/\/metal-barcelo.com\/","name":"Metalister\u00eda Barcel\u00f3","description":"Dise\u00f1o, fabricaci\u00f3n y montaje de estructuras met\u00e1licas","potentialAction":[{"@type":"SearchAction","target":{"@type":"EntryPoint","urlTemplate":"https:\/\/metal-barcelo.com\/?s={search_term_string}"},"query-input":"required name=search_term_string"}],"inLanguage":"en-GB"}]}},"_links":{"self":[{"href":"https:\/\/metal-barcelo.com\/en\/wp-json\/wp\/v2\/pages\/1049","targetHints":{"allow":["GET"]}}],"collection":[{"href":"https:\/\/metal-barcelo.com\/en\/wp-json\/wp\/v2\/pages"}],"about":[{"href":"https:\/\/metal-barcelo.com\/en\/wp-json\/wp\/v2\/types\/page"}],"author":[{"embeddable":true,"href":"https:\/\/metal-barcelo.com\/en\/wp-json\/wp\/v2\/users\/1"}],"replies":[{"embeddable":true,"href":"https:\/\/metal-barcelo.com\/en\/wp-json\/wp\/v2\/comments?post=1049"}],"version-history":[{"count":0,"href":"https:\/\/metal-barcelo.com\/en\/wp-json\/wp\/v2\/pages\/1049\/revisions"}],"wp:attachment":[{"href":"https:\/\/metal-barcelo.com\/en\/wp-json\/wp\/v2\/media?parent=1049"}],"curies":[{"name":"wp","href":"https:\/\/api.w.org\/{rel}","templated":true}]}}