{"id":1034,"date":"2023-05-10T06:42:45","date_gmt":"2023-05-10T06:42:45","guid":{"rendered":"https:\/\/metal-barcelo.com\/?page_id=1034"},"modified":"2024-01-16T10:28:58","modified_gmt":"2024-01-16T10:28:58","slug":"barandilla-escalera-terrassa","status":"publish","type":"page","link":"https:\/\/metal-barcelo.com\/en\/barandilla-escalera-terrassa\/","title":{"rendered":"Staircase railing Terrassa"},"content":{"rendered":"<div class=\"vc_row wpb_row vc_row-fluid vc_column-gap-35\"><div class=\"wpb_column vc_column_container vc_col-sm-8\"><div class=\"vc_column-inner\"><div class=\"wpb_wrapper\">\n\t<div class=\"wpb_text_column wpb_content_element\" >\n\t\t<div class=\"wpb_wrapper\">\n\t\t\t<p style=\"text-align: justify;\">The use of a <strong>Stair railing in Terrassa<\/strong> It has become so common that many people no longer notice them. Although most people take a <strong>Stair railing in Terrassa<\/strong>, these often overlooked elements actually play an important role in keeping people safe.<\/p>\n<p style=\"text-align: justify;\">A <strong>Stair railing in Terrassa<\/strong> It has a long rail that is fixed to the support posts. Typically, a <strong>Stair railing in Terrassa<\/strong> It is made of durable materials such as aluminum and provides multiple benefits.<\/p>\n<p style=\"text-align: justify;\">Having a <strong>Stair railing in Terrassa<\/strong> prevents unpleasant falls. As a support function for stairs, a <strong>Stair railing in Terrassa<\/strong> helps prevent people from falling and helps them maintain balance. This feature is very important, especially for small children, older people, and people with disabilities. These people, who often have mobility problems, benefit from a <strong>Stair railing in Terrassa<\/strong>, since these objects allow them to reach their destination safely.<\/p>\n\n\t\t<\/div>\n\t<\/div>\n\n\t<div  class=\"wpb_single_image wpb_content_element vc_align_left\">\n\t\t\n\t\t<figure class=\"wpb_wrapper vc_figure\">\n\t\t\t<div class=\"vc_single_image-wrapper   vc_box_border_grey\"><img decoding=\"async\" width=\"727\" height=\"969\" src=\"https:\/\/metal-barcelo.com\/wp-content\/uploads\/2022\/10\/IMG_9034.jpg\" class=\"vc_single_image-img attachment-full\" alt=\"estructruas metalicas\" srcset=\"https:\/\/metal-barcelo.com\/wp-content\/uploads\/2022\/10\/IMG_9034.jpg 727w, https:\/\/metal-barcelo.com\/wp-content\/uploads\/2022\/10\/IMG_9034-225x300.jpg 225w\" sizes=\"(max-width: 727px) 100vw, 727px\" \/><\/div>\n\t\t<\/figure>\n\t<\/div>\n<div class=\"vc_row wpb_row vc_inner vc_row-fluid\"><div class=\"wpb_column vc_column_container vc_col-sm-4\"><div class=\"vc_column-inner\"><div class=\"wpb_wrapper\"><\/div><\/div><\/div><div class=\"wpb_column vc_column_container vc_col-sm-4\"><div class=\"vc_column-inner\"><div class=\"wpb_wrapper\"><a\thref=\"https:\/\/metal-barcelo.com\/en\/productos\/estructuras-metalicas\/#form\" \n\t\t\t\tclass=\"button btn_medium btn_theme_color btn_rounded btn_normal_style\"  target='_self'><span>CONTACT US<\/span><\/a><\/div><\/div><\/div><div class=\"wpb_column vc_column_container vc_col-sm-4\"><div class=\"vc_column-inner\"><div class=\"wpb_wrapper\"><\/div><\/div><\/div><\/div>\n\t<div class=\"wpb_text_column wpb_content_element\" >\n\t\t<div class=\"wpb_wrapper\">\n\t\t\t<p style=\"text-align: justify;\">For this reason, a <strong>Stair railing in Terrassa<\/strong> It also provides peace of mind. For people with disabilities, or those who suffer from certain conditions that can affect their mobility, such as vertigo, having something to hold on to that can keep them balanced is very comforting. The peace of mind they experience when touching the <strong>Stair railing in Terrassa<\/strong> It also gives them confidence to go up or down stairs without asking other people for help.<\/p>\n<p style=\"text-align: justify;\">In addition to maintaining balance and stability, a <strong>Stair railing in Terrassa<\/strong> It can also make carrying heavy objects easier. They can prevent you from falling or tripping by acting as a guide while you carry an awkward object up or down a set of stairs. Depending on the design of the <strong>Stair railing in Terrassa<\/strong>, can provide you with an even surface that you can use to support the weight of the object you are carrying.<\/p>\n<p style=\"text-align: justify;\">In short, a <strong>Stair railing in Terrassa<\/strong> can help people avoid injury by providing them with a stable object to hold on to while moving around on a ladder. This feature helps ensure that people can reach their destination safely.<\/p>\n<p style=\"text-align: justify;\">If you are planning to install a <strong>Stair railing in Terrassa, <\/strong>Please feel free to contact us. Our customer service team will help you select the ideal model, while answering all your questions.<\/p>\n<p style=\"text-align: justify;\">We are known for our excellent customer service, along with top quality work at very competitive prices on the market. Put your security in the hands of the best professionals and trust us.<\/p>\n\n\t\t<\/div>\n\t<\/div>\n<\/div><\/div><\/div><div class=\"wpb_column vc_column_container vc_col-sm-4\"><div class=\"vc_column-inner\"><div class=\"wpb_wrapper\">\n\t<div class=\"wpb_text_column wpb_content_element\" >\n\t\t<div class=\"wpb_wrapper\">\n\t\t\t<h3 style=\"text-align: center;\">Contact for more information<\/h3>\n<hr \/>\n\n\t\t<\/div>\n\t<\/div>\n<div role=\"form\" class=\"wpcf7\" id=\"wpcf7-f40-o1\" lang=\"es-ES\" dir=\"ltr\">\n<div class=\"screen-reader-response\"><p role=\"status\" aria-live=\"polite\" aria-atomic=\"true\"><\/p> <ul><\/ul><\/div>\n<form action=\"\/en\/wp-json\/wp\/v2\/pages\/1034#wpcf7-f40-o1\" method=\"post\" class=\"wpcf7-form init\" novalidate=\"novalidate\" data-status=\"init\" data-trp-original-action=\"\/en\/wp-json\/wp\/v2\/pages\/1034#wpcf7-f40-o1\">\n<div style=\"display: none;\">\n<input type=\"hidden\" name=\"_wpcf7\" value=\"40\" \/>\n<input type=\"hidden\" name=\"_wpcf7_version\" value=\"5.5.6.1\" \/>\n<input type=\"hidden\" name=\"_wpcf7_locale\" value=\"es_ES\" \/>\n<input type=\"hidden\" name=\"_wpcf7_unit_tag\" value=\"wpcf7-f40-o1\" \/>\n<input type=\"hidden\" name=\"_wpcf7_container_post\" value=\"0\" \/>\n<input type=\"hidden\" name=\"_wpcf7_posted_data_hash\" value=\"\" \/>\n<input type=\"hidden\" name=\"_wpcf7_recaptcha_response\" value=\"\" \/>\n<\/div>\n<p><label> Your name<br \/>\n    <span class=\"wpcf7-form-control-wrap your-name\"><input type=\"text\" name=\"your-name\" value=\"\" size=\"40\" class=\"wpcf7-form-control wpcf7-text wpcf7-validates-as-required\" aria-required=\"true\" aria-invalid=\"false\" \/><\/span> <\/label><\/p>\n<p><label> Your email<br \/>\n    <span class=\"wpcf7-form-control-wrap your-email\"><input type=\"email\" name=\"your-email\" value=\"\" size=\"40\" class=\"wpcf7-form-control wpcf7-text wpcf7-email wpcf7-validates-as-required wpcf7-validates-as-email\" aria-required=\"true\" aria-invalid=\"false\" \/><\/span> <\/label><\/p>\n<p><label> Phone<br \/>\n    <span class=\"wpcf7-form-control-wrap phone\"><input type=\"text\" name=\"phone\" value=\"\" size=\"40\" class=\"wpcf7-form-control wpcf7-text wpcf7-validates-as-required\" aria-required=\"true\" aria-invalid=\"false\" \/><\/span> <\/label><\/p>\n<p><label> Zip code<br \/>\n    <span class=\"wpcf7-form-control-wrap your-subject\"><input type=\"text\" name=\"your-subject\" value=\"\" size=\"40\" class=\"wpcf7-form-control wpcf7-text\" aria-invalid=\"false\" \/><\/span> <\/label><\/p>\n<p><label> Your message (optional)<br \/>\n    <span class=\"wpcf7-form-control-wrap your-message\"><textarea name=\"your-message\" cols=\"40\" rows=\"2\" class=\"wpcf7-form-control wpcf7-textarea\" aria-invalid=\"false\"><\/textarea><\/span> <\/label><\/p>\n<p><span class=\"wpcf7-form-control-wrap Enviodedatos\"><span class=\"wpcf7-form-control wpcf7-acceptance optional\"><span class=\"wpcf7-list-item\"><label><input type=\"checkbox\" name=\"Enviodedatos\" value=\"1\" aria-invalid=\"false\" \/><span class=\"wpcf7-list-item-label\">Do you agree to the sending of data?<\/span><\/label><\/span><\/span><\/span><\/p>\n<p><span class=\"wpcf7-form-control-wrap Enviodedatos\"><span class=\"wpcf7-form-control wpcf7-acceptance\"><span class=\"wpcf7-list-item\"><label><input type=\"checkbox\" name=\"Enviodedatos\" value=\"1\" aria-invalid=\"false\" \/><span class=\"wpcf7-list-item-label\">Do you accept the <a href=\"https:\/\/metal-barcelo.com\/en\/politica-de-privacidad\/\"><strong>Privacy Policy<\/strong><\/a>?<\/span><\/label><\/span><\/span><\/span><\/p>\n<span class=\"wpcf7-form-control-wrap recaptcha\" data-name=\"recaptcha\"><span data-sitekey=\"6LeSSp4hAAAAAPZ7xH2THd-p214fTTffD9wFlOhH\" class=\"wpcf7-form-control g-recaptcha wpcf7-recaptcha\"><\/span>\r\n<noscript>\r\n\t<div class=\"grecaptcha-noscript\">\r\n\t\t<iframe loading=\"lazy\" src=\"https:\/\/www.google.com\/recaptcha\/api\/fallback?k=6LeSSp4hAAAAAPZ7xH2THd-p214fTTffD9wFlOhH\" frameborder=\"0\" scrolling=\"no\" width=\"310\" height=\"430\">\r\n\t\t<\/iframe>\r\n\t\t<textarea name=\"g-recaptcha-response\" rows=\"3\" cols=\"40\" placeholder=\"reCaptcha Response Here\">\r\n\t\t<\/textarea>\r\n\t<\/div>\r\n<\/noscript>\r\n<\/span>\n<p><input type=\"submit\" value=\"Send\" class=\"wpcf7-form-control has-spinner wpcf7-submit\" \/><\/p>\n<div class=\"wpcf7-response-output\" aria-hidden=\"true\"><\/div><input type=\"hidden\" name=\"trp-form-language\" value=\"en\"\/><\/form><\/div><\/div><\/div><\/div><\/div>","protected":false},"excerpt":{"rendered":"The use of a stair railing in Terrassa has become so common that many people no longer notice them. Although most people take a stair railing in Terrassa for granted, these often overlooked elements actually play an important role in keeping people safe. A stair railing in Terrassa is a great way to keep people safe.<div class=\"h10\"><\/div><a class=\"more-link1\" href=\"https:\/\/metal-barcelo.com\/en\/barandilla-escalera-terrassa\/\">Read more<\/a>","protected":false},"author":1,"featured_media":0,"parent":0,"menu_order":0,"comment_status":"closed","ping_status":"closed","template":"","meta":{"footnotes":""},"class_list":["post-1034","page","type-page","status-publish","hentry"],"yoast_head":"<!-- This site is optimized with the Yoast SEO plugin v19.8 - https:\/\/yoast.com\/wordpress\/plugins\/seo\/ -->\n<title>Barandilla escalera Terrassa - Metalister\u00eda Barcel\u00f3<\/title>\n<meta name=\"robots\" content=\"index, follow, max-snippet:-1, max-image-preview:large, max-video-preview:-1\" \/>\n<link rel=\"canonical\" href=\"https:\/\/metal-barcelo.com\/en\/barandilla-escalera-terrassa\/\" \/>\n<meta property=\"og:locale\" content=\"en_GB\" \/>\n<meta property=\"og:type\" content=\"article\" \/>\n<meta property=\"og:title\" content=\"Barandilla escalera Terrassa - Metalister\u00eda Barcel\u00f3\" \/>\n<meta property=\"og:url\" content=\"https:\/\/metal-barcelo.com\/en\/barandilla-escalera-terrassa\/\" \/>\n<meta property=\"og:site_name\" content=\"Metalister\u00eda Barcel\u00f3\" \/>\n<meta property=\"article:modified_time\" content=\"2024-01-16T10:28:58+00:00\" \/>\n<meta name=\"twitter:card\" content=\"summary_large_image\" \/>\n<meta name=\"twitter:label1\" content=\"Estimated reading time\" \/>\n\t<meta name=\"twitter:data1\" content=\"3 minutes\" \/>\n<script type=\"application\/ld+json\" class=\"yoast-schema-graph\">{\"@context\":\"https:\/\/schema.org\",\"@graph\":[{\"@type\":\"WebPage\",\"@id\":\"https:\/\/metal-barcelo.com\/barandilla-escalera-terrassa\/\",\"url\":\"https:\/\/metal-barcelo.com\/barandilla-escalera-terrassa\/\",\"name\":\"Barandilla escalera Terrassa - Metalister\u00eda Barcel\u00f3\",\"isPartOf\":{\"@id\":\"https:\/\/metal-barcelo.com\/#website\"},\"datePublished\":\"2023-05-10T06:42:45+00:00\",\"dateModified\":\"2024-01-16T10:28:58+00:00\",\"breadcrumb\":{\"@id\":\"https:\/\/metal-barcelo.com\/barandilla-escalera-terrassa\/#breadcrumb\"},\"inLanguage\":\"en-GB\",\"potentialAction\":[{\"@type\":\"ReadAction\",\"target\":[\"https:\/\/metal-barcelo.com\/barandilla-escalera-terrassa\/\"]}]},{\"@type\":\"BreadcrumbList\",\"@id\":\"https:\/\/metal-barcelo.com\/barandilla-escalera-terrassa\/#breadcrumb\",\"itemListElement\":[{\"@type\":\"ListItem\",\"position\":1,\"name\":\"Portada\",\"item\":\"https:\/\/metal-barcelo.com\/\"},{\"@type\":\"ListItem\",\"position\":2,\"name\":\"Barandilla escalera Terrassa\"}]},{\"@type\":\"WebSite\",\"@id\":\"https:\/\/metal-barcelo.com\/#website\",\"url\":\"https:\/\/metal-barcelo.com\/\",\"name\":\"Metalister\u00eda Barcel\u00f3\",\"description\":\"Dise\u00f1o, fabricaci\u00f3n y montaje de estructuras met\u00e1licas\",\"potentialAction\":[{\"@type\":\"SearchAction\",\"target\":{\"@type\":\"EntryPoint\",\"urlTemplate\":\"https:\/\/metal-barcelo.com\/?s={search_term_string}\"},\"query-input\":\"required name=search_term_string\"}],\"inLanguage\":\"en-GB\"}]}<\/script>\n<!-- \/ Yoast SEO plugin. -->","yoast_head_json":{"title":"Barandilla escalera Terrassa - Metalister\u00eda Barcel\u00f3","robots":{"index":"index","follow":"follow","max-snippet":"max-snippet:-1","max-image-preview":"max-image-preview:large","max-video-preview":"max-video-preview:-1"},"canonical":"https:\/\/metal-barcelo.com\/en\/barandilla-escalera-terrassa\/","og_locale":"en_GB","og_type":"article","og_title":"Barandilla escalera Terrassa - Metalister\u00eda Barcel\u00f3","og_url":"https:\/\/metal-barcelo.com\/en\/barandilla-escalera-terrassa\/","og_site_name":"Metalister\u00eda Barcel\u00f3","article_modified_time":"2024-01-16T10:28:58+00:00","twitter_card":"summary_large_image","twitter_misc":{"Estimated reading time":"3 minutes"},"schema":{"@context":"https:\/\/schema.org","@graph":[{"@type":"WebPage","@id":"https:\/\/metal-barcelo.com\/barandilla-escalera-terrassa\/","url":"https:\/\/metal-barcelo.com\/barandilla-escalera-terrassa\/","name":"Barandilla escalera Terrassa - Metalister\u00eda Barcel\u00f3","isPartOf":{"@id":"https:\/\/metal-barcelo.com\/#website"},"datePublished":"2023-05-10T06:42:45+00:00","dateModified":"2024-01-16T10:28:58+00:00","breadcrumb":{"@id":"https:\/\/metal-barcelo.com\/barandilla-escalera-terrassa\/#breadcrumb"},"inLanguage":"en-GB","potentialAction":[{"@type":"ReadAction","target":["https:\/\/metal-barcelo.com\/barandilla-escalera-terrassa\/"]}]},{"@type":"BreadcrumbList","@id":"https:\/\/metal-barcelo.com\/barandilla-escalera-terrassa\/#breadcrumb","itemListElement":[{"@type":"ListItem","position":1,"name":"Portada","item":"https:\/\/metal-barcelo.com\/"},{"@type":"ListItem","position":2,"name":"Barandilla escalera Terrassa"}]},{"@type":"WebSite","@id":"https:\/\/metal-barcelo.com\/#website","url":"https:\/\/metal-barcelo.com\/","name":"Metalister\u00eda Barcel\u00f3","description":"Dise\u00f1o, fabricaci\u00f3n y montaje de estructuras met\u00e1licas","potentialAction":[{"@type":"SearchAction","target":{"@type":"EntryPoint","urlTemplate":"https:\/\/metal-barcelo.com\/?s={search_term_string}"},"query-input":"required name=search_term_string"}],"inLanguage":"en-GB"}]}},"_links":{"self":[{"href":"https:\/\/metal-barcelo.com\/en\/wp-json\/wp\/v2\/pages\/1034","targetHints":{"allow":["GET"]}}],"collection":[{"href":"https:\/\/metal-barcelo.com\/en\/wp-json\/wp\/v2\/pages"}],"about":[{"href":"https:\/\/metal-barcelo.com\/en\/wp-json\/wp\/v2\/types\/page"}],"author":[{"embeddable":true,"href":"https:\/\/metal-barcelo.com\/en\/wp-json\/wp\/v2\/users\/1"}],"replies":[{"embeddable":true,"href":"https:\/\/metal-barcelo.com\/en\/wp-json\/wp\/v2\/comments?post=1034"}],"version-history":[{"count":0,"href":"https:\/\/metal-barcelo.com\/en\/wp-json\/wp\/v2\/pages\/1034\/revisions"}],"wp:attachment":[{"href":"https:\/\/metal-barcelo.com\/en\/wp-json\/wp\/v2\/media?parent=1034"}],"curies":[{"name":"wp","href":"https:\/\/api.w.org\/{rel}","templated":true}]}}